{"id":9711,"date":"2025-05-16T18:12:09","date_gmt":"2025-05-16T18:12:09","guid":{"rendered":"https:\/\/chrisonsax.com\/?post_type=product&#038;p=9711"},"modified":"2026-03-05T12:21:21","modified_gmt":"2026-03-05T12:21:21","slug":"time-orchestral-version-jimmy-sax-full-midi-file-all-instruments","status":"publish","type":"product","link":"https:\/\/chrisonsax.com\/fr\/produit\/time-version-orchestrale-jimmy-sax-fichier-midi-complet-tous-les-instruments\/","title":{"rendered":"Time - Orchestral - Fichier MIDI (Tous les instruments)"},"content":{"rendered":"<h1 data-start=\"524\" data-end=\"621\"><strong data-start=\"545\" data-end=\"621\">Time - Orchestral Version (Jimmy Sax) - Full MIDI File (All Instruments)<\/strong><\/h1>\n<p data-start=\"861\" data-end=\"991\">Explorez la profondeur orchestrale de \"Time\" tel qu'interpr\u00e9t\u00e9 par Jimmy Sax gr\u00e2ce \u00e0 cet enregistrement. <strong data-start=\"936\" data-end=\"964\">fichier MIDI enti\u00e8rement arrang\u00e9<\/strong> y compris tous les instruments.<\/p>\n<p data-start=\"993\" data-end=\"1006\">\ud83c\udfbb Id\u00e9al pour :<\/p>\n<ul data-start=\"1007\" data-end=\"1198\">\n<li data-start=\"1007\" data-end=\"1084\">\n<p data-start=\"1009\" data-end=\"1084\">Producteurs de musique et compositeurs \u00e0 la recherche d'une structure orchestrale pr\u00eate \u00e0 l'emploi<\/p>\n<\/li>\n<li data-start=\"1085\" data-end=\"1143\">\n<p data-start=\"1087\" data-end=\"1143\">Musiciens souhaitant isoler, apprendre ou r\u00e9arranger des parties<\/p>\n<\/li>\n<li data-start=\"1144\" data-end=\"1198\">\n<p data-start=\"1146\" data-end=\"1198\">Enseignants et \u00e9tudiants travaillant avec des logiciels de notation<\/p>\n<\/li>\n<\/ul>\n<hr class=\"\" data-start=\"1200\" data-end=\"1203\" \/>\n<h3 data-start=\"1205\" data-end=\"1220\">\u2705 Inclus :<\/h3>\n<ul data-start=\"1221\" data-end=\"1415\">\n<li data-start=\"1221\" data-end=\"1311\">\n<p data-start=\"1223\" data-end=\"1311\">\ud83c\udfb9 Fichier MIDI complet (.mid) - plusieurs pistes (cordes, cuivres, cl\u00e9s, percussions, saxophone)<\/p>\n<\/li>\n<li data-start=\"1312\" data-end=\"1415\">\n<p data-start=\"1314\" data-end=\"1415\">Compatible avec les principaux logiciels d'enregistrement et de notation (Logic, Cubase, Ableton, MuseScore, Finale, etc.)<\/p>\n<\/li>\n<\/ul>\n<hr class=\"\" data-start=\"1417\" data-end=\"1420\" \/>\n<h3 data-start=\"1422\" data-end=\"1434\">\u26a0\ufe0f Note :<\/h3>\n<ul data-start=\"1435\" data-end=\"1599\">\n<li data-start=\"1435\" data-end=\"1516\">\n<p data-start=\"1437\" data-end=\"1516\">Ce produit comprend <strong data-start=\"1459\" data-end=\"1485\">l'orchestration compl\u00e8te<\/strong>et pas seulement la m\u00e9lodie du saxophone<\/p>\n<\/li>\n<li data-start=\"1517\" data-end=\"1555\">\n<p data-start=\"1519\" data-end=\"1555\">Aucune partition audio ou PDF n'est incluse<\/p>\n<\/li>\n<li data-start=\"1556\" data-end=\"1599\">\n<p data-start=\"1558\" data-end=\"1599\">Pour <strong data-start=\"1562\" data-end=\"1599\">un usage \u00e9ducatif et personnel uniquement<\/strong><\/p>\n<\/li>\n<\/ul>","protected":false},"excerpt":{"rendered":"<h1 data-start=\"524\" data-end=\"621\"><strong data-start=\"545\" data-end=\"621\">Time - Orchestral Version (Jimmy Sax) - Full MIDI File (All Instruments)<\/strong><\/h1>\n<p class=\"\" data-start=\"861\" data-end=\"991\">Explorez la profondeur orchestrale de \"Time\" tel qu'interpr\u00e9t\u00e9 par Jimmy Sax gr\u00e2ce \u00e0 cet enregistrement. <strong data-start=\"936\" data-end=\"964\">fichier MIDI enti\u00e8rement arrang\u00e9<\/strong> y compris tous les instruments.<\/p>\n<p class=\"\" data-start=\"993\" data-end=\"1006\">\ud83c\udfbb Id\u00e9al pour :<\/p>\n<ul data-start=\"1007\" data-end=\"1198\">\n<li class=\"\" data-start=\"1007\" data-end=\"1084\">\n<p class=\"\" data-start=\"1009\" data-end=\"1084\">Producteurs de musique et compositeurs \u00e0 la recherche d'une structure orchestrale pr\u00eate \u00e0 l'emploi<\/p>\n<\/li>\n<li class=\"\" data-start=\"1085\" data-end=\"1143\">\n<p class=\"\" data-start=\"1087\" data-end=\"1143\">Musiciens souhaitant isoler, apprendre ou r\u00e9arranger des parties<\/p>\n<\/li>\n<li class=\"\" data-start=\"1144\" data-end=\"1198\">\n<p class=\"\" data-start=\"1146\" data-end=\"1198\">Enseignants et \u00e9tudiants travaillant avec des logiciels de notation<\/p>\n<\/li>\n<\/ul>\n<hr class=\"\" data-start=\"1200\" data-end=\"1203\" \/>\n<h3 class=\"\" data-start=\"1205\" data-end=\"1220\">\u2705 Inclus :<\/h3>\n<ul data-start=\"1221\" data-end=\"1415\">\n<li class=\"\" data-start=\"1221\" data-end=\"1311\">\n<p class=\"\" data-start=\"1223\" data-end=\"1311\">\ud83c\udfb9 Fichier MIDI complet (.mid) - plusieurs pistes (cordes, cuivres, cl\u00e9s, percussions, saxophone)<\/p>\n<\/li>\n<li class=\"\" data-start=\"1312\" data-end=\"1415\">\n<p class=\"\" data-start=\"1314\" data-end=\"1415\">Compatible avec les principaux logiciels d'enregistrement et de notation (Logic, Cubase, Ableton, MuseScore, Finale, etc.)<\/p>\n<\/li>\n<\/ul>\n<hr class=\"\" data-start=\"1417\" data-end=\"1420\" \/>\n<h3 class=\"\" data-start=\"1422\" data-end=\"1434\">\u26a0\ufe0f Note :<\/h3>\n<ul data-start=\"1435\" data-end=\"1599\">\n<li class=\"\" data-start=\"1435\" data-end=\"1516\">\n<p class=\"\" data-start=\"1437\" data-end=\"1516\">Ce produit comprend <strong data-start=\"1459\" data-end=\"1485\">l'orchestration compl\u00e8te<\/strong>et pas seulement la m\u00e9lodie du saxophone<\/p>\n<\/li>\n<li class=\"\" data-start=\"1517\" data-end=\"1555\">\n<p class=\"\" data-start=\"1519\" data-end=\"1555\">Aucune partition audio ou PDF n'est incluse<\/p>\n<\/li>\n<li class=\"\" data-start=\"1556\" data-end=\"1599\">\n<p class=\"\" data-start=\"1558\" data-end=\"1599\">Pour <strong data-start=\"1562\" data-end=\"1599\">un usage \u00e9ducatif et personnel uniquement<\/strong><\/p>\n<\/li>\n<\/ul>","protected":false},"featured_media":9714,"comment_status":"closed","ping_status":"closed","template":"","meta":{"pmpro_default_level":"","_kad_post_transparent":"default","_kad_post_title":"","_kad_post_layout":"default","_kad_post_sidebar_id":"","_kad_post_content_style":"default","_kad_post_vertical_padding":"default","_kad_post_feature":"","_kad_post_feature_position":"","_kad_post_header":false,"_kad_post_footer":false,"_kad_post_classname":""},"product_brand":[],"product_cat":[101],"product_tag":[],"class_list":{"0":"post-9711","1":"product","2":"type-product","3":"status-publish","4":"has-post-thumbnail","6":"product_cat-midi-files","7":"pmpro-has-access","9":"first","10":"instock","11":"downloadable","12":"shipping-taxable","13":"purchasable","14":"product-type-simple","15":"entry","16":"content-bg","17":"loop-entry"},"yoast_head":"<!-- This site is optimized with the Yoast SEO Premium plugin v27.0 (Yoast SEO v27.4) - https:\/\/yoast.com\/product\/yoast-seo-premium-wordpress\/ -->\n<title>Time \u2013 Orchestral - MIDI File (All Instruments) - Saxophonist<\/title>\n<meta name=\"description\" content=\"Download the full orchestral MIDI file of \u201cTime\u201d by Jimmy Sax. Includes all instruments. for musicians working in DAWs or notation software.\" \/>\n<meta name=\"robots\" content=\"index, follow, max-snippet:-1, max-image-preview:large, max-video-preview:-1\" \/>\n<link rel=\"canonical\" href=\"https:\/\/chrisonsax.com\/fr\/produit\/time-version-orchestrale-jimmy-sax-fichier-midi-complet-tous-les-instruments\/\" \/>\n<meta property=\"og:locale\" content=\"fr_FR\" \/>\n<meta property=\"og:type\" content=\"article\" \/>\n<meta property=\"og:title\" content=\"Time \u2013 Orchestral - MIDI File (All Instruments)\" \/>\n<meta property=\"og:description\" content=\"Download the full orchestral MIDI file of \u201cTime\u201d by Jimmy Sax. Includes all instruments. for musicians working in DAWs or notation software.\" \/>\n<meta property=\"og:url\" content=\"https:\/\/chrisonsax.com\/fr\/produit\/time-version-orchestrale-jimmy-sax-fichier-midi-complet-tous-les-instruments\/\" \/>\n<meta property=\"og:site_name\" content=\"Saxophonist\" \/>\n<meta property=\"article:publisher\" content=\"https:\/\/www.facebook.com\/christopheonsax\" \/>\n<meta property=\"article:modified_time\" content=\"2026-03-05T12:21:21+00:00\" \/>\n<meta property=\"og:image\" content=\"https:\/\/chrisonsax.com\/wp-content\/uploads\/2025\/05\/Design-sans-titre-2-2.jpg\" \/>\n\t<meta property=\"og:image:width\" content=\"500\" \/>\n\t<meta property=\"og:image:height\" content=\"500\" \/>\n\t<meta property=\"og:image:type\" content=\"image\/jpeg\" \/>\n<meta name=\"twitter:card\" content=\"summary_large_image\" \/>\n<meta name=\"twitter:label1\" content=\"Dur\u00e9e de lecture estim\u00e9e\" \/>\n\t<meta name=\"twitter:data1\" content=\"1 minute\" \/>\n<script type=\"application\/ld+json\" class=\"yoast-schema-graph\">{\"@context\":\"https:\\\/\\\/schema.org\",\"@graph\":[{\"@type\":\"WebPage\",\"@id\":\"https:\\\/\\\/chrisonsax.com\\\/product\\\/time-orchestral-version-jimmy-sax-full-midi-file-all-instruments\\\/\",\"url\":\"https:\\\/\\\/chrisonsax.com\\\/product\\\/time-orchestral-version-jimmy-sax-full-midi-file-all-instruments\\\/\",\"name\":\"Time \u2013 Orchestral - MIDI File (All Instruments) - Saxophonist\",\"isPartOf\":{\"@id\":\"https:\\\/\\\/chrisonsax.com\\\/#website\"},\"primaryImageOfPage\":{\"@id\":\"https:\\\/\\\/chrisonsax.com\\\/product\\\/time-orchestral-version-jimmy-sax-full-midi-file-all-instruments\\\/#primaryimage\"},\"image\":{\"@id\":\"https:\\\/\\\/chrisonsax.com\\\/product\\\/time-orchestral-version-jimmy-sax-full-midi-file-all-instruments\\\/#primaryimage\"},\"thumbnailUrl\":\"https:\\\/\\\/chrisonsax.com\\\/wp-content\\\/uploads\\\/2025\\\/05\\\/Design-sans-titre-2-2.jpg\",\"datePublished\":\"2025-05-16T18:12:09+00:00\",\"dateModified\":\"2026-03-05T12:21:21+00:00\",\"description\":\"Download the full orchestral MIDI file of \u201cTime\u201d by Jimmy Sax. Includes all instruments. for musicians working in DAWs or notation software.\",\"breadcrumb\":{\"@id\":\"https:\\\/\\\/chrisonsax.com\\\/product\\\/time-orchestral-version-jimmy-sax-full-midi-file-all-instruments\\\/#breadcrumb\"},\"inLanguage\":\"fr-FR\",\"potentialAction\":[{\"@type\":\"ReadAction\",\"target\":[\"https:\\\/\\\/chrisonsax.com\\\/product\\\/time-orchestral-version-jimmy-sax-full-midi-file-all-instruments\\\/\"]}]},{\"@type\":\"ImageObject\",\"inLanguage\":\"fr-FR\",\"@id\":\"https:\\\/\\\/chrisonsax.com\\\/product\\\/time-orchestral-version-jimmy-sax-full-midi-file-all-instruments\\\/#primaryimage\",\"url\":\"https:\\\/\\\/chrisonsax.com\\\/wp-content\\\/uploads\\\/2025\\\/05\\\/Design-sans-titre-2-2.jpg\",\"contentUrl\":\"https:\\\/\\\/chrisonsax.com\\\/wp-content\\\/uploads\\\/2025\\\/05\\\/Design-sans-titre-2-2.jpg\",\"width\":500,\"height\":500,\"caption\":\"midi-file\"},{\"@type\":\"BreadcrumbList\",\"@id\":\"https:\\\/\\\/chrisonsax.com\\\/product\\\/time-orchestral-version-jimmy-sax-full-midi-file-all-instruments\\\/#breadcrumb\",\"itemListElement\":[{\"@type\":\"ListItem\",\"position\":1,\"name\":\"Animation cocktail\",\"item\":\"https:\\\/\\\/chrisonsax.com\\\/\"},{\"@type\":\"ListItem\",\"position\":2,\"name\":\"Shop\",\"item\":\"https:\\\/\\\/chrisonsax.com\\\/boutique\\\/\"},{\"@type\":\"ListItem\",\"position\":3,\"name\":\"Time \u2013 Orchestral &#8211; MIDI File (All Instruments)\"}]},{\"@type\":\"WebSite\",\"@id\":\"https:\\\/\\\/chrisonsax.com\\\/#website\",\"url\":\"https:\\\/\\\/chrisonsax.com\\\/\",\"name\":\"Musicien saxophoniste\",\"description\":\"Cocktail sax Tel : +971 058 542 0635\",\"publisher\":{\"@id\":\"https:\\\/\\\/chrisonsax.com\\\/#organization\"},\"potentialAction\":[{\"@type\":\"SearchAction\",\"target\":{\"@type\":\"EntryPoint\",\"urlTemplate\":\"https:\\\/\\\/chrisonsax.com\\\/?s={search_term_string}\"},\"query-input\":{\"@type\":\"PropertyValueSpecification\",\"valueRequired\":true,\"valueName\":\"search_term_string\"}}],\"inLanguage\":\"fr-FR\"},{\"@type\":\"Organization\",\"@id\":\"https:\\\/\\\/chrisonsax.com\\\/#organization\",\"name\":\"Musicien saxophoniste\",\"url\":\"https:\\\/\\\/chrisonsax.com\\\/\",\"logo\":{\"@type\":\"ImageObject\",\"inLanguage\":\"fr-FR\",\"@id\":\"https:\\\/\\\/chrisonsax.com\\\/#\\\/schema\\\/logo\\\/image\\\/\",\"url\":\"https:\\\/\\\/chrisonsax.com\\\/wp-content\\\/uploads\\\/2021\\\/12\\\/cropped-WhatsApp-Image-2021-08-28-at-13.03.56-2-1-e1674942410642.jpeg\",\"contentUrl\":\"https:\\\/\\\/chrisonsax.com\\\/wp-content\\\/uploads\\\/2021\\\/12\\\/cropped-WhatsApp-Image-2021-08-28-at-13.03.56-2-1-e1674942410642.jpeg\",\"width\":300,\"height\":300,\"caption\":\"Musicien saxophoniste\"},\"image\":{\"@id\":\"https:\\\/\\\/chrisonsax.com\\\/#\\\/schema\\\/logo\\\/image\\\/\"},\"sameAs\":[\"https:\\\/\\\/www.facebook.com\\\/christopheonsax\",\"https:\\\/\\\/www.instagram.com\\\/chris_onsax\\\/\",\"https:\\\/\\\/www.youtube.com\\\/channel\\\/UCPht7xSeaLJ_4FUWV4bUOQg?view_as=subscriber\"]}]}<\/script>\n<!-- \/ Yoast SEO Premium plugin. -->","yoast_head_json":{"title":"Time - Orchestral - Fichier MIDI (Tous les instruments)","description":"T\u00e9l\u00e9chargez le fichier MIDI orchestral complet de \"Time\" par Jimmy Sax. Inclut tous les instruments. Pour les musiciens travaillant avec des DAW ou des logiciels de notation.","robots":{"index":"index","follow":"follow","max-snippet":"max-snippet:-1","max-image-preview":"max-image-preview:large","max-video-preview":"max-video-preview:-1"},"canonical":"https:\/\/chrisonsax.com\/fr\/produit\/time-version-orchestrale-jimmy-sax-fichier-midi-complet-tous-les-instruments\/","og_locale":"fr_FR","og_type":"article","og_title":"Time \u2013 Orchestral - MIDI File (All Instruments)","og_description":"Download the full orchestral MIDI file of \u201cTime\u201d by Jimmy Sax. Includes all instruments. for musicians working in DAWs or notation software.","og_url":"https:\/\/chrisonsax.com\/fr\/produit\/time-version-orchestrale-jimmy-sax-fichier-midi-complet-tous-les-instruments\/","og_site_name":"Saxophonist","article_publisher":"https:\/\/www.facebook.com\/christopheonsax","article_modified_time":"2026-03-05T12:21:21+00:00","og_image":[{"width":500,"height":500,"url":"https:\/\/chrisonsax.com\/wp-content\/uploads\/2025\/05\/Design-sans-titre-2-2.jpg","type":"image\/jpeg"}],"twitter_card":"summary_large_image","twitter_misc":{"Dur\u00e9e de lecture estim\u00e9e":"1 minute"},"schema":{"@context":"https:\/\/schema.org","@graph":[{"@type":"WebPage","@id":"https:\/\/chrisonsax.com\/product\/time-orchestral-version-jimmy-sax-full-midi-file-all-instruments\/","url":"https:\/\/chrisonsax.com\/product\/time-orchestral-version-jimmy-sax-full-midi-file-all-instruments\/","name":"Time - Orchestral - Fichier MIDI (Tous les instruments)","isPartOf":{"@id":"https:\/\/chrisonsax.com\/#website"},"primaryImageOfPage":{"@id":"https:\/\/chrisonsax.com\/product\/time-orchestral-version-jimmy-sax-full-midi-file-all-instruments\/#primaryimage"},"image":{"@id":"https:\/\/chrisonsax.com\/product\/time-orchestral-version-jimmy-sax-full-midi-file-all-instruments\/#primaryimage"},"thumbnailUrl":"https:\/\/chrisonsax.com\/wp-content\/uploads\/2025\/05\/Design-sans-titre-2-2.jpg","datePublished":"2025-05-16T18:12:09+00:00","dateModified":"2026-03-05T12:21:21+00:00","description":"T\u00e9l\u00e9chargez le fichier MIDI orchestral complet de \"Time\" par Jimmy Sax. Inclut tous les instruments. Pour les musiciens travaillant avec des DAW ou des logiciels de notation.","breadcrumb":{"@id":"https:\/\/chrisonsax.com\/product\/time-orchestral-version-jimmy-sax-full-midi-file-all-instruments\/#breadcrumb"},"inLanguage":"fr-FR","potentialAction":[{"@type":"ReadAction","target":["https:\/\/chrisonsax.com\/product\/time-orchestral-version-jimmy-sax-full-midi-file-all-instruments\/"]}]},{"@type":"ImageObject","inLanguage":"fr-FR","@id":"https:\/\/chrisonsax.com\/product\/time-orchestral-version-jimmy-sax-full-midi-file-all-instruments\/#primaryimage","url":"https:\/\/chrisonsax.com\/wp-content\/uploads\/2025\/05\/Design-sans-titre-2-2.jpg","contentUrl":"https:\/\/chrisonsax.com\/wp-content\/uploads\/2025\/05\/Design-sans-titre-2-2.jpg","width":500,"height":500,"caption":"midi-file"},{"@type":"BreadcrumbList","@id":"https:\/\/chrisonsax.com\/product\/time-orchestral-version-jimmy-sax-full-midi-file-all-instruments\/#breadcrumb","itemListElement":[{"@type":"ListItem","position":1,"name":"Animation cocktail","item":"https:\/\/chrisonsax.com\/"},{"@type":"ListItem","position":2,"name":"Shop","item":"https:\/\/chrisonsax.com\/boutique\/"},{"@type":"ListItem","position":3,"name":"Time \u2013 Orchestral &#8211; MIDI File (All Instruments)"}]},{"@type":"WebSite","@id":"https:\/\/chrisonsax.com\/#website","url":"https:\/\/chrisonsax.com\/","name":"Musicien saxophoniste","description":"Cocktail sax Tel : +971 058 542 0635","publisher":{"@id":"https:\/\/chrisonsax.com\/#organization"},"potentialAction":[{"@type":"SearchAction","target":{"@type":"EntryPoint","urlTemplate":"https:\/\/chrisonsax.com\/?s={search_term_string}"},"query-input":{"@type":"PropertyValueSpecification","valueRequired":true,"valueName":"search_term_string"}}],"inLanguage":"fr-FR"},{"@type":"Organization","@id":"https:\/\/chrisonsax.com\/#organization","name":"Musicien saxophoniste","url":"https:\/\/chrisonsax.com\/","logo":{"@type":"ImageObject","inLanguage":"fr-FR","@id":"https:\/\/chrisonsax.com\/#\/schema\/logo\/image\/","url":"https:\/\/chrisonsax.com\/wp-content\/uploads\/2021\/12\/cropped-WhatsApp-Image-2021-08-28-at-13.03.56-2-1-e1674942410642.jpeg","contentUrl":"https:\/\/chrisonsax.com\/wp-content\/uploads\/2021\/12\/cropped-WhatsApp-Image-2021-08-28-at-13.03.56-2-1-e1674942410642.jpeg","width":300,"height":300,"caption":"Musicien saxophoniste"},"image":{"@id":"https:\/\/chrisonsax.com\/#\/schema\/logo\/image\/"},"sameAs":["https:\/\/www.facebook.com\/christopheonsax","https:\/\/www.instagram.com\/chris_onsax\/","https:\/\/www.youtube.com\/channel\/UCPht7xSeaLJ_4FUWV4bUOQg?view_as=subscriber"]}]}},"_links":{"self":[{"href":"https:\/\/chrisonsax.com\/fr\/wp-json\/wp\/v2\/product\/9711","targetHints":{"allow":["GET"]}}],"collection":[{"href":"https:\/\/chrisonsax.com\/fr\/wp-json\/wp\/v2\/product"}],"about":[{"href":"https:\/\/chrisonsax.com\/fr\/wp-json\/wp\/v2\/types\/product"}],"replies":[{"embeddable":true,"href":"https:\/\/chrisonsax.com\/fr\/wp-json\/wp\/v2\/comments?post=9711"}],"wp:featuredmedia":[{"embeddable":true,"href":"https:\/\/chrisonsax.com\/fr\/wp-json\/wp\/v2\/media\/9714"}],"wp:attachment":[{"href":"https:\/\/chrisonsax.com\/fr\/wp-json\/wp\/v2\/media?parent=9711"}],"wp:term":[{"taxonomy":"product_brand","embeddable":true,"href":"https:\/\/chrisonsax.com\/fr\/wp-json\/wp\/v2\/product_brand?post=9711"},{"taxonomy":"product_cat","embeddable":true,"href":"https:\/\/chrisonsax.com\/fr\/wp-json\/wp\/v2\/product_cat?post=9711"},{"taxonomy":"product_tag","embeddable":true,"href":"https:\/\/chrisonsax.com\/fr\/wp-json\/wp\/v2\/product_tag?post=9711"}],"curies":[{"name":"wp","href":"https:\/\/api.w.org\/{rel}","templated":true}]}}