{"id":9700,"date":"2025-05-16T15:39:14","date_gmt":"2025-05-16T15:39:14","guid":{"rendered":"https:\/\/chrisonsax.com\/?post_type=product&#038;p=9700"},"modified":"2026-03-05T12:21:32","modified_gmt":"2026-03-05T12:21:32","slug":"becane-yame-jimmy-sax-midi-file-saxophone-line","status":"publish","type":"product","link":"https:\/\/chrisonsax.com\/fr\/produit\/becane-yame-jimmy-sax-midi-file-saxophone-line\/","title":{"rendered":"Becane \/ Yame - Jimmy Sax MIDI File (Saxophone Line)"},"content":{"rendered":"<h1 data-start=\"248\" data-end=\"343\">Becane \/ Yame - Jimmy Sax MIDI File (Saxophone Line)<\/h1>\n<p data-start=\"248\" data-end=\"343\">T\u00e9l\u00e9charger le <strong data-start=\"261\" data-end=\"296\">Fichier MIDI de la ligne de saxophone<\/strong> pour <em data-start=\"301\" data-end=\"316\">Becane \/ Yame<\/em> telle qu'interpr\u00e9t\u00e9e par Jimmy Sax.<\/p>\n<p data-start=\"345\" data-end=\"358\">\ud83c\udfa7 Id\u00e9al pour :<\/p>\n<ul data-start=\"359\" data-end=\"580\">\n<li data-start=\"359\" data-end=\"419\">\n<p data-start=\"361\" data-end=\"419\">Producteurs de musique et beatmakers \u00e0 la recherche de remix ou d'arrangements<\/p>\n<\/li>\n<li data-start=\"420\" data-end=\"503\">\n<p data-start=\"422\" data-end=\"503\">Les \u00e9tudiants et les enseignants qui souhaitent importer la m\u00e9lodie dans des logiciels d'enregistrement ou de notation.<\/p>\n<\/li>\n<li data-start=\"504\" data-end=\"580\">\n<p data-start=\"506\" data-end=\"580\">Toute personne souhaitant pratiquer, analyser ou retravailler la performance num\u00e9riquement<\/p>\n<\/li>\n<\/ul>\n<hr class=\"\" data-start=\"582\" data-end=\"585\" \/>\n<h3 data-start=\"587\" data-end=\"613\">\u2705 <strong data-start=\"593\" data-end=\"612\">Ce qui est inclus<\/strong>:<\/h3>\n<ul data-start=\"614\" data-end=\"762\">\n<li data-start=\"614\" data-end=\"665\">\n<p data-start=\"616\" data-end=\"665\">\ud83c\udfb9 <strong data-start=\"619\" data-end=\"639\">Fichier MIDI (.mid)<\/strong> de la m\u00e9lodie du saxophone<\/p>\n<\/li>\n<li data-start=\"666\" data-end=\"762\">\n<p data-start=\"668\" data-end=\"762\">Compatible avec les principaux logiciels d'enregistrement et de notation (Cubase, Logic, Ableton, MuseScore, etc.)<\/p>\n<\/li>\n<\/ul>\n<hr class=\"\" data-start=\"764\" data-end=\"767\" \/>\n<h3 data-start=\"769\" data-end=\"792\">\u26a0\ufe0f <strong data-start=\"776\" data-end=\"791\">A noter<\/strong>:<\/h3>\n<ul data-start=\"793\" data-end=\"949\">\n<li data-start=\"793\" data-end=\"859\">\n<p data-start=\"795\" data-end=\"859\">Ce produit ne contient que le fichier MIDI de la m\u00e9lodie du saxophone.<\/p>\n<\/li>\n<li data-start=\"860\" data-end=\"909\">\n<p data-start=\"862\" data-end=\"909\"><strong data-start=\"862\" data-end=\"909\">Aucune partition ou piste d'accompagnement n'est incluse<\/strong><\/p>\n<\/li>\n<li data-start=\"910\" data-end=\"949\">\n<p data-start=\"912\" data-end=\"949\">R\u00e9serv\u00e9 \u00e0 un usage personnel et \u00e9ducatif<\/p>\n<\/li>\n<\/ul>\n<hr class=\"\" data-start=\"951\" data-end=\"954\" \/>","protected":false},"excerpt":{"rendered":"<h1 data-start=\"248\" data-end=\"343\">Becane \/ Yame - Jimmy Sax MIDI File (Saxophone Line)<\/h1>\n<p class=\"\" data-start=\"248\" data-end=\"343\">T\u00e9l\u00e9charger le <strong data-start=\"261\" data-end=\"296\">Fichier MIDI de la ligne de saxophone<\/strong> pour <em data-start=\"301\" data-end=\"316\">Becane \/ Yame<\/em> telle qu'interpr\u00e9t\u00e9e par Jimmy Sax.<\/p>\n<p class=\"\" data-start=\"345\" data-end=\"358\">\ud83c\udfa7 Id\u00e9al pour :<\/p>\n<ul data-start=\"359\" data-end=\"580\">\n<li class=\"\" data-start=\"359\" data-end=\"419\">\n<p class=\"\" data-start=\"361\" data-end=\"419\">Producteurs de musique et beatmakers \u00e0 la recherche de remix ou d'arrangements<\/p>\n<\/li>\n<li class=\"\" data-start=\"420\" data-end=\"503\">\n<p class=\"\" data-start=\"422\" data-end=\"503\">Les \u00e9tudiants et les enseignants qui souhaitent importer la m\u00e9lodie dans des logiciels d'enregistrement ou de notation.<\/p>\n<\/li>\n<li class=\"\" data-start=\"504\" data-end=\"580\">\n<p class=\"\" data-start=\"506\" data-end=\"580\">Toute personne souhaitant pratiquer, analyser ou retravailler la performance num\u00e9riquement<\/p>\n<\/li>\n<\/ul>\n<hr class=\"\" data-start=\"582\" data-end=\"585\" \/>\n<h3 class=\"\" data-start=\"587\" data-end=\"613\">\u2705 <strong data-start=\"593\" data-end=\"612\">Ce qui est inclus<\/strong>:<\/h3>\n<ul data-start=\"614\" data-end=\"762\">\n<li class=\"\" data-start=\"614\" data-end=\"665\">\n<p class=\"\" data-start=\"616\" data-end=\"665\">\ud83c\udfb9 <strong data-start=\"619\" data-end=\"639\">Fichier MIDI (.mid)<\/strong> de la m\u00e9lodie du saxophone<\/p>\n<\/li>\n<li class=\"\" data-start=\"666\" data-end=\"762\">\n<p class=\"\" data-start=\"668\" data-end=\"762\">Compatible avec les principaux logiciels d'enregistrement et de notation (Cubase, Logic, Ableton, MuseScore, etc.)<\/p>\n<\/li>\n<\/ul>\n<hr class=\"\" data-start=\"764\" data-end=\"767\" \/>\n<h3 class=\"\" data-start=\"769\" data-end=\"792\">\u26a0\ufe0f <strong data-start=\"776\" data-end=\"791\">A noter<\/strong>:<\/h3>\n<ul data-start=\"793\" data-end=\"949\">\n<li class=\"\" data-start=\"793\" data-end=\"859\">\n<p class=\"\" data-start=\"795\" data-end=\"859\">Ce produit ne contient que le fichier MIDI de la m\u00e9lodie du saxophone.<\/p>\n<\/li>\n<li class=\"\" data-start=\"860\" data-end=\"909\">\n<p class=\"\" data-start=\"862\" data-end=\"909\"><strong data-start=\"862\" data-end=\"909\">Aucune partition ou piste d'accompagnement n'est incluse<\/strong><\/p>\n<\/li>\n<li class=\"\" data-start=\"910\" data-end=\"949\">\n<p class=\"\" data-start=\"912\" data-end=\"949\">R\u00e9serv\u00e9 \u00e0 un usage personnel et \u00e9ducatif<\/p>\n<\/li>\n<\/ul>\n<hr class=\"\" data-start=\"951\" data-end=\"954\" \/>","protected":false},"featured_media":9702,"comment_status":"closed","ping_status":"closed","template":"","meta":{"pmpro_default_level":"","_kad_post_transparent":"default","_kad_post_title":"","_kad_post_layout":"default","_kad_post_sidebar_id":"","_kad_post_content_style":"default","_kad_post_vertical_padding":"default","_kad_post_feature":"","_kad_post_feature_position":"","_kad_post_header":false,"_kad_post_footer":false,"_kad_post_classname":""},"product_brand":[],"product_cat":[101],"product_tag":[],"class_list":{"0":"post-9700","1":"product","2":"type-product","3":"status-publish","4":"has-post-thumbnail","6":"product_cat-midi-files","7":"pmpro-has-access","9":"first","10":"instock","11":"downloadable","12":"shipping-taxable","13":"purchasable","14":"product-type-simple","15":"entry","16":"content-bg","17":"loop-entry"},"yoast_head":"<!-- This site is optimized with the Yoast SEO Premium plugin v27.0 (Yoast SEO v27.4) - https:\/\/yoast.com\/product\/yoast-seo-premium-wordpress\/ -->\n<title>Becane \/ Yame Jimmy Sax MIDI File \u2013 Saxophone Line Download<\/title>\n<meta name=\"description\" content=\"Download the MIDI file of the saxophone melody from Becane \/ Yame by Jimmy Sax. Perfect for producers, students, and arrangers.\" \/>\n<meta name=\"robots\" content=\"index, follow, max-snippet:-1, max-image-preview:large, max-video-preview:-1\" \/>\n<link rel=\"canonical\" href=\"https:\/\/chrisonsax.com\/fr\/produit\/becane-yame-jimmy-sax-midi-file-saxophone-line\/\" \/>\n<meta property=\"og:locale\" content=\"fr_FR\" \/>\n<meta property=\"og:type\" content=\"article\" \/>\n<meta property=\"og:title\" content=\"Becane \/ Yame \u2013 Jimmy Sax MIDI File (Saxophone Line)\" \/>\n<meta property=\"og:description\" content=\"Download the MIDI file of the saxophone melody from Becane \/ Yame by Jimmy Sax. Perfect for producers, students, and arrangers.\" \/>\n<meta property=\"og:url\" content=\"https:\/\/chrisonsax.com\/fr\/produit\/becane-yame-jimmy-sax-midi-file-saxophone-line\/\" \/>\n<meta property=\"og:site_name\" content=\"Saxophonist\" \/>\n<meta property=\"article:publisher\" content=\"https:\/\/www.facebook.com\/christopheonsax\" \/>\n<meta property=\"article:modified_time\" content=\"2026-03-05T12:21:32+00:00\" \/>\n<meta property=\"og:image\" content=\"https:\/\/chrisonsax.com\/wp-content\/uploads\/2025\/05\/ChatGPT-Image-16-mai-2025-a-19_36_10.png\" \/>\n\t<meta property=\"og:image:width\" content=\"1024\" \/>\n\t<meta property=\"og:image:height\" content=\"1024\" \/>\n\t<meta property=\"og:image:type\" content=\"image\/png\" \/>\n<meta name=\"twitter:card\" content=\"summary_large_image\" \/>\n<meta name=\"twitter:label1\" content=\"Dur\u00e9e de lecture estim\u00e9e\" \/>\n\t<meta name=\"twitter:data1\" content=\"1 minute\" \/>\n<script type=\"application\/ld+json\" class=\"yoast-schema-graph\">{\"@context\":\"https:\\\/\\\/schema.org\",\"@graph\":[{\"@type\":\"WebPage\",\"@id\":\"https:\\\/\\\/chrisonsax.com\\\/product\\\/becane-yame-jimmy-sax-midi-file-saxophone-line\\\/\",\"url\":\"https:\\\/\\\/chrisonsax.com\\\/product\\\/becane-yame-jimmy-sax-midi-file-saxophone-line\\\/\",\"name\":\"Becane \\\/ Yame Jimmy Sax MIDI File \u2013 Saxophone Line Download\",\"isPartOf\":{\"@id\":\"https:\\\/\\\/chrisonsax.com\\\/#website\"},\"primaryImageOfPage\":{\"@id\":\"https:\\\/\\\/chrisonsax.com\\\/product\\\/becane-yame-jimmy-sax-midi-file-saxophone-line\\\/#primaryimage\"},\"image\":{\"@id\":\"https:\\\/\\\/chrisonsax.com\\\/product\\\/becane-yame-jimmy-sax-midi-file-saxophone-line\\\/#primaryimage\"},\"thumbnailUrl\":\"https:\\\/\\\/chrisonsax.com\\\/wp-content\\\/uploads\\\/2025\\\/05\\\/ChatGPT-Image-16-mai-2025-a-19_36_10.png\",\"datePublished\":\"2025-05-16T15:39:14+00:00\",\"dateModified\":\"2026-03-05T12:21:32+00:00\",\"description\":\"Download the MIDI file of the saxophone melody from Becane \\\/ Yame by Jimmy Sax. Perfect for producers, students, and arrangers.\",\"breadcrumb\":{\"@id\":\"https:\\\/\\\/chrisonsax.com\\\/product\\\/becane-yame-jimmy-sax-midi-file-saxophone-line\\\/#breadcrumb\"},\"inLanguage\":\"fr-FR\",\"potentialAction\":[{\"@type\":\"ReadAction\",\"target\":[\"https:\\\/\\\/chrisonsax.com\\\/product\\\/becane-yame-jimmy-sax-midi-file-saxophone-line\\\/\"]}]},{\"@type\":\"ImageObject\",\"inLanguage\":\"fr-FR\",\"@id\":\"https:\\\/\\\/chrisonsax.com\\\/product\\\/becane-yame-jimmy-sax-midi-file-saxophone-line\\\/#primaryimage\",\"url\":\"https:\\\/\\\/chrisonsax.com\\\/wp-content\\\/uploads\\\/2025\\\/05\\\/ChatGPT-Image-16-mai-2025-a-19_36_10.png\",\"contentUrl\":\"https:\\\/\\\/chrisonsax.com\\\/wp-content\\\/uploads\\\/2025\\\/05\\\/ChatGPT-Image-16-mai-2025-a-19_36_10.png\",\"width\":1024,\"height\":1024,\"caption\":\"Becane-Yame-Jimmy-sax\"},{\"@type\":\"BreadcrumbList\",\"@id\":\"https:\\\/\\\/chrisonsax.com\\\/product\\\/becane-yame-jimmy-sax-midi-file-saxophone-line\\\/#breadcrumb\",\"itemListElement\":[{\"@type\":\"ListItem\",\"position\":1,\"name\":\"Animation cocktail\",\"item\":\"https:\\\/\\\/chrisonsax.com\\\/\"},{\"@type\":\"ListItem\",\"position\":2,\"name\":\"Shop\",\"item\":\"https:\\\/\\\/chrisonsax.com\\\/boutique\\\/\"},{\"@type\":\"ListItem\",\"position\":3,\"name\":\"Becane \\\/ Yame \u2013 Jimmy Sax MIDI File (Saxophone Line)\"}]},{\"@type\":\"WebSite\",\"@id\":\"https:\\\/\\\/chrisonsax.com\\\/#website\",\"url\":\"https:\\\/\\\/chrisonsax.com\\\/\",\"name\":\"Musicien saxophoniste\",\"description\":\"Cocktail sax Tel : +971 058 542 0635\",\"publisher\":{\"@id\":\"https:\\\/\\\/chrisonsax.com\\\/#organization\"},\"potentialAction\":[{\"@type\":\"SearchAction\",\"target\":{\"@type\":\"EntryPoint\",\"urlTemplate\":\"https:\\\/\\\/chrisonsax.com\\\/?s={search_term_string}\"},\"query-input\":{\"@type\":\"PropertyValueSpecification\",\"valueRequired\":true,\"valueName\":\"search_term_string\"}}],\"inLanguage\":\"fr-FR\"},{\"@type\":\"Organization\",\"@id\":\"https:\\\/\\\/chrisonsax.com\\\/#organization\",\"name\":\"Musicien saxophoniste\",\"url\":\"https:\\\/\\\/chrisonsax.com\\\/\",\"logo\":{\"@type\":\"ImageObject\",\"inLanguage\":\"fr-FR\",\"@id\":\"https:\\\/\\\/chrisonsax.com\\\/#\\\/schema\\\/logo\\\/image\\\/\",\"url\":\"https:\\\/\\\/chrisonsax.com\\\/wp-content\\\/uploads\\\/2021\\\/12\\\/cropped-WhatsApp-Image-2021-08-28-at-13.03.56-2-1-e1674942410642.jpeg\",\"contentUrl\":\"https:\\\/\\\/chrisonsax.com\\\/wp-content\\\/uploads\\\/2021\\\/12\\\/cropped-WhatsApp-Image-2021-08-28-at-13.03.56-2-1-e1674942410642.jpeg\",\"width\":300,\"height\":300,\"caption\":\"Musicien saxophoniste\"},\"image\":{\"@id\":\"https:\\\/\\\/chrisonsax.com\\\/#\\\/schema\\\/logo\\\/image\\\/\"},\"sameAs\":[\"https:\\\/\\\/www.facebook.com\\\/christopheonsax\",\"https:\\\/\\\/www.instagram.com\\\/chris_onsax\\\/\",\"https:\\\/\\\/www.youtube.com\\\/channel\\\/UCPht7xSeaLJ_4FUWV4bUOQg?view_as=subscriber\"]}]}<\/script>\n<!-- \/ Yoast SEO Premium plugin. -->","yoast_head_json":{"title":"Becane \/ Yame Jimmy Sax MIDI File - Saxophone Line Download","description":"T\u00e9l\u00e9chargez le fichier MIDI de la m\u00e9lodie pour saxophone de Becane \/ Yame par Jimmy Sax. Parfait pour les producteurs, les \u00e9tudiants et les arrangeurs.","robots":{"index":"index","follow":"follow","max-snippet":"max-snippet:-1","max-image-preview":"max-image-preview:large","max-video-preview":"max-video-preview:-1"},"canonical":"https:\/\/chrisonsax.com\/fr\/produit\/becane-yame-jimmy-sax-midi-file-saxophone-line\/","og_locale":"fr_FR","og_type":"article","og_title":"Becane \/ Yame \u2013 Jimmy Sax MIDI File (Saxophone Line)","og_description":"Download the MIDI file of the saxophone melody from Becane \/ Yame by Jimmy Sax. Perfect for producers, students, and arrangers.","og_url":"https:\/\/chrisonsax.com\/fr\/produit\/becane-yame-jimmy-sax-midi-file-saxophone-line\/","og_site_name":"Saxophonist","article_publisher":"https:\/\/www.facebook.com\/christopheonsax","article_modified_time":"2026-03-05T12:21:32+00:00","og_image":[{"width":1024,"height":1024,"url":"https:\/\/chrisonsax.com\/wp-content\/uploads\/2025\/05\/ChatGPT-Image-16-mai-2025-a-19_36_10.png","type":"image\/png"}],"twitter_card":"summary_large_image","twitter_misc":{"Dur\u00e9e de lecture estim\u00e9e":"1 minute"},"schema":{"@context":"https:\/\/schema.org","@graph":[{"@type":"WebPage","@id":"https:\/\/chrisonsax.com\/product\/becane-yame-jimmy-sax-midi-file-saxophone-line\/","url":"https:\/\/chrisonsax.com\/product\/becane-yame-jimmy-sax-midi-file-saxophone-line\/","name":"Becane \/ Yame Jimmy Sax MIDI File - Saxophone Line Download","isPartOf":{"@id":"https:\/\/chrisonsax.com\/#website"},"primaryImageOfPage":{"@id":"https:\/\/chrisonsax.com\/product\/becane-yame-jimmy-sax-midi-file-saxophone-line\/#primaryimage"},"image":{"@id":"https:\/\/chrisonsax.com\/product\/becane-yame-jimmy-sax-midi-file-saxophone-line\/#primaryimage"},"thumbnailUrl":"https:\/\/chrisonsax.com\/wp-content\/uploads\/2025\/05\/ChatGPT-Image-16-mai-2025-a-19_36_10.png","datePublished":"2025-05-16T15:39:14+00:00","dateModified":"2026-03-05T12:21:32+00:00","description":"T\u00e9l\u00e9chargez le fichier MIDI de la m\u00e9lodie pour saxophone de Becane \/ Yame par Jimmy Sax. Parfait pour les producteurs, les \u00e9tudiants et les arrangeurs.","breadcrumb":{"@id":"https:\/\/chrisonsax.com\/product\/becane-yame-jimmy-sax-midi-file-saxophone-line\/#breadcrumb"},"inLanguage":"fr-FR","potentialAction":[{"@type":"ReadAction","target":["https:\/\/chrisonsax.com\/product\/becane-yame-jimmy-sax-midi-file-saxophone-line\/"]}]},{"@type":"ImageObject","inLanguage":"fr-FR","@id":"https:\/\/chrisonsax.com\/product\/becane-yame-jimmy-sax-midi-file-saxophone-line\/#primaryimage","url":"https:\/\/chrisonsax.com\/wp-content\/uploads\/2025\/05\/ChatGPT-Image-16-mai-2025-a-19_36_10.png","contentUrl":"https:\/\/chrisonsax.com\/wp-content\/uploads\/2025\/05\/ChatGPT-Image-16-mai-2025-a-19_36_10.png","width":1024,"height":1024,"caption":"Becane-Yame-Jimmy-sax"},{"@type":"BreadcrumbList","@id":"https:\/\/chrisonsax.com\/product\/becane-yame-jimmy-sax-midi-file-saxophone-line\/#breadcrumb","itemListElement":[{"@type":"ListItem","position":1,"name":"Animation cocktail","item":"https:\/\/chrisonsax.com\/"},{"@type":"ListItem","position":2,"name":"Shop","item":"https:\/\/chrisonsax.com\/boutique\/"},{"@type":"ListItem","position":3,"name":"Becane \/ Yame \u2013 Jimmy Sax MIDI File (Saxophone Line)"}]},{"@type":"WebSite","@id":"https:\/\/chrisonsax.com\/#website","url":"https:\/\/chrisonsax.com\/","name":"Musicien saxophoniste","description":"Cocktail sax Tel : +971 058 542 0635","publisher":{"@id":"https:\/\/chrisonsax.com\/#organization"},"potentialAction":[{"@type":"SearchAction","target":{"@type":"EntryPoint","urlTemplate":"https:\/\/chrisonsax.com\/?s={search_term_string}"},"query-input":{"@type":"PropertyValueSpecification","valueRequired":true,"valueName":"search_term_string"}}],"inLanguage":"fr-FR"},{"@type":"Organization","@id":"https:\/\/chrisonsax.com\/#organization","name":"Musicien saxophoniste","url":"https:\/\/chrisonsax.com\/","logo":{"@type":"ImageObject","inLanguage":"fr-FR","@id":"https:\/\/chrisonsax.com\/#\/schema\/logo\/image\/","url":"https:\/\/chrisonsax.com\/wp-content\/uploads\/2021\/12\/cropped-WhatsApp-Image-2021-08-28-at-13.03.56-2-1-e1674942410642.jpeg","contentUrl":"https:\/\/chrisonsax.com\/wp-content\/uploads\/2021\/12\/cropped-WhatsApp-Image-2021-08-28-at-13.03.56-2-1-e1674942410642.jpeg","width":300,"height":300,"caption":"Musicien saxophoniste"},"image":{"@id":"https:\/\/chrisonsax.com\/#\/schema\/logo\/image\/"},"sameAs":["https:\/\/www.facebook.com\/christopheonsax","https:\/\/www.instagram.com\/chris_onsax\/","https:\/\/www.youtube.com\/channel\/UCPht7xSeaLJ_4FUWV4bUOQg?view_as=subscriber"]}]}},"_links":{"self":[{"href":"https:\/\/chrisonsax.com\/fr\/wp-json\/wp\/v2\/product\/9700","targetHints":{"allow":["GET"]}}],"collection":[{"href":"https:\/\/chrisonsax.com\/fr\/wp-json\/wp\/v2\/product"}],"about":[{"href":"https:\/\/chrisonsax.com\/fr\/wp-json\/wp\/v2\/types\/product"}],"replies":[{"embeddable":true,"href":"https:\/\/chrisonsax.com\/fr\/wp-json\/wp\/v2\/comments?post=9700"}],"wp:featuredmedia":[{"embeddable":true,"href":"https:\/\/chrisonsax.com\/fr\/wp-json\/wp\/v2\/media\/9702"}],"wp:attachment":[{"href":"https:\/\/chrisonsax.com\/fr\/wp-json\/wp\/v2\/media?parent=9700"}],"wp:term":[{"taxonomy":"product_brand","embeddable":true,"href":"https:\/\/chrisonsax.com\/fr\/wp-json\/wp\/v2\/product_brand?post=9700"},{"taxonomy":"product_cat","embeddable":true,"href":"https:\/\/chrisonsax.com\/fr\/wp-json\/wp\/v2\/product_cat?post=9700"},{"taxonomy":"product_tag","embeddable":true,"href":"https:\/\/chrisonsax.com\/fr\/wp-json\/wp\/v2\/product_tag?post=9700"}],"curies":[{"name":"wp","href":"https:\/\/api.w.org\/{rel}","templated":true}]}}