{"id":9653,"date":"2025-05-15T15:16:43","date_gmt":"2025-05-15T15:16:43","guid":{"rendered":"https:\/\/chrisonsax.com\/?post_type=product&#038;p=9653"},"modified":"2025-12-17T14:41:24","modified_gmt":"2025-12-17T14:41:24","slug":"feel-the-sound-a-saxophone-guide-through-sensations","status":"publish","type":"product","link":"https:\/\/chrisonsax.com\/fr\/produit\/feel-the-sound-un-saxophone-guide-a-travers-les-sensations-2\/","title":{"rendered":"Ressens le son \u2013 Un guide du saxophone par les sensations"},"content":{"rendered":"<h1 data-start=\"647\" data-end=\"733\">Ressens le son \u2013 Un guide du saxophone par les sensations<\/h1>\n<p data-start=\"647\" data-end=\"733\"><strong data-start=\"647\" data-end=\"733\">D\u00e9couvre une nouvelle fa\u00e7on de jouer \u2014 pas seulement avec tes doigts, mais avec tout ton corps.<\/strong><\/p>\n<p data-start=\"735\" data-end=\"909\">Ce guide PDF, \u00e9crit par Chris On Sax, t\u2019invite \u00e0 aller au-del\u00e0 de la technique pour explorer ce qui rend ton son unique : ton souffle, ta vibration, et ta voix int\u00e9rieure.<\/p>\n<p data-start=\"911\" data-end=\"1015\">Plut\u00f4t que de courir apr\u00e8s la perfection, apprends \u00e0 \u00e9couter, \u00e0 ressentir, et \u00e0 te connecter \u00e0 ton saxophone plus profond\u00e9ment.<\/p>\n<p data-start=\"1017\" data-end=\"1171\">Ce n\u2019est pas une m\u00e9thode. C\u2019est une histoire personnelle, pleine d\u2019intuitions, de sensations, et d\u2019exercices pratiques qui ont permis de fa\u00e7onner un son plus expressif et authentique.<\/p>\n<h3 data-start=\"1178\" data-end=\"1212\">\u2705 <strong data-start=\"1184\" data-end=\"1212\">Ce que tu trouveras dans ce guide :<\/strong><\/h3>\n<ul data-start=\"1213\" data-end=\"1516\">\n<li data-start=\"1213\" data-end=\"1256\">\n<p data-start=\"1215\" data-end=\"1256\">Comment utiliser ton souffle comme une \u00e9nergie chaude <strong data-start=\"1231\" data-end=\"1256\">le souffle en tant qu'\u00e9nergie chaude<\/strong><\/p>\n<\/li>\n<li data-start=\"1257\" data-end=\"1319\">\n<p data-start=\"1259\" data-end=\"1319\">Le secret du grain du son et comment accepter l\u2019imperfection <strong data-start=\"1273\" data-end=\"1287\">grain de ton<\/strong> et comment accepter l'imperfection<\/p>\n<\/li>\n<li data-start=\"1320\" data-end=\"1381\">\n<p data-start=\"1322\" data-end=\"1381\">Des exercices pour explorer ta vibration et ta r\u00e9sonance int\u00e9rieure <strong data-start=\"1348\" data-end=\"1361\">vibration<\/strong> et la r\u00e9sonance int\u00e9rieure<\/p>\n<\/li>\n<li data-start=\"1382\" data-end=\"1445\">\n<p data-start=\"1384\" data-end=\"1445\">Le r\u00f4le de l\u2019inspiration et des images mentales dans la construction du son <strong data-start=\"1396\" data-end=\"1423\">inspiration et imagerie<\/strong> dans l'\u00e9laboration de votre son<\/p>\n<\/li>\n<li data-start=\"1446\" data-end=\"1516\">\n<p data-start=\"1448\" data-end=\"1516\">Comment fabriquer son saxophone <strong data-start=\"1475\" data-end=\"1495\">Faites entendre votre voix<\/strong>Comment faire en sorte que ton saxophone exprime ta voix, pas seulement des notes<\/p>\n<\/li>\n<\/ul>\n<hr class=\"\" data-start=\"1518\" data-end=\"1521\" \/>\n<p data-start=\"1523\" data-end=\"1644\">\ud83c\udf81 <strong data-start=\"1526\" data-end=\"1536\">Bonus : Un guide issu de l\u2019exp\u00e9rience r\u00e9elle \u2014 sans th\u00e9orie acad\u00e9mique, juste du ressenti, du son, et du partage sinc\u00e8re.<\/strong> Ce guide est bas\u00e9 sur l'exp\u00e9rience de la vie r\u00e9elle - pas de th\u00e9orie acad\u00e9mique, juste un sentiment, un son et un partage sinc\u00e8re.<\/p>\n<p data-start=\"1646\" data-end=\"1727\">\ud83d\udda5\ufe0f <strong data-start=\"1650\" data-end=\"1661\">Format :<\/strong> PDF (EN ANGLAIS)<br data-start=\"1665\" data-end=\"1668\" \/>\ud83d\udce5 <strong data-start=\"1671\" data-end=\"1699\">T\u00e9l\u00e9chargement num\u00e9rique imm\u00e9diat<\/strong><br data-start=\"1699\" data-end=\"1702\" \/>\ud83d\udde3\ufe0f <strong data-start=\"1706\" data-end=\"1719\">langue<\/strong> Fran\u00e7ais<\/p>\n<hr class=\"\" data-start=\"1729\" data-end=\"1732\" \/>","protected":false},"excerpt":{"rendered":"<h1 data-start=\"647\" data-end=\"733\">Ressens le son \u2013 Un guide du saxophone par les sensations<\/h1>\n<p class=\"\" data-start=\"647\" data-end=\"733\"><strong data-start=\"647\" data-end=\"733\">D\u00e9couvre une nouvelle fa\u00e7on de jouer \u2014 pas seulement avec tes doigts, mais avec tout ton corps.<\/strong><\/p>\n<p class=\"\" data-start=\"735\" data-end=\"909\">Ce guide PDF, \u00e9crit par Chris On Sax, t\u2019invite \u00e0 aller au-del\u00e0 de la technique pour explorer ce qui rend ton son unique : ton souffle, ta vibration, et ta voix int\u00e9rieure.<\/p>\n<p class=\"\" data-start=\"911\" data-end=\"1015\">Plut\u00f4t que de courir apr\u00e8s la perfection, apprends \u00e0 \u00e9couter, \u00e0 ressentir, et \u00e0 te connecter \u00e0 ton saxophone plus profond\u00e9ment.<\/p>\n<p class=\"\" data-start=\"1017\" data-end=\"1171\">Ce n\u2019est pas une m\u00e9thode. C\u2019est une histoire personnelle, pleine d\u2019intuitions, de sensations, et d\u2019exercices pratiques qui ont permis de fa\u00e7onner un son plus expressif et authentique.<\/p>\n<h3 class=\"\" data-start=\"1178\" data-end=\"1212\">\u2705 <strong data-start=\"1184\" data-end=\"1212\">Ce que tu trouveras dans ce guide :<\/strong><\/h3>\n<ul data-start=\"1213\" data-end=\"1516\">\n<li class=\"\" data-start=\"1213\" data-end=\"1256\">\n<p class=\"\" data-start=\"1215\" data-end=\"1256\">Comment utiliser ton souffle comme une \u00e9nergie chaude <strong data-start=\"1231\" data-end=\"1256\">le souffle en tant qu'\u00e9nergie chaude<\/strong><\/p>\n<\/li>\n<li class=\"\" data-start=\"1257\" data-end=\"1319\">\n<p class=\"\" data-start=\"1259\" data-end=\"1319\">Le secret du grain du son et comment accepter l\u2019imperfection <strong data-start=\"1273\" data-end=\"1287\">grain de ton<\/strong> et comment accepter l'imperfection<\/p>\n<\/li>\n<li class=\"\" data-start=\"1320\" data-end=\"1381\">\n<p class=\"\" data-start=\"1322\" data-end=\"1381\">Des exercices pour explorer ta vibration et ta r\u00e9sonance int\u00e9rieure <strong data-start=\"1348\" data-end=\"1361\">vibration<\/strong> et la r\u00e9sonance int\u00e9rieure<\/p>\n<\/li>\n<li class=\"\" data-start=\"1382\" data-end=\"1445\">\n<p class=\"\" data-start=\"1384\" data-end=\"1445\">Le r\u00f4le de l\u2019inspiration et des images mentales dans la construction du son <strong data-start=\"1396\" data-end=\"1423\">inspiration et imagerie<\/strong> dans l'\u00e9laboration de votre son<\/p>\n<\/li>\n<li class=\"\" data-start=\"1446\" data-end=\"1516\">\n<p class=\"\" data-start=\"1448\" data-end=\"1516\">Comment fabriquer son saxophone <strong data-start=\"1475\" data-end=\"1495\">Faites entendre votre voix<\/strong>Comment faire en sorte que ton saxophone exprime ta voix, pas seulement des notes<\/p>\n<\/li>\n<\/ul>\n<hr class=\"\" data-start=\"1518\" data-end=\"1521\" \/>\n<p class=\"\" data-start=\"1523\" data-end=\"1644\">\ud83c\udf81 <strong data-start=\"1526\" data-end=\"1536\">Bonus : Un guide issu de l\u2019exp\u00e9rience r\u00e9elle \u2014 sans th\u00e9orie acad\u00e9mique, juste du ressenti, du son, et du partage sinc\u00e8re.<\/strong> Ce guide est bas\u00e9 sur l'exp\u00e9rience de la vie r\u00e9elle - pas de th\u00e9orie acad\u00e9mique, juste un sentiment, un son et un partage sinc\u00e8re.<\/p>\n<p class=\"\" data-start=\"1646\" data-end=\"1727\">\ud83d\udda5\ufe0f <strong data-start=\"1650\" data-end=\"1661\">Format :<\/strong> PDF (EN ANGLAIS)<br data-start=\"1665\" data-end=\"1668\" \/>\ud83d\udce5 <strong data-start=\"1671\" data-end=\"1699\">T\u00e9l\u00e9chargement num\u00e9rique imm\u00e9diat<\/strong><br data-start=\"1699\" data-end=\"1702\" \/>\ud83d\udde3\ufe0f <strong data-start=\"1706\" data-end=\"1719\">langue<\/strong> Fran\u00e7ais<\/p>\n<hr class=\"\" data-start=\"1729\" data-end=\"1732\" \/>","protected":false},"featured_media":9655,"comment_status":"closed","ping_status":"closed","template":"","meta":{"pmpro_default_level":"","_kad_post_transparent":"default","_kad_post_title":"","_kad_post_layout":"default","_kad_post_sidebar_id":"","_kad_post_content_style":"default","_kad_post_vertical_padding":"default","_kad_post_feature":"","_kad_post_feature_position":"","_kad_post_header":false,"_kad_post_footer":false,"_kad_post_classname":""},"product_brand":[],"product_cat":[113],"product_tag":[],"class_list":{"0":"post-9653","1":"product","2":"type-product","3":"status-publish","4":"has-post-thumbnail","6":"product_cat-sheet-music-with-note-names","7":"pmpro-has-access","9":"first","10":"instock","11":"downloadable","12":"shipping-taxable","13":"purchasable","14":"product-type-simple","15":"entry","16":"content-bg","17":"loop-entry"},"yoast_head":"<!-- This site is optimized with the Yoast SEO Premium plugin v27.0 (Yoast SEO v27.4) - https:\/\/yoast.com\/product\/yoast-seo-premium-wordpress\/ -->\n<title>Feel the Sound \u2013 Saxophone Sensation Guide by Chris On Sax<\/title>\n<meta name=\"description\" content=\"Explore a new approach to saxophone playing through breath, sensations, and tone texture. Download Chris On Sax\u2019s personal guide to find your true voice.\" \/>\n<meta name=\"robots\" content=\"index, follow, max-snippet:-1, max-image-preview:large, max-video-preview:-1\" \/>\n<link rel=\"canonical\" href=\"https:\/\/chrisonsax.com\/fr\/produit\/feel-the-sound-un-saxophone-guide-a-travers-les-sensations-2\/\" \/>\n<meta property=\"og:locale\" content=\"fr_FR\" \/>\n<meta property=\"og:type\" content=\"article\" \/>\n<meta property=\"og:title\" content=\"Feel the Sound \u2013 A Saxophone Guide Through Sensations\" \/>\n<meta property=\"og:description\" content=\"Explore a new approach to saxophone playing through breath, sensations, and tone texture. Download Chris On Sax\u2019s personal guide to find your true voice.\" \/>\n<meta property=\"og:url\" content=\"https:\/\/chrisonsax.com\/fr\/produit\/feel-the-sound-un-saxophone-guide-a-travers-les-sensations-2\/\" \/>\n<meta property=\"og:site_name\" content=\"Saxophonist\" \/>\n<meta property=\"article:publisher\" content=\"https:\/\/www.facebook.com\/christopheonsax\" \/>\n<meta property=\"article:modified_time\" content=\"2025-12-17T14:41:24+00:00\" \/>\n<meta property=\"og:image\" content=\"https:\/\/chrisonsax.com\/wp-content\/uploads\/2025\/05\/feel-sound-saxophone.jpg\" \/>\n\t<meta property=\"og:image:width\" content=\"500\" \/>\n\t<meta property=\"og:image:height\" content=\"500\" \/>\n\t<meta property=\"og:image:type\" content=\"image\/jpeg\" \/>\n<meta name=\"twitter:card\" content=\"summary_large_image\" \/>\n<meta name=\"twitter:label1\" content=\"Dur\u00e9e de lecture estim\u00e9e\" \/>\n\t<meta name=\"twitter:data1\" content=\"1 minute\" \/>\n<script type=\"application\/ld+json\" class=\"yoast-schema-graph\">{\"@context\":\"https:\\\/\\\/schema.org\",\"@graph\":[{\"@type\":\"WebPage\",\"@id\":\"https:\\\/\\\/chrisonsax.com\\\/product\\\/feel-the-sound-a-saxophone-guide-through-sensations\\\/\",\"url\":\"https:\\\/\\\/chrisonsax.com\\\/product\\\/feel-the-sound-a-saxophone-guide-through-sensations\\\/\",\"name\":\"Feel the Sound \u2013 Saxophone Sensation Guide by Chris On Sax\",\"isPartOf\":{\"@id\":\"https:\\\/\\\/chrisonsax.com\\\/#website\"},\"primaryImageOfPage\":{\"@id\":\"https:\\\/\\\/chrisonsax.com\\\/product\\\/feel-the-sound-a-saxophone-guide-through-sensations\\\/#primaryimage\"},\"image\":{\"@id\":\"https:\\\/\\\/chrisonsax.com\\\/product\\\/feel-the-sound-a-saxophone-guide-through-sensations\\\/#primaryimage\"},\"thumbnailUrl\":\"https:\\\/\\\/chrisonsax.com\\\/wp-content\\\/uploads\\\/2025\\\/05\\\/feel-sound-saxophone.jpg\",\"datePublished\":\"2025-05-15T15:16:43+00:00\",\"dateModified\":\"2025-12-17T14:41:24+00:00\",\"description\":\"Explore a new approach to saxophone playing through breath, sensations, and tone texture. Download Chris On Sax\u2019s personal guide to find your true voice.\",\"breadcrumb\":{\"@id\":\"https:\\\/\\\/chrisonsax.com\\\/product\\\/feel-the-sound-a-saxophone-guide-through-sensations\\\/#breadcrumb\"},\"inLanguage\":\"fr-FR\",\"potentialAction\":[{\"@type\":\"ReadAction\",\"target\":[\"https:\\\/\\\/chrisonsax.com\\\/product\\\/feel-the-sound-a-saxophone-guide-through-sensations\\\/\"]}]},{\"@type\":\"ImageObject\",\"inLanguage\":\"fr-FR\",\"@id\":\"https:\\\/\\\/chrisonsax.com\\\/product\\\/feel-the-sound-a-saxophone-guide-through-sensations\\\/#primaryimage\",\"url\":\"https:\\\/\\\/chrisonsax.com\\\/wp-content\\\/uploads\\\/2025\\\/05\\\/feel-sound-saxophone.jpg\",\"contentUrl\":\"https:\\\/\\\/chrisonsax.com\\\/wp-content\\\/uploads\\\/2025\\\/05\\\/feel-sound-saxophone.jpg\",\"width\":500,\"height\":500,\"caption\":\"feel-the-sound\"},{\"@type\":\"BreadcrumbList\",\"@id\":\"https:\\\/\\\/chrisonsax.com\\\/product\\\/feel-the-sound-a-saxophone-guide-through-sensations\\\/#breadcrumb\",\"itemListElement\":[{\"@type\":\"ListItem\",\"position\":1,\"name\":\"Animation cocktail\",\"item\":\"https:\\\/\\\/chrisonsax.com\\\/\"},{\"@type\":\"ListItem\",\"position\":2,\"name\":\"Shop\",\"item\":\"https:\\\/\\\/chrisonsax.com\\\/boutique\\\/\"},{\"@type\":\"ListItem\",\"position\":3,\"name\":\"Feel the Sound \u2013 A Saxophone Guide Through Sensations\"}]},{\"@type\":\"WebSite\",\"@id\":\"https:\\\/\\\/chrisonsax.com\\\/#website\",\"url\":\"https:\\\/\\\/chrisonsax.com\\\/\",\"name\":\"Musicien saxophoniste\",\"description\":\"Cocktail sax Tel : +971 058 542 0635\",\"publisher\":{\"@id\":\"https:\\\/\\\/chrisonsax.com\\\/#organization\"},\"potentialAction\":[{\"@type\":\"SearchAction\",\"target\":{\"@type\":\"EntryPoint\",\"urlTemplate\":\"https:\\\/\\\/chrisonsax.com\\\/?s={search_term_string}\"},\"query-input\":{\"@type\":\"PropertyValueSpecification\",\"valueRequired\":true,\"valueName\":\"search_term_string\"}}],\"inLanguage\":\"fr-FR\"},{\"@type\":\"Organization\",\"@id\":\"https:\\\/\\\/chrisonsax.com\\\/#organization\",\"name\":\"Musicien saxophoniste\",\"url\":\"https:\\\/\\\/chrisonsax.com\\\/\",\"logo\":{\"@type\":\"ImageObject\",\"inLanguage\":\"fr-FR\",\"@id\":\"https:\\\/\\\/chrisonsax.com\\\/#\\\/schema\\\/logo\\\/image\\\/\",\"url\":\"https:\\\/\\\/chrisonsax.com\\\/wp-content\\\/uploads\\\/2021\\\/12\\\/cropped-WhatsApp-Image-2021-08-28-at-13.03.56-2-1-e1674942410642.jpeg\",\"contentUrl\":\"https:\\\/\\\/chrisonsax.com\\\/wp-content\\\/uploads\\\/2021\\\/12\\\/cropped-WhatsApp-Image-2021-08-28-at-13.03.56-2-1-e1674942410642.jpeg\",\"width\":300,\"height\":300,\"caption\":\"Musicien saxophoniste\"},\"image\":{\"@id\":\"https:\\\/\\\/chrisonsax.com\\\/#\\\/schema\\\/logo\\\/image\\\/\"},\"sameAs\":[\"https:\\\/\\\/www.facebook.com\\\/christopheonsax\",\"https:\\\/\\\/www.instagram.com\\\/chris_onsax\\\/\",\"https:\\\/\\\/www.youtube.com\\\/channel\\\/UCPht7xSeaLJ_4FUWV4bUOQg?view_as=subscriber\"]}]}<\/script>\n<!-- \/ Yoast SEO Premium plugin. -->","yoast_head_json":{"title":"Ressens le son \u2013 Un guide du saxophone par les sensations","description":"Explorez une nouvelle approche du saxophone \u00e0 travers le souffle, les sensations et la texture du son.\nT\u00e9l\u00e9chargez le guide personnel de Chris On Sax pour trouver votre v\u00e9ritable voix.","robots":{"index":"index","follow":"follow","max-snippet":"max-snippet:-1","max-image-preview":"max-image-preview:large","max-video-preview":"max-video-preview:-1"},"canonical":"https:\/\/chrisonsax.com\/fr\/produit\/feel-the-sound-un-saxophone-guide-a-travers-les-sensations-2\/","og_locale":"fr_FR","og_type":"article","og_title":"Feel the Sound \u2013 A Saxophone Guide Through Sensations","og_description":"Explore a new approach to saxophone playing through breath, sensations, and tone texture. Download Chris On Sax\u2019s personal guide to find your true voice.","og_url":"https:\/\/chrisonsax.com\/fr\/produit\/feel-the-sound-un-saxophone-guide-a-travers-les-sensations-2\/","og_site_name":"Saxophonist","article_publisher":"https:\/\/www.facebook.com\/christopheonsax","article_modified_time":"2025-12-17T14:41:24+00:00","og_image":[{"width":500,"height":500,"url":"https:\/\/chrisonsax.com\/wp-content\/uploads\/2025\/05\/feel-sound-saxophone.jpg","type":"image\/jpeg"}],"twitter_card":"summary_large_image","twitter_misc":{"Dur\u00e9e de lecture estim\u00e9e":"1 minute"},"schema":{"@context":"https:\/\/schema.org","@graph":[{"@type":"WebPage","@id":"https:\/\/chrisonsax.com\/product\/feel-the-sound-a-saxophone-guide-through-sensations\/","url":"https:\/\/chrisonsax.com\/product\/feel-the-sound-a-saxophone-guide-through-sensations\/","name":"Ressens le son \u2013 Un guide du saxophone par les sensations","isPartOf":{"@id":"https:\/\/chrisonsax.com\/#website"},"primaryImageOfPage":{"@id":"https:\/\/chrisonsax.com\/product\/feel-the-sound-a-saxophone-guide-through-sensations\/#primaryimage"},"image":{"@id":"https:\/\/chrisonsax.com\/product\/feel-the-sound-a-saxophone-guide-through-sensations\/#primaryimage"},"thumbnailUrl":"https:\/\/chrisonsax.com\/wp-content\/uploads\/2025\/05\/feel-sound-saxophone.jpg","datePublished":"2025-05-15T15:16:43+00:00","dateModified":"2025-12-17T14:41:24+00:00","description":"Explorez une nouvelle approche du saxophone \u00e0 travers le souffle, les sensations et la texture du son.\nT\u00e9l\u00e9chargez le guide personnel de Chris On Sax pour trouver votre v\u00e9ritable voix.","breadcrumb":{"@id":"https:\/\/chrisonsax.com\/product\/feel-the-sound-a-saxophone-guide-through-sensations\/#breadcrumb"},"inLanguage":"fr-FR","potentialAction":[{"@type":"ReadAction","target":["https:\/\/chrisonsax.com\/product\/feel-the-sound-a-saxophone-guide-through-sensations\/"]}]},{"@type":"ImageObject","inLanguage":"fr-FR","@id":"https:\/\/chrisonsax.com\/product\/feel-the-sound-a-saxophone-guide-through-sensations\/#primaryimage","url":"https:\/\/chrisonsax.com\/wp-content\/uploads\/2025\/05\/feel-sound-saxophone.jpg","contentUrl":"https:\/\/chrisonsax.com\/wp-content\/uploads\/2025\/05\/feel-sound-saxophone.jpg","width":500,"height":500,"caption":"feel-the-sound"},{"@type":"BreadcrumbList","@id":"https:\/\/chrisonsax.com\/product\/feel-the-sound-a-saxophone-guide-through-sensations\/#breadcrumb","itemListElement":[{"@type":"ListItem","position":1,"name":"Animation cocktail","item":"https:\/\/chrisonsax.com\/"},{"@type":"ListItem","position":2,"name":"Shop","item":"https:\/\/chrisonsax.com\/boutique\/"},{"@type":"ListItem","position":3,"name":"Feel the Sound \u2013 A Saxophone Guide Through Sensations"}]},{"@type":"WebSite","@id":"https:\/\/chrisonsax.com\/#website","url":"https:\/\/chrisonsax.com\/","name":"Musicien saxophoniste","description":"Cocktail sax Tel : +971 058 542 0635","publisher":{"@id":"https:\/\/chrisonsax.com\/#organization"},"potentialAction":[{"@type":"SearchAction","target":{"@type":"EntryPoint","urlTemplate":"https:\/\/chrisonsax.com\/?s={search_term_string}"},"query-input":{"@type":"PropertyValueSpecification","valueRequired":true,"valueName":"search_term_string"}}],"inLanguage":"fr-FR"},{"@type":"Organization","@id":"https:\/\/chrisonsax.com\/#organization","name":"Musicien saxophoniste","url":"https:\/\/chrisonsax.com\/","logo":{"@type":"ImageObject","inLanguage":"fr-FR","@id":"https:\/\/chrisonsax.com\/#\/schema\/logo\/image\/","url":"https:\/\/chrisonsax.com\/wp-content\/uploads\/2021\/12\/cropped-WhatsApp-Image-2021-08-28-at-13.03.56-2-1-e1674942410642.jpeg","contentUrl":"https:\/\/chrisonsax.com\/wp-content\/uploads\/2021\/12\/cropped-WhatsApp-Image-2021-08-28-at-13.03.56-2-1-e1674942410642.jpeg","width":300,"height":300,"caption":"Musicien saxophoniste"},"image":{"@id":"https:\/\/chrisonsax.com\/#\/schema\/logo\/image\/"},"sameAs":["https:\/\/www.facebook.com\/christopheonsax","https:\/\/www.instagram.com\/chris_onsax\/","https:\/\/www.youtube.com\/channel\/UCPht7xSeaLJ_4FUWV4bUOQg?view_as=subscriber"]}]}},"_links":{"self":[{"href":"https:\/\/chrisonsax.com\/fr\/wp-json\/wp\/v2\/product\/9653","targetHints":{"allow":["GET"]}}],"collection":[{"href":"https:\/\/chrisonsax.com\/fr\/wp-json\/wp\/v2\/product"}],"about":[{"href":"https:\/\/chrisonsax.com\/fr\/wp-json\/wp\/v2\/types\/product"}],"replies":[{"embeddable":true,"href":"https:\/\/chrisonsax.com\/fr\/wp-json\/wp\/v2\/comments?post=9653"}],"wp:featuredmedia":[{"embeddable":true,"href":"https:\/\/chrisonsax.com\/fr\/wp-json\/wp\/v2\/media\/9655"}],"wp:attachment":[{"href":"https:\/\/chrisonsax.com\/fr\/wp-json\/wp\/v2\/media?parent=9653"}],"wp:term":[{"taxonomy":"product_brand","embeddable":true,"href":"https:\/\/chrisonsax.com\/fr\/wp-json\/wp\/v2\/product_brand?post=9653"},{"taxonomy":"product_cat","embeddable":true,"href":"https:\/\/chrisonsax.com\/fr\/wp-json\/wp\/v2\/product_cat?post=9653"},{"taxonomy":"product_tag","embeddable":true,"href":"https:\/\/chrisonsax.com\/fr\/wp-json\/wp\/v2\/product_tag?post=9653"}],"curies":[{"name":"wp","href":"https:\/\/api.w.org\/{rel}","templated":true}]}}