{"id":9561,"date":"2025-05-08T07:56:53","date_gmt":"2025-05-08T07:56:53","guid":{"rendered":"https:\/\/chrisonsax.com\/?post_type=product&#038;p=9561"},"modified":"2026-03-05T06:00:37","modified_gmt":"2026-03-05T06:00:37","slug":"jisheet-music-time-orchestral","status":"publish","type":"product","link":"https:\/\/chrisonsax.com\/fr\/produit\/partition-time-orchestral\/","title":{"rendered":"Jimmy Sax - Time (Orchestral Version) - Alto Saxophone Sheet Music (PDF)"},"content":{"rendered":"<h1 data-start=\"125\" data-end=\"204\"><strong data-start=\"125\" data-end=\"204\">\ud83c\udfb7 Jimmy Sax - Time (Orchestral Version) - Alto Saxophone Sheet Music (PDF)<\/strong><\/h1>\n<p data-start=\"206\" data-end=\"403\">Apportez la magie du Jimmy Sax's <em data-start=\"237\" data-end=\"264\">Time (version orchestrale)<\/em> avec cette transcription exclusive pour saxophone alto, soigneusement arrang\u00e9e pour capturer l'\u00e9motion et la puissance de l'interpr\u00e9tation originale.<\/p>\n<p data-start=\"405\" data-end=\"594\">Parfaite pour les concerts, les mariages, les cocktails ou les exercices personnels, cette partition vous aidera \u00e0 interpr\u00e9ter l'un des morceaux les plus inspirants et les plus dynamiques du r\u00e9pertoire de Jimmy Sax.<\/p>\n<p data-start=\"596\" data-end=\"616\"><strong data-start=\"596\" data-end=\"615\">Ce qui est inclus<\/strong>:<\/p>\n<ul data-start=\"617\" data-end=\"757\">\n<li data-start=\"617\" data-end=\"669\">\n<p data-start=\"619\" data-end=\"669\">Transcription compl\u00e8te pour saxophone alto (format PDF)<\/p>\n<\/li>\n<li data-start=\"670\" data-end=\"723\">\n<p data-start=\"672\" data-end=\"723\">Soigneusement arrang\u00e9 pour suivre la version orchestrale<\/p>\n<\/li>\n<li data-start=\"724\" data-end=\"757\">\n<p data-start=\"726\" data-end=\"757\">T\u00e9l\u00e9chargement Instantan\u00e9<\/p>\n<\/li>\n<\/ul>\n<p data-start=\"759\" data-end=\"786\"><strong data-start=\"759\" data-end=\"786\">Pourquoi cette transcription ?<\/strong><\/p>\n<ul data-start=\"787\" data-end=\"1032\">\n<li data-start=\"787\" data-end=\"858\">\n<p data-start=\"789\" data-end=\"858\">Transcription fid\u00e8le \u00e0 l'oreille pour pr\u00e9server chaque nuance et chaque expression<\/p>\n<\/li>\n<li data-start=\"859\" data-end=\"957\">\n<p data-start=\"861\" data-end=\"957\">Id\u00e9al pour les saxophonistes qui souhaitent \u00e9largir leur r\u00e9pertoire avec un morceau captivant et \u00e9mouvant.<\/p>\n<\/li>\n<li data-start=\"958\" data-end=\"1032\">\n<p data-start=\"960\" data-end=\"1032\">Convient pour les repr\u00e9sentations en direct, les enregistrements en studio et les s\u00e9ances d'entra\u00eenement<\/p>\n<\/li>\n<\/ul>\n<p data-start=\"1034\" data-end=\"1182\"><strong data-start=\"1034\" data-end=\"1052\">Remarque importante<\/strong>:<br data-start=\"1053\" data-end=\"1056\" \/>Il s'agit d'une transcription non officielle cr\u00e9\u00e9e \u00e0 des fins \u00e9ducatives uniquement. Elle n'est ni affili\u00e9e ni approuv\u00e9e par Jimmy Sax.<\/p>\n<p data-start=\"1184\" data-end=\"1324\"><strong data-start=\"1184\" data-end=\"1204\">Livraison instantan\u00e9e<\/strong><br data-start=\"1204\" data-end=\"1207\" \/>Une fois votre commande termin\u00e9e, le PDF sera disponible pour un t\u00e9l\u00e9chargement imm\u00e9diat afin que vous puissiez commencer \u00e0 vous entra\u00eener tout de suite.<\/p>","protected":false},"excerpt":{"rendered":"<h1 data-start=\"125\" data-end=\"204\"><strong data-start=\"125\" data-end=\"204\">\ud83c\udfb7 Jimmy Sax - Time (Orchestral Version) - Alto Saxophone Sheet Music (PDF)<\/strong><\/h1>\n<p class=\"\" data-start=\"390\" data-end=\"463\">\ud83c\udfb7 <strong data-start=\"393\" data-end=\"463\">Jimmy Sax - Time (Orchestral Version) - Alto Sax Sheet Music (PDF)<\/strong><\/p>\n<p class=\"\" data-start=\"465\" data-end=\"639\">Transcription exclusive pour Saxophone Alto de la version orchestrale de <em data-start=\"537\" data-end=\"543\">L'heure<\/em> par Jimmy Sax.<br data-start=\"557\" data-end=\"560\" \/>Parfait pour les concerts, les mariages, les cocktails ou les exercices personnels.<\/p>\n<ul data-start=\"640\" data-end=\"772\">\n<li class=\"\" data-start=\"640\" data-end=\"681\">\n<p class=\"\" data-start=\"642\" data-end=\"681\">Transcription compl\u00e8te pour Alto Sax (PDF)<\/p>\n<\/li>\n<li class=\"\" data-start=\"682\" data-end=\"738\">\n<p class=\"\" data-start=\"684\" data-end=\"738\">Transcription fid\u00e8le de la performance originale<\/p>\n<\/li>\n<li class=\"\" data-start=\"739\" data-end=\"772\">\n<p class=\"\" data-start=\"741\" data-end=\"772\">T\u00e9l\u00e9chargement Instantan\u00e9<\/p>\n<\/li>\n<\/ul>\n<p class=\"\" data-start=\"774\" data-end=\"831\"><em data-start=\"774\" data-end=\"831\">Transcription non officielle \u00e0 des fins \u00e9ducatives uniquement.<\/em><\/p>","protected":false},"featured_media":9563,"comment_status":"closed","ping_status":"closed","template":"","meta":{"pmpro_default_level":"","_kad_post_transparent":"default","_kad_post_title":"","_kad_post_layout":"default","_kad_post_sidebar_id":"","_kad_post_content_style":"default","_kad_post_vertical_padding":"default","_kad_post_feature":"","_kad_post_feature_position":"","_kad_post_header":false,"_kad_post_footer":false,"_kad_post_classname":""},"product_brand":[],"product_cat":[109,117,87],"product_tag":[],"class_list":{"0":"post-9561","1":"product","2":"type-product","3":"status-publish","4":"has-post-thumbnail","6":"product_cat-jimmy-sax","7":"product_cat-alto-saxophone","8":"product_cat-sheets-music","9":"pmpro-has-access","11":"first","12":"instock","13":"downloadable","14":"shipping-taxable","15":"purchasable","16":"product-type-simple","17":"entry","18":"content-bg","19":"loop-entry"},"yoast_head":"<!-- This site is optimized with the Yoast SEO Premium plugin v27.0 (Yoast SEO v27.4) - https:\/\/yoast.com\/product\/yoast-seo-premium-wordpress\/ -->\n<title>Jimmy Sax - Time (Orchestral Version) - Alto Sax Sheet Music<\/title>\n<meta name=\"description\" content=\"Download the exclusive Alto Sax transcription of Time (Orchestral Version) by Jimmy Sax. Perfect for personal practice. Instant PDF download.\" \/>\n<meta name=\"robots\" content=\"index, follow, max-snippet:-1, max-image-preview:large, max-video-preview:-1\" \/>\n<link rel=\"canonical\" href=\"https:\/\/chrisonsax.com\/fr\/produit\/partition-time-orchestral\/\" \/>\n<meta property=\"og:locale\" content=\"fr_FR\" \/>\n<meta property=\"og:type\" content=\"article\" \/>\n<meta property=\"og:title\" content=\"Jimmy Sax - Time (Orchestral Version) - Alto Saxophone Sheet Music (PDF)\" \/>\n<meta property=\"og:description\" content=\"Download the exclusive Alto Sax transcription of Time (Orchestral Version) by Jimmy Sax. Perfect for personal practice. Instant PDF download.\" \/>\n<meta property=\"og:url\" content=\"https:\/\/chrisonsax.com\/fr\/produit\/partition-time-orchestral\/\" \/>\n<meta property=\"og:site_name\" content=\"Saxophonist\" \/>\n<meta property=\"article:publisher\" content=\"https:\/\/www.facebook.com\/christopheonsax\" \/>\n<meta property=\"article:modified_time\" content=\"2026-03-05T06:00:37+00:00\" \/>\n<meta property=\"og:image\" content=\"https:\/\/chrisonsax.com\/wp-content\/uploads\/2025\/05\/time-orchestral-eb.png\" \/>\n\t<meta property=\"og:image:width\" content=\"1898\" \/>\n\t<meta property=\"og:image:height\" content=\"1448\" \/>\n\t<meta property=\"og:image:type\" content=\"image\/png\" \/>\n<meta name=\"twitter:card\" content=\"summary_large_image\" \/>\n<meta name=\"twitter:label1\" content=\"Dur\u00e9e de lecture estim\u00e9e\" \/>\n\t<meta name=\"twitter:data1\" content=\"1 minute\" \/>\n<script type=\"application\/ld+json\" class=\"yoast-schema-graph\">{\"@context\":\"https:\\\/\\\/schema.org\",\"@graph\":[{\"@type\":\"WebPage\",\"@id\":\"https:\\\/\\\/chrisonsax.com\\\/product\\\/jisheet-music-time-orchestral\\\/\",\"url\":\"https:\\\/\\\/chrisonsax.com\\\/product\\\/jisheet-music-time-orchestral\\\/\",\"name\":\"Jimmy Sax - Time (Orchestral Version) - Alto Sax Sheet Music\",\"isPartOf\":{\"@id\":\"https:\\\/\\\/chrisonsax.com\\\/#website\"},\"primaryImageOfPage\":{\"@id\":\"https:\\\/\\\/chrisonsax.com\\\/product\\\/jisheet-music-time-orchestral\\\/#primaryimage\"},\"image\":{\"@id\":\"https:\\\/\\\/chrisonsax.com\\\/product\\\/jisheet-music-time-orchestral\\\/#primaryimage\"},\"thumbnailUrl\":\"https:\\\/\\\/chrisonsax.com\\\/wp-content\\\/uploads\\\/2025\\\/05\\\/time-orchestral-eb.png\",\"datePublished\":\"2025-05-08T07:56:53+00:00\",\"dateModified\":\"2026-03-05T06:00:37+00:00\",\"description\":\"Download the exclusive Alto Sax transcription of Time (Orchestral Version) by Jimmy Sax. Perfect for personal practice. Instant PDF download.\",\"breadcrumb\":{\"@id\":\"https:\\\/\\\/chrisonsax.com\\\/product\\\/jisheet-music-time-orchestral\\\/#breadcrumb\"},\"inLanguage\":\"fr-FR\",\"potentialAction\":[{\"@type\":\"ReadAction\",\"target\":[\"https:\\\/\\\/chrisonsax.com\\\/product\\\/jisheet-music-time-orchestral\\\/\"]}]},{\"@type\":\"ImageObject\",\"inLanguage\":\"fr-FR\",\"@id\":\"https:\\\/\\\/chrisonsax.com\\\/product\\\/jisheet-music-time-orchestral\\\/#primaryimage\",\"url\":\"https:\\\/\\\/chrisonsax.com\\\/wp-content\\\/uploads\\\/2025\\\/05\\\/time-orchestral-eb.png\",\"contentUrl\":\"https:\\\/\\\/chrisonsax.com\\\/wp-content\\\/uploads\\\/2025\\\/05\\\/time-orchestral-eb.png\",\"width\":1898,\"height\":1448,\"caption\":\"time-orchestral-eb\"},{\"@type\":\"BreadcrumbList\",\"@id\":\"https:\\\/\\\/chrisonsax.com\\\/product\\\/jisheet-music-time-orchestral\\\/#breadcrumb\",\"itemListElement\":[{\"@type\":\"ListItem\",\"position\":1,\"name\":\"Animation cocktail\",\"item\":\"https:\\\/\\\/chrisonsax.com\\\/\"},{\"@type\":\"ListItem\",\"position\":2,\"name\":\"Shop\",\"item\":\"https:\\\/\\\/chrisonsax.com\\\/boutique\\\/\"},{\"@type\":\"ListItem\",\"position\":3,\"name\":\"Jimmy Sax &#8211; Time (Orchestral Version) &#8211; Alto Saxophone Sheet Music (PDF)\"}]},{\"@type\":\"WebSite\",\"@id\":\"https:\\\/\\\/chrisonsax.com\\\/#website\",\"url\":\"https:\\\/\\\/chrisonsax.com\\\/\",\"name\":\"Musicien saxophoniste\",\"description\":\"Cocktail sax Tel : +971 058 542 0635\",\"publisher\":{\"@id\":\"https:\\\/\\\/chrisonsax.com\\\/#organization\"},\"potentialAction\":[{\"@type\":\"SearchAction\",\"target\":{\"@type\":\"EntryPoint\",\"urlTemplate\":\"https:\\\/\\\/chrisonsax.com\\\/?s={search_term_string}\"},\"query-input\":{\"@type\":\"PropertyValueSpecification\",\"valueRequired\":true,\"valueName\":\"search_term_string\"}}],\"inLanguage\":\"fr-FR\"},{\"@type\":\"Organization\",\"@id\":\"https:\\\/\\\/chrisonsax.com\\\/#organization\",\"name\":\"Musicien saxophoniste\",\"url\":\"https:\\\/\\\/chrisonsax.com\\\/\",\"logo\":{\"@type\":\"ImageObject\",\"inLanguage\":\"fr-FR\",\"@id\":\"https:\\\/\\\/chrisonsax.com\\\/#\\\/schema\\\/logo\\\/image\\\/\",\"url\":\"https:\\\/\\\/chrisonsax.com\\\/wp-content\\\/uploads\\\/2021\\\/12\\\/cropped-WhatsApp-Image-2021-08-28-at-13.03.56-2-1-e1674942410642.jpeg\",\"contentUrl\":\"https:\\\/\\\/chrisonsax.com\\\/wp-content\\\/uploads\\\/2021\\\/12\\\/cropped-WhatsApp-Image-2021-08-28-at-13.03.56-2-1-e1674942410642.jpeg\",\"width\":300,\"height\":300,\"caption\":\"Musicien saxophoniste\"},\"image\":{\"@id\":\"https:\\\/\\\/chrisonsax.com\\\/#\\\/schema\\\/logo\\\/image\\\/\"},\"sameAs\":[\"https:\\\/\\\/www.facebook.com\\\/christopheonsax\",\"https:\\\/\\\/www.instagram.com\\\/chris_onsax\\\/\",\"https:\\\/\\\/www.youtube.com\\\/channel\\\/UCPht7xSeaLJ_4FUWV4bUOQg?view_as=subscriber\"]}]}<\/script>\n<!-- \/ Yoast SEO Premium plugin. -->","yoast_head_json":{"title":"Jimmy Sax \u2013 Time (Version Orchestrale) \u2013 Partition Saxophone Alto","description":"T\u00e9l\u00e9charge la transcription exclusive pour saxophone alto de Time (Version Orchestrale) par Jimmy Sax.\nParfaite pour la pratique personnelle.","robots":{"index":"index","follow":"follow","max-snippet":"max-snippet:-1","max-image-preview":"max-image-preview:large","max-video-preview":"max-video-preview:-1"},"canonical":"https:\/\/chrisonsax.com\/fr\/produit\/partition-time-orchestral\/","og_locale":"fr_FR","og_type":"article","og_title":"Jimmy Sax - Time (Orchestral Version) - Alto Saxophone Sheet Music (PDF)","og_description":"Download the exclusive Alto Sax transcription of Time (Orchestral Version) by Jimmy Sax. Perfect for personal practice. Instant PDF download.","og_url":"https:\/\/chrisonsax.com\/fr\/produit\/partition-time-orchestral\/","og_site_name":"Saxophonist","article_publisher":"https:\/\/www.facebook.com\/christopheonsax","article_modified_time":"2026-03-05T06:00:37+00:00","og_image":[{"width":1898,"height":1448,"url":"https:\/\/chrisonsax.com\/wp-content\/uploads\/2025\/05\/time-orchestral-eb.png","type":"image\/png"}],"twitter_card":"summary_large_image","twitter_misc":{"Dur\u00e9e de lecture estim\u00e9e":"1 minute"},"schema":{"@context":"https:\/\/schema.org","@graph":[{"@type":"WebPage","@id":"https:\/\/chrisonsax.com\/product\/jisheet-music-time-orchestral\/","url":"https:\/\/chrisonsax.com\/product\/jisheet-music-time-orchestral\/","name":"Jimmy Sax \u2013 Time (Version Orchestrale) \u2013 Partition Saxophone Alto","isPartOf":{"@id":"https:\/\/chrisonsax.com\/#website"},"primaryImageOfPage":{"@id":"https:\/\/chrisonsax.com\/product\/jisheet-music-time-orchestral\/#primaryimage"},"image":{"@id":"https:\/\/chrisonsax.com\/product\/jisheet-music-time-orchestral\/#primaryimage"},"thumbnailUrl":"https:\/\/chrisonsax.com\/wp-content\/uploads\/2025\/05\/time-orchestral-eb.png","datePublished":"2025-05-08T07:56:53+00:00","dateModified":"2026-03-05T06:00:37+00:00","description":"T\u00e9l\u00e9charge la transcription exclusive pour saxophone alto de Time (Version Orchestrale) par Jimmy Sax.\nParfaite pour la pratique personnelle.","breadcrumb":{"@id":"https:\/\/chrisonsax.com\/product\/jisheet-music-time-orchestral\/#breadcrumb"},"inLanguage":"fr-FR","potentialAction":[{"@type":"ReadAction","target":["https:\/\/chrisonsax.com\/product\/jisheet-music-time-orchestral\/"]}]},{"@type":"ImageObject","inLanguage":"fr-FR","@id":"https:\/\/chrisonsax.com\/product\/jisheet-music-time-orchestral\/#primaryimage","url":"https:\/\/chrisonsax.com\/wp-content\/uploads\/2025\/05\/time-orchestral-eb.png","contentUrl":"https:\/\/chrisonsax.com\/wp-content\/uploads\/2025\/05\/time-orchestral-eb.png","width":1898,"height":1448,"caption":"time-orchestral-eb"},{"@type":"BreadcrumbList","@id":"https:\/\/chrisonsax.com\/product\/jisheet-music-time-orchestral\/#breadcrumb","itemListElement":[{"@type":"ListItem","position":1,"name":"Animation cocktail","item":"https:\/\/chrisonsax.com\/"},{"@type":"ListItem","position":2,"name":"Shop","item":"https:\/\/chrisonsax.com\/boutique\/"},{"@type":"ListItem","position":3,"name":"Jimmy Sax &#8211; Time (Orchestral Version) &#8211; Alto Saxophone Sheet Music (PDF)"}]},{"@type":"WebSite","@id":"https:\/\/chrisonsax.com\/#website","url":"https:\/\/chrisonsax.com\/","name":"Musicien saxophoniste","description":"Cocktail sax Tel : +971 058 542 0635","publisher":{"@id":"https:\/\/chrisonsax.com\/#organization"},"potentialAction":[{"@type":"SearchAction","target":{"@type":"EntryPoint","urlTemplate":"https:\/\/chrisonsax.com\/?s={search_term_string}"},"query-input":{"@type":"PropertyValueSpecification","valueRequired":true,"valueName":"search_term_string"}}],"inLanguage":"fr-FR"},{"@type":"Organization","@id":"https:\/\/chrisonsax.com\/#organization","name":"Musicien saxophoniste","url":"https:\/\/chrisonsax.com\/","logo":{"@type":"ImageObject","inLanguage":"fr-FR","@id":"https:\/\/chrisonsax.com\/#\/schema\/logo\/image\/","url":"https:\/\/chrisonsax.com\/wp-content\/uploads\/2021\/12\/cropped-WhatsApp-Image-2021-08-28-at-13.03.56-2-1-e1674942410642.jpeg","contentUrl":"https:\/\/chrisonsax.com\/wp-content\/uploads\/2021\/12\/cropped-WhatsApp-Image-2021-08-28-at-13.03.56-2-1-e1674942410642.jpeg","width":300,"height":300,"caption":"Musicien saxophoniste"},"image":{"@id":"https:\/\/chrisonsax.com\/#\/schema\/logo\/image\/"},"sameAs":["https:\/\/www.facebook.com\/christopheonsax","https:\/\/www.instagram.com\/chris_onsax\/","https:\/\/www.youtube.com\/channel\/UCPht7xSeaLJ_4FUWV4bUOQg?view_as=subscriber"]}]}},"_links":{"self":[{"href":"https:\/\/chrisonsax.com\/fr\/wp-json\/wp\/v2\/product\/9561","targetHints":{"allow":["GET"]}}],"collection":[{"href":"https:\/\/chrisonsax.com\/fr\/wp-json\/wp\/v2\/product"}],"about":[{"href":"https:\/\/chrisonsax.com\/fr\/wp-json\/wp\/v2\/types\/product"}],"replies":[{"embeddable":true,"href":"https:\/\/chrisonsax.com\/fr\/wp-json\/wp\/v2\/comments?post=9561"}],"wp:featuredmedia":[{"embeddable":true,"href":"https:\/\/chrisonsax.com\/fr\/wp-json\/wp\/v2\/media\/9563"}],"wp:attachment":[{"href":"https:\/\/chrisonsax.com\/fr\/wp-json\/wp\/v2\/media?parent=9561"}],"wp:term":[{"taxonomy":"product_brand","embeddable":true,"href":"https:\/\/chrisonsax.com\/fr\/wp-json\/wp\/v2\/product_brand?post=9561"},{"taxonomy":"product_cat","embeddable":true,"href":"https:\/\/chrisonsax.com\/fr\/wp-json\/wp\/v2\/product_cat?post=9561"},{"taxonomy":"product_tag","embeddable":true,"href":"https:\/\/chrisonsax.com\/fr\/wp-json\/wp\/v2\/product_tag?post=9561"}],"curies":[{"name":"wp","href":"https:\/\/api.w.org\/{rel}","templated":true}]}}