{"id":9543,"date":"2025-05-07T11:21:00","date_gmt":"2025-05-07T11:21:00","guid":{"rendered":"https:\/\/chrisonsax.com\/?post_type=product&#038;p=9543"},"modified":"2026-03-05T06:00:47","modified_gmt":"2026-03-05T06:00:47","slug":"to-the-star-jimmy-sax-transcription-eb","status":"publish","type":"product","link":"https:\/\/chrisonsax.com\/fr\/produit\/to-the-star-jimmy-sax-transcription-eb\/","title":{"rendered":"To The Star \u2013 Transcription pour saxophone en Mib (version Jimmy Sax)"},"content":{"rendered":"<h1 data-start=\"864\" data-end=\"893\">To The Star \u2013 Transcription pour saxophone en Mib (version Jimmy Sax)<\/h1>\n<h4 data-start=\"864\" data-end=\"893\">\u00c0 propos de cette transcription<\/h4>\n<p data-start=\"894\" data-end=\"1106\">To The Star\" de Jimmy Sax est une pi\u00e8ce pour saxophone inspirante et \u00e9motive, m\u00ealant lignes m\u00e9lodiques et \u00e9nergie puissante \u2014 un ajout parfait \u00e0 votre r\u00e9pertoire pour les mariages, les cocktails ou les collaborations avec des DJ.<\/p>\n<p data-start=\"1108\" data-end=\"1369\">Cette transcription exclusive a \u00e9t\u00e9 minutieusement r\u00e9alis\u00e9e \u00e0 l\u2019oreille afin de capturer chaque nuance et dynamique de l\u2019interpr\u00e9tation originale.<br data-start=\"1230\" data-end=\"1233\" \/>Que vous souhaitiez l'interpr\u00e9ter en direct, \u00e9tudier le phras\u00e9 ou simplement jouer, cette partition vous guidera tout au long du morceau.<\/p>\n<h4 data-start=\"1371\" data-end=\"1392\">Inclus<\/h4>\n<ul data-start=\"1393\" data-end=\"1566\">\n<li data-start=\"1393\" data-end=\"1435\">\n<p data-start=\"1395\" data-end=\"1435\">Transcription compl\u00e8te pour saxophone alto (.pdf)<\/p>\n<\/li>\n<li data-start=\"1436\" data-end=\"1491\">\n<p data-start=\"1438\" data-end=\"1491\">Notation pr\u00e9cise de la m\u00e9lodie, du phras\u00e9 et de la dynamique<\/p>\n<\/li>\n<li data-start=\"1492\" data-end=\"1527\">\n<p data-start=\"1494\" data-end=\"1527\">T\u00e9l\u00e9chargement Instantan\u00e9<\/p>\n<\/li>\n<li data-start=\"1528\" data-end=\"1566\">\n<p data-start=\"1530\" data-end=\"1566\">Pratique et accessible : imprimez la partition ou consultez-la instantan\u00e9ment sur votre ordinateur, tablette ou smartphone \u2014 jouez partout, \u00e0 tout moment !<\/p>\n<\/li>\n<\/ul>\n<p data-start=\"1568\" data-end=\"1709\"><strong data-start=\"1568\" data-end=\"1582\">Important :<\/strong> Transcription non officielle cr\u00e9\u00e9e exclusivement pour un usage \u00e9ducatif. Cette partition n\u2019est ni affili\u00e9e ni approuv\u00e9e par Jimmy Sax.<\/p>\n<hr class=\"\" data-start=\"1711\" data-end=\"1714\" \/>\n<h3 data-start=\"1716\" data-end=\"1736\">\u2b50 <strong data-start=\"1722\" data-end=\"1736\">Id\u00e9al pour :<\/strong><\/h3>\n<ul data-start=\"1737\" data-end=\"1900\">\n<li data-start=\"1737\" data-end=\"1785\">\n<p data-start=\"1739\" data-end=\"1785\">Les saxophonistes qui aiment le style de Jimmy Sax<\/p>\n<\/li>\n<li data-start=\"1786\" data-end=\"1841\">\n<p data-start=\"1788\" data-end=\"1841\">Les musiciens jouant lors de mariages, de sets avec DJ et d'\u00e9v\u00e9nements priv\u00e9s.<\/p>\n<\/li>\n<li data-start=\"1842\" data-end=\"1900\">\n<p data-start=\"1844\" data-end=\"1900\">Les \u00e9tudiants et les professionnels \u00e0 la recherche de partitions exclusives.<\/p>\n<\/li>\n<\/ul>\n<h3 data-start=\"1907\" data-end=\"1934\">\ud83d\udce6 <strong data-start=\"1914\" data-end=\"1934\">Livraison instantan\u00e9e<\/strong><\/h3>\n<p data-start=\"1935\" data-end=\"2067\">Une fois votre achat effectu\u00e9, la partition en PDF sera disponible en t\u00e9l\u00e9chargement imm\u00e9diat afin que vous puissiez commencer \u00e0 jouer sans attendre.<\/p>","protected":false},"excerpt":{"rendered":"<h1>To The Star \u2013 Transcription pour saxophone en Mib (version Jimmy Sax)<\/h1>\n<p>Apprenez \u00e0 jouer \"To The Star\" de Jimmy Sax gr\u00e2ce \u00e0 cette transcription exclusive pour saxophone.<br data-start=\"554\" data-end=\"557\" \/>Plongez au c\u0153ur de l'\u00e9nergie de Jimmy Sax ! Cette partition, minutieusement retranscrite \u00e0 l'oreille, restitue fid\u00e8lement toute la dynamique et l\u2019\u00e9motion de sa performance.<br data-start=\"681\" data-end=\"684\" \/>Parfait pour les performances live, les sets avec DJ ou la pratique personnelle.<br data-start=\"745\" data-end=\"748\" \/>Disponible en t\u00e9l\u00e9chargement instantan\u00e9 au format PDF.<\/p>","protected":false},"featured_media":9544,"comment_status":"closed","ping_status":"closed","template":"","meta":{"pmpro_default_level":"","_kad_post_transparent":"default","_kad_post_title":"","_kad_post_layout":"default","_kad_post_sidebar_id":"","_kad_post_content_style":"default","_kad_post_vertical_padding":"default","_kad_post_feature":"","_kad_post_feature_position":"","_kad_post_header":false,"_kad_post_footer":false,"_kad_post_classname":""},"product_brand":[],"product_cat":[109,117,87],"product_tag":[],"class_list":{"0":"post-9543","1":"product","2":"type-product","3":"status-publish","4":"has-post-thumbnail","6":"product_cat-jimmy-sax","7":"product_cat-alto-saxophone","8":"product_cat-sheets-music","9":"pmpro-has-access","11":"first","12":"instock","13":"downloadable","14":"shipping-taxable","15":"purchasable","16":"product-type-simple","17":"entry","18":"content-bg","19":"loop-entry"},"yoast_head":"<!-- This site is optimized with the Yoast SEO Premium plugin v27.0 (Yoast SEO v27.4) - https:\/\/yoast.com\/product\/yoast-seo-premium-wordpress\/ -->\n<title>To The Star-Jimmy Sax- Sheet Music PDF Download Transcription<\/title>\n<meta name=\"description\" content=\"Download &quot;To The Star&quot; by Jimmy Sax saxophone sheet music (Alto Sax PDF). Exclusive transcription available instantly \u2014\" \/>\n<meta name=\"robots\" content=\"index, follow, max-snippet:-1, max-image-preview:large, max-video-preview:-1\" \/>\n<link rel=\"canonical\" href=\"https:\/\/chrisonsax.com\/fr\/produit\/to-the-star-jimmy-sax-transcription-eb\/\" \/>\n<meta property=\"og:locale\" content=\"fr_FR\" \/>\n<meta property=\"og:type\" content=\"article\" \/>\n<meta property=\"og:title\" content=\"To The Star ( Jimmy Sax Transcription Eb )\" \/>\n<meta property=\"og:description\" content=\"Download &quot;To The Star&quot; by Jimmy Sax saxophone sheet music (Alto Sax PDF). Exclusive transcription available instantly \u2014\" \/>\n<meta property=\"og:url\" content=\"https:\/\/chrisonsax.com\/fr\/produit\/to-the-star-jimmy-sax-transcription-eb\/\" \/>\n<meta property=\"og:site_name\" content=\"Saxophonist\" \/>\n<meta property=\"article:publisher\" content=\"https:\/\/www.facebook.com\/christopheonsax\" \/>\n<meta property=\"article:modified_time\" content=\"2026-03-05T06:00:47+00:00\" \/>\n<meta property=\"og:image\" content=\"https:\/\/chrisonsax.com\/wp-content\/uploads\/2025\/05\/to-the-star.png\" \/>\n\t<meta property=\"og:image:width\" content=\"1986\" \/>\n\t<meta property=\"og:image:height\" content=\"1392\" \/>\n\t<meta property=\"og:image:type\" content=\"image\/png\" \/>\n<meta name=\"twitter:card\" content=\"summary_large_image\" \/>\n<meta name=\"twitter:label1\" content=\"Dur\u00e9e de lecture estim\u00e9e\" \/>\n\t<meta name=\"twitter:data1\" content=\"1 minute\" \/>\n<script type=\"application\/ld+json\" class=\"yoast-schema-graph\">{\"@context\":\"https:\\\/\\\/schema.org\",\"@graph\":[{\"@type\":\"WebPage\",\"@id\":\"https:\\\/\\\/chrisonsax.com\\\/product\\\/to-the-star-jimmy-sax-transcription-eb\\\/\",\"url\":\"https:\\\/\\\/chrisonsax.com\\\/product\\\/to-the-star-jimmy-sax-transcription-eb\\\/\",\"name\":\"To The Star-Jimmy Sax- Sheet Music PDF Download Transcription\",\"isPartOf\":{\"@id\":\"https:\\\/\\\/chrisonsax.com\\\/#website\"},\"primaryImageOfPage\":{\"@id\":\"https:\\\/\\\/chrisonsax.com\\\/product\\\/to-the-star-jimmy-sax-transcription-eb\\\/#primaryimage\"},\"image\":{\"@id\":\"https:\\\/\\\/chrisonsax.com\\\/product\\\/to-the-star-jimmy-sax-transcription-eb\\\/#primaryimage\"},\"thumbnailUrl\":\"https:\\\/\\\/chrisonsax.com\\\/wp-content\\\/uploads\\\/2025\\\/05\\\/to-the-star.png\",\"datePublished\":\"2025-05-07T11:21:00+00:00\",\"dateModified\":\"2026-03-05T06:00:47+00:00\",\"description\":\"Download \\\"To The Star\\\" by Jimmy Sax saxophone sheet music (Alto Sax PDF). Exclusive transcription available instantly \u2014\",\"breadcrumb\":{\"@id\":\"https:\\\/\\\/chrisonsax.com\\\/product\\\/to-the-star-jimmy-sax-transcription-eb\\\/#breadcrumb\"},\"inLanguage\":\"fr-FR\",\"potentialAction\":[{\"@type\":\"ReadAction\",\"target\":[\"https:\\\/\\\/chrisonsax.com\\\/product\\\/to-the-star-jimmy-sax-transcription-eb\\\/\"]}]},{\"@type\":\"ImageObject\",\"inLanguage\":\"fr-FR\",\"@id\":\"https:\\\/\\\/chrisonsax.com\\\/product\\\/to-the-star-jimmy-sax-transcription-eb\\\/#primaryimage\",\"url\":\"https:\\\/\\\/chrisonsax.com\\\/wp-content\\\/uploads\\\/2025\\\/05\\\/to-the-star.png\",\"contentUrl\":\"https:\\\/\\\/chrisonsax.com\\\/wp-content\\\/uploads\\\/2025\\\/05\\\/to-the-star.png\",\"width\":1986,\"height\":1392,\"caption\":\"To-the-star\"},{\"@type\":\"BreadcrumbList\",\"@id\":\"https:\\\/\\\/chrisonsax.com\\\/product\\\/to-the-star-jimmy-sax-transcription-eb\\\/#breadcrumb\",\"itemListElement\":[{\"@type\":\"ListItem\",\"position\":1,\"name\":\"Animation cocktail\",\"item\":\"https:\\\/\\\/chrisonsax.com\\\/\"},{\"@type\":\"ListItem\",\"position\":2,\"name\":\"Shop\",\"item\":\"https:\\\/\\\/chrisonsax.com\\\/boutique\\\/\"},{\"@type\":\"ListItem\",\"position\":3,\"name\":\"To The Star ( Jimmy Sax Transcription Eb )\"}]},{\"@type\":\"WebSite\",\"@id\":\"https:\\\/\\\/chrisonsax.com\\\/#website\",\"url\":\"https:\\\/\\\/chrisonsax.com\\\/\",\"name\":\"Musicien saxophoniste\",\"description\":\"Cocktail sax Tel : +971 058 542 0635\",\"publisher\":{\"@id\":\"https:\\\/\\\/chrisonsax.com\\\/#organization\"},\"potentialAction\":[{\"@type\":\"SearchAction\",\"target\":{\"@type\":\"EntryPoint\",\"urlTemplate\":\"https:\\\/\\\/chrisonsax.com\\\/?s={search_term_string}\"},\"query-input\":{\"@type\":\"PropertyValueSpecification\",\"valueRequired\":true,\"valueName\":\"search_term_string\"}}],\"inLanguage\":\"fr-FR\"},{\"@type\":\"Organization\",\"@id\":\"https:\\\/\\\/chrisonsax.com\\\/#organization\",\"name\":\"Musicien saxophoniste\",\"url\":\"https:\\\/\\\/chrisonsax.com\\\/\",\"logo\":{\"@type\":\"ImageObject\",\"inLanguage\":\"fr-FR\",\"@id\":\"https:\\\/\\\/chrisonsax.com\\\/#\\\/schema\\\/logo\\\/image\\\/\",\"url\":\"https:\\\/\\\/chrisonsax.com\\\/wp-content\\\/uploads\\\/2021\\\/12\\\/cropped-WhatsApp-Image-2021-08-28-at-13.03.56-2-1-e1674942410642.jpeg\",\"contentUrl\":\"https:\\\/\\\/chrisonsax.com\\\/wp-content\\\/uploads\\\/2021\\\/12\\\/cropped-WhatsApp-Image-2021-08-28-at-13.03.56-2-1-e1674942410642.jpeg\",\"width\":300,\"height\":300,\"caption\":\"Musicien saxophoniste\"},\"image\":{\"@id\":\"https:\\\/\\\/chrisonsax.com\\\/#\\\/schema\\\/logo\\\/image\\\/\"},\"sameAs\":[\"https:\\\/\\\/www.facebook.com\\\/christopheonsax\",\"https:\\\/\\\/www.instagram.com\\\/chris_onsax\\\/\",\"https:\\\/\\\/www.youtube.com\\\/channel\\\/UCPht7xSeaLJ_4FUWV4bUOQg?view_as=subscriber\"]}]}<\/script>\n<!-- \/ Yoast SEO Premium plugin. -->","yoast_head_json":{"title":"To The Star \u2013 Jimmy Sax \u2013 Partition Saxophone PDF","description":"T\u00e9l\u00e9charge la partition de \u201cTo The Star\u201d par Jimmy Sax pour saxophone (Sax Alto en PDF).\nTranscription exclusive disponible imm\u00e9diatement.","robots":{"index":"index","follow":"follow","max-snippet":"max-snippet:-1","max-image-preview":"max-image-preview:large","max-video-preview":"max-video-preview:-1"},"canonical":"https:\/\/chrisonsax.com\/fr\/produit\/to-the-star-jimmy-sax-transcription-eb\/","og_locale":"fr_FR","og_type":"article","og_title":"To The Star ( Jimmy Sax Transcription Eb )","og_description":"Download \"To The Star\" by Jimmy Sax saxophone sheet music (Alto Sax PDF). Exclusive transcription available instantly \u2014","og_url":"https:\/\/chrisonsax.com\/fr\/produit\/to-the-star-jimmy-sax-transcription-eb\/","og_site_name":"Saxophonist","article_publisher":"https:\/\/www.facebook.com\/christopheonsax","article_modified_time":"2026-03-05T06:00:47+00:00","og_image":[{"width":1986,"height":1392,"url":"https:\/\/chrisonsax.com\/wp-content\/uploads\/2025\/05\/to-the-star.png","type":"image\/png"}],"twitter_card":"summary_large_image","twitter_misc":{"Dur\u00e9e de lecture estim\u00e9e":"1 minute"},"schema":{"@context":"https:\/\/schema.org","@graph":[{"@type":"WebPage","@id":"https:\/\/chrisonsax.com\/product\/to-the-star-jimmy-sax-transcription-eb\/","url":"https:\/\/chrisonsax.com\/product\/to-the-star-jimmy-sax-transcription-eb\/","name":"To The Star \u2013 Jimmy Sax \u2013 Partition Saxophone PDF","isPartOf":{"@id":"https:\/\/chrisonsax.com\/#website"},"primaryImageOfPage":{"@id":"https:\/\/chrisonsax.com\/product\/to-the-star-jimmy-sax-transcription-eb\/#primaryimage"},"image":{"@id":"https:\/\/chrisonsax.com\/product\/to-the-star-jimmy-sax-transcription-eb\/#primaryimage"},"thumbnailUrl":"https:\/\/chrisonsax.com\/wp-content\/uploads\/2025\/05\/to-the-star.png","datePublished":"2025-05-07T11:21:00+00:00","dateModified":"2026-03-05T06:00:47+00:00","description":"T\u00e9l\u00e9charge la partition de \u201cTo The Star\u201d par Jimmy Sax pour saxophone (Sax Alto en PDF).\nTranscription exclusive disponible imm\u00e9diatement.","breadcrumb":{"@id":"https:\/\/chrisonsax.com\/product\/to-the-star-jimmy-sax-transcription-eb\/#breadcrumb"},"inLanguage":"fr-FR","potentialAction":[{"@type":"ReadAction","target":["https:\/\/chrisonsax.com\/product\/to-the-star-jimmy-sax-transcription-eb\/"]}]},{"@type":"ImageObject","inLanguage":"fr-FR","@id":"https:\/\/chrisonsax.com\/product\/to-the-star-jimmy-sax-transcription-eb\/#primaryimage","url":"https:\/\/chrisonsax.com\/wp-content\/uploads\/2025\/05\/to-the-star.png","contentUrl":"https:\/\/chrisonsax.com\/wp-content\/uploads\/2025\/05\/to-the-star.png","width":1986,"height":1392,"caption":"To-the-star"},{"@type":"BreadcrumbList","@id":"https:\/\/chrisonsax.com\/product\/to-the-star-jimmy-sax-transcription-eb\/#breadcrumb","itemListElement":[{"@type":"ListItem","position":1,"name":"Animation cocktail","item":"https:\/\/chrisonsax.com\/"},{"@type":"ListItem","position":2,"name":"Shop","item":"https:\/\/chrisonsax.com\/boutique\/"},{"@type":"ListItem","position":3,"name":"To The Star ( Jimmy Sax Transcription Eb )"}]},{"@type":"WebSite","@id":"https:\/\/chrisonsax.com\/#website","url":"https:\/\/chrisonsax.com\/","name":"Musicien saxophoniste","description":"Cocktail sax Tel : +971 058 542 0635","publisher":{"@id":"https:\/\/chrisonsax.com\/#organization"},"potentialAction":[{"@type":"SearchAction","target":{"@type":"EntryPoint","urlTemplate":"https:\/\/chrisonsax.com\/?s={search_term_string}"},"query-input":{"@type":"PropertyValueSpecification","valueRequired":true,"valueName":"search_term_string"}}],"inLanguage":"fr-FR"},{"@type":"Organization","@id":"https:\/\/chrisonsax.com\/#organization","name":"Musicien saxophoniste","url":"https:\/\/chrisonsax.com\/","logo":{"@type":"ImageObject","inLanguage":"fr-FR","@id":"https:\/\/chrisonsax.com\/#\/schema\/logo\/image\/","url":"https:\/\/chrisonsax.com\/wp-content\/uploads\/2021\/12\/cropped-WhatsApp-Image-2021-08-28-at-13.03.56-2-1-e1674942410642.jpeg","contentUrl":"https:\/\/chrisonsax.com\/wp-content\/uploads\/2021\/12\/cropped-WhatsApp-Image-2021-08-28-at-13.03.56-2-1-e1674942410642.jpeg","width":300,"height":300,"caption":"Musicien saxophoniste"},"image":{"@id":"https:\/\/chrisonsax.com\/#\/schema\/logo\/image\/"},"sameAs":["https:\/\/www.facebook.com\/christopheonsax","https:\/\/www.instagram.com\/chris_onsax\/","https:\/\/www.youtube.com\/channel\/UCPht7xSeaLJ_4FUWV4bUOQg?view_as=subscriber"]}]}},"_links":{"self":[{"href":"https:\/\/chrisonsax.com\/fr\/wp-json\/wp\/v2\/product\/9543","targetHints":{"allow":["GET"]}}],"collection":[{"href":"https:\/\/chrisonsax.com\/fr\/wp-json\/wp\/v2\/product"}],"about":[{"href":"https:\/\/chrisonsax.com\/fr\/wp-json\/wp\/v2\/types\/product"}],"replies":[{"embeddable":true,"href":"https:\/\/chrisonsax.com\/fr\/wp-json\/wp\/v2\/comments?post=9543"}],"wp:featuredmedia":[{"embeddable":true,"href":"https:\/\/chrisonsax.com\/fr\/wp-json\/wp\/v2\/media\/9544"}],"wp:attachment":[{"href":"https:\/\/chrisonsax.com\/fr\/wp-json\/wp\/v2\/media?parent=9543"}],"wp:term":[{"taxonomy":"product_brand","embeddable":true,"href":"https:\/\/chrisonsax.com\/fr\/wp-json\/wp\/v2\/product_brand?post=9543"},{"taxonomy":"product_cat","embeddable":true,"href":"https:\/\/chrisonsax.com\/fr\/wp-json\/wp\/v2\/product_cat?post=9543"},{"taxonomy":"product_tag","embeddable":true,"href":"https:\/\/chrisonsax.com\/fr\/wp-json\/wp\/v2\/product_tag?post=9543"}],"curies":[{"name":"wp","href":"https:\/\/api.w.org\/{rel}","templated":true}]}}