{"id":9453,"date":"2025-05-03T11:19:05","date_gmt":"2025-05-03T11:19:05","guid":{"rendered":"https:\/\/chrisonsax.com\/?post_type=product&#038;p=9453"},"modified":"2026-03-05T12:22:44","modified_gmt":"2026-03-05T12:22:44","slug":"miracle-backing-track-without-sax-sax-midi-guide-version","status":"publish","type":"product","link":"https:\/\/chrisonsax.com\/fr\/produit\/miracle-backing-track-without-sax-sax-midi-guide-version\/","title":{"rendered":"Miracle - Jimmy Sax Backing Track | Sans Sax + MIDI Guide"},"content":{"rendered":"<h1>\ud83c\udfb7 <strong data-start=\"213\" data-end=\"291\">Miracle - Jimmy Sax Backing Track | Sans Sax + MIDI Guide<\/strong><\/h1>\n<p data-start=\"293\" data-end=\"456\"><strong data-start=\"293\" data-end=\"317\">Description du produit<\/strong><br data-start=\"317\" data-end=\"320\" \/>Apportez la puissance et l\u2019\u00e9motion du son de\u2026 <strong data-start=\"362\" data-end=\"373\">Miracle<\/strong> de Jimmy Sax \u00e0 vos propres performances gr\u00e2ce \u00e0 ce pack exclusif de backing tracks.<\/p>\n<p data-start=\"458\" data-end=\"625\">Soigneusement produit pour recr\u00e9er l\u2019ambiance originale, ce produit comprend : <strong data-start=\"530\" data-end=\"546\">Deux versions<\/strong> pour s\u2019adapter \u00e0 vos besoins, que vous soyez en train de vous entra\u00eener ou de pr\u00e9parer un concert :<\/p>\n<p data-start=\"627\" data-end=\"814\">\ud83c\udfa7 <strong data-start=\"630\" data-end=\"643\">Version 1<\/strong> \u2014 Backing Track Sans Saxophone<br data-start=\"677\" data-end=\"680\" \/>Parfait pour les prestations live, les enregistrements ou les sessions de pratique.\nJouez librement et cr\u00e9ez votre propre interpr\u00e9tation de ce morceau embl\u00e9matique.<\/p>\n<p data-start=\"816\" data-end=\"1026\">\ud83c\udfb7 <strong data-start=\"819\" data-end=\"832\">Version 2<\/strong> \u2014 Backing Track avec guide saxophone MIDI<br data-start=\"874\" data-end=\"877\" \/>Cette version inclut une ligne de saxophone en MIDI pour vous aider \u00e0 suivre la m\u00e9lodie et le phras\u00e9.\nId\u00e9ale pour apprendre et travailler le morceau en toute confiance.<\/p>\n<p data-start=\"1028\" data-end=\"1096\"><strong data-start=\"1028\" data-end=\"1048\">Inclus<\/strong><br data-start=\"1048\" data-end=\"1051\" \/>\u2705 2 fichiers audio de haute qualit\u00e9 (.WAV ou .MP3)<\/p>\n<ul data-start=\"1097\" data-end=\"1260\">\n<li data-start=\"1097\" data-end=\"1126\">\n<p data-start=\"1099\" data-end=\"1126\">Backing track sans sax<\/p>\n<\/li>\n<li data-start=\"1127\" data-end=\"1260\">\n<p data-start=\"1129\" data-end=\"1260\">\u2014 Backing Track avec guide saxophone MIDI<br data-start=\"1168\" data-end=\"1171\" \/>T\u00e9l\u00e9chargement Instantan\u00e9<br data-start=\"1204\" data-end=\"1207\" \/>Parfaite pour s\u2019entra\u00eener et enrichir son jeu au quotidien \u2014 con\u00e7ue pour un usage personnel.<\/p>\n<\/li>\n<\/ul>\n<p data-start=\"1262\" data-end=\"1432\"><strong data-start=\"1262\" data-end=\"1283\">Note Importante :<\/strong><br data-start=\"1283\" data-end=\"1286\" \/>Ce backing track est destin\u00e9 \u00e0 <strong data-start=\"1321\" data-end=\"1358\">un usage \u00e9ducatif et personnel uniquement<\/strong>interdiction stricte de redistribuer, revendre ou utiliser commercialement ce produit en public.<\/p>\n<hr class=\"\" data-start=\"1434\" data-end=\"1437\" \/>\n<p data-start=\"1439\" data-end=\"1568\"><strong data-start=\"1439\" data-end=\"1565\">Lib\u00e9rez votre potentiel et ressentez le frisson de jouer \u201cMiracle\u201d comme Jimmy Sax.<br data-start=\"1523\" data-end=\"1526\" \/>T\u00e9l\u00e9chargez d\u00e8s maintenant et commencez \u00e0 jouer d\u00e8s aujourd\u2019hui !<\/strong> \ud83c\udfb6<\/p>","protected":false},"excerpt":{"rendered":"<h1>\ud83c\udfb7 <strong data-start=\"213\" data-end=\"291\">Miracle - Jimmy Sax Backing Track | Sans Sax + MIDI Guide<\/strong><\/h1>\n<p><audio class=\"wp-audio-shortcode\" id=\"audio-9453-1\" preload=\"none\" style=\"width: 100%;\" controls=\"controls\"><source type=\"audio\/mpeg\" src=\"https:\/\/chrisonsax.com\/wp-content\/uploads\/2025\/05\/Extrait-Miracle-1.mp3?_=1\" \/><a href=\"https:\/\/chrisonsax.com\/wp-content\/uploads\/2025\/05\/Extrait-Miracle-1.mp3\">https:\/\/chrisonsax.com\/wp-content\/uploads\/2025\/05\/Extrait-Miracle-1.mp3<\/a><\/audio><\/p>\n<p class=\"\" data-start=\"293\" data-end=\"456\"><strong data-start=\"293\" data-end=\"317\">Description du produit<\/strong><br data-start=\"317\" data-end=\"320\" \/>Apportez la puissance et l\u2019\u00e9motion du son de\u2026 <strong data-start=\"362\" data-end=\"373\">Miracle<\/strong> de Jimmy Sax \u00e0 vos propres performances gr\u00e2ce \u00e0 ce pack exclusif de backing tracks.<\/p>\n<p class=\"\" data-start=\"458\" data-end=\"625\">Soigneusement produit pour recr\u00e9er l\u2019ambiance originale, ce produit comprend : <strong data-start=\"530\" data-end=\"546\">Deux versions<\/strong> pour s\u2019adapter \u00e0 vos besoins, que vous soyez en train de vous entra\u00eener ou de pr\u00e9parer un concert :<\/p>\n<p class=\"\" data-start=\"627\" data-end=\"814\">\ud83c\udfa7 <strong data-start=\"630\" data-end=\"643\">Version 1<\/strong> \u2014 Backing Track Sans Saxophone<br data-start=\"677\" data-end=\"680\" \/>Parfait pour les prestations live, les enregistrements ou les sessions de pratique.\nJouez librement et cr\u00e9ez votre propre interpr\u00e9tation de ce morceau embl\u00e9matique.<\/p>\n<p class=\"\" data-start=\"816\" data-end=\"1026\">\ud83c\udfb7 <strong data-start=\"819\" data-end=\"832\">Version 2<\/strong> \u2014 Backing Track avec guide saxophone MIDI<br data-start=\"874\" data-end=\"877\" \/>Cette version inclut une ligne de saxophone en MIDI pour vous aider \u00e0 suivre la m\u00e9lodie et le phras\u00e9.\nId\u00e9ale pour apprendre et travailler le morceau en toute confiance.<\/p>\n<p class=\"\" data-start=\"1028\" data-end=\"1096\"><strong data-start=\"1028\" data-end=\"1048\">Inclus<\/strong><br data-start=\"1048\" data-end=\"1051\" \/>\u2705 2 fichiers audio de haute qualit\u00e9 (.WAV ou .MP3)<\/p>\n<ul data-start=\"1097\" data-end=\"1260\">\n<li class=\"\" data-start=\"1097\" data-end=\"1126\">\n<p class=\"\" data-start=\"1099\" data-end=\"1126\">Backing track sans sax<\/p>\n<\/li>\n<li class=\"\" data-start=\"1127\" data-end=\"1260\">\n<p class=\"\" data-start=\"1129\" data-end=\"1260\">\u2014 Backing Track avec guide saxophone MIDI<br data-start=\"1168\" data-end=\"1171\" \/>T\u00e9l\u00e9chargement Instantan\u00e9<br data-start=\"1204\" data-end=\"1207\" \/>Parfaite pour s\u2019entra\u00eener et enrichir son jeu au quotidien \u2014 con\u00e7ue pour un usage personnel.<\/p>\n<\/li>\n<\/ul>\n<p class=\"\" data-start=\"1262\" data-end=\"1432\"><strong data-start=\"1262\" data-end=\"1283\">Note Importante :<\/strong><br data-start=\"1283\" data-end=\"1286\" \/>Ce backing track est destin\u00e9 \u00e0 <strong data-start=\"1321\" data-end=\"1358\">un usage \u00e9ducatif et personnel uniquement<\/strong>interdiction stricte de redistribuer, revendre ou utiliser commercialement ce produit en public.<\/p>\n<hr class=\"\" data-start=\"1434\" data-end=\"1437\" \/>\n<p class=\"\" data-start=\"1439\" data-end=\"1568\"><strong data-start=\"1439\" data-end=\"1565\">Lib\u00e9rez votre potentiel et ressentez le frisson de jouer \u201cMiracle\u201d comme Jimmy Sax.<br data-start=\"1523\" data-end=\"1526\" \/>T\u00e9l\u00e9chargez d\u00e8s maintenant et commencez \u00e0 jouer d\u00e8s aujourd\u2019hui !<\/strong> \ud83c\udfb6<\/p>","protected":false},"featured_media":8618,"comment_status":"closed","ping_status":"closed","template":"","meta":{"pmpro_default_level":"","_kad_post_transparent":"default","_kad_post_title":"","_kad_post_layout":"default","_kad_post_sidebar_id":"","_kad_post_content_style":"default","_kad_post_vertical_padding":"default","_kad_post_feature":"","_kad_post_feature_position":"","_kad_post_header":false,"_kad_post_footer":false,"_kad_post_classname":""},"product_brand":[],"product_cat":[95],"product_tag":[],"class_list":{"0":"post-9453","1":"product","2":"type-product","3":"status-publish","4":"has-post-thumbnail","6":"product_cat-backingtrack","7":"pmpro-has-access","9":"first","10":"instock","11":"downloadable","12":"shipping-taxable","13":"purchasable","14":"product-type-simple","15":"entry","16":"content-bg","17":"loop-entry"},"yoast_head":"<!-- This site is optimized with the Yoast SEO Premium plugin v27.0 (Yoast SEO v27.4) - https:\/\/yoast.com\/product\/yoast-seo-premium-wordpress\/ -->\n<title>Miracle - Jimmy Sax Backing Track | Without Sax + MIDI Guide<\/title>\n<meta name=\"description\" content=\"Download the exclusive backing track of &quot;Miracle&quot;inspired by Jimmy Sax. Includes versions without saxophone and with MIDI sax guide. Perfect for practice.\" \/>\n<meta name=\"robots\" content=\"index, follow, max-snippet:-1, max-image-preview:large, max-video-preview:-1\" \/>\n<link rel=\"canonical\" href=\"https:\/\/chrisonsax.com\/fr\/produit\/miracle-backing-track-without-sax-sax-midi-guide-version\/\" \/>\n<meta property=\"og:locale\" content=\"fr_FR\" \/>\n<meta property=\"og:type\" content=\"article\" \/>\n<meta property=\"og:title\" content=\"\ud83c\udfb7 Miracle | Backing Track (Without Sax + Sax MIDI Guide Version)\" \/>\n<meta property=\"og:description\" content=\"Download the exclusive backing track of &quot;Miracle&quot;inspired by Jimmy Sax. Includes versions without saxophone and with MIDI sax guide. Perfect for practice.\" \/>\n<meta property=\"og:url\" content=\"https:\/\/chrisonsax.com\/fr\/produit\/miracle-backing-track-without-sax-sax-midi-guide-version\/\" \/>\n<meta property=\"og:site_name\" content=\"Saxophonist\" \/>\n<meta property=\"article:publisher\" content=\"https:\/\/www.facebook.com\/christopheonsax\" \/>\n<meta property=\"article:modified_time\" content=\"2026-03-05T12:22:44+00:00\" \/>\n<meta property=\"og:image\" content=\"https:\/\/chrisonsax.com\/wp-content\/uploads\/2025\/03\/how-hard-is-saxophone.jpg\" \/>\n\t<meta property=\"og:image:width\" content=\"500\" \/>\n\t<meta property=\"og:image:height\" content=\"500\" \/>\n\t<meta property=\"og:image:type\" content=\"image\/jpeg\" \/>\n<meta name=\"twitter:card\" content=\"summary_large_image\" \/>\n<meta name=\"twitter:label1\" content=\"Dur\u00e9e de lecture estim\u00e9e\" \/>\n\t<meta name=\"twitter:data1\" content=\"2 minutes\" \/>\n<script type=\"application\/ld+json\" class=\"yoast-schema-graph\">{\"@context\":\"https:\\\/\\\/schema.org\",\"@graph\":[{\"@type\":\"WebPage\",\"@id\":\"https:\\\/\\\/chrisonsax.com\\\/product\\\/miracle-backing-track-without-sax-sax-midi-guide-version\\\/\",\"url\":\"https:\\\/\\\/chrisonsax.com\\\/product\\\/miracle-backing-track-without-sax-sax-midi-guide-version\\\/\",\"name\":\"Miracle - Jimmy Sax Backing Track | Without Sax + MIDI Guide\",\"isPartOf\":{\"@id\":\"https:\\\/\\\/chrisonsax.com\\\/#website\"},\"primaryImageOfPage\":{\"@id\":\"https:\\\/\\\/chrisonsax.com\\\/product\\\/miracle-backing-track-without-sax-sax-midi-guide-version\\\/#primaryimage\"},\"image\":{\"@id\":\"https:\\\/\\\/chrisonsax.com\\\/product\\\/miracle-backing-track-without-sax-sax-midi-guide-version\\\/#primaryimage\"},\"thumbnailUrl\":\"https:\\\/\\\/chrisonsax.com\\\/wp-content\\\/uploads\\\/2025\\\/03\\\/how-hard-is-saxophone.jpg\",\"datePublished\":\"2025-05-03T11:19:05+00:00\",\"dateModified\":\"2026-03-05T12:22:44+00:00\",\"description\":\"Download the exclusive backing track of \\\"Miracle\\\"inspired by Jimmy Sax. Includes versions without saxophone and with MIDI sax guide. Perfect for practice.\",\"breadcrumb\":{\"@id\":\"https:\\\/\\\/chrisonsax.com\\\/product\\\/miracle-backing-track-without-sax-sax-midi-guide-version\\\/#breadcrumb\"},\"inLanguage\":\"fr-FR\",\"potentialAction\":[{\"@type\":\"ReadAction\",\"target\":[\"https:\\\/\\\/chrisonsax.com\\\/product\\\/miracle-backing-track-without-sax-sax-midi-guide-version\\\/\"]}]},{\"@type\":\"ImageObject\",\"inLanguage\":\"fr-FR\",\"@id\":\"https:\\\/\\\/chrisonsax.com\\\/product\\\/miracle-backing-track-without-sax-sax-midi-guide-version\\\/#primaryimage\",\"url\":\"https:\\\/\\\/chrisonsax.com\\\/wp-content\\\/uploads\\\/2025\\\/03\\\/how-hard-is-saxophone.jpg\",\"contentUrl\":\"https:\\\/\\\/chrisonsax.com\\\/wp-content\\\/uploads\\\/2025\\\/03\\\/how-hard-is-saxophone.jpg\",\"width\":500,\"height\":500,\"caption\":\"Beginner saxophone lessons in Dubai \u2013 learn to play your first songs step by step.\"},{\"@type\":\"BreadcrumbList\",\"@id\":\"https:\\\/\\\/chrisonsax.com\\\/product\\\/miracle-backing-track-without-sax-sax-midi-guide-version\\\/#breadcrumb\",\"itemListElement\":[{\"@type\":\"ListItem\",\"position\":1,\"name\":\"Animation cocktail\",\"item\":\"https:\\\/\\\/chrisonsax.com\\\/\"},{\"@type\":\"ListItem\",\"position\":2,\"name\":\"Shop\",\"item\":\"https:\\\/\\\/chrisonsax.com\\\/boutique\\\/\"},{\"@type\":\"ListItem\",\"position\":3,\"name\":\"\ud83c\udfb7 Miracle | Backing Track (Without Sax + Sax MIDI Guide Version)\"}]},{\"@type\":\"WebSite\",\"@id\":\"https:\\\/\\\/chrisonsax.com\\\/#website\",\"url\":\"https:\\\/\\\/chrisonsax.com\\\/\",\"name\":\"Musicien saxophoniste\",\"description\":\"Cocktail sax Tel : +971 058 542 0635\",\"publisher\":{\"@id\":\"https:\\\/\\\/chrisonsax.com\\\/#organization\"},\"potentialAction\":[{\"@type\":\"SearchAction\",\"target\":{\"@type\":\"EntryPoint\",\"urlTemplate\":\"https:\\\/\\\/chrisonsax.com\\\/?s={search_term_string}\"},\"query-input\":{\"@type\":\"PropertyValueSpecification\",\"valueRequired\":true,\"valueName\":\"search_term_string\"}}],\"inLanguage\":\"fr-FR\"},{\"@type\":\"Organization\",\"@id\":\"https:\\\/\\\/chrisonsax.com\\\/#organization\",\"name\":\"Musicien saxophoniste\",\"url\":\"https:\\\/\\\/chrisonsax.com\\\/\",\"logo\":{\"@type\":\"ImageObject\",\"inLanguage\":\"fr-FR\",\"@id\":\"https:\\\/\\\/chrisonsax.com\\\/#\\\/schema\\\/logo\\\/image\\\/\",\"url\":\"https:\\\/\\\/chrisonsax.com\\\/wp-content\\\/uploads\\\/2021\\\/12\\\/cropped-WhatsApp-Image-2021-08-28-at-13.03.56-2-1-e1674942410642.jpeg\",\"contentUrl\":\"https:\\\/\\\/chrisonsax.com\\\/wp-content\\\/uploads\\\/2021\\\/12\\\/cropped-WhatsApp-Image-2021-08-28-at-13.03.56-2-1-e1674942410642.jpeg\",\"width\":300,\"height\":300,\"caption\":\"Musicien saxophoniste\"},\"image\":{\"@id\":\"https:\\\/\\\/chrisonsax.com\\\/#\\\/schema\\\/logo\\\/image\\\/\"},\"sameAs\":[\"https:\\\/\\\/www.facebook.com\\\/christopheonsax\",\"https:\\\/\\\/www.instagram.com\\\/chris_onsax\\\/\",\"https:\\\/\\\/www.youtube.com\\\/channel\\\/UCPht7xSeaLJ_4FUWV4bUOQg?view_as=subscriber\"]}]}<\/script>\n<!-- \/ Yoast SEO Premium plugin. -->","yoast_head_json":{"title":"Miracle - Jimmy Sax Backing Track | Sans Sax + MIDI Guide","description":"T\u00e9l\u00e9charge le backing track exclusif de \u201cMiracle\u201d, inspir\u00e9 par Jimmy Sax.\nComprend une version sans saxophone et un guide MIDI pour sax. Parfait pour s\u2019entra\u00eener.","robots":{"index":"index","follow":"follow","max-snippet":"max-snippet:-1","max-image-preview":"max-image-preview:large","max-video-preview":"max-video-preview:-1"},"canonical":"https:\/\/chrisonsax.com\/fr\/produit\/miracle-backing-track-without-sax-sax-midi-guide-version\/","og_locale":"fr_FR","og_type":"article","og_title":"\ud83c\udfb7 Miracle | Backing Track (Without Sax + Sax MIDI Guide Version)","og_description":"Download the exclusive backing track of \"Miracle\"inspired by Jimmy Sax. Includes versions without saxophone and with MIDI sax guide. Perfect for practice.","og_url":"https:\/\/chrisonsax.com\/fr\/produit\/miracle-backing-track-without-sax-sax-midi-guide-version\/","og_site_name":"Saxophonist","article_publisher":"https:\/\/www.facebook.com\/christopheonsax","article_modified_time":"2026-03-05T12:22:44+00:00","og_image":[{"width":500,"height":500,"url":"https:\/\/chrisonsax.com\/wp-content\/uploads\/2025\/03\/how-hard-is-saxophone.jpg","type":"image\/jpeg"}],"twitter_card":"summary_large_image","twitter_misc":{"Dur\u00e9e de lecture estim\u00e9e":"2 minutes"},"schema":{"@context":"https:\/\/schema.org","@graph":[{"@type":"WebPage","@id":"https:\/\/chrisonsax.com\/product\/miracle-backing-track-without-sax-sax-midi-guide-version\/","url":"https:\/\/chrisonsax.com\/product\/miracle-backing-track-without-sax-sax-midi-guide-version\/","name":"Miracle - Jimmy Sax Backing Track | Sans Sax + MIDI Guide","isPartOf":{"@id":"https:\/\/chrisonsax.com\/#website"},"primaryImageOfPage":{"@id":"https:\/\/chrisonsax.com\/product\/miracle-backing-track-without-sax-sax-midi-guide-version\/#primaryimage"},"image":{"@id":"https:\/\/chrisonsax.com\/product\/miracle-backing-track-without-sax-sax-midi-guide-version\/#primaryimage"},"thumbnailUrl":"https:\/\/chrisonsax.com\/wp-content\/uploads\/2025\/03\/how-hard-is-saxophone.jpg","datePublished":"2025-05-03T11:19:05+00:00","dateModified":"2026-03-05T12:22:44+00:00","description":"T\u00e9l\u00e9charge le backing track exclusif de \u201cMiracle\u201d, inspir\u00e9 par Jimmy Sax.\nComprend une version sans saxophone et un guide MIDI pour sax. Parfait pour s\u2019entra\u00eener.","breadcrumb":{"@id":"https:\/\/chrisonsax.com\/product\/miracle-backing-track-without-sax-sax-midi-guide-version\/#breadcrumb"},"inLanguage":"fr-FR","potentialAction":[{"@type":"ReadAction","target":["https:\/\/chrisonsax.com\/product\/miracle-backing-track-without-sax-sax-midi-guide-version\/"]}]},{"@type":"ImageObject","inLanguage":"fr-FR","@id":"https:\/\/chrisonsax.com\/product\/miracle-backing-track-without-sax-sax-midi-guide-version\/#primaryimage","url":"https:\/\/chrisonsax.com\/wp-content\/uploads\/2025\/03\/how-hard-is-saxophone.jpg","contentUrl":"https:\/\/chrisonsax.com\/wp-content\/uploads\/2025\/03\/how-hard-is-saxophone.jpg","width":500,"height":500,"caption":"Beginner saxophone lessons in Dubai \u2013 learn to play your first songs step by step."},{"@type":"BreadcrumbList","@id":"https:\/\/chrisonsax.com\/product\/miracle-backing-track-without-sax-sax-midi-guide-version\/#breadcrumb","itemListElement":[{"@type":"ListItem","position":1,"name":"Animation cocktail","item":"https:\/\/chrisonsax.com\/"},{"@type":"ListItem","position":2,"name":"Shop","item":"https:\/\/chrisonsax.com\/boutique\/"},{"@type":"ListItem","position":3,"name":"\ud83c\udfb7 Miracle | Backing Track (Without Sax + Sax MIDI Guide Version)"}]},{"@type":"WebSite","@id":"https:\/\/chrisonsax.com\/#website","url":"https:\/\/chrisonsax.com\/","name":"Musicien saxophoniste","description":"Cocktail sax Tel : +971 058 542 0635","publisher":{"@id":"https:\/\/chrisonsax.com\/#organization"},"potentialAction":[{"@type":"SearchAction","target":{"@type":"EntryPoint","urlTemplate":"https:\/\/chrisonsax.com\/?s={search_term_string}"},"query-input":{"@type":"PropertyValueSpecification","valueRequired":true,"valueName":"search_term_string"}}],"inLanguage":"fr-FR"},{"@type":"Organization","@id":"https:\/\/chrisonsax.com\/#organization","name":"Musicien saxophoniste","url":"https:\/\/chrisonsax.com\/","logo":{"@type":"ImageObject","inLanguage":"fr-FR","@id":"https:\/\/chrisonsax.com\/#\/schema\/logo\/image\/","url":"https:\/\/chrisonsax.com\/wp-content\/uploads\/2021\/12\/cropped-WhatsApp-Image-2021-08-28-at-13.03.56-2-1-e1674942410642.jpeg","contentUrl":"https:\/\/chrisonsax.com\/wp-content\/uploads\/2021\/12\/cropped-WhatsApp-Image-2021-08-28-at-13.03.56-2-1-e1674942410642.jpeg","width":300,"height":300,"caption":"Musicien saxophoniste"},"image":{"@id":"https:\/\/chrisonsax.com\/#\/schema\/logo\/image\/"},"sameAs":["https:\/\/www.facebook.com\/christopheonsax","https:\/\/www.instagram.com\/chris_onsax\/","https:\/\/www.youtube.com\/channel\/UCPht7xSeaLJ_4FUWV4bUOQg?view_as=subscriber"]}]}},"_links":{"self":[{"href":"https:\/\/chrisonsax.com\/fr\/wp-json\/wp\/v2\/product\/9453","targetHints":{"allow":["GET"]}}],"collection":[{"href":"https:\/\/chrisonsax.com\/fr\/wp-json\/wp\/v2\/product"}],"about":[{"href":"https:\/\/chrisonsax.com\/fr\/wp-json\/wp\/v2\/types\/product"}],"replies":[{"embeddable":true,"href":"https:\/\/chrisonsax.com\/fr\/wp-json\/wp\/v2\/comments?post=9453"}],"wp:featuredmedia":[{"embeddable":true,"href":"https:\/\/chrisonsax.com\/fr\/wp-json\/wp\/v2\/media\/8618"}],"wp:attachment":[{"href":"https:\/\/chrisonsax.com\/fr\/wp-json\/wp\/v2\/media?parent=9453"}],"wp:term":[{"taxonomy":"product_brand","embeddable":true,"href":"https:\/\/chrisonsax.com\/fr\/wp-json\/wp\/v2\/product_brand?post=9453"},{"taxonomy":"product_cat","embeddable":true,"href":"https:\/\/chrisonsax.com\/fr\/wp-json\/wp\/v2\/product_cat?post=9453"},{"taxonomy":"product_tag","embeddable":true,"href":"https:\/\/chrisonsax.com\/fr\/wp-json\/wp\/v2\/product_tag?post=9453"}],"curies":[{"name":"wp","href":"https:\/\/api.w.org\/{rel}","templated":true}]}}