{"id":9257,"date":"2025-04-22T08:31:15","date_gmt":"2025-04-22T08:31:15","guid":{"rendered":"https:\/\/chrisonsax.com\/?post_type=product&#038;p=9257"},"modified":"2026-03-05T12:23:04","modified_gmt":"2026-03-05T12:23:04","slug":"esperanza-style-saxophone-backing-track-inspired-by-yardenn-no-melody","status":"publish","type":"product","link":"https:\/\/chrisonsax.com\/fr\/produit\/esperanza-style-saxophone-piste-inspire-yarden-pas-de-melodie\/","title":{"rendered":"Esperanza \u2013 Backing Track dans le style Yardenn (sans m\u00e9lodie)"},"content":{"rendered":"<h1 data-start=\"382\" data-end=\"523\">Esperanza \u2013 Backing Track dans le style Yardenn (sans m\u00e9lodie)<\/h1>\n<p data-start=\"382\" data-end=\"523\">Cela <strong data-start=\"387\" data-end=\"413\">Backing track original<\/strong> est une reprise de haute qualit\u00e9 inspir\u00e9e par l\u2019\u00e9nergie et l\u2019ambiance de\u2026 <em data-start=\"474\" data-end=\"485\">Esperanza<\/em> tel qu'interpr\u00e9t\u00e9 par Yardenn au saxophone<\/p>\n<audio class=\"wp-audio-shortcode\" id=\"audio-9257-2\" preload=\"none\" style=\"width: 100%;\" controls=\"controls\"><source type=\"audio\/mpeg\" src=\"https:\/\/chrisonsax.com\/wp-content\/uploads\/2025\/04\/Extrait-Esperanza.mp3?_=2\" \/><a href=\"https:\/\/chrisonsax.com\/wp-content\/uploads\/2025\/04\/Extrait-Esperanza.mp3\">https:\/\/chrisonsax.com\/wp-content\/uploads\/2025\/04\/Extrait-Esperanza.mp3<\/a><\/audio>\n<p data-start=\"382\" data-end=\"523\">Reproduit soigneusement d\u2019oreille avec des sons et des arrangements professionnels dans Cubase, ce morceau est parfait pour :<\/p>\n<ul data-start=\"634\" data-end=\"763\">\n<li data-start=\"634\" data-end=\"687\">\n<p data-start=\"636\" data-end=\"687\">pour pratiquer votre saxophone ou tout autre instrument soliste.<\/p>\n<\/li>\n<li data-start=\"688\" data-end=\"724\">\n<p data-start=\"690\" data-end=\"724\">enregistrer une reprise ou une improvisation<\/p>\n<\/li>\n<li data-start=\"725\" data-end=\"763\">\n<p data-start=\"727\" data-end=\"763\">ouer lors d\u2019\u00e9v\u00e9nements ou de jam sessions<\/p>\n<\/li>\n<\/ul>\n<p data-start=\"765\" data-end=\"944\">\ud83c\udfb7 <strong data-start=\"768\" data-end=\"791\">Melodie pas inclus<\/strong> Seulement instrumental<br data-start=\"811\" data-end=\"814\" \/>\ud83c\udfa7 <strong data-start=\"817\" data-end=\"827\">Format :<\/strong>MP3 ( Haute Qualit\u00e9)<br data-start=\"847\" data-end=\"850\" \/>T\u00e9l\u00e9chargement Instantan\u00e9<br data-start=\"892\" data-end=\"895\" \/>R\u00e9serv\u00e9 \u00e0 un usage personnel uniquement \u2013 interdiction de redistribution<\/p>\n<blockquote data-start=\"946\" data-end=\"1105\">\n<p data-start=\"948\" data-end=\"1105\">Cette accompagnement <strong data-start=\"962\" data-end=\"1033\">est Non affili\u00e9 ni approuv\u00e9 par Yardenn ou le compositeur original.<\/strong>Interpr\u00e9tation personnelle r\u00e9alis\u00e9e exclusivement pour l\u2019apprentissage et l\u2019usage \u00e9ducatif.<\/p>\n<\/blockquote>\n<hr class=\"\" data-start=\"1107\" data-end=\"1110\" \/>","protected":false},"excerpt":{"rendered":"<h1 data-start=\"382\" data-end=\"523\">Esperanza \u2013 Backing Track dans le style Yardenn (sans m\u00e9lodie)<\/h1>\n<p class=\"\" data-start=\"382\" data-end=\"523\">Cela <strong data-start=\"387\" data-end=\"413\">Backing track original<\/strong> est une reprise de haute qualit\u00e9 inspir\u00e9e par l\u2019\u00e9nergie et l\u2019ambiance de\u2026 <em data-start=\"474\" data-end=\"485\">Esperanza<\/em> tel qu\u2019interpr\u00e9t\u00e9 par Yardenn au saxophone.<\/p>\n<p><audio class=\"wp-audio-shortcode\" id=\"audio-9257-1\" preload=\"none\" style=\"width: 100%;\" controls=\"controls\"><source type=\"audio\/mpeg\" src=\"https:\/\/chrisonsax.com\/wp-content\/uploads\/2025\/04\/Extrait-Esperanza.mp3?_=1\" \/><a href=\"https:\/\/chrisonsax.com\/wp-content\/uploads\/2025\/04\/Extrait-Esperanza.mp3\">https:\/\/chrisonsax.com\/wp-content\/uploads\/2025\/04\/Extrait-Esperanza.mp3<\/a><\/audio><\/p>\n<p class=\"\" data-start=\"525\" data-end=\"633\">Reproduit soigneusement d\u2019oreille avec des sons et des arrangements professionnels dans Cubase, ce morceau est parfait pour :<\/p>\n<ul data-start=\"634\" data-end=\"763\">\n<li class=\"\" data-start=\"634\" data-end=\"687\">\n<p class=\"\" data-start=\"636\" data-end=\"687\">pour pratiquer votre saxophone ou tout autre instrument soliste.<\/p>\n<\/li>\n<li class=\"\" data-start=\"688\" data-end=\"724\">\n<p class=\"\" data-start=\"690\" data-end=\"724\">enregistrer une reprise ou une improvisation<\/p>\n<\/li>\n<li class=\"\" data-start=\"725\" data-end=\"763\">\n<p class=\"\" data-start=\"727\" data-end=\"763\">ouer lors d\u2019\u00e9v\u00e9nements ou de jam sessions<\/p>\n<\/li>\n<\/ul>\n<p class=\"\" data-start=\"765\" data-end=\"944\">\ud83c\udfb7 <strong data-start=\"768\" data-end=\"791\">Melodie pas inclus<\/strong> Seulement instrumental<br data-start=\"811\" data-end=\"814\" \/>\ud83c\udfa7 <strong data-start=\"817\" data-end=\"827\">Format :<\/strong>MP3 ( Haute Qualit\u00e9)<br data-start=\"847\" data-end=\"850\" \/>T\u00e9l\u00e9chargement Instantan\u00e9<br data-start=\"892\" data-end=\"895\" \/>R\u00e9serv\u00e9 \u00e0 un usage personnel uniquement \u2013 interdiction de redistribution<\/p>\n<blockquote data-start=\"946\" data-end=\"1105\">\n<p class=\"\" data-start=\"948\" data-end=\"1105\">Cette accompagnement <strong data-start=\"962\" data-end=\"1033\">est Non affili\u00e9 ni approuv\u00e9 par Yardenn ou le compositeur original.<\/strong>Interpr\u00e9tation personnelle r\u00e9alis\u00e9e exclusivement pour l\u2019apprentissage et l\u2019usage \u00e9ducatif.<\/p>\n<\/blockquote>\n<hr class=\"\" data-start=\"1107\" data-end=\"1110\" \/>","protected":false},"featured_media":8618,"comment_status":"closed","ping_status":"closed","template":"","meta":{"pmpro_default_level":"","_kad_post_transparent":"default","_kad_post_title":"","_kad_post_layout":"default","_kad_post_sidebar_id":"","_kad_post_content_style":"default","_kad_post_vertical_padding":"default","_kad_post_feature":"","_kad_post_feature_position":"","_kad_post_header":false,"_kad_post_footer":false,"_kad_post_classname":""},"product_brand":[],"product_cat":[95],"product_tag":[],"class_list":{"0":"post-9257","1":"product","2":"type-product","3":"status-publish","4":"has-post-thumbnail","6":"product_cat-backingtrack","7":"pmpro-has-access","9":"first","10":"instock","11":"downloadable","12":"shipping-taxable","13":"purchasable","14":"product-type-simple","15":"entry","16":"content-bg","17":"loop-entry"},"yoast_head":"<!-- This site is optimized with the Yoast SEO Premium plugin v27.0 (Yoast SEO v27.4) - https:\/\/yoast.com\/product\/yoast-seo-premium-wordpress\/ -->\n<title>Esperanza Style Backing Track \u2013Yardenn Inspired Sax (No Melody)<\/title>\n<meta name=\"description\" content=\"Download a professional sax backing track inspired by Esperanza and Yardenn&#039;s style. No melody . \u2013 ideal for solo practice, covers. MP3 instant download.\" \/>\n<meta name=\"robots\" content=\"index, follow, max-snippet:-1, max-image-preview:large, max-video-preview:-1\" \/>\n<link rel=\"canonical\" href=\"https:\/\/chrisonsax.com\/fr\/produit\/esperanza-style-saxophone-piste-inspire-yarden-pas-de-melodie\/\" \/>\n<meta property=\"og:locale\" content=\"fr_FR\" \/>\n<meta property=\"og:type\" content=\"article\" \/>\n<meta property=\"og:title\" content=\"Esperanza Style Saxophone Backing Track \u2013 Inspired by Yardenn (No Melody)\" \/>\n<meta property=\"og:description\" content=\"Download a professional sax backing track inspired by Esperanza and Yardenn&#039;s style. No melody . \u2013 ideal for solo practice, covers. MP3 instant download.\" \/>\n<meta property=\"og:url\" content=\"https:\/\/chrisonsax.com\/fr\/produit\/esperanza-style-saxophone-piste-inspire-yarden-pas-de-melodie\/\" \/>\n<meta property=\"og:site_name\" content=\"Saxophonist\" \/>\n<meta property=\"article:publisher\" content=\"https:\/\/www.facebook.com\/christopheonsax\" \/>\n<meta property=\"article:modified_time\" content=\"2026-03-05T12:23:04+00:00\" \/>\n<meta property=\"og:image\" content=\"https:\/\/chrisonsax.com\/wp-content\/uploads\/2025\/03\/how-hard-is-saxophone.jpg\" \/>\n\t<meta property=\"og:image:width\" content=\"500\" \/>\n\t<meta property=\"og:image:height\" content=\"500\" \/>\n\t<meta property=\"og:image:type\" content=\"image\/jpeg\" \/>\n<meta name=\"twitter:card\" content=\"summary_large_image\" \/>\n<meta name=\"twitter:label1\" content=\"Dur\u00e9e de lecture estim\u00e9e\" \/>\n\t<meta name=\"twitter:data1\" content=\"1 minute\" \/>\n<script type=\"application\/ld+json\" class=\"yoast-schema-graph\">{\"@context\":\"https:\\\/\\\/schema.org\",\"@graph\":[{\"@type\":\"WebPage\",\"@id\":\"https:\\\/\\\/chrisonsax.com\\\/product\\\/esperanza-style-saxophone-backing-track-inspired-by-yardenn-no-melody\\\/\",\"url\":\"https:\\\/\\\/chrisonsax.com\\\/product\\\/esperanza-style-saxophone-backing-track-inspired-by-yardenn-no-melody\\\/\",\"name\":\"Esperanza Style Backing Track \u2013Yardenn Inspired Sax (No Melody)\",\"isPartOf\":{\"@id\":\"https:\\\/\\\/chrisonsax.com\\\/#website\"},\"primaryImageOfPage\":{\"@id\":\"https:\\\/\\\/chrisonsax.com\\\/product\\\/esperanza-style-saxophone-backing-track-inspired-by-yardenn-no-melody\\\/#primaryimage\"},\"image\":{\"@id\":\"https:\\\/\\\/chrisonsax.com\\\/product\\\/esperanza-style-saxophone-backing-track-inspired-by-yardenn-no-melody\\\/#primaryimage\"},\"thumbnailUrl\":\"https:\\\/\\\/chrisonsax.com\\\/wp-content\\\/uploads\\\/2025\\\/03\\\/how-hard-is-saxophone.jpg\",\"datePublished\":\"2025-04-22T08:31:15+00:00\",\"dateModified\":\"2026-03-05T12:23:04+00:00\",\"description\":\"Download a professional sax backing track inspired by Esperanza and Yardenn's style. No melody . \u2013 ideal for solo practice, covers. MP3 instant download.\",\"breadcrumb\":{\"@id\":\"https:\\\/\\\/chrisonsax.com\\\/product\\\/esperanza-style-saxophone-backing-track-inspired-by-yardenn-no-melody\\\/#breadcrumb\"},\"inLanguage\":\"fr-FR\",\"potentialAction\":[{\"@type\":\"ReadAction\",\"target\":[\"https:\\\/\\\/chrisonsax.com\\\/product\\\/esperanza-style-saxophone-backing-track-inspired-by-yardenn-no-melody\\\/\"]}]},{\"@type\":\"ImageObject\",\"inLanguage\":\"fr-FR\",\"@id\":\"https:\\\/\\\/chrisonsax.com\\\/product\\\/esperanza-style-saxophone-backing-track-inspired-by-yardenn-no-melody\\\/#primaryimage\",\"url\":\"https:\\\/\\\/chrisonsax.com\\\/wp-content\\\/uploads\\\/2025\\\/03\\\/how-hard-is-saxophone.jpg\",\"contentUrl\":\"https:\\\/\\\/chrisonsax.com\\\/wp-content\\\/uploads\\\/2025\\\/03\\\/how-hard-is-saxophone.jpg\",\"width\":500,\"height\":500,\"caption\":\"Beginner saxophone lessons in Dubai \u2013 learn to play your first songs step by step.\"},{\"@type\":\"BreadcrumbList\",\"@id\":\"https:\\\/\\\/chrisonsax.com\\\/product\\\/esperanza-style-saxophone-backing-track-inspired-by-yardenn-no-melody\\\/#breadcrumb\",\"itemListElement\":[{\"@type\":\"ListItem\",\"position\":1,\"name\":\"Animation cocktail\",\"item\":\"https:\\\/\\\/chrisonsax.com\\\/\"},{\"@type\":\"ListItem\",\"position\":2,\"name\":\"Shop\",\"item\":\"https:\\\/\\\/chrisonsax.com\\\/boutique\\\/\"},{\"@type\":\"ListItem\",\"position\":3,\"name\":\"Esperanza Style Saxophone Backing Track \u2013 Inspired by Yardenn (No Melody)\"}]},{\"@type\":\"WebSite\",\"@id\":\"https:\\\/\\\/chrisonsax.com\\\/#website\",\"url\":\"https:\\\/\\\/chrisonsax.com\\\/\",\"name\":\"Musicien saxophoniste\",\"description\":\"Cocktail sax Tel : +971 058 542 0635\",\"publisher\":{\"@id\":\"https:\\\/\\\/chrisonsax.com\\\/#organization\"},\"potentialAction\":[{\"@type\":\"SearchAction\",\"target\":{\"@type\":\"EntryPoint\",\"urlTemplate\":\"https:\\\/\\\/chrisonsax.com\\\/?s={search_term_string}\"},\"query-input\":{\"@type\":\"PropertyValueSpecification\",\"valueRequired\":true,\"valueName\":\"search_term_string\"}}],\"inLanguage\":\"fr-FR\"},{\"@type\":\"Organization\",\"@id\":\"https:\\\/\\\/chrisonsax.com\\\/#organization\",\"name\":\"Musicien saxophoniste\",\"url\":\"https:\\\/\\\/chrisonsax.com\\\/\",\"logo\":{\"@type\":\"ImageObject\",\"inLanguage\":\"fr-FR\",\"@id\":\"https:\\\/\\\/chrisonsax.com\\\/#\\\/schema\\\/logo\\\/image\\\/\",\"url\":\"https:\\\/\\\/chrisonsax.com\\\/wp-content\\\/uploads\\\/2021\\\/12\\\/cropped-WhatsApp-Image-2021-08-28-at-13.03.56-2-1-e1674942410642.jpeg\",\"contentUrl\":\"https:\\\/\\\/chrisonsax.com\\\/wp-content\\\/uploads\\\/2021\\\/12\\\/cropped-WhatsApp-Image-2021-08-28-at-13.03.56-2-1-e1674942410642.jpeg\",\"width\":300,\"height\":300,\"caption\":\"Musicien saxophoniste\"},\"image\":{\"@id\":\"https:\\\/\\\/chrisonsax.com\\\/#\\\/schema\\\/logo\\\/image\\\/\"},\"sameAs\":[\"https:\\\/\\\/www.facebook.com\\\/christopheonsax\",\"https:\\\/\\\/www.instagram.com\\\/chris_onsax\\\/\",\"https:\\\/\\\/www.youtube.com\\\/channel\\\/UCPht7xSeaLJ_4FUWV4bUOQg?view_as=subscriber\"]}]}<\/script>\n<!-- \/ Yoast SEO Premium plugin. -->","yoast_head_json":{"title":"Esperanza \u2013 Backing Track dans le style Yardenn (sans m\u00e9lodie)","description":"T\u00e9l\u00e9charge un accompagnement professionnel pour saxophone inspir\u00e9 d\u2019Esperanza et du style de Yardenn.Sans m\u00e9lodie \u2013 T\u00e9l\u00e9chargement MP3.","robots":{"index":"index","follow":"follow","max-snippet":"max-snippet:-1","max-image-preview":"max-image-preview:large","max-video-preview":"max-video-preview:-1"},"canonical":"https:\/\/chrisonsax.com\/fr\/produit\/esperanza-style-saxophone-piste-inspire-yarden-pas-de-melodie\/","og_locale":"fr_FR","og_type":"article","og_title":"Esperanza Style Saxophone Backing Track \u2013 Inspired by Yardenn (No Melody)","og_description":"Download a professional sax backing track inspired by Esperanza and Yardenn's style. No melody . \u2013 ideal for solo practice, covers. MP3 instant download.","og_url":"https:\/\/chrisonsax.com\/fr\/produit\/esperanza-style-saxophone-piste-inspire-yarden-pas-de-melodie\/","og_site_name":"Saxophonist","article_publisher":"https:\/\/www.facebook.com\/christopheonsax","article_modified_time":"2026-03-05T12:23:04+00:00","og_image":[{"width":500,"height":500,"url":"https:\/\/chrisonsax.com\/wp-content\/uploads\/2025\/03\/how-hard-is-saxophone.jpg","type":"image\/jpeg"}],"twitter_card":"summary_large_image","twitter_misc":{"Dur\u00e9e de lecture estim\u00e9e":"1 minute"},"schema":{"@context":"https:\/\/schema.org","@graph":[{"@type":"WebPage","@id":"https:\/\/chrisonsax.com\/product\/esperanza-style-saxophone-backing-track-inspired-by-yardenn-no-melody\/","url":"https:\/\/chrisonsax.com\/product\/esperanza-style-saxophone-backing-track-inspired-by-yardenn-no-melody\/","name":"Esperanza \u2013 Backing Track dans le style Yardenn (sans m\u00e9lodie)","isPartOf":{"@id":"https:\/\/chrisonsax.com\/#website"},"primaryImageOfPage":{"@id":"https:\/\/chrisonsax.com\/product\/esperanza-style-saxophone-backing-track-inspired-by-yardenn-no-melody\/#primaryimage"},"image":{"@id":"https:\/\/chrisonsax.com\/product\/esperanza-style-saxophone-backing-track-inspired-by-yardenn-no-melody\/#primaryimage"},"thumbnailUrl":"https:\/\/chrisonsax.com\/wp-content\/uploads\/2025\/03\/how-hard-is-saxophone.jpg","datePublished":"2025-04-22T08:31:15+00:00","dateModified":"2026-03-05T12:23:04+00:00","description":"T\u00e9l\u00e9charge un accompagnement professionnel pour saxophone inspir\u00e9 d\u2019Esperanza et du style de Yardenn.Sans m\u00e9lodie \u2013 T\u00e9l\u00e9chargement MP3.","breadcrumb":{"@id":"https:\/\/chrisonsax.com\/product\/esperanza-style-saxophone-backing-track-inspired-by-yardenn-no-melody\/#breadcrumb"},"inLanguage":"fr-FR","potentialAction":[{"@type":"ReadAction","target":["https:\/\/chrisonsax.com\/product\/esperanza-style-saxophone-backing-track-inspired-by-yardenn-no-melody\/"]}]},{"@type":"ImageObject","inLanguage":"fr-FR","@id":"https:\/\/chrisonsax.com\/product\/esperanza-style-saxophone-backing-track-inspired-by-yardenn-no-melody\/#primaryimage","url":"https:\/\/chrisonsax.com\/wp-content\/uploads\/2025\/03\/how-hard-is-saxophone.jpg","contentUrl":"https:\/\/chrisonsax.com\/wp-content\/uploads\/2025\/03\/how-hard-is-saxophone.jpg","width":500,"height":500,"caption":"Beginner saxophone lessons in Dubai \u2013 learn to play your first songs step by step."},{"@type":"BreadcrumbList","@id":"https:\/\/chrisonsax.com\/product\/esperanza-style-saxophone-backing-track-inspired-by-yardenn-no-melody\/#breadcrumb","itemListElement":[{"@type":"ListItem","position":1,"name":"Animation cocktail","item":"https:\/\/chrisonsax.com\/"},{"@type":"ListItem","position":2,"name":"Shop","item":"https:\/\/chrisonsax.com\/boutique\/"},{"@type":"ListItem","position":3,"name":"Esperanza Style Saxophone Backing Track \u2013 Inspired by Yardenn (No Melody)"}]},{"@type":"WebSite","@id":"https:\/\/chrisonsax.com\/#website","url":"https:\/\/chrisonsax.com\/","name":"Musicien saxophoniste","description":"Cocktail sax Tel : +971 058 542 0635","publisher":{"@id":"https:\/\/chrisonsax.com\/#organization"},"potentialAction":[{"@type":"SearchAction","target":{"@type":"EntryPoint","urlTemplate":"https:\/\/chrisonsax.com\/?s={search_term_string}"},"query-input":{"@type":"PropertyValueSpecification","valueRequired":true,"valueName":"search_term_string"}}],"inLanguage":"fr-FR"},{"@type":"Organization","@id":"https:\/\/chrisonsax.com\/#organization","name":"Musicien saxophoniste","url":"https:\/\/chrisonsax.com\/","logo":{"@type":"ImageObject","inLanguage":"fr-FR","@id":"https:\/\/chrisonsax.com\/#\/schema\/logo\/image\/","url":"https:\/\/chrisonsax.com\/wp-content\/uploads\/2021\/12\/cropped-WhatsApp-Image-2021-08-28-at-13.03.56-2-1-e1674942410642.jpeg","contentUrl":"https:\/\/chrisonsax.com\/wp-content\/uploads\/2021\/12\/cropped-WhatsApp-Image-2021-08-28-at-13.03.56-2-1-e1674942410642.jpeg","width":300,"height":300,"caption":"Musicien saxophoniste"},"image":{"@id":"https:\/\/chrisonsax.com\/#\/schema\/logo\/image\/"},"sameAs":["https:\/\/www.facebook.com\/christopheonsax","https:\/\/www.instagram.com\/chris_onsax\/","https:\/\/www.youtube.com\/channel\/UCPht7xSeaLJ_4FUWV4bUOQg?view_as=subscriber"]}]}},"_links":{"self":[{"href":"https:\/\/chrisonsax.com\/fr\/wp-json\/wp\/v2\/product\/9257","targetHints":{"allow":["GET"]}}],"collection":[{"href":"https:\/\/chrisonsax.com\/fr\/wp-json\/wp\/v2\/product"}],"about":[{"href":"https:\/\/chrisonsax.com\/fr\/wp-json\/wp\/v2\/types\/product"}],"replies":[{"embeddable":true,"href":"https:\/\/chrisonsax.com\/fr\/wp-json\/wp\/v2\/comments?post=9257"}],"wp:featuredmedia":[{"embeddable":true,"href":"https:\/\/chrisonsax.com\/fr\/wp-json\/wp\/v2\/media\/8618"}],"wp:attachment":[{"href":"https:\/\/chrisonsax.com\/fr\/wp-json\/wp\/v2\/media?parent=9257"}],"wp:term":[{"taxonomy":"product_brand","embeddable":true,"href":"https:\/\/chrisonsax.com\/fr\/wp-json\/wp\/v2\/product_brand?post=9257"},{"taxonomy":"product_cat","embeddable":true,"href":"https:\/\/chrisonsax.com\/fr\/wp-json\/wp\/v2\/product_cat?post=9257"},{"taxonomy":"product_tag","embeddable":true,"href":"https:\/\/chrisonsax.com\/fr\/wp-json\/wp\/v2\/product_tag?post=9257"}],"curies":[{"name":"wp","href":"https:\/\/api.w.org\/{rel}","templated":true}]}}