{"id":9253,"date":"2025-04-22T08:25:00","date_gmt":"2025-04-22T08:25:00","guid":{"rendered":"https:\/\/chrisonsax.com\/?post_type=product&#038;p=9253"},"modified":"2026-03-05T06:02:00","modified_gmt":"2026-03-05T06:02:00","slug":"esperanza-alto-saxophone-educational-transcription-by-ear","status":"publish","type":"product","link":"https:\/\/chrisonsax.com\/fr\/produit\/esperanza-alto-saxophone-education-transcription-oreille\/","title":{"rendered":"Esperanza \u2013 Transcription p\u00e9dagogique pour saxophone alto (d\u2019oreille)"},"content":{"rendered":"<h1 data-start=\"360\" data-end=\"585\">Esperanza \u2013 Transcription p\u00e9dagogique pour saxophone alto (d\u2019oreille)<\/h1>\n<p data-start=\"360\" data-end=\"585\">Voici <strong data-start=\"370\" data-end=\"408\">Une Transcription p\u00e9dagogique personnelle<\/strong> de la partie de saxophone de <em data-start=\"436\" data-end=\"447\">Esperanza<\/em> soigneusement transcrite \u00e0 l\u2019oreille pour saxophone alto (Mib).<br data-start=\"503\" data-end=\"506\" \/>Id\u00e9al pour pratiquer, apprendre ou jouer avec votre propre backing track.<\/p>\n<p data-start=\"587\" data-end=\"701\">\ud83c\udfb7 <strong data-start=\"590\" data-end=\"604\">Instrument<\/strong>: Saxophone Alto (Mib)<br data-start=\"625\" data-end=\"628\" \/>\ud83d\udcc4 <strong data-start=\"631\" data-end=\"641\">Format :<\/strong>: PDF - T\u00e9l\u00e9chargement num\u00e9rique<br data-start=\"665\" data-end=\"668\" \/>\ud83d\udce9 Livraison instantan\u00e9e apr\u00e8s l'achat<\/p>\n<blockquote data-start=\"703\" data-end=\"890\">\n<p data-start=\"705\" data-end=\"890\">\u26a0\ufe0f Il s'agit de <strong data-start=\"716\" data-end=\"741\">Partition non officielle r\u00e9alis\u00e9e \u00e0 des fins p\u00e9dagogiques.<\/strong>Interpr\u00e9tation personnelle r\u00e9alis\u00e9e exclusivement pour l\u2019apprentissage et l\u2019usage \u00e9ducatif.<br data-start=\"813\" data-end=\"816\" \/>nterdiction stricte de redistribuer, revendre ou utiliser commercialement ce produit en public.<\/p>\n<\/blockquote>","protected":false},"excerpt":{"rendered":"<h1 data-start=\"360\" data-end=\"585\">Esperanza \u2013 Transcription p\u00e9dagogique pour saxophone alto (d\u2019oreille)<\/h1>\n<p class=\"\" data-start=\"360\" data-end=\"585\">Voici <strong data-start=\"370\" data-end=\"408\">Une Transcription p\u00e9dagogique personnelle<\/strong> de la partie de saxophone de <em data-start=\"436\" data-end=\"447\">Esperanza<\/em> soigneusement transcrite \u00e0 l\u2019oreille pour saxophone alto (Mib).<br data-start=\"503\" data-end=\"506\" \/>Id\u00e9al pour pratiquer, apprendre ou jouer avec votre propre backing track.<\/p>\n<p class=\"\" data-start=\"587\" data-end=\"701\">\ud83c\udfb7 <strong data-start=\"590\" data-end=\"604\">Instrument<\/strong>: Saxophone Alto (Mib)<br data-start=\"625\" data-end=\"628\" \/>\ud83d\udcc4 <strong data-start=\"631\" data-end=\"641\">Format :<\/strong>: PDF - T\u00e9l\u00e9chargement num\u00e9rique<br data-start=\"665\" data-end=\"668\" \/>\ud83d\udce9 Livraison instantan\u00e9e apr\u00e8s l'achat<\/p>\n<blockquote data-start=\"703\" data-end=\"890\">\n<p class=\"\" data-start=\"705\" data-end=\"890\">\u26a0\ufe0f Il s'agit de <strong data-start=\"716\" data-end=\"741\">Partition non officielle r\u00e9alis\u00e9e \u00e0 des fins p\u00e9dagogiques.<\/strong>Interpr\u00e9tation personnelle r\u00e9alis\u00e9e exclusivement pour l\u2019apprentissage et l\u2019usage \u00e9ducatif.<br data-start=\"813\" data-end=\"816\" \/>nterdiction stricte de redistribuer, revendre ou utiliser commercialement ce produit en public.<\/p>\n<\/blockquote>","protected":false},"featured_media":9256,"comment_status":"closed","ping_status":"closed","template":"","meta":{"pmpro_default_level":"","_kad_post_transparent":"default","_kad_post_title":"","_kad_post_layout":"default","_kad_post_sidebar_id":"","_kad_post_content_style":"default","_kad_post_vertical_padding":"default","_kad_post_feature":"","_kad_post_feature_position":"","_kad_post_header":false,"_kad_post_footer":false,"_kad_post_classname":""},"product_brand":[],"product_cat":[111,117,87],"product_tag":[],"class_list":{"0":"post-9253","1":"product","2":"type-product","3":"status-publish","4":"has-post-thumbnail","6":"product_cat-yarden-saxophone","7":"product_cat-alto-saxophone","8":"product_cat-sheets-music","9":"pmpro-has-access","11":"first","12":"instock","13":"downloadable","14":"shipping-taxable","15":"purchasable","16":"product-type-simple","17":"entry","18":"content-bg","19":"loop-entry"},"yoast_head":"<!-- This site is optimized with the Yoast SEO Premium plugin v27.0 (Yoast SEO v27.4) - https:\/\/yoast.com\/product\/yoast-seo-premium-wordpress\/ -->\n<title>Esperanza \u2013 Alto Sax Transcription (Yardenn Sax Style, By Ear)<\/title>\n<meta name=\"description\" content=\"Download an educational alto sax transcription of Esperanza \u2013 carefully transcribed by ear for personal use. Ideal for learning, practicing. Instant PDF.\" \/>\n<meta name=\"robots\" content=\"index, follow, max-snippet:-1, max-image-preview:large, max-video-preview:-1\" \/>\n<link rel=\"canonical\" href=\"https:\/\/chrisonsax.com\/fr\/produit\/esperanza-alto-saxophone-education-transcription-oreille\/\" \/>\n<meta property=\"og:locale\" content=\"fr_FR\" \/>\n<meta property=\"og:type\" content=\"article\" \/>\n<meta property=\"og:title\" content=\"Esperanza \u2013 Alto Saxophone Educational Transcription (by ear)\" \/>\n<meta property=\"og:description\" content=\"Download an educational alto sax transcription of Esperanza \u2013 carefully transcribed by ear for personal use. Ideal for learning, practicing. Instant PDF.\" \/>\n<meta property=\"og:url\" content=\"https:\/\/chrisonsax.com\/fr\/produit\/esperanza-alto-saxophone-education-transcription-oreille\/\" \/>\n<meta property=\"og:site_name\" content=\"Saxophonist\" \/>\n<meta property=\"article:publisher\" content=\"https:\/\/www.facebook.com\/christopheonsax\" \/>\n<meta property=\"article:modified_time\" content=\"2026-03-05T06:02:00+00:00\" \/>\n<meta property=\"og:image\" content=\"https:\/\/chrisonsax.com\/wp-content\/uploads\/2025\/04\/Capture-decran-2025-04-22-a-12.23.28.png\" \/>\n\t<meta property=\"og:image:width\" content=\"1988\" \/>\n\t<meta property=\"og:image:height\" content=\"1456\" \/>\n\t<meta property=\"og:image:type\" content=\"image\/png\" \/>\n<meta name=\"twitter:card\" content=\"summary_large_image\" \/>\n<meta name=\"twitter:label1\" content=\"Dur\u00e9e de lecture estim\u00e9e\" \/>\n\t<meta name=\"twitter:data1\" content=\"1 minute\" \/>\n<script type=\"application\/ld+json\" class=\"yoast-schema-graph\">{\"@context\":\"https:\\\/\\\/schema.org\",\"@graph\":[{\"@type\":\"WebPage\",\"@id\":\"https:\\\/\\\/chrisonsax.com\\\/product\\\/esperanza-alto-saxophone-educational-transcription-by-ear\\\/\",\"url\":\"https:\\\/\\\/chrisonsax.com\\\/product\\\/esperanza-alto-saxophone-educational-transcription-by-ear\\\/\",\"name\":\"Esperanza \u2013 Alto Sax Transcription (Yardenn Sax Style, By Ear)\",\"isPartOf\":{\"@id\":\"https:\\\/\\\/chrisonsax.com\\\/#website\"},\"primaryImageOfPage\":{\"@id\":\"https:\\\/\\\/chrisonsax.com\\\/product\\\/esperanza-alto-saxophone-educational-transcription-by-ear\\\/#primaryimage\"},\"image\":{\"@id\":\"https:\\\/\\\/chrisonsax.com\\\/product\\\/esperanza-alto-saxophone-educational-transcription-by-ear\\\/#primaryimage\"},\"thumbnailUrl\":\"https:\\\/\\\/chrisonsax.com\\\/wp-content\\\/uploads\\\/2025\\\/04\\\/Capture-decran-2025-04-22-a-12.23.28.png\",\"datePublished\":\"2025-04-22T08:25:00+00:00\",\"dateModified\":\"2026-03-05T06:02:00+00:00\",\"description\":\"Download an educational alto sax transcription of Esperanza \u2013 carefully transcribed by ear for personal use. Ideal for learning, practicing. Instant PDF.\",\"breadcrumb\":{\"@id\":\"https:\\\/\\\/chrisonsax.com\\\/product\\\/esperanza-alto-saxophone-educational-transcription-by-ear\\\/#breadcrumb\"},\"inLanguage\":\"fr-FR\",\"potentialAction\":[{\"@type\":\"ReadAction\",\"target\":[\"https:\\\/\\\/chrisonsax.com\\\/product\\\/esperanza-alto-saxophone-educational-transcription-by-ear\\\/\"]}]},{\"@type\":\"ImageObject\",\"inLanguage\":\"fr-FR\",\"@id\":\"https:\\\/\\\/chrisonsax.com\\\/product\\\/esperanza-alto-saxophone-educational-transcription-by-ear\\\/#primaryimage\",\"url\":\"https:\\\/\\\/chrisonsax.com\\\/wp-content\\\/uploads\\\/2025\\\/04\\\/Capture-decran-2025-04-22-a-12.23.28.png\",\"contentUrl\":\"https:\\\/\\\/chrisonsax.com\\\/wp-content\\\/uploads\\\/2025\\\/04\\\/Capture-decran-2025-04-22-a-12.23.28.png\",\"width\":1988,\"height\":1456},{\"@type\":\"BreadcrumbList\",\"@id\":\"https:\\\/\\\/chrisonsax.com\\\/product\\\/esperanza-alto-saxophone-educational-transcription-by-ear\\\/#breadcrumb\",\"itemListElement\":[{\"@type\":\"ListItem\",\"position\":1,\"name\":\"Animation cocktail\",\"item\":\"https:\\\/\\\/chrisonsax.com\\\/\"},{\"@type\":\"ListItem\",\"position\":2,\"name\":\"Shop\",\"item\":\"https:\\\/\\\/chrisonsax.com\\\/boutique\\\/\"},{\"@type\":\"ListItem\",\"position\":3,\"name\":\"Esperanza \u2013 Alto Saxophone Educational Transcription (by ear)\"}]},{\"@type\":\"WebSite\",\"@id\":\"https:\\\/\\\/chrisonsax.com\\\/#website\",\"url\":\"https:\\\/\\\/chrisonsax.com\\\/\",\"name\":\"Musicien saxophoniste\",\"description\":\"Cocktail sax Tel : +971 058 542 0635\",\"publisher\":{\"@id\":\"https:\\\/\\\/chrisonsax.com\\\/#organization\"},\"potentialAction\":[{\"@type\":\"SearchAction\",\"target\":{\"@type\":\"EntryPoint\",\"urlTemplate\":\"https:\\\/\\\/chrisonsax.com\\\/?s={search_term_string}\"},\"query-input\":{\"@type\":\"PropertyValueSpecification\",\"valueRequired\":true,\"valueName\":\"search_term_string\"}}],\"inLanguage\":\"fr-FR\"},{\"@type\":\"Organization\",\"@id\":\"https:\\\/\\\/chrisonsax.com\\\/#organization\",\"name\":\"Musicien saxophoniste\",\"url\":\"https:\\\/\\\/chrisonsax.com\\\/\",\"logo\":{\"@type\":\"ImageObject\",\"inLanguage\":\"fr-FR\",\"@id\":\"https:\\\/\\\/chrisonsax.com\\\/#\\\/schema\\\/logo\\\/image\\\/\",\"url\":\"https:\\\/\\\/chrisonsax.com\\\/wp-content\\\/uploads\\\/2021\\\/12\\\/cropped-WhatsApp-Image-2021-08-28-at-13.03.56-2-1-e1674942410642.jpeg\",\"contentUrl\":\"https:\\\/\\\/chrisonsax.com\\\/wp-content\\\/uploads\\\/2021\\\/12\\\/cropped-WhatsApp-Image-2021-08-28-at-13.03.56-2-1-e1674942410642.jpeg\",\"width\":300,\"height\":300,\"caption\":\"Musicien saxophoniste\"},\"image\":{\"@id\":\"https:\\\/\\\/chrisonsax.com\\\/#\\\/schema\\\/logo\\\/image\\\/\"},\"sameAs\":[\"https:\\\/\\\/www.facebook.com\\\/christopheonsax\",\"https:\\\/\\\/www.instagram.com\\\/chris_onsax\\\/\",\"https:\\\/\\\/www.youtube.com\\\/channel\\\/UCPht7xSeaLJ_4FUWV4bUOQg?view_as=subscriber\"]}]}<\/script>\n<!-- \/ Yoast SEO Premium plugin. -->","yoast_head_json":{"title":"Esperanza \u2013 Transcription Sax Alto (Style Yardenn Sax, d\u2019oreille)","description":"\u00e9l\u00e9charge une transcription p\u00e9dagogique pour saxophone alto de \u201cEsperanza\u201d \u2014 soigneusement retranscrite d\u2019oreille pour un usage personnel.","robots":{"index":"index","follow":"follow","max-snippet":"max-snippet:-1","max-image-preview":"max-image-preview:large","max-video-preview":"max-video-preview:-1"},"canonical":"https:\/\/chrisonsax.com\/fr\/produit\/esperanza-alto-saxophone-education-transcription-oreille\/","og_locale":"fr_FR","og_type":"article","og_title":"Esperanza \u2013 Alto Saxophone Educational Transcription (by ear)","og_description":"Download an educational alto sax transcription of Esperanza \u2013 carefully transcribed by ear for personal use. Ideal for learning, practicing. Instant PDF.","og_url":"https:\/\/chrisonsax.com\/fr\/produit\/esperanza-alto-saxophone-education-transcription-oreille\/","og_site_name":"Saxophonist","article_publisher":"https:\/\/www.facebook.com\/christopheonsax","article_modified_time":"2026-03-05T06:02:00+00:00","og_image":[{"width":1988,"height":1456,"url":"https:\/\/chrisonsax.com\/wp-content\/uploads\/2025\/04\/Capture-decran-2025-04-22-a-12.23.28.png","type":"image\/png"}],"twitter_card":"summary_large_image","twitter_misc":{"Dur\u00e9e de lecture estim\u00e9e":"1 minute"},"schema":{"@context":"https:\/\/schema.org","@graph":[{"@type":"WebPage","@id":"https:\/\/chrisonsax.com\/product\/esperanza-alto-saxophone-educational-transcription-by-ear\/","url":"https:\/\/chrisonsax.com\/product\/esperanza-alto-saxophone-educational-transcription-by-ear\/","name":"Esperanza \u2013 Transcription Sax Alto (Style Yardenn Sax, d\u2019oreille)","isPartOf":{"@id":"https:\/\/chrisonsax.com\/#website"},"primaryImageOfPage":{"@id":"https:\/\/chrisonsax.com\/product\/esperanza-alto-saxophone-educational-transcription-by-ear\/#primaryimage"},"image":{"@id":"https:\/\/chrisonsax.com\/product\/esperanza-alto-saxophone-educational-transcription-by-ear\/#primaryimage"},"thumbnailUrl":"https:\/\/chrisonsax.com\/wp-content\/uploads\/2025\/04\/Capture-decran-2025-04-22-a-12.23.28.png","datePublished":"2025-04-22T08:25:00+00:00","dateModified":"2026-03-05T06:02:00+00:00","description":"\u00e9l\u00e9charge une transcription p\u00e9dagogique pour saxophone alto de \u201cEsperanza\u201d \u2014 soigneusement retranscrite d\u2019oreille pour un usage personnel.","breadcrumb":{"@id":"https:\/\/chrisonsax.com\/product\/esperanza-alto-saxophone-educational-transcription-by-ear\/#breadcrumb"},"inLanguage":"fr-FR","potentialAction":[{"@type":"ReadAction","target":["https:\/\/chrisonsax.com\/product\/esperanza-alto-saxophone-educational-transcription-by-ear\/"]}]},{"@type":"ImageObject","inLanguage":"fr-FR","@id":"https:\/\/chrisonsax.com\/product\/esperanza-alto-saxophone-educational-transcription-by-ear\/#primaryimage","url":"https:\/\/chrisonsax.com\/wp-content\/uploads\/2025\/04\/Capture-decran-2025-04-22-a-12.23.28.png","contentUrl":"https:\/\/chrisonsax.com\/wp-content\/uploads\/2025\/04\/Capture-decran-2025-04-22-a-12.23.28.png","width":1988,"height":1456},{"@type":"BreadcrumbList","@id":"https:\/\/chrisonsax.com\/product\/esperanza-alto-saxophone-educational-transcription-by-ear\/#breadcrumb","itemListElement":[{"@type":"ListItem","position":1,"name":"Animation cocktail","item":"https:\/\/chrisonsax.com\/"},{"@type":"ListItem","position":2,"name":"Shop","item":"https:\/\/chrisonsax.com\/boutique\/"},{"@type":"ListItem","position":3,"name":"Esperanza \u2013 Alto Saxophone Educational Transcription (by ear)"}]},{"@type":"WebSite","@id":"https:\/\/chrisonsax.com\/#website","url":"https:\/\/chrisonsax.com\/","name":"Musicien saxophoniste","description":"Cocktail sax Tel : +971 058 542 0635","publisher":{"@id":"https:\/\/chrisonsax.com\/#organization"},"potentialAction":[{"@type":"SearchAction","target":{"@type":"EntryPoint","urlTemplate":"https:\/\/chrisonsax.com\/?s={search_term_string}"},"query-input":{"@type":"PropertyValueSpecification","valueRequired":true,"valueName":"search_term_string"}}],"inLanguage":"fr-FR"},{"@type":"Organization","@id":"https:\/\/chrisonsax.com\/#organization","name":"Musicien saxophoniste","url":"https:\/\/chrisonsax.com\/","logo":{"@type":"ImageObject","inLanguage":"fr-FR","@id":"https:\/\/chrisonsax.com\/#\/schema\/logo\/image\/","url":"https:\/\/chrisonsax.com\/wp-content\/uploads\/2021\/12\/cropped-WhatsApp-Image-2021-08-28-at-13.03.56-2-1-e1674942410642.jpeg","contentUrl":"https:\/\/chrisonsax.com\/wp-content\/uploads\/2021\/12\/cropped-WhatsApp-Image-2021-08-28-at-13.03.56-2-1-e1674942410642.jpeg","width":300,"height":300,"caption":"Musicien saxophoniste"},"image":{"@id":"https:\/\/chrisonsax.com\/#\/schema\/logo\/image\/"},"sameAs":["https:\/\/www.facebook.com\/christopheonsax","https:\/\/www.instagram.com\/chris_onsax\/","https:\/\/www.youtube.com\/channel\/UCPht7xSeaLJ_4FUWV4bUOQg?view_as=subscriber"]}]}},"_links":{"self":[{"href":"https:\/\/chrisonsax.com\/fr\/wp-json\/wp\/v2\/product\/9253","targetHints":{"allow":["GET"]}}],"collection":[{"href":"https:\/\/chrisonsax.com\/fr\/wp-json\/wp\/v2\/product"}],"about":[{"href":"https:\/\/chrisonsax.com\/fr\/wp-json\/wp\/v2\/types\/product"}],"replies":[{"embeddable":true,"href":"https:\/\/chrisonsax.com\/fr\/wp-json\/wp\/v2\/comments?post=9253"}],"wp:featuredmedia":[{"embeddable":true,"href":"https:\/\/chrisonsax.com\/fr\/wp-json\/wp\/v2\/media\/9256"}],"wp:attachment":[{"href":"https:\/\/chrisonsax.com\/fr\/wp-json\/wp\/v2\/media?parent=9253"}],"wp:term":[{"taxonomy":"product_brand","embeddable":true,"href":"https:\/\/chrisonsax.com\/fr\/wp-json\/wp\/v2\/product_brand?post=9253"},{"taxonomy":"product_cat","embeddable":true,"href":"https:\/\/chrisonsax.com\/fr\/wp-json\/wp\/v2\/product_cat?post=9253"},{"taxonomy":"product_tag","embeddable":true,"href":"https:\/\/chrisonsax.com\/fr\/wp-json\/wp\/v2\/product_tag?post=9253"}],"curies":[{"name":"wp","href":"https:\/\/api.w.org\/{rel}","templated":true}]}}