{"id":8612,"date":"2025-03-01T08:35:32","date_gmt":"2025-03-01T08:35:32","guid":{"rendered":"https:\/\/chrisonsax.com\/?post_type=product&#038;p=8612"},"modified":"2026-03-05T06:02:14","modified_gmt":"2026-03-05T06:02:14","slug":"partition-jul-ft-jimmy-sax-ibiza-version-eb-sax-alto-instruments-en-mib","status":"publish","type":"product","link":"https:\/\/chrisonsax.com\/fr\/produit\/partition-ibiza-version-eb-sax-alto-instruments-en-mib\/","title":{"rendered":"Sheet Music - JuL Ft Jimmy Sax - Ibiza (Eb Version - Alto Sax &amp; Eb Instruments)"},"content":{"rendered":"<h1>Partition - JuL Ft Jimmy Sax - Ibiza (Version Eb - Sax Alto &amp; Instruments en Mib)<\/h1>\n<p data-start=\"166\" data-end=\"454\">Plongez dans l\u2019univers \u00e9lectrisant de \u201cIbiza\u201d avec cette partition sp\u00e9cialement arrang\u00e9e pour saxophone alto et instruments en Mib (Eb). Interpr\u00e9t\u00e9 par Jimmy Sax aux c\u00f4t\u00e9s de JuL, ce morceau combine des sonorit\u00e9s estivales et une \u00e9nergie unique, parfait pour enflammer vos performances live ou enrichir votre r\u00e9pertoire musical.<\/p>\n<p data-start=\"456\" data-end=\"549\">\ud83d\udd39 <strong data-start=\"459\" data-end=\"469\">Format :<\/strong>: PDF (Partition digitale)<br data-start=\"496\" data-end=\"499\" \/>\ud83d\udd39 <strong data-start=\"502\" data-end=\"516\">Instrument<\/strong>Saxophone Alto \/ Instruments en Mib<\/p>\n<p data-start=\"551\" data-end=\"674\">Cette partition est une transcription p\u00e9dagogique faite \u00e0 l\u2019oreille pour usage personnel uniquement. Toute redistribution est interdite.<\/p>\n<p data-start=\"737\" data-end=\"850\">Ajoutez cette partition \u00e0 votre collection et laissez-vous porter par le groove envo\u00fbtant de \"Ibiza\" ! \ud83c\udfb7\ud83d\udd25<\/p>","protected":false},"excerpt":{"rendered":"<h1>Partition - JuL Ft Jimmy Sax - Ibiza (Version Eb - Sax Alto &amp; Instruments en Mib)<\/h1>\n<p class=\"\" data-start=\"166\" data-end=\"454\">Plongez dans l\u2019univers \u00e9lectrisant de \u201cIbiza\u201d avec cette partition sp\u00e9cialement arrang\u00e9e pour saxophone alto et instruments en Mib (Eb). Interpr\u00e9t\u00e9 par Jimmy Sax aux c\u00f4t\u00e9s de JuL, ce morceau combine des sonorit\u00e9s estivales et une \u00e9nergie unique, parfait pour enflammer vos performances live ou enrichir votre r\u00e9pertoire musical.<\/p>\n<p class=\"\" data-start=\"456\" data-end=\"549\">\ud83d\udd39 <strong data-start=\"459\" data-end=\"469\">Format :<\/strong>: PDF (Partition digitale)<br data-start=\"496\" data-end=\"499\" \/>\ud83d\udd39 <strong data-start=\"502\" data-end=\"516\">Instrument<\/strong>Saxophone Alto \/ Instruments en Mib<\/p>\n<p class=\"\" data-start=\"551\" data-end=\"674\">Cette partition est une transcription p\u00e9dagogique faite \u00e0 l\u2019oreille pour usage personnel uniquement. Toute redistribution est interdite.<\/p>\n<p data-start=\"737\" data-end=\"850\">Ajoutez cette partition \u00e0 votre collection et laissez-vous porter par le groove envo\u00fbtant de \"Ibiza\" ! \ud83c\udfb7\ud83d\udd25<\/p>","protected":false},"featured_media":8613,"comment_status":"closed","ping_status":"closed","template":"","meta":{"pmpro_default_level":"","_kad_post_transparent":"default","_kad_post_title":"","_kad_post_layout":"default","_kad_post_sidebar_id":"","_kad_post_content_style":"default","_kad_post_vertical_padding":"default","_kad_post_feature":"","_kad_post_feature_position":"","_kad_post_header":false,"_kad_post_footer":false,"_kad_post_classname":""},"product_brand":[],"product_cat":[109,117,87],"product_tag":[],"class_list":{"0":"post-8612","1":"product","2":"type-product","3":"status-publish","4":"has-post-thumbnail","6":"product_cat-jimmy-sax","7":"product_cat-alto-saxophone","8":"product_cat-sheets-music","9":"pmpro-has-access","11":"first","12":"instock","13":"downloadable","14":"shipping-taxable","15":"purchasable","16":"product-type-simple","17":"entry","18":"content-bg","19":"loop-entry"},"yoast_head":"<!-- This site is optimized with the Yoast SEO Premium plugin v27.0 (Yoast SEO v27.4) - https:\/\/yoast.com\/product\/yoast-seo-premium-wordpress\/ -->\n<title>Sheet Music JuL Jimmy Sax -Ibiza (Eb) | Sax Alto &amp; Instruments Eb<\/title>\n<meta name=\"description\" content=\"Download the sheet music for Ibiza \u2013 JuL Ft Jimmy Sax in Eb for Alto Saxophone and Eb instruments. Perfect for passionate musicians!\" \/>\n<meta name=\"robots\" content=\"index, follow, max-snippet:-1, max-image-preview:large, max-video-preview:-1\" \/>\n<link rel=\"canonical\" href=\"https:\/\/chrisonsax.com\/fr\/produit\/partition-ibiza-version-eb-sax-alto-instruments-en-mib\/\" \/>\n<meta property=\"og:locale\" content=\"fr_FR\" \/>\n<meta property=\"og:type\" content=\"article\" \/>\n<meta property=\"og:title\" content=\"Sheet Music \u2013 JuL Ft Jimmy Sax \u2013 Ibiza (Eb Version \u2013 Alto Sax &amp; Eb Instruments)\" \/>\n<meta property=\"og:description\" content=\"Download the sheet music for Ibiza \u2013 JuL Ft Jimmy Sax in Eb for Alto Saxophone and Eb instruments. Perfect for passionate musicians!\" \/>\n<meta property=\"og:url\" content=\"https:\/\/chrisonsax.com\/fr\/produit\/partition-ibiza-version-eb-sax-alto-instruments-en-mib\/\" \/>\n<meta property=\"og:site_name\" content=\"Saxophonist\" \/>\n<meta property=\"article:publisher\" content=\"https:\/\/www.facebook.com\/christopheonsax\" \/>\n<meta property=\"article:modified_time\" content=\"2026-03-05T06:02:14+00:00\" \/>\n<meta property=\"og:image\" content=\"https:\/\/chrisonsax.com\/wp-content\/uploads\/2025\/03\/partition-jul-jimmy-sax-ibiza.jpg\" \/>\n\t<meta property=\"og:image:width\" content=\"500\" \/>\n\t<meta property=\"og:image:height\" content=\"500\" \/>\n\t<meta property=\"og:image:type\" content=\"image\/jpeg\" \/>\n<meta name=\"twitter:card\" content=\"summary_large_image\" \/>\n<meta name=\"twitter:label1\" content=\"Dur\u00e9e de lecture estim\u00e9e\" \/>\n\t<meta name=\"twitter:data1\" content=\"1 minute\" \/>\n<script type=\"application\/ld+json\" class=\"yoast-schema-graph\">{\"@context\":\"https:\\\/\\\/schema.org\",\"@graph\":[{\"@type\":\"WebPage\",\"@id\":\"https:\\\/\\\/chrisonsax.com\\\/product\\\/partition-jul-ft-jimmy-sax-ibiza-version-eb-sax-alto-instruments-en-mib\\\/\",\"url\":\"https:\\\/\\\/chrisonsax.com\\\/product\\\/partition-jul-ft-jimmy-sax-ibiza-version-eb-sax-alto-instruments-en-mib\\\/\",\"name\":\"Sheet Music JuL Jimmy Sax -Ibiza (Eb) | Sax Alto & Instruments Eb\",\"isPartOf\":{\"@id\":\"https:\\\/\\\/chrisonsax.com\\\/#website\"},\"primaryImageOfPage\":{\"@id\":\"https:\\\/\\\/chrisonsax.com\\\/product\\\/partition-jul-ft-jimmy-sax-ibiza-version-eb-sax-alto-instruments-en-mib\\\/#primaryimage\"},\"image\":{\"@id\":\"https:\\\/\\\/chrisonsax.com\\\/product\\\/partition-jul-ft-jimmy-sax-ibiza-version-eb-sax-alto-instruments-en-mib\\\/#primaryimage\"},\"thumbnailUrl\":\"https:\\\/\\\/chrisonsax.com\\\/wp-content\\\/uploads\\\/2025\\\/03\\\/partition-jul-jimmy-sax-ibiza.jpg\",\"datePublished\":\"2025-03-01T08:35:32+00:00\",\"dateModified\":\"2026-03-05T06:02:14+00:00\",\"description\":\"Download the sheet music for Ibiza \u2013 JuL Ft Jimmy Sax in Eb for Alto Saxophone and Eb instruments. Perfect for passionate musicians!\",\"breadcrumb\":{\"@id\":\"https:\\\/\\\/chrisonsax.com\\\/product\\\/partition-jul-ft-jimmy-sax-ibiza-version-eb-sax-alto-instruments-en-mib\\\/#breadcrumb\"},\"inLanguage\":\"fr-FR\",\"potentialAction\":[{\"@type\":\"ReadAction\",\"target\":[\"https:\\\/\\\/chrisonsax.com\\\/product\\\/partition-jul-ft-jimmy-sax-ibiza-version-eb-sax-alto-instruments-en-mib\\\/\"]}]},{\"@type\":\"ImageObject\",\"inLanguage\":\"fr-FR\",\"@id\":\"https:\\\/\\\/chrisonsax.com\\\/product\\\/partition-jul-ft-jimmy-sax-ibiza-version-eb-sax-alto-instruments-en-mib\\\/#primaryimage\",\"url\":\"https:\\\/\\\/chrisonsax.com\\\/wp-content\\\/uploads\\\/2025\\\/03\\\/partition-jul-jimmy-sax-ibiza.jpg\",\"contentUrl\":\"https:\\\/\\\/chrisonsax.com\\\/wp-content\\\/uploads\\\/2025\\\/03\\\/partition-jul-jimmy-sax-ibiza.jpg\",\"width\":500,\"height\":500,\"caption\":\"Partition-JuL-Jimmy-Sax-Ibiza\"},{\"@type\":\"BreadcrumbList\",\"@id\":\"https:\\\/\\\/chrisonsax.com\\\/product\\\/partition-jul-ft-jimmy-sax-ibiza-version-eb-sax-alto-instruments-en-mib\\\/#breadcrumb\",\"itemListElement\":[{\"@type\":\"ListItem\",\"position\":1,\"name\":\"Animation cocktail\",\"item\":\"https:\\\/\\\/chrisonsax.com\\\/\"},{\"@type\":\"ListItem\",\"position\":2,\"name\":\"Shop\",\"item\":\"https:\\\/\\\/chrisonsax.com\\\/boutique\\\/\"},{\"@type\":\"ListItem\",\"position\":3,\"name\":\"Sheet Music \u2013 JuL Ft Jimmy Sax \u2013 Ibiza (Eb Version \u2013 Alto Sax &#038; Eb Instruments)\"}]},{\"@type\":\"WebSite\",\"@id\":\"https:\\\/\\\/chrisonsax.com\\\/#website\",\"url\":\"https:\\\/\\\/chrisonsax.com\\\/\",\"name\":\"Musicien saxophoniste\",\"description\":\"Cocktail sax Tel : +971 058 542 0635\",\"publisher\":{\"@id\":\"https:\\\/\\\/chrisonsax.com\\\/#organization\"},\"potentialAction\":[{\"@type\":\"SearchAction\",\"target\":{\"@type\":\"EntryPoint\",\"urlTemplate\":\"https:\\\/\\\/chrisonsax.com\\\/?s={search_term_string}\"},\"query-input\":{\"@type\":\"PropertyValueSpecification\",\"valueRequired\":true,\"valueName\":\"search_term_string\"}}],\"inLanguage\":\"fr-FR\"},{\"@type\":\"Organization\",\"@id\":\"https:\\\/\\\/chrisonsax.com\\\/#organization\",\"name\":\"Musicien saxophoniste\",\"url\":\"https:\\\/\\\/chrisonsax.com\\\/\",\"logo\":{\"@type\":\"ImageObject\",\"inLanguage\":\"fr-FR\",\"@id\":\"https:\\\/\\\/chrisonsax.com\\\/#\\\/schema\\\/logo\\\/image\\\/\",\"url\":\"https:\\\/\\\/chrisonsax.com\\\/wp-content\\\/uploads\\\/2021\\\/12\\\/cropped-WhatsApp-Image-2021-08-28-at-13.03.56-2-1-e1674942410642.jpeg\",\"contentUrl\":\"https:\\\/\\\/chrisonsax.com\\\/wp-content\\\/uploads\\\/2021\\\/12\\\/cropped-WhatsApp-Image-2021-08-28-at-13.03.56-2-1-e1674942410642.jpeg\",\"width\":300,\"height\":300,\"caption\":\"Musicien saxophoniste\"},\"image\":{\"@id\":\"https:\\\/\\\/chrisonsax.com\\\/#\\\/schema\\\/logo\\\/image\\\/\"},\"sameAs\":[\"https:\\\/\\\/www.facebook.com\\\/christopheonsax\",\"https:\\\/\\\/www.instagram.com\\\/chris_onsax\\\/\",\"https:\\\/\\\/www.youtube.com\\\/channel\\\/UCPht7xSeaLJ_4FUWV4bUOQg?view_as=subscriber\"]}]}<\/script>\n<!-- \/ Yoast SEO Premium plugin. -->","yoast_head_json":{"title":"Partition JuL &amp; Jimmy Sax -Ibiza (Eb) | Sax Alto &amp; Instruments Eb","description":"T\u00e9l\u00e9chargez la partition Ibiza - JuL Ft Jimmy Sax en Eb (Mib) pour saxophone alto et instruments en Mib. Parfait pour les musiciens passionn\u00e9s !","robots":{"index":"index","follow":"follow","max-snippet":"max-snippet:-1","max-image-preview":"max-image-preview:large","max-video-preview":"max-video-preview:-1"},"canonical":"https:\/\/chrisonsax.com\/fr\/produit\/partition-ibiza-version-eb-sax-alto-instruments-en-mib\/","og_locale":"fr_FR","og_type":"article","og_title":"Sheet Music \u2013 JuL Ft Jimmy Sax \u2013 Ibiza (Eb Version \u2013 Alto Sax & Eb Instruments)","og_description":"Download the sheet music for Ibiza \u2013 JuL Ft Jimmy Sax in Eb for Alto Saxophone and Eb instruments. Perfect for passionate musicians!","og_url":"https:\/\/chrisonsax.com\/fr\/produit\/partition-ibiza-version-eb-sax-alto-instruments-en-mib\/","og_site_name":"Saxophonist","article_publisher":"https:\/\/www.facebook.com\/christopheonsax","article_modified_time":"2026-03-05T06:02:14+00:00","og_image":[{"width":500,"height":500,"url":"https:\/\/chrisonsax.com\/wp-content\/uploads\/2025\/03\/partition-jul-jimmy-sax-ibiza.jpg","type":"image\/jpeg"}],"twitter_card":"summary_large_image","twitter_misc":{"Dur\u00e9e de lecture estim\u00e9e":"1 minute"},"schema":{"@context":"https:\/\/schema.org","@graph":[{"@type":"WebPage","@id":"https:\/\/chrisonsax.com\/product\/partition-jul-ft-jimmy-sax-ibiza-version-eb-sax-alto-instruments-en-mib\/","url":"https:\/\/chrisonsax.com\/product\/partition-jul-ft-jimmy-sax-ibiza-version-eb-sax-alto-instruments-en-mib\/","name":"Partition JuL &amp; Jimmy Sax -Ibiza (Eb) | Sax Alto &amp; Instruments Eb","isPartOf":{"@id":"https:\/\/chrisonsax.com\/#website"},"primaryImageOfPage":{"@id":"https:\/\/chrisonsax.com\/product\/partition-jul-ft-jimmy-sax-ibiza-version-eb-sax-alto-instruments-en-mib\/#primaryimage"},"image":{"@id":"https:\/\/chrisonsax.com\/product\/partition-jul-ft-jimmy-sax-ibiza-version-eb-sax-alto-instruments-en-mib\/#primaryimage"},"thumbnailUrl":"https:\/\/chrisonsax.com\/wp-content\/uploads\/2025\/03\/partition-jul-jimmy-sax-ibiza.jpg","datePublished":"2025-03-01T08:35:32+00:00","dateModified":"2026-03-05T06:02:14+00:00","description":"T\u00e9l\u00e9chargez la partition Ibiza - JuL Ft Jimmy Sax en Eb (Mib) pour saxophone alto et instruments en Mib. Parfait pour les musiciens passionn\u00e9s !","breadcrumb":{"@id":"https:\/\/chrisonsax.com\/product\/partition-jul-ft-jimmy-sax-ibiza-version-eb-sax-alto-instruments-en-mib\/#breadcrumb"},"inLanguage":"fr-FR","potentialAction":[{"@type":"ReadAction","target":["https:\/\/chrisonsax.com\/product\/partition-jul-ft-jimmy-sax-ibiza-version-eb-sax-alto-instruments-en-mib\/"]}]},{"@type":"ImageObject","inLanguage":"fr-FR","@id":"https:\/\/chrisonsax.com\/product\/partition-jul-ft-jimmy-sax-ibiza-version-eb-sax-alto-instruments-en-mib\/#primaryimage","url":"https:\/\/chrisonsax.com\/wp-content\/uploads\/2025\/03\/partition-jul-jimmy-sax-ibiza.jpg","contentUrl":"https:\/\/chrisonsax.com\/wp-content\/uploads\/2025\/03\/partition-jul-jimmy-sax-ibiza.jpg","width":500,"height":500,"caption":"Partition-JuL-Jimmy-Sax-Ibiza"},{"@type":"BreadcrumbList","@id":"https:\/\/chrisonsax.com\/product\/partition-jul-ft-jimmy-sax-ibiza-version-eb-sax-alto-instruments-en-mib\/#breadcrumb","itemListElement":[{"@type":"ListItem","position":1,"name":"Animation cocktail","item":"https:\/\/chrisonsax.com\/"},{"@type":"ListItem","position":2,"name":"Shop","item":"https:\/\/chrisonsax.com\/boutique\/"},{"@type":"ListItem","position":3,"name":"Sheet Music \u2013 JuL Ft Jimmy Sax \u2013 Ibiza (Eb Version \u2013 Alto Sax &#038; Eb Instruments)"}]},{"@type":"WebSite","@id":"https:\/\/chrisonsax.com\/#website","url":"https:\/\/chrisonsax.com\/","name":"Musicien saxophoniste","description":"Cocktail sax Tel : +971 058 542 0635","publisher":{"@id":"https:\/\/chrisonsax.com\/#organization"},"potentialAction":[{"@type":"SearchAction","target":{"@type":"EntryPoint","urlTemplate":"https:\/\/chrisonsax.com\/?s={search_term_string}"},"query-input":{"@type":"PropertyValueSpecification","valueRequired":true,"valueName":"search_term_string"}}],"inLanguage":"fr-FR"},{"@type":"Organization","@id":"https:\/\/chrisonsax.com\/#organization","name":"Musicien saxophoniste","url":"https:\/\/chrisonsax.com\/","logo":{"@type":"ImageObject","inLanguage":"fr-FR","@id":"https:\/\/chrisonsax.com\/#\/schema\/logo\/image\/","url":"https:\/\/chrisonsax.com\/wp-content\/uploads\/2021\/12\/cropped-WhatsApp-Image-2021-08-28-at-13.03.56-2-1-e1674942410642.jpeg","contentUrl":"https:\/\/chrisonsax.com\/wp-content\/uploads\/2021\/12\/cropped-WhatsApp-Image-2021-08-28-at-13.03.56-2-1-e1674942410642.jpeg","width":300,"height":300,"caption":"Musicien saxophoniste"},"image":{"@id":"https:\/\/chrisonsax.com\/#\/schema\/logo\/image\/"},"sameAs":["https:\/\/www.facebook.com\/christopheonsax","https:\/\/www.instagram.com\/chris_onsax\/","https:\/\/www.youtube.com\/channel\/UCPht7xSeaLJ_4FUWV4bUOQg?view_as=subscriber"]}]}},"_links":{"self":[{"href":"https:\/\/chrisonsax.com\/fr\/wp-json\/wp\/v2\/product\/8612","targetHints":{"allow":["GET"]}}],"collection":[{"href":"https:\/\/chrisonsax.com\/fr\/wp-json\/wp\/v2\/product"}],"about":[{"href":"https:\/\/chrisonsax.com\/fr\/wp-json\/wp\/v2\/types\/product"}],"replies":[{"embeddable":true,"href":"https:\/\/chrisonsax.com\/fr\/wp-json\/wp\/v2\/comments?post=8612"}],"wp:featuredmedia":[{"embeddable":true,"href":"https:\/\/chrisonsax.com\/fr\/wp-json\/wp\/v2\/media\/8613"}],"wp:attachment":[{"href":"https:\/\/chrisonsax.com\/fr\/wp-json\/wp\/v2\/media?parent=8612"}],"wp:term":[{"taxonomy":"product_brand","embeddable":true,"href":"https:\/\/chrisonsax.com\/fr\/wp-json\/wp\/v2\/product_brand?post=8612"},{"taxonomy":"product_cat","embeddable":true,"href":"https:\/\/chrisonsax.com\/fr\/wp-json\/wp\/v2\/product_cat?post=8612"},{"taxonomy":"product_tag","embeddable":true,"href":"https:\/\/chrisonsax.com\/fr\/wp-json\/wp\/v2\/product_tag?post=8612"}],"curies":[{"name":"wp","href":"https:\/\/api.w.org\/{rel}","templated":true}]}}