{"id":8538,"date":"2025-02-25T09:53:13","date_gmt":"2025-02-25T09:53:13","guid":{"rendered":"https:\/\/chrisonsax.com\/?post_type=product&#038;p=8538"},"modified":"2026-02-24T17:36:23","modified_gmt":"2026-02-24T17:36:23","slug":"cours-individuel-1h","status":"publish","type":"product","link":"https:\/\/chrisonsax.com\/fr\/produit\/cours-solol-1h\/","title":{"rendered":"Cours individuel (1h)"},"content":{"rendered":"<p data-start=\"587\" data-end=\"929\">\ud83d\udccc <strong data-start=\"590\" data-end=\"621\">Pourquoi choisir ce cours ?<\/strong><br data-start=\"621\" data-end=\"624\" \/>\u2714 Apprentissage rapide et efficace, sans prise de t\u00eate.<br data-start=\"679\" data-end=\"682\" \/>\u2714 Exercices adapt\u00e9s \u00e0 votre niveau et \u00e0 vos objectifs.<br data-start=\"736\" data-end=\"739\" \/>\u2714 Travail sur la technique, le souffle et l'interpr\u00e9tation.<br data-start=\"798\" data-end=\"801\" \/>\u2714 Possibilit\u00e9 de choisir un style : jazz, blues, pop, funk.<br data-start=\"860\" data-end=\"863\" \/>\u2714 Disponible <strong data-start=\"876\" data-end=\"901\">en pr\u00e9sentiel \u00e0 Duba\u00ef<\/strong> ou <strong data-start=\"905\" data-end=\"926\">en ligne via Zoom<\/strong>.<\/p>\n<p data-start=\"931\" data-end=\"957\">\ud83d\udccd <strong data-start=\"934\" data-end=\"955\">Format du cours :<\/strong><\/p>\n<ul data-start=\"958\" data-end=\"1121\">\n<li data-start=\"958\" data-end=\"981\"><strong data-start=\"960\" data-end=\"969\">Dur\u00e9e<\/strong> : 1 heure<\/li>\n<li data-start=\"982\" data-end=\"1037\"><strong data-start=\"984\" data-end=\"992\">Lieu<\/strong> : \u00c0 domicile (Duba\u00ef) ou en visioconf\u00e9rence<\/li>\n<li data-start=\"1038\" data-end=\"1121\"><strong data-start=\"1040\" data-end=\"1059\">Mat\u00e9riel requis<\/strong> : Saxophone (je peux vous conseiller pour l'achat\/location)<\/li>\n<\/ul>\n<p data-start=\"1123\" data-end=\"1182\">\ud83d\udcb3 <strong data-start=\"1126\" data-end=\"1145\">Tarif : 200 AED<\/strong><br data-start=\"1145\" data-end=\"1148\" \/>\ud83d\udcc5 <strong data-start=\"1151\" data-end=\"1180\">R\u00e9servez d\u00e8s maintenant !<\/strong><\/p>","protected":false},"excerpt":{"rendered":"<h2>Cours individuel (1h)<\/h2>\n<p>Apprenez le saxophone avec une m\u00e9thode moderne et efficace. Cours priv\u00e9 d'une heure, adapt\u00e9 aux d\u00e9butants et interm\u00e9diaires, en pr\u00e9sentiel \u00e0 Duba\u00ef ou en ligne.<\/p>\n<p>Contactez moi par Whatsapp +971 58 542 0635<\/p>","protected":false},"featured_media":8471,"comment_status":"closed","ping_status":"closed","template":"","meta":{"pmpro_default_level":"","_kad_post_transparent":"default","_kad_post_title":"","_kad_post_layout":"default","_kad_post_sidebar_id":"","_kad_post_content_style":"default","_kad_post_vertical_padding":"default","_kad_post_feature":"","_kad_post_feature_position":"","_kad_post_header":false,"_kad_post_footer":false,"_kad_post_classname":""},"product_brand":[],"product_cat":[98],"product_tag":[],"class_list":{"0":"post-8538","1":"product","2":"type-product","3":"status-publish","4":"has-post-thumbnail","6":"product_cat-lessons","7":"pmpro-has-access","9":"first","10":"instock","11":"shipping-taxable","12":"purchasable","13":"product-type-simple","14":"entry","15":"content-bg","16":"loop-entry"},"yoast_head":"<!-- This site is optimized with the Yoast SEO Premium plugin v27.0 (Yoast SEO v27.4) - https:\/\/yoast.com\/product\/yoast-seo-premium-wordpress\/ -->\n<title>Cours Priv\u00e9 de Saxophone \u00e0 Duba\u00ef \u2013 1h en Pr\u00e9sentiel ou en Ligne<\/title>\n<meta name=\"description\" content=\"Apprenez le saxophone avec un musicien professionnel. Cours priv\u00e9 de 1h \u00e0 Duba\u00ef ou en ligne. D\u00e9butants &amp; interm\u00e9diaires. R\u00e9servez votre session!\" \/>\n<meta name=\"robots\" content=\"index, follow, max-snippet:-1, max-image-preview:large, max-video-preview:-1\" \/>\n<link rel=\"canonical\" href=\"https:\/\/chrisonsax.com\/fr\/produit\/cours-solol-1h\/\" \/>\n<meta property=\"og:locale\" content=\"fr_FR\" \/>\n<meta property=\"og:type\" content=\"article\" \/>\n<meta property=\"og:title\" content=\"Cours individuel (1h)\" \/>\n<meta property=\"og:description\" content=\"Apprenez le saxophone avec un musicien professionnel. Cours priv\u00e9 de 1h \u00e0 Duba\u00ef ou en ligne. D\u00e9butants &amp; interm\u00e9diaires. R\u00e9servez votre session!\" \/>\n<meta property=\"og:url\" content=\"https:\/\/chrisonsax.com\/fr\/produit\/cours-solol-1h\/\" \/>\n<meta property=\"og:site_name\" content=\"Saxophonist\" \/>\n<meta property=\"article:publisher\" content=\"https:\/\/www.facebook.com\/christopheonsax\" \/>\n<meta property=\"article:modified_time\" content=\"2026-02-24T17:36:23+00:00\" \/>\n<meta property=\"og:image\" content=\"https:\/\/chrisonsax.com\/wp-content\/uploads\/2025\/02\/21.jpg\" \/>\n\t<meta property=\"og:image:width\" content=\"500\" \/>\n\t<meta property=\"og:image:height\" content=\"500\" \/>\n\t<meta property=\"og:image:type\" content=\"image\/jpeg\" \/>\n<meta name=\"twitter:card\" content=\"summary_large_image\" \/>\n<meta name=\"twitter:label1\" content=\"Dur\u00e9e de lecture estim\u00e9e\" \/>\n\t<meta name=\"twitter:data1\" content=\"1 minute\" \/>\n<script type=\"application\/ld+json\" class=\"yoast-schema-graph\">{\"@context\":\"https:\\\/\\\/schema.org\",\"@graph\":[{\"@type\":\"WebPage\",\"@id\":\"https:\\\/\\\/chrisonsax.com\\\/product\\\/cours-individuel-1h\\\/\",\"url\":\"https:\\\/\\\/chrisonsax.com\\\/product\\\/cours-individuel-1h\\\/\",\"name\":\"Cours Priv\u00e9 de Saxophone \u00e0 Duba\u00ef \u2013 1h en Pr\u00e9sentiel ou en Ligne\",\"isPartOf\":{\"@id\":\"https:\\\/\\\/chrisonsax.com\\\/#website\"},\"primaryImageOfPage\":{\"@id\":\"https:\\\/\\\/chrisonsax.com\\\/product\\\/cours-individuel-1h\\\/#primaryimage\"},\"image\":{\"@id\":\"https:\\\/\\\/chrisonsax.com\\\/product\\\/cours-individuel-1h\\\/#primaryimage\"},\"thumbnailUrl\":\"https:\\\/\\\/chrisonsax.com\\\/wp-content\\\/uploads\\\/2025\\\/02\\\/21.jpg\",\"datePublished\":\"2025-02-25T09:53:13+00:00\",\"dateModified\":\"2026-02-24T17:36:23+00:00\",\"description\":\"Apprenez le saxophone avec un musicien professionnel. Cours priv\u00e9 de 1h \u00e0 Duba\u00ef ou en ligne. D\u00e9butants & interm\u00e9diaires. R\u00e9servez votre session!\",\"breadcrumb\":{\"@id\":\"https:\\\/\\\/chrisonsax.com\\\/product\\\/cours-individuel-1h\\\/#breadcrumb\"},\"inLanguage\":\"fr-FR\",\"potentialAction\":[{\"@type\":\"ReadAction\",\"target\":[\"https:\\\/\\\/chrisonsax.com\\\/product\\\/cours-individuel-1h\\\/\"]}]},{\"@type\":\"ImageObject\",\"inLanguage\":\"fr-FR\",\"@id\":\"https:\\\/\\\/chrisonsax.com\\\/product\\\/cours-individuel-1h\\\/#primaryimage\",\"url\":\"https:\\\/\\\/chrisonsax.com\\\/wp-content\\\/uploads\\\/2025\\\/02\\\/21.jpg\",\"contentUrl\":\"https:\\\/\\\/chrisonsax.com\\\/wp-content\\\/uploads\\\/2025\\\/02\\\/21.jpg\",\"width\":500,\"height\":500,\"caption\":\"cours-saxophone-dubai\"},{\"@type\":\"BreadcrumbList\",\"@id\":\"https:\\\/\\\/chrisonsax.com\\\/product\\\/cours-individuel-1h\\\/#breadcrumb\",\"itemListElement\":[{\"@type\":\"ListItem\",\"position\":1,\"name\":\"Animation cocktail\",\"item\":\"https:\\\/\\\/chrisonsax.com\\\/\"},{\"@type\":\"ListItem\",\"position\":2,\"name\":\"Shop\",\"item\":\"https:\\\/\\\/chrisonsax.com\\\/boutique\\\/\"},{\"@type\":\"ListItem\",\"position\":3,\"name\":\"Cours individuel (1h)\"}]},{\"@type\":\"WebSite\",\"@id\":\"https:\\\/\\\/chrisonsax.com\\\/#website\",\"url\":\"https:\\\/\\\/chrisonsax.com\\\/\",\"name\":\"Musicien saxophoniste\",\"description\":\"Cocktail sax Tel : +971 058 542 0635\",\"publisher\":{\"@id\":\"https:\\\/\\\/chrisonsax.com\\\/#organization\"},\"potentialAction\":[{\"@type\":\"SearchAction\",\"target\":{\"@type\":\"EntryPoint\",\"urlTemplate\":\"https:\\\/\\\/chrisonsax.com\\\/?s={search_term_string}\"},\"query-input\":{\"@type\":\"PropertyValueSpecification\",\"valueRequired\":true,\"valueName\":\"search_term_string\"}}],\"inLanguage\":\"fr-FR\"},{\"@type\":\"Organization\",\"@id\":\"https:\\\/\\\/chrisonsax.com\\\/#organization\",\"name\":\"Musicien saxophoniste\",\"url\":\"https:\\\/\\\/chrisonsax.com\\\/\",\"logo\":{\"@type\":\"ImageObject\",\"inLanguage\":\"fr-FR\",\"@id\":\"https:\\\/\\\/chrisonsax.com\\\/#\\\/schema\\\/logo\\\/image\\\/\",\"url\":\"https:\\\/\\\/chrisonsax.com\\\/wp-content\\\/uploads\\\/2021\\\/12\\\/cropped-WhatsApp-Image-2021-08-28-at-13.03.56-2-1-e1674942410642.jpeg\",\"contentUrl\":\"https:\\\/\\\/chrisonsax.com\\\/wp-content\\\/uploads\\\/2021\\\/12\\\/cropped-WhatsApp-Image-2021-08-28-at-13.03.56-2-1-e1674942410642.jpeg\",\"width\":300,\"height\":300,\"caption\":\"Musicien saxophoniste\"},\"image\":{\"@id\":\"https:\\\/\\\/chrisonsax.com\\\/#\\\/schema\\\/logo\\\/image\\\/\"},\"sameAs\":[\"https:\\\/\\\/www.facebook.com\\\/christopheonsax\",\"https:\\\/\\\/www.instagram.com\\\/chris_onsax\\\/\",\"https:\\\/\\\/www.youtube.com\\\/channel\\\/UCPht7xSeaLJ_4FUWV4bUOQg?view_as=subscriber\"]}]}<\/script>\n<!-- \/ Yoast SEO Premium plugin. -->","yoast_head_json":{"title":"Cours Priv\u00e9 de Saxophone \u00e0 Duba\u00ef - 1h en Pr\u00e9sentiel ou en Ligne","description":"Apprenez le saxophone avec un musicien professionnel. Cours priv\u00e9 de 1h \u00e0 Duba\u00ef ou en ligne. D\u00e9butants &amp; interm\u00e9diaires. R\u00e9servez votre session !","robots":{"index":"index","follow":"follow","max-snippet":"max-snippet:-1","max-image-preview":"max-image-preview:large","max-video-preview":"max-video-preview:-1"},"canonical":"https:\/\/chrisonsax.com\/fr\/produit\/cours-solol-1h\/","og_locale":"fr_FR","og_type":"article","og_title":"Cours individuel (1h)","og_description":"Apprenez le saxophone avec un musicien professionnel. Cours priv\u00e9 de 1h \u00e0 Duba\u00ef ou en ligne. D\u00e9butants & interm\u00e9diaires. R\u00e9servez votre session!","og_url":"https:\/\/chrisonsax.com\/fr\/produit\/cours-solol-1h\/","og_site_name":"Saxophonist","article_publisher":"https:\/\/www.facebook.com\/christopheonsax","article_modified_time":"2026-02-24T17:36:23+00:00","og_image":[{"width":500,"height":500,"url":"https:\/\/chrisonsax.com\/wp-content\/uploads\/2025\/02\/21.jpg","type":"image\/jpeg"}],"twitter_card":"summary_large_image","twitter_misc":{"Dur\u00e9e de lecture estim\u00e9e":"1 minute"},"schema":{"@context":"https:\/\/schema.org","@graph":[{"@type":"WebPage","@id":"https:\/\/chrisonsax.com\/product\/cours-individuel-1h\/","url":"https:\/\/chrisonsax.com\/product\/cours-individuel-1h\/","name":"Cours Priv\u00e9 de Saxophone \u00e0 Duba\u00ef - 1h en Pr\u00e9sentiel ou en Ligne","isPartOf":{"@id":"https:\/\/chrisonsax.com\/#website"},"primaryImageOfPage":{"@id":"https:\/\/chrisonsax.com\/product\/cours-individuel-1h\/#primaryimage"},"image":{"@id":"https:\/\/chrisonsax.com\/product\/cours-individuel-1h\/#primaryimage"},"thumbnailUrl":"https:\/\/chrisonsax.com\/wp-content\/uploads\/2025\/02\/21.jpg","datePublished":"2025-02-25T09:53:13+00:00","dateModified":"2026-02-24T17:36:23+00:00","description":"Apprenez le saxophone avec un musicien professionnel. Cours priv\u00e9 de 1h \u00e0 Duba\u00ef ou en ligne. D\u00e9butants &amp; interm\u00e9diaires. R\u00e9servez votre session !","breadcrumb":{"@id":"https:\/\/chrisonsax.com\/product\/cours-individuel-1h\/#breadcrumb"},"inLanguage":"fr-FR","potentialAction":[{"@type":"ReadAction","target":["https:\/\/chrisonsax.com\/product\/cours-individuel-1h\/"]}]},{"@type":"ImageObject","inLanguage":"fr-FR","@id":"https:\/\/chrisonsax.com\/product\/cours-individuel-1h\/#primaryimage","url":"https:\/\/chrisonsax.com\/wp-content\/uploads\/2025\/02\/21.jpg","contentUrl":"https:\/\/chrisonsax.com\/wp-content\/uploads\/2025\/02\/21.jpg","width":500,"height":500,"caption":"cours-saxophone-dubai"},{"@type":"BreadcrumbList","@id":"https:\/\/chrisonsax.com\/product\/cours-individuel-1h\/#breadcrumb","itemListElement":[{"@type":"ListItem","position":1,"name":"Animation cocktail","item":"https:\/\/chrisonsax.com\/"},{"@type":"ListItem","position":2,"name":"Shop","item":"https:\/\/chrisonsax.com\/boutique\/"},{"@type":"ListItem","position":3,"name":"Cours individuel (1h)"}]},{"@type":"WebSite","@id":"https:\/\/chrisonsax.com\/#website","url":"https:\/\/chrisonsax.com\/","name":"Musicien saxophoniste","description":"Cocktail sax Tel : +971 058 542 0635","publisher":{"@id":"https:\/\/chrisonsax.com\/#organization"},"potentialAction":[{"@type":"SearchAction","target":{"@type":"EntryPoint","urlTemplate":"https:\/\/chrisonsax.com\/?s={search_term_string}"},"query-input":{"@type":"PropertyValueSpecification","valueRequired":true,"valueName":"search_term_string"}}],"inLanguage":"fr-FR"},{"@type":"Organization","@id":"https:\/\/chrisonsax.com\/#organization","name":"Musicien saxophoniste","url":"https:\/\/chrisonsax.com\/","logo":{"@type":"ImageObject","inLanguage":"fr-FR","@id":"https:\/\/chrisonsax.com\/#\/schema\/logo\/image\/","url":"https:\/\/chrisonsax.com\/wp-content\/uploads\/2021\/12\/cropped-WhatsApp-Image-2021-08-28-at-13.03.56-2-1-e1674942410642.jpeg","contentUrl":"https:\/\/chrisonsax.com\/wp-content\/uploads\/2021\/12\/cropped-WhatsApp-Image-2021-08-28-at-13.03.56-2-1-e1674942410642.jpeg","width":300,"height":300,"caption":"Musicien saxophoniste"},"image":{"@id":"https:\/\/chrisonsax.com\/#\/schema\/logo\/image\/"},"sameAs":["https:\/\/www.facebook.com\/christopheonsax","https:\/\/www.instagram.com\/chris_onsax\/","https:\/\/www.youtube.com\/channel\/UCPht7xSeaLJ_4FUWV4bUOQg?view_as=subscriber"]}]}},"_links":{"self":[{"href":"https:\/\/chrisonsax.com\/fr\/wp-json\/wp\/v2\/product\/8538","targetHints":{"allow":["GET"]}}],"collection":[{"href":"https:\/\/chrisonsax.com\/fr\/wp-json\/wp\/v2\/product"}],"about":[{"href":"https:\/\/chrisonsax.com\/fr\/wp-json\/wp\/v2\/types\/product"}],"replies":[{"embeddable":true,"href":"https:\/\/chrisonsax.com\/fr\/wp-json\/wp\/v2\/comments?post=8538"}],"wp:featuredmedia":[{"embeddable":true,"href":"https:\/\/chrisonsax.com\/fr\/wp-json\/wp\/v2\/media\/8471"}],"wp:attachment":[{"href":"https:\/\/chrisonsax.com\/fr\/wp-json\/wp\/v2\/media?parent=8538"}],"wp:term":[{"taxonomy":"product_brand","embeddable":true,"href":"https:\/\/chrisonsax.com\/fr\/wp-json\/wp\/v2\/product_brand?post=8538"},{"taxonomy":"product_cat","embeddable":true,"href":"https:\/\/chrisonsax.com\/fr\/wp-json\/wp\/v2\/product_cat?post=8538"},{"taxonomy":"product_tag","embeddable":true,"href":"https:\/\/chrisonsax.com\/fr\/wp-json\/wp\/v2\/product_tag?post=8538"}],"curies":[{"name":"wp","href":"https:\/\/api.w.org\/{rel}","templated":true}]}}