{"id":8365,"date":"2025-01-31T06:36:34","date_gmt":"2025-01-31T06:36:34","guid":{"rendered":"https:\/\/chrisonsax.com\/?post_type=product&#038;p=8365"},"modified":"2026-03-31T08:45:04","modified_gmt":"2026-03-31T08:45:04","slug":"backing-track-miracle-de-jimmy-sax-version-eb-saxophone-alto-instruments-en-mib","status":"publish","type":"product","link":"https:\/\/chrisonsax.com\/fr\/produit\/backing-track-miracle-de-jimmy-sax-version-eb-saxophone-alto-instruments-en-mib\/","title":{"rendered":"Backing Track - \"Miracle\" de Jimmy Sax (Version Eb - Saxophone Alto &amp; Instruments en Mib)"},"content":{"rendered":"<h1>Bande d'accompagnement Miracle Jimmy Sax Sax saxophone alto mib<\/h1>\n<p data-start=\"335\" data-end=\"430\">Jouez \u201c Miracle \u201d de Jimmy Sax avec une piste d'accompagnement con\u00e7ue pour les instruments en Mi\u266d (saxophone alto et plus). Ceci est une <strong data-start=\"442\" data-end=\"480\">piste d'accompagnement reconstruite sur mesure<\/strong>, cr\u00e9\u00e9 pour la pratique et la performance. <strong data-start=\"521\" data-end=\"554\">Pas un instrumental officiel.<\/strong><\/p>\n<hr data-start=\"556\" data-end=\"559\" \/>\n<p data-start=\"561\" data-end=\"581\"><strong data-start=\"561\" data-end=\"581\">D\u00e9tails audio<\/strong><\/p>\n<ul data-start=\"582\" data-end=\"692\">\n<li data-section-id=\"1y9z6z\" data-start=\"582\" data-end=\"609\">Format MP3 de haute qualit\u00e9<\/li>\n<li data-section-id=\"s9bzxh\" data-start=\"610\" data-end=\"639\">Tonalit\u00e9 et tempo d'origine (Mi b\u00e9mol)<\/li>\n<li data-section-id=\"kyr5k7\" data-start=\"640\" data-end=\"692\">Saxophone retir\u00e9 pour une exp\u00e9rience compl\u00e8te d'accompagnement<\/li>\n<\/ul>\n<hr data-start=\"694\" data-end=\"697\" \/>\n<p data-start=\"699\" data-end=\"716\"><strong data-start=\"699\" data-end=\"716\">Production<\/strong><\/p>\n<ul data-start=\"717\" data-end=\"819\">\n<li data-section-id=\"14769ro\" data-start=\"717\" data-end=\"758\">Batterie et basse pr\u00e9serv\u00e9es dans la mesure du possible<\/li>\n<li data-section-id=\"1qhuh52\" data-start=\"759\" data-end=\"819\">D'autres instruments recr\u00e9\u00e9s avec soin pour un mix \u00e9quilibr\u00e9<\/li>\n<\/ul>\n<hr data-start=\"821\" data-end=\"824\" \/>\n<p data-start=\"826\" data-end=\"844\"><strong data-start=\"826\" data-end=\"844\">\ud83c\udfaf Parfait pour<\/strong><\/p>\n<ul data-start=\"845\" data-end=\"957\">\n<li data-section-id=\"136ysou\" data-start=\"845\" data-end=\"866\">S\u00e9ances d'entra\u00eenement<\/li>\n<li data-section-id=\"1mb0tgf\" data-start=\"867\" data-end=\"899\">Pr\u00e9paration de spectacle en direct<\/li>\n<li data-section-id=\"x5qqyy\" data-start=\"900\" data-end=\"957\">Musiciens cherchant une version jouable du morceau<\/li>\n<\/ul>\n<hr data-start=\"959\" data-end=\"962\" \/>\n<p data-start=\"964\" data-end=\"1046\">\ud83d\udd25 Donnez vie \u00e0 votre saxophone avec cette version dynamique de \u201cMiracle\u201d en play-along.<\/p>\n<p data-start=\"1048\" data-end=\"1082\">T\u00e9l\u00e9chargez maintenant et commencez \u00e0 jouer.<\/p>","protected":false},"excerpt":{"rendered":"<h1>Bande d'accompagnement Miracle Jimmy Sax Sax saxophone alto mib<\/h1>\n<p data-start=\"335\" data-end=\"430\">Jouez \u201c Miracle \u201d de Jimmy Sax avec une piste d'accompagnement con\u00e7ue pour les instruments en Mi\u266d (saxophone alto et plus). Ceci est une <strong data-start=\"442\" data-end=\"480\">piste d'accompagnement reconstruite sur mesure<\/strong>, cr\u00e9\u00e9 pour la pratique et la performance. <strong data-start=\"521\" data-end=\"554\">Pas un instrumental officiel.<\/strong><\/p>\n<hr data-start=\"556\" data-end=\"559\" \/>\n<p data-start=\"561\" data-end=\"581\"><strong data-start=\"561\" data-end=\"581\">D\u00e9tails audio<\/strong><\/p>\n<ul data-start=\"582\" data-end=\"692\">\n<li data-section-id=\"1y9z6z\" data-start=\"582\" data-end=\"609\">Format MP3 de haute qualit\u00e9<\/li>\n<li data-section-id=\"s9bzxh\" data-start=\"610\" data-end=\"639\">Tonalit\u00e9 et tempo d'origine (Mi b\u00e9mol)<\/li>\n<li data-section-id=\"kyr5k7\" data-start=\"640\" data-end=\"692\">Saxophone retir\u00e9 pour une exp\u00e9rience compl\u00e8te d'accompagnement<\/li>\n<\/ul>\n<hr data-start=\"694\" data-end=\"697\" \/>\n<p data-start=\"699\" data-end=\"716\"><strong data-start=\"699\" data-end=\"716\">Production<\/strong><\/p>\n<ul data-start=\"717\" data-end=\"819\">\n<li data-section-id=\"14769ro\" data-start=\"717\" data-end=\"758\">Batterie et basse pr\u00e9serv\u00e9es dans la mesure du possible<\/li>\n<li data-section-id=\"1qhuh52\" data-start=\"759\" data-end=\"819\">D'autres instruments recr\u00e9\u00e9s avec soin pour un mix \u00e9quilibr\u00e9<\/li>\n<\/ul>\n<hr data-start=\"821\" data-end=\"824\" \/>\n<p data-start=\"826\" data-end=\"844\"><strong data-start=\"826\" data-end=\"844\">\ud83c\udfaf Parfait pour<\/strong><\/p>\n<ul data-start=\"845\" data-end=\"957\">\n<li data-section-id=\"136ysou\" data-start=\"845\" data-end=\"866\">S\u00e9ances d'entra\u00eenement<\/li>\n<li data-section-id=\"1mb0tgf\" data-start=\"867\" data-end=\"899\">Pr\u00e9paration de spectacle en direct<\/li>\n<li data-section-id=\"x5qqyy\" data-start=\"900\" data-end=\"957\">Musiciens cherchant une version jouable du morceau<\/li>\n<\/ul>\n<hr data-start=\"959\" data-end=\"962\" \/>\n<p data-start=\"964\" data-end=\"1046\">\ud83d\udd25 Donnez vie \u00e0 votre saxophone avec cette version dynamique de \u201cMiracle\u201d en play-along.<\/p>\n<p data-start=\"1048\" data-end=\"1082\">T\u00e9l\u00e9chargez maintenant et commencez \u00e0 jouer.<\/p>\n<p>Ecoutez un extrait !<\/p>\n<p><audio class=\"wp-audio-shortcode\" id=\"audio-8365-1\" preload=\"none\" style=\"width: 100%;\" controls=\"controls\"><source type=\"audio\/mpeg\" src=\"https:\/\/chrisonsax.com\/wp-content\/uploads\/2025\/01\/Extrait-Miracle.mp3?_=1\" \/><a href=\"https:\/\/chrisonsax.com\/wp-content\/uploads\/2025\/01\/Extrait-Miracle.mp3\">https:\/\/chrisonsax.com\/wp-content\/uploads\/2025\/01\/Extrait-Miracle.mp3<\/a><\/audio><\/p>","protected":false},"featured_media":5656,"comment_status":"closed","ping_status":"closed","template":"","meta":{"pmpro_default_level":"","_kad_post_transparent":"default","_kad_post_title":"","_kad_post_layout":"default","_kad_post_sidebar_id":"","_kad_post_content_style":"default","_kad_post_vertical_padding":"default","_kad_post_feature":"","_kad_post_feature_position":"","_kad_post_header":false,"_kad_post_footer":false,"_kad_post_classname":""},"product_brand":[],"product_cat":[95],"product_tag":[],"class_list":{"0":"post-8365","1":"product","2":"type-product","3":"status-publish","4":"has-post-thumbnail","6":"product_cat-backingtrack","7":"pmpro-has-access","9":"first","10":"instock","11":"downloadable","12":"shipping-taxable","13":"purchasable","14":"product-type-simple","15":"entry","16":"content-bg","17":"loop-entry"},"yoast_head":"<!-- This site is optimized with the Yoast SEO Premium plugin v27.0 (Yoast SEO v27.4) - https:\/\/yoast.com\/product\/yoast-seo-premium-wordpress\/ -->\n<title>Backing Track &quot;Miracle&quot; - Jimmy Sax | Version Eb (Sax Alto) MP3<\/title>\n<meta name=\"description\" content=\"T\u00e9l\u00e9chargez le backing track &quot;Miracle&quot; de Jimmy Sax en version Eb pour saxophone alto. Accompagnement instrumental sans sax, fid\u00e8le \u00e0 l\u2019original.\" \/>\n<meta name=\"robots\" content=\"index, follow, max-snippet:-1, max-image-preview:large, max-video-preview:-1\" \/>\n<link rel=\"canonical\" href=\"https:\/\/chrisonsax.com\/fr\/produit\/backing-track-miracle-de-jimmy-sax-version-eb-saxophone-alto-instruments-en-mib\/\" \/>\n<meta property=\"og:locale\" content=\"fr_FR\" \/>\n<meta property=\"og:type\" content=\"article\" \/>\n<meta property=\"og:title\" content=\"Backing Track - &quot;Miracle&quot; de Jimmy Sax (Version Eb - Saxophone Alto &amp; Instruments en Mib)\" \/>\n<meta property=\"og:description\" content=\"T\u00e9l\u00e9chargez le backing track &quot;Miracle&quot; de Jimmy Sax en version Eb pour saxophone alto. Accompagnement instrumental sans sax, fid\u00e8le \u00e0 l\u2019original.\" \/>\n<meta property=\"og:url\" content=\"https:\/\/chrisonsax.com\/fr\/produit\/backing-track-miracle-de-jimmy-sax-version-eb-saxophone-alto-instruments-en-mib\/\" \/>\n<meta property=\"og:site_name\" content=\"Saxophonist\" \/>\n<meta property=\"article:publisher\" content=\"https:\/\/www.facebook.com\/christopheonsax\" \/>\n<meta property=\"article:modified_time\" content=\"2026-03-31T08:45:04+00:00\" \/>\n<meta property=\"og:image\" content=\"https:\/\/chrisonsax.com\/wp-content\/uploads\/2024\/04\/6.jpg\" \/>\n\t<meta property=\"og:image:width\" content=\"461\" \/>\n\t<meta property=\"og:image:height\" content=\"461\" \/>\n\t<meta property=\"og:image:type\" content=\"image\/jpeg\" \/>\n<meta name=\"twitter:card\" content=\"summary_large_image\" \/>\n<meta name=\"twitter:label1\" content=\"Dur\u00e9e de lecture estim\u00e9e\" \/>\n\t<meta name=\"twitter:data1\" content=\"1 minute\" \/>\n<script type=\"application\/ld+json\" class=\"yoast-schema-graph\">{\"@context\":\"https:\\\/\\\/schema.org\",\"@graph\":[{\"@type\":\"WebPage\",\"@id\":\"https:\\\/\\\/chrisonsax.com\\\/product\\\/backing-track-miracle-de-jimmy-sax-version-eb-saxophone-alto-instruments-en-mib\\\/\",\"url\":\"https:\\\/\\\/chrisonsax.com\\\/product\\\/backing-track-miracle-de-jimmy-sax-version-eb-saxophone-alto-instruments-en-mib\\\/\",\"name\":\"Backing Track \\\"Miracle\\\" - Jimmy Sax | Version Eb (Sax Alto) MP3\",\"isPartOf\":{\"@id\":\"https:\\\/\\\/chrisonsax.com\\\/#website\"},\"primaryImageOfPage\":{\"@id\":\"https:\\\/\\\/chrisonsax.com\\\/product\\\/backing-track-miracle-de-jimmy-sax-version-eb-saxophone-alto-instruments-en-mib\\\/#primaryimage\"},\"image\":{\"@id\":\"https:\\\/\\\/chrisonsax.com\\\/product\\\/backing-track-miracle-de-jimmy-sax-version-eb-saxophone-alto-instruments-en-mib\\\/#primaryimage\"},\"thumbnailUrl\":\"https:\\\/\\\/chrisonsax.com\\\/wp-content\\\/uploads\\\/2024\\\/04\\\/6.jpg\",\"datePublished\":\"2025-01-31T06:36:34+00:00\",\"dateModified\":\"2026-03-31T08:45:04+00:00\",\"description\":\"T\u00e9l\u00e9chargez le backing track \\\"Miracle\\\" de Jimmy Sax en version Eb pour saxophone alto. Accompagnement instrumental sans sax, fid\u00e8le \u00e0 l\u2019original.\",\"breadcrumb\":{\"@id\":\"https:\\\/\\\/chrisonsax.com\\\/product\\\/backing-track-miracle-de-jimmy-sax-version-eb-saxophone-alto-instruments-en-mib\\\/#breadcrumb\"},\"inLanguage\":\"fr-FR\",\"potentialAction\":[{\"@type\":\"ReadAction\",\"target\":[\"https:\\\/\\\/chrisonsax.com\\\/product\\\/backing-track-miracle-de-jimmy-sax-version-eb-saxophone-alto-instruments-en-mib\\\/\"]}]},{\"@type\":\"ImageObject\",\"inLanguage\":\"fr-FR\",\"@id\":\"https:\\\/\\\/chrisonsax.com\\\/product\\\/backing-track-miracle-de-jimmy-sax-version-eb-saxophone-alto-instruments-en-mib\\\/#primaryimage\",\"url\":\"https:\\\/\\\/chrisonsax.com\\\/wp-content\\\/uploads\\\/2024\\\/04\\\/6.jpg\",\"contentUrl\":\"https:\\\/\\\/chrisonsax.com\\\/wp-content\\\/uploads\\\/2024\\\/04\\\/6.jpg\",\"width\":461,\"height\":461,\"caption\":\"Jouez \\\"Miracle\\\" de Jimmy Sax avec un accompagnement professionnel con\u00e7u pour saxophonistes et musiciens en Mib (Eb). Ce backing track fid\u00e8le \u00e0 l\u2019original vous permet de vous entra\u00eener ou de performer en live avec un son de qualit\u00e9 studio. \u2705 Format : MP3 haute qualit\u00e9 \u2705 Tempo et tonalit\u00e9 d\u2019origine (Eb - Sax Alto & Instruments en Mib) \u2705 Accompagnement instrumental sans saxophone pour une immersion totale \u2705 Id\u00e9al pour l\u2019entra\u00eenement, les concerts et les vid\u00e9os \ud83d\udd25 Faites vibrer votre saxophone sur \\\"Miracle\\\" avec ce backing track dynamique et authentique ! \ud83d\udce5 T\u00e9l\u00e9chargez d\u00e8s maintenant et jouez comme un pro !\"},{\"@type\":\"BreadcrumbList\",\"@id\":\"https:\\\/\\\/chrisonsax.com\\\/product\\\/backing-track-miracle-de-jimmy-sax-version-eb-saxophone-alto-instruments-en-mib\\\/#breadcrumb\",\"itemListElement\":[{\"@type\":\"ListItem\",\"position\":1,\"name\":\"Animation cocktail\",\"item\":\"https:\\\/\\\/chrisonsax.com\\\/\"},{\"@type\":\"ListItem\",\"position\":2,\"name\":\"Shop\",\"item\":\"https:\\\/\\\/chrisonsax.com\\\/boutique\\\/\"},{\"@type\":\"ListItem\",\"position\":3,\"name\":\"Backing Track &#8211; &#8220;Miracle&#8221; de Jimmy Sax (Version Eb &#8211; Saxophone Alto &#038; Instruments en Mib)\"}]},{\"@type\":\"WebSite\",\"@id\":\"https:\\\/\\\/chrisonsax.com\\\/#website\",\"url\":\"https:\\\/\\\/chrisonsax.com\\\/\",\"name\":\"Musicien saxophoniste\",\"description\":\"Cocktail sax Tel : +971 058 542 0635\",\"publisher\":{\"@id\":\"https:\\\/\\\/chrisonsax.com\\\/#organization\"},\"potentialAction\":[{\"@type\":\"SearchAction\",\"target\":{\"@type\":\"EntryPoint\",\"urlTemplate\":\"https:\\\/\\\/chrisonsax.com\\\/?s={search_term_string}\"},\"query-input\":{\"@type\":\"PropertyValueSpecification\",\"valueRequired\":true,\"valueName\":\"search_term_string\"}}],\"inLanguage\":\"fr-FR\"},{\"@type\":\"Organization\",\"@id\":\"https:\\\/\\\/chrisonsax.com\\\/#organization\",\"name\":\"Musicien saxophoniste\",\"url\":\"https:\\\/\\\/chrisonsax.com\\\/\",\"logo\":{\"@type\":\"ImageObject\",\"inLanguage\":\"fr-FR\",\"@id\":\"https:\\\/\\\/chrisonsax.com\\\/#\\\/schema\\\/logo\\\/image\\\/\",\"url\":\"https:\\\/\\\/chrisonsax.com\\\/wp-content\\\/uploads\\\/2021\\\/12\\\/cropped-WhatsApp-Image-2021-08-28-at-13.03.56-2-1-e1674942410642.jpeg\",\"contentUrl\":\"https:\\\/\\\/chrisonsax.com\\\/wp-content\\\/uploads\\\/2021\\\/12\\\/cropped-WhatsApp-Image-2021-08-28-at-13.03.56-2-1-e1674942410642.jpeg\",\"width\":300,\"height\":300,\"caption\":\"Musicien saxophoniste\"},\"image\":{\"@id\":\"https:\\\/\\\/chrisonsax.com\\\/#\\\/schema\\\/logo\\\/image\\\/\"},\"sameAs\":[\"https:\\\/\\\/www.facebook.com\\\/christopheonsax\",\"https:\\\/\\\/www.instagram.com\\\/chris_onsax\\\/\",\"https:\\\/\\\/www.youtube.com\\\/channel\\\/UCPht7xSeaLJ_4FUWV4bUOQg?view_as=subscriber\"]}]}<\/script>\n<!-- \/ Yoast SEO Premium plugin. -->","yoast_head_json":{"title":"G\u00e9n\u00e9rique \"Miracle\" - Jimmy Sax | Version Eb (Sax Alto) MP3","description":"T\u00e9l\u00e9chargez le backing track \"Miracle\" de Jimmy Sax en version Eb pour saxophone alto. Accompagnement instrumental sans sax, fid\u00e8le \u00e0 l'original.","robots":{"index":"index","follow":"follow","max-snippet":"max-snippet:-1","max-image-preview":"max-image-preview:large","max-video-preview":"max-video-preview:-1"},"canonical":"https:\/\/chrisonsax.com\/fr\/produit\/backing-track-miracle-de-jimmy-sax-version-eb-saxophone-alto-instruments-en-mib\/","og_locale":"fr_FR","og_type":"article","og_title":"Backing Track - \"Miracle\" de Jimmy Sax (Version Eb - Saxophone Alto & Instruments en Mib)","og_description":"T\u00e9l\u00e9chargez le backing track \"Miracle\" de Jimmy Sax en version Eb pour saxophone alto. Accompagnement instrumental sans sax, fid\u00e8le \u00e0 l\u2019original.","og_url":"https:\/\/chrisonsax.com\/fr\/produit\/backing-track-miracle-de-jimmy-sax-version-eb-saxophone-alto-instruments-en-mib\/","og_site_name":"Saxophonist","article_publisher":"https:\/\/www.facebook.com\/christopheonsax","article_modified_time":"2026-03-31T08:45:04+00:00","og_image":[{"width":461,"height":461,"url":"https:\/\/chrisonsax.com\/wp-content\/uploads\/2024\/04\/6.jpg","type":"image\/jpeg"}],"twitter_card":"summary_large_image","twitter_misc":{"Dur\u00e9e de lecture estim\u00e9e":"1 minute"},"schema":{"@context":"https:\/\/schema.org","@graph":[{"@type":"WebPage","@id":"https:\/\/chrisonsax.com\/product\/backing-track-miracle-de-jimmy-sax-version-eb-saxophone-alto-instruments-en-mib\/","url":"https:\/\/chrisonsax.com\/product\/backing-track-miracle-de-jimmy-sax-version-eb-saxophone-alto-instruments-en-mib\/","name":"G\u00e9n\u00e9rique \"Miracle\" - Jimmy Sax | Version Eb (Sax Alto) MP3","isPartOf":{"@id":"https:\/\/chrisonsax.com\/#website"},"primaryImageOfPage":{"@id":"https:\/\/chrisonsax.com\/product\/backing-track-miracle-de-jimmy-sax-version-eb-saxophone-alto-instruments-en-mib\/#primaryimage"},"image":{"@id":"https:\/\/chrisonsax.com\/product\/backing-track-miracle-de-jimmy-sax-version-eb-saxophone-alto-instruments-en-mib\/#primaryimage"},"thumbnailUrl":"https:\/\/chrisonsax.com\/wp-content\/uploads\/2024\/04\/6.jpg","datePublished":"2025-01-31T06:36:34+00:00","dateModified":"2026-03-31T08:45:04+00:00","description":"T\u00e9l\u00e9chargez le backing track \"Miracle\" de Jimmy Sax en version Eb pour saxophone alto. Accompagnement instrumental sans sax, fid\u00e8le \u00e0 l'original.","breadcrumb":{"@id":"https:\/\/chrisonsax.com\/product\/backing-track-miracle-de-jimmy-sax-version-eb-saxophone-alto-instruments-en-mib\/#breadcrumb"},"inLanguage":"fr-FR","potentialAction":[{"@type":"ReadAction","target":["https:\/\/chrisonsax.com\/product\/backing-track-miracle-de-jimmy-sax-version-eb-saxophone-alto-instruments-en-mib\/"]}]},{"@type":"ImageObject","inLanguage":"fr-FR","@id":"https:\/\/chrisonsax.com\/product\/backing-track-miracle-de-jimmy-sax-version-eb-saxophone-alto-instruments-en-mib\/#primaryimage","url":"https:\/\/chrisonsax.com\/wp-content\/uploads\/2024\/04\/6.jpg","contentUrl":"https:\/\/chrisonsax.com\/wp-content\/uploads\/2024\/04\/6.jpg","width":461,"height":461,"caption":"Jouez \"Miracle\" de Jimmy Sax avec un accompagnement professionnel con\u00e7u pour saxophonistes et musiciens en Mib (Eb). Ce backing track fid\u00e8le \u00e0 l\u2019original vous permet de vous entra\u00eener ou de performer en live avec un son de qualit\u00e9 studio. \u2705 Format : MP3 haute qualit\u00e9 \u2705 Tempo et tonalit\u00e9 d\u2019origine (Eb - Sax Alto & Instruments en Mib) \u2705 Accompagnement instrumental sans saxophone pour une immersion totale \u2705 Id\u00e9al pour l\u2019entra\u00eenement, les concerts et les vid\u00e9os \ud83d\udd25 Faites vibrer votre saxophone sur \"Miracle\" avec ce backing track dynamique et authentique ! \ud83d\udce5 T\u00e9l\u00e9chargez d\u00e8s maintenant et jouez comme un pro !"},{"@type":"BreadcrumbList","@id":"https:\/\/chrisonsax.com\/product\/backing-track-miracle-de-jimmy-sax-version-eb-saxophone-alto-instruments-en-mib\/#breadcrumb","itemListElement":[{"@type":"ListItem","position":1,"name":"Animation cocktail","item":"https:\/\/chrisonsax.com\/"},{"@type":"ListItem","position":2,"name":"Shop","item":"https:\/\/chrisonsax.com\/boutique\/"},{"@type":"ListItem","position":3,"name":"Backing Track &#8211; &#8220;Miracle&#8221; de Jimmy Sax (Version Eb &#8211; Saxophone Alto &#038; Instruments en Mib)"}]},{"@type":"WebSite","@id":"https:\/\/chrisonsax.com\/#website","url":"https:\/\/chrisonsax.com\/","name":"Musicien saxophoniste","description":"Cocktail sax Tel : +971 058 542 0635","publisher":{"@id":"https:\/\/chrisonsax.com\/#organization"},"potentialAction":[{"@type":"SearchAction","target":{"@type":"EntryPoint","urlTemplate":"https:\/\/chrisonsax.com\/?s={search_term_string}"},"query-input":{"@type":"PropertyValueSpecification","valueRequired":true,"valueName":"search_term_string"}}],"inLanguage":"fr-FR"},{"@type":"Organization","@id":"https:\/\/chrisonsax.com\/#organization","name":"Musicien saxophoniste","url":"https:\/\/chrisonsax.com\/","logo":{"@type":"ImageObject","inLanguage":"fr-FR","@id":"https:\/\/chrisonsax.com\/#\/schema\/logo\/image\/","url":"https:\/\/chrisonsax.com\/wp-content\/uploads\/2021\/12\/cropped-WhatsApp-Image-2021-08-28-at-13.03.56-2-1-e1674942410642.jpeg","contentUrl":"https:\/\/chrisonsax.com\/wp-content\/uploads\/2021\/12\/cropped-WhatsApp-Image-2021-08-28-at-13.03.56-2-1-e1674942410642.jpeg","width":300,"height":300,"caption":"Musicien saxophoniste"},"image":{"@id":"https:\/\/chrisonsax.com\/#\/schema\/logo\/image\/"},"sameAs":["https:\/\/www.facebook.com\/christopheonsax","https:\/\/www.instagram.com\/chris_onsax\/","https:\/\/www.youtube.com\/channel\/UCPht7xSeaLJ_4FUWV4bUOQg?view_as=subscriber"]}]}},"_links":{"self":[{"href":"https:\/\/chrisonsax.com\/fr\/wp-json\/wp\/v2\/product\/8365","targetHints":{"allow":["GET"]}}],"collection":[{"href":"https:\/\/chrisonsax.com\/fr\/wp-json\/wp\/v2\/product"}],"about":[{"href":"https:\/\/chrisonsax.com\/fr\/wp-json\/wp\/v2\/types\/product"}],"replies":[{"embeddable":true,"href":"https:\/\/chrisonsax.com\/fr\/wp-json\/wp\/v2\/comments?post=8365"}],"wp:featuredmedia":[{"embeddable":true,"href":"https:\/\/chrisonsax.com\/fr\/wp-json\/wp\/v2\/media\/5656"}],"wp:attachment":[{"href":"https:\/\/chrisonsax.com\/fr\/wp-json\/wp\/v2\/media?parent=8365"}],"wp:term":[{"taxonomy":"product_brand","embeddable":true,"href":"https:\/\/chrisonsax.com\/fr\/wp-json\/wp\/v2\/product_brand?post=8365"},{"taxonomy":"product_cat","embeddable":true,"href":"https:\/\/chrisonsax.com\/fr\/wp-json\/wp\/v2\/product_cat?post=8365"},{"taxonomy":"product_tag","embeddable":true,"href":"https:\/\/chrisonsax.com\/fr\/wp-json\/wp\/v2\/product_tag?post=8365"}],"curies":[{"name":"wp","href":"https:\/\/api.w.org\/{rel}","templated":true}]}}