{"id":16502,"date":"2026-05-12T11:17:10","date_gmt":"2026-05-12T11:17:10","guid":{"rendered":"https:\/\/chrisonsax.com\/?post_type=product&#038;p=16502"},"modified":"2026-05-12T11:59:43","modified_gmt":"2026-05-12T11:59:43","slug":"first-time","status":"publish","type":"product","link":"https:\/\/chrisonsax.com\/fr\/produit\/first-time\/","title":{"rendered":"First Time <br> (Smooth Jazz Groove)"},"content":{"rendered":"<h1 data-start=\"553\" data-end=\"616\">First Time \u2013 Alto &amp; Tenor Saxophone Sheet Music + Backing Track<\/h1>\n<p>First Time\u201d is an original smooth jazz \/ lounge saxophone track designed for alto and tenor sax players looking for a modern and melodic play-along experience.<\/p>\n<h2 data-section-id=\"xydb7h\" data-start=\"900\" data-end=\"918\">Inclus<\/h2>\n<ul data-start=\"920\" data-end=\"1084\">\n<li data-section-id=\"1a282ak\" data-start=\"920\" data-end=\"947\">Alto Sax Sheet Music (Eb)<\/li>\n<li data-section-id=\"tct3j\" data-start=\"948\" data-end=\"976\">Tenor Sax Sheet Music (Bb)<\/li>\n<li data-section-id=\"oo45on\" data-start=\"977\" data-end=\"1005\">Professional Backing Track<\/li>\n<li data-section-id=\"1ist95n\" data-start=\"1006\" data-end=\"1049\">Backing Track with Saxophone Guide Melody<\/li>\n<li data-section-id=\"1mya1ep\" data-start=\"1050\" data-end=\"1065\">Printable PDF<\/li>\n<li data-section-id=\"u0kbd3\" data-start=\"1066\" data-end=\"1084\">T\u00e9l\u00e9chargement imm\u00e9diat<\/li>\n<\/ul>\n<h2 data-section-id=\"em107h\" data-start=\"1091\" data-end=\"1105\">Parfait pour<\/h2>\n<ul data-start=\"1107\" data-end=\"1249\">\n<li data-section-id=\"1x6vyih\" data-start=\"1107\" data-end=\"1144\">Lounge &amp; cocktail saxophone players<\/li>\n<li data-section-id=\"10umu0\" data-start=\"1145\" data-end=\"1172\">Intermediate saxophonists<\/li>\n<li data-section-id=\"y7pr26\" data-start=\"1173\" data-end=\"1192\">S\u00e9ances d'entra\u00eenement<\/li>\n<li data-section-id=\"6mlokm\" data-start=\"1193\" data-end=\"1211\">Live performance<\/li>\n<li data-section-id=\"1t5bjlz\" data-start=\"1212\" data-end=\"1249\">Wedding &amp; corporate event musicians<\/li>\n<\/ul>\n<hr data-start=\"1251\" data-end=\"1254\" \/>\n<h2 data-section-id=\"xn04uq\" data-start=\"1256\" data-end=\"1264\">Style<\/h2>\n<p data-start=\"1266\" data-end=\"1365\">Smooth jazz \/ lounge \/ modern saxophone groove with melodic phrasing and atmospheric backing track.<\/p>\n<p>Listen to the Saxophone Performance \ud83d\udc47<\/p>\n<audio class=\"wp-audio-shortcode\" id=\"audio-16502-2\" preload=\"none\" style=\"width: 100%;\" controls=\"controls\"><source type=\"audio\/mpeg\" src=\"https:\/\/chrisonsax.com\/wp-content\/uploads\/2026\/05\/First-Time-With-sax.mp3?_=2\" \/><a href=\"https:\/\/chrisonsax.com\/wp-content\/uploads\/2026\/05\/First-Time-With-sax.mp3\">https:\/\/chrisonsax.com\/wp-content\/uploads\/2026\/05\/First-Time-With-sax.mp3<\/a><\/audio>","protected":false},"excerpt":{"rendered":"<h1 data-start=\"553\" data-end=\"616\">First Time \u2013 Alto &amp; Tenor Saxophone Sheet Music + Backing Track<\/h1>\n<p>First Time\u201d is an original smooth jazz \/ lounge saxophone track designed for alto and tenor sax players looking for a modern and melodic play-along experience.<\/p>\n<h2 data-section-id=\"xydb7h\" data-start=\"900\" data-end=\"918\">Inclus<\/h2>\n<ul data-start=\"920\" data-end=\"1084\">\n<li data-section-id=\"1a282ak\" data-start=\"920\" data-end=\"947\">Alto Sax Sheet Music (Eb)<\/li>\n<li data-section-id=\"tct3j\" data-start=\"948\" data-end=\"976\">Tenor Sax Sheet Music (Bb)<\/li>\n<li data-section-id=\"oo45on\" data-start=\"977\" data-end=\"1005\">Professional Backing Track<\/li>\n<li data-section-id=\"1ist95n\" data-start=\"1006\" data-end=\"1049\">Backing Track with Saxophone Guide Melody<\/li>\n<li data-section-id=\"1mya1ep\" data-start=\"1050\" data-end=\"1065\">Printable PDF<\/li>\n<li data-section-id=\"u0kbd3\" data-start=\"1066\" data-end=\"1084\">T\u00e9l\u00e9chargement imm\u00e9diat<\/li>\n<\/ul>\n<p>Listen to the Saxophone Performance \ud83d\udc47<\/p>\n<p><audio class=\"wp-audio-shortcode\" id=\"audio-16502-1\" preload=\"none\" style=\"width: 100%;\" controls=\"controls\"><source type=\"audio\/mpeg\" src=\"https:\/\/chrisonsax.com\/wp-content\/uploads\/2026\/05\/First-Time-With-sax.mp3?_=1\" \/><a href=\"https:\/\/chrisonsax.com\/wp-content\/uploads\/2026\/05\/First-Time-With-sax.mp3\">https:\/\/chrisonsax.com\/wp-content\/uploads\/2026\/05\/First-Time-With-sax.mp3<\/a><\/audio><\/p>","protected":false},"featured_media":16511,"comment_status":"closed","ping_status":"closed","template":"","meta":{"pmpro_default_level":"","_kad_post_transparent":"default","_kad_post_title":"","_kad_post_layout":"default","_kad_post_sidebar_id":"","_kad_post_content_style":"default","_kad_post_vertical_padding":"default","_kad_post_feature":"","_kad_post_feature_position":"","_kad_post_header":false,"_kad_post_footer":false,"_kad_post_classname":""},"product_brand":[],"product_cat":[143],"product_tag":[],"class_list":{"0":"post-16502","1":"product","2":"type-product","3":"status-publish","4":"has-post-thumbnail","6":"product_cat-backing-tracks-sheet-music","7":"pmpro-has-access","9":"first","10":"instock","11":"downloadable","12":"shipping-taxable","13":"purchasable","14":"product-type-simple","15":"entry","16":"content-bg","17":"loop-entry"},"yoast_head":"<!-- This site is optimized with the Yoast SEO Premium plugin v27.0 (Yoast SEO v27.6) - https:\/\/yoast.com\/product\/yoast-seo-premium-wordpress\/ -->\n<title>First Time \u2013 Saxophone Backing Track &amp; Sheet Music<\/title>\n<meta name=\"description\" content=\"Download \u201cFirst Time\u201d saxophone backing track and sheet music for alto and tenor sax. Includes play-along track, guide sax version, and printable PDF.\" \/>\n<meta name=\"robots\" content=\"index, follow, max-snippet:-1, max-image-preview:large, max-video-preview:-1\" \/>\n<link rel=\"canonical\" href=\"https:\/\/chrisonsax.com\/fr\/produit\/first-time\/\" \/>\n<meta property=\"og:locale\" content=\"fr_FR\" \/>\n<meta property=\"og:type\" content=\"article\" \/>\n<meta property=\"og:title\" content=\"First Time  (Smooth Jazz Groove)\" \/>\n<meta property=\"og:description\" content=\"Download \u201cFirst Time\u201d saxophone backing track and sheet music for alto and tenor sax. Includes play-along track, guide sax version, and printable PDF.\" \/>\n<meta property=\"og:url\" content=\"https:\/\/chrisonsax.com\/fr\/produit\/first-time\/\" \/>\n<meta property=\"og:site_name\" content=\"Saxophonist\" \/>\n<meta property=\"article:publisher\" content=\"https:\/\/www.facebook.com\/christopheonsax\" \/>\n<meta property=\"article:modified_time\" content=\"2026-05-12T11:59:43+00:00\" \/>\n<meta property=\"og:image\" content=\"https:\/\/chrisonsax.com\/wp-content\/uploads\/2026\/05\/tenor-1.jpg\" \/>\n\t<meta property=\"og:image:width\" content=\"500\" \/>\n\t<meta property=\"og:image:height\" content=\"500\" \/>\n\t<meta property=\"og:image:type\" content=\"image\/jpeg\" \/>\n<meta name=\"twitter:card\" content=\"summary_large_image\" \/>\n<meta name=\"twitter:label1\" content=\"Dur\u00e9e de lecture estim\u00e9e\" \/>\n\t<meta name=\"twitter:data1\" content=\"1 minute\" \/>\n<script type=\"application\/ld+json\" class=\"yoast-schema-graph\">{\"@context\":\"https:\\\/\\\/schema.org\",\"@graph\":[{\"@type\":\"WebPage\",\"@id\":\"https:\\\/\\\/chrisonsax.com\\\/product\\\/first-time\\\/\",\"url\":\"https:\\\/\\\/chrisonsax.com\\\/product\\\/first-time\\\/\",\"name\":\"First Time \u2013 Saxophone Backing Track & Sheet Music\",\"isPartOf\":{\"@id\":\"https:\\\/\\\/chrisonsax.com\\\/#website\"},\"primaryImageOfPage\":{\"@id\":\"https:\\\/\\\/chrisonsax.com\\\/product\\\/first-time\\\/#primaryimage\"},\"image\":{\"@id\":\"https:\\\/\\\/chrisonsax.com\\\/product\\\/first-time\\\/#primaryimage\"},\"thumbnailUrl\":\"https:\\\/\\\/chrisonsax.com\\\/wp-content\\\/uploads\\\/2026\\\/05\\\/tenor-1.jpg\",\"datePublished\":\"2026-05-12T11:17:10+00:00\",\"dateModified\":\"2026-05-12T11:59:43+00:00\",\"description\":\"Download \u201cFirst Time\u201d saxophone backing track and sheet music for alto and tenor sax. Includes play-along track, guide sax version, and printable PDF.\",\"breadcrumb\":{\"@id\":\"https:\\\/\\\/chrisonsax.com\\\/product\\\/first-time\\\/#breadcrumb\"},\"inLanguage\":\"fr-FR\",\"potentialAction\":[{\"@type\":\"ReadAction\",\"target\":[\"https:\\\/\\\/chrisonsax.com\\\/product\\\/first-time\\\/\"]}]},{\"@type\":\"ImageObject\",\"inLanguage\":\"fr-FR\",\"@id\":\"https:\\\/\\\/chrisonsax.com\\\/product\\\/first-time\\\/#primaryimage\",\"url\":\"https:\\\/\\\/chrisonsax.com\\\/wp-content\\\/uploads\\\/2026\\\/05\\\/tenor-1.jpg\",\"contentUrl\":\"https:\\\/\\\/chrisonsax.com\\\/wp-content\\\/uploads\\\/2026\\\/05\\\/tenor-1.jpg\",\"width\":500,\"height\":500},{\"@type\":\"BreadcrumbList\",\"@id\":\"https:\\\/\\\/chrisonsax.com\\\/product\\\/first-time\\\/#breadcrumb\",\"itemListElement\":[{\"@type\":\"ListItem\",\"position\":1,\"name\":\"Animation cocktail\",\"item\":\"https:\\\/\\\/chrisonsax.com\\\/\"},{\"@type\":\"ListItem\",\"position\":2,\"name\":\"Shop\",\"item\":\"https:\\\/\\\/chrisonsax.com\\\/boutique\\\/\"},{\"@type\":\"ListItem\",\"position\":3,\"name\":\"First Time (Smooth Jazz Groove)\"}]},{\"@type\":\"WebSite\",\"@id\":\"https:\\\/\\\/chrisonsax.com\\\/#website\",\"url\":\"https:\\\/\\\/chrisonsax.com\\\/\",\"name\":\"Musicien saxophoniste\",\"description\":\"Cocktail sax Tel : +971 058 542 0635\",\"publisher\":{\"@id\":\"https:\\\/\\\/chrisonsax.com\\\/#organization\"},\"potentialAction\":[{\"@type\":\"SearchAction\",\"target\":{\"@type\":\"EntryPoint\",\"urlTemplate\":\"https:\\\/\\\/chrisonsax.com\\\/?s={search_term_string}\"},\"query-input\":{\"@type\":\"PropertyValueSpecification\",\"valueRequired\":true,\"valueName\":\"search_term_string\"}}],\"inLanguage\":\"fr-FR\"},{\"@type\":\"Organization\",\"@id\":\"https:\\\/\\\/chrisonsax.com\\\/#organization\",\"name\":\"Musicien saxophoniste\",\"url\":\"https:\\\/\\\/chrisonsax.com\\\/\",\"logo\":{\"@type\":\"ImageObject\",\"inLanguage\":\"fr-FR\",\"@id\":\"https:\\\/\\\/chrisonsax.com\\\/#\\\/schema\\\/logo\\\/image\\\/\",\"url\":\"https:\\\/\\\/chrisonsax.com\\\/wp-content\\\/uploads\\\/2021\\\/12\\\/cropped-WhatsApp-Image-2021-08-28-at-13.03.56-2-1-e1674942410642.jpeg\",\"contentUrl\":\"https:\\\/\\\/chrisonsax.com\\\/wp-content\\\/uploads\\\/2021\\\/12\\\/cropped-WhatsApp-Image-2021-08-28-at-13.03.56-2-1-e1674942410642.jpeg\",\"width\":300,\"height\":300,\"caption\":\"Musicien saxophoniste\"},\"image\":{\"@id\":\"https:\\\/\\\/chrisonsax.com\\\/#\\\/schema\\\/logo\\\/image\\\/\"},\"sameAs\":[\"https:\\\/\\\/www.facebook.com\\\/christopheonsax\",\"https:\\\/\\\/www.instagram.com\\\/chris_onsax\\\/\",\"https:\\\/\\\/www.youtube.com\\\/channel\\\/UCPht7xSeaLJ_4FUWV4bUOQg?view_as=subscriber\"]}]}<\/script>\n<!-- \/ Yoast SEO Premium plugin. -->","yoast_head_json":{"title":"First Time \u2013 Saxophone Backing Track & Sheet Music","description":"Download \u201cFirst Time\u201d saxophone backing track and sheet music for alto and tenor sax. Includes play-along track, guide sax version, and printable PDF.","robots":{"index":"index","follow":"follow","max-snippet":"max-snippet:-1","max-image-preview":"max-image-preview:large","max-video-preview":"max-video-preview:-1"},"canonical":"https:\/\/chrisonsax.com\/fr\/produit\/first-time\/","og_locale":"fr_FR","og_type":"article","og_title":"First Time  (Smooth Jazz Groove)","og_description":"Download \u201cFirst Time\u201d saxophone backing track and sheet music for alto and tenor sax. Includes play-along track, guide sax version, and printable PDF.","og_url":"https:\/\/chrisonsax.com\/fr\/produit\/first-time\/","og_site_name":"Saxophonist","article_publisher":"https:\/\/www.facebook.com\/christopheonsax","article_modified_time":"2026-05-12T11:59:43+00:00","og_image":[{"width":500,"height":500,"url":"https:\/\/chrisonsax.com\/wp-content\/uploads\/2026\/05\/tenor-1.jpg","type":"image\/jpeg"}],"twitter_card":"summary_large_image","twitter_misc":{"Dur\u00e9e de lecture estim\u00e9e":"1 minute"},"schema":{"@context":"https:\/\/schema.org","@graph":[{"@type":"WebPage","@id":"https:\/\/chrisonsax.com\/product\/first-time\/","url":"https:\/\/chrisonsax.com\/product\/first-time\/","name":"First Time \u2013 Saxophone Backing Track & Sheet Music","isPartOf":{"@id":"https:\/\/chrisonsax.com\/#website"},"primaryImageOfPage":{"@id":"https:\/\/chrisonsax.com\/product\/first-time\/#primaryimage"},"image":{"@id":"https:\/\/chrisonsax.com\/product\/first-time\/#primaryimage"},"thumbnailUrl":"https:\/\/chrisonsax.com\/wp-content\/uploads\/2026\/05\/tenor-1.jpg","datePublished":"2026-05-12T11:17:10+00:00","dateModified":"2026-05-12T11:59:43+00:00","description":"Download \u201cFirst Time\u201d saxophone backing track and sheet music for alto and tenor sax. Includes play-along track, guide sax version, and printable PDF.","breadcrumb":{"@id":"https:\/\/chrisonsax.com\/product\/first-time\/#breadcrumb"},"inLanguage":"fr-FR","potentialAction":[{"@type":"ReadAction","target":["https:\/\/chrisonsax.com\/product\/first-time\/"]}]},{"@type":"ImageObject","inLanguage":"fr-FR","@id":"https:\/\/chrisonsax.com\/product\/first-time\/#primaryimage","url":"https:\/\/chrisonsax.com\/wp-content\/uploads\/2026\/05\/tenor-1.jpg","contentUrl":"https:\/\/chrisonsax.com\/wp-content\/uploads\/2026\/05\/tenor-1.jpg","width":500,"height":500},{"@type":"BreadcrumbList","@id":"https:\/\/chrisonsax.com\/product\/first-time\/#breadcrumb","itemListElement":[{"@type":"ListItem","position":1,"name":"Animation cocktail","item":"https:\/\/chrisonsax.com\/"},{"@type":"ListItem","position":2,"name":"Shop","item":"https:\/\/chrisonsax.com\/boutique\/"},{"@type":"ListItem","position":3,"name":"First Time (Smooth Jazz Groove)"}]},{"@type":"WebSite","@id":"https:\/\/chrisonsax.com\/#website","url":"https:\/\/chrisonsax.com\/","name":"Musicien saxophoniste","description":"Cocktail sax Tel : +971 058 542 0635","publisher":{"@id":"https:\/\/chrisonsax.com\/#organization"},"potentialAction":[{"@type":"SearchAction","target":{"@type":"EntryPoint","urlTemplate":"https:\/\/chrisonsax.com\/?s={search_term_string}"},"query-input":{"@type":"PropertyValueSpecification","valueRequired":true,"valueName":"search_term_string"}}],"inLanguage":"fr-FR"},{"@type":"Organization","@id":"https:\/\/chrisonsax.com\/#organization","name":"Musicien saxophoniste","url":"https:\/\/chrisonsax.com\/","logo":{"@type":"ImageObject","inLanguage":"fr-FR","@id":"https:\/\/chrisonsax.com\/#\/schema\/logo\/image\/","url":"https:\/\/chrisonsax.com\/wp-content\/uploads\/2021\/12\/cropped-WhatsApp-Image-2021-08-28-at-13.03.56-2-1-e1674942410642.jpeg","contentUrl":"https:\/\/chrisonsax.com\/wp-content\/uploads\/2021\/12\/cropped-WhatsApp-Image-2021-08-28-at-13.03.56-2-1-e1674942410642.jpeg","width":300,"height":300,"caption":"Musicien saxophoniste"},"image":{"@id":"https:\/\/chrisonsax.com\/#\/schema\/logo\/image\/"},"sameAs":["https:\/\/www.facebook.com\/christopheonsax","https:\/\/www.instagram.com\/chris_onsax\/","https:\/\/www.youtube.com\/channel\/UCPht7xSeaLJ_4FUWV4bUOQg?view_as=subscriber"]}]}},"_links":{"self":[{"href":"https:\/\/chrisonsax.com\/fr\/wp-json\/wp\/v2\/product\/16502","targetHints":{"allow":["GET"]}}],"collection":[{"href":"https:\/\/chrisonsax.com\/fr\/wp-json\/wp\/v2\/product"}],"about":[{"href":"https:\/\/chrisonsax.com\/fr\/wp-json\/wp\/v2\/types\/product"}],"replies":[{"embeddable":true,"href":"https:\/\/chrisonsax.com\/fr\/wp-json\/wp\/v2\/comments?post=16502"}],"wp:featuredmedia":[{"embeddable":true,"href":"https:\/\/chrisonsax.com\/fr\/wp-json\/wp\/v2\/media\/16511"}],"wp:attachment":[{"href":"https:\/\/chrisonsax.com\/fr\/wp-json\/wp\/v2\/media?parent=16502"}],"wp:term":[{"taxonomy":"product_brand","embeddable":true,"href":"https:\/\/chrisonsax.com\/fr\/wp-json\/wp\/v2\/product_brand?post=16502"},{"taxonomy":"product_cat","embeddable":true,"href":"https:\/\/chrisonsax.com\/fr\/wp-json\/wp\/v2\/product_cat?post=16502"},{"taxonomy":"product_tag","embeddable":true,"href":"https:\/\/chrisonsax.com\/fr\/wp-json\/wp\/v2\/product_tag?post=16502"}],"curies":[{"name":"wp","href":"https:\/\/api.w.org\/{rel}","templated":true}]}}