{"id":16277,"date":"2026-04-07T06:48:54","date_gmt":"2026-04-07T06:48:54","guid":{"rendered":"https:\/\/chrisonsax.com\/?post_type=product&#038;p=16277"},"modified":"2026-04-07T07:29:17","modified_gmt":"2026-04-07T07:29:17","slug":"custom-saxophone-transcription-sheet-music-on-request","status":"publish","type":"product","link":"https:\/\/chrisonsax.com\/fr\/produit\/partitions-de-saxophone-personnalisees-sur-demande\/","title":{"rendered":"Transcription de saxophone personnalis\u00e9e (partitions sur demande)"},"content":{"rendered":"<h2 data-section-id=\"lnskuv\" data-start=\"439\" data-end=\"483\">\ud83c\udfb7 Service de Transcription de Saxophone Personnalis\u00e9<\/h2>\n<p data-start=\"485\" data-end=\"536\">Vous cherchez une version saxophone d'une chanson sp\u00e9cifique ?<\/p>\n<p data-start=\"538\" data-end=\"630\">Je cr\u00e9e <strong data-start=\"547\" data-end=\"591\">partitions personnalis\u00e9es pour saxophone alto ou t\u00e9nor<\/strong>, adapt\u00e9 \u00e0 votre niveau et \u00e0 vos objectifs.<\/p>\n<p data-start=\"632\" data-end=\"748\">\ud83d\udc49 <strong data-start=\"635\" data-end=\"649\">Important :<\/strong> Vous devez envoyer votre demande <strong data-start=\"677\" data-end=\"698\">avant d'acheter<\/strong>.<br data-start=\"699\" data-end=\"702\" \/>Je vais l'examiner et confirmer si c'est possible.<\/p>\n<hr data-start=\"750\" data-end=\"753\" \/>\n<h2 data-section-id=\"ei0vqk\" data-start=\"755\" data-end=\"773\">\u2699\ufe0f Comment \u00e7a marche<\/h2>\n<h3 data-section-id=\"1j9b4tj\" data-start=\"775\" data-end=\"816\">1. Envoyez votre demande (avant le paiement)<\/h3>\n<p data-start=\"818\" data-end=\"826\">Envoyez-moi :<\/p>\n<ul data-start=\"827\" data-end=\"949\">\n<li data-section-id=\"srag81\" data-start=\"827\" data-end=\"859\">Un lien YouTube ou un fichier audio<\/li>\n<li data-section-id=\"1p4zun3\" data-start=\"860\" data-end=\"911\">Votre niveau (d\u00e9butant \/ interm\u00e9diaire \/ avanc\u00e9)<\/li>\n<li data-section-id=\"cbmzu6\" data-start=\"912\" data-end=\"949\">Votre instrument (saxophone alto ou t\u00e9nor)<\/li>\n<\/ul>\n<p data-start=\"951\" data-end=\"1031\">\ud83d\udc49 Contactez-moi via :<br data-start=\"969\" data-end=\"972\" \/>WhatsApp : +971 58 542 0635<br data-start=\"998\" data-end=\"1001\" \/>ou via le formulaire de contact de mon site web<\/p>\n<hr data-start=\"1033\" data-end=\"1036\" \/>\n<h3 data-section-id=\"fvqaz8\" data-start=\"1038\" data-end=\"1056\">2. R\u00e9vision gratuite<\/h3>\n<p data-start=\"1058\" data-end=\"1093\">J'analyse votre demande et je confirme :<\/p>\n<ul data-start=\"1094\" data-end=\"1180\">\n<li data-section-id=\"1flytiv\" data-start=\"1094\" data-end=\"1130\">Si la transcription est possible<\/li>\n<li data-section-id=\"1bihgxp\" data-start=\"1131\" data-end=\"1158\">Le niveau de difficult\u00e9<\/li>\n<li data-section-id=\"1umvrl3\" data-start=\"1159\" data-end=\"1180\">La meilleure approche<\/li>\n<\/ul>\n<p data-start=\"1182\" data-end=\"1217\">\ud83d\udc49 Cette \u00e9tape est <strong data-start=\"1198\" data-end=\"1217\">compl\u00e8tement gratuit<\/strong><\/p>\n<hr data-start=\"1219\" data-end=\"1222\" \/>\n<h3 data-section-id=\"1xjc2to\" data-start=\"1224\" data-end=\"1251\">3. Validation et Paiement<\/h3>\n<p data-start=\"1253\" data-end=\"1293\">Si tout est clair, je vous envoie :<\/p>\n<ul data-start=\"1294\" data-end=\"1323\">\n<li data-section-id=\"fmmebo\" data-start=\"1294\" data-end=\"1305\">Un prix<\/li>\n<li data-section-id=\"n0qaip\" data-start=\"1306\" data-end=\"1323\">D\u00e9lai de livraison<\/li>\n<\/ul>\n<p data-start=\"1325\" data-end=\"1366\">\ud83d\udc49 Vous pouvez ensuite proc\u00e9der au paiement.<\/p>\n<hr data-start=\"1368\" data-end=\"1371\" \/>\n<h3 data-section-id=\"11lb9hr\" data-start=\"1373\" data-end=\"1399\">4. Cr\u00e9ation et livraison<\/h3>\n<p data-start=\"1401\" data-end=\"1456\">Vous recevez un <strong data-start=\"1415\" data-end=\"1440\">partition de musique PDF propre<\/strong>, pr\u00eat \u00e0 jouer.<\/p>\n<hr data-start=\"1458\" data-end=\"1461\" \/>\n<h2 data-section-id=\"1qn8tkd\" data-start=\"1463\" data-end=\"1486\">Ce que vous obtiendrez<\/h2>\n<ul data-start=\"1488\" data-end=\"1608\">\n<li data-section-id=\"1gz79m9\" data-start=\"1488\" data-end=\"1517\">M\u00e9lodie de saxophone pr\u00e9cise<\/li>\n<li data-section-id=\"d0ri1g\" data-start=\"1518\" data-end=\"1545\">PDF propre et facile \u00e0 lire<\/li>\n<li data-section-id=\"1kv27g5\" data-start=\"1546\" data-end=\"1571\">Adapt\u00e9 \u00e0 votre niveau<\/li>\n<li data-section-id=\"1no9zbj\" data-start=\"1572\" data-end=\"1608\">Optimis\u00e9 pour le phras\u00e9 du saxophone<\/li>\n<\/ul>\n<p data-start=\"1610\" data-end=\"1636\"><strong data-start=\"1610\" data-end=\"1636\">Optionnel (sur demande) :<\/strong><\/p>\n<ul data-start=\"1637\" data-end=\"1704\">\n<li data-section-id=\"10kwfj0\" data-start=\"1637\" data-end=\"1660\">Conseils de doigt\u00e9s<\/li>\n<li data-section-id=\"4xzf1a\" data-start=\"1661\" data-end=\"1683\">Version simplifi\u00e9e<\/li>\n<li data-section-id=\"nipc6k\" data-start=\"1684\" data-end=\"1704\">Version avanc\u00e9e<\/li>\n<\/ul>\n<hr data-start=\"1706\" data-end=\"1709\" \/>\n<h2 data-section-id=\"1jhby97\" data-start=\"1711\" data-end=\"1732\">\ud83d\udc64 Pour qui<\/h2>\n<ul data-start=\"1734\" data-end=\"1824\">\n<li data-section-id=\"is82lh\" data-start=\"1734\" data-end=\"1747\">D\u00e9butants<\/li>\n<li data-section-id=\"x9z8rd\" data-start=\"1748\" data-end=\"1772\">Joueurs interm\u00e9diaires<\/li>\n<li data-section-id=\"19ky7s2\" data-start=\"1773\" data-end=\"1795\">Musiciens avanc\u00e9s<\/li>\n<li data-section-id=\"syj7n4\" data-start=\"1796\" data-end=\"1824\">Les \u00e9tudiants pr\u00e9parent des chansons<\/li>\n<\/ul>\n<hr data-start=\"1826\" data-end=\"1829\" \/>\n<h2 data-section-id=\"1b78ga4\" data-start=\"1831\" data-end=\"1846\">\u26a0\ufe0f Important<\/h2>\n<ul data-start=\"1848\" data-end=\"1963\">\n<li data-section-id=\"1kus2ff\" data-start=\"1848\" data-end=\"1895\">Voici <strong data-start=\"1860\" data-end=\"1893\">service de transcription priv\u00e9<\/strong><\/li>\n<li data-section-id=\"1prv9h8\" data-start=\"1896\" data-end=\"1921\">Pour usage personnel uniquement<\/li>\n<li data-section-id=\"1ivadm4\" data-start=\"1922\" data-end=\"1963\">Non destin\u00e9 \u00e0 la revente ou \u00e0 la distribution publique<\/li>\n<\/ul>\n<hr data-start=\"1965\" data-end=\"1968\" \/>\n<h2 data-section-id=\"6m0zdj\" data-start=\"1970\" data-end=\"1999\">Soumettez votre demande d'abord<\/h2>\n<p data-start=\"1897\" data-end=\"1957\">\ud83d\udc49 <a href=\"https:\/\/wa.me\/971585420635\" target=\"_blank\" rel=\"noopener\">WhatsApp : +971 58 542 0635<\/a><br data-start=\"1926\" data-end=\"1929\" \/>\ud83d\udc49 Ou par courriel <a href=\"mailto:contact@chrisonsax.com\">contact@chrisonsax.com<\/a><\/p>","protected":false},"excerpt":{"rendered":"<h2 data-section-id=\"lnskuv\" data-start=\"439\" data-end=\"483\">\ud83c\udfb7 Service de Transcription de Saxophone Personnalis\u00e9<\/h2>\n<p>Obtenez une partition de saxophone personnalis\u00e9e pour n'importe quelle chanson que vous aimez.<br data-start=\"281\" data-end=\"284\" \/>\ud83c\udfa7 Audit gratuit avant paiement \u2014 Je v\u00e9rifie votre demande d'abord.<\/p>\n<h2 data-section-id=\"6m0zdj\" data-start=\"1970\" data-end=\"1999\">Soumettez votre demande d'abord<\/h2>\n<p data-start=\"1897\" data-end=\"1957\">\ud83d\udc49 <a href=\"https:\/\/wa.me\/971585420635\" target=\"_blank\" rel=\"noopener\">WhatsApp : +971 58 542 0635<\/a><\/p>\n<p data-start=\"1897\" data-end=\"1957\">\ud83d\udc49 Ou par courriel <a href=\"mailto:contact@chrisonsax.com\">contact@chrisonsax.com<\/a><\/p>","protected":false},"featured_media":8475,"comment_status":"closed","ping_status":"closed","template":"","meta":{"pmpro_default_level":"","_kad_post_transparent":"default","_kad_post_title":"","_kad_post_layout":"default","_kad_post_sidebar_id":"","_kad_post_content_style":"default","_kad_post_vertical_padding":"default","_kad_post_feature":"","_kad_post_feature_position":"","_kad_post_header":false,"_kad_post_footer":false,"_kad_post_classname":""},"product_brand":[],"product_cat":[117,118,87],"product_tag":[],"class_list":{"0":"post-16277","1":"product","2":"type-product","3":"status-publish","4":"has-post-thumbnail","6":"product_cat-alto-saxophone","7":"product_cat-tenor-saxophone","8":"product_cat-sheets-music","9":"pmpro-has-access","11":"first","12":"instock","13":"downloadable","14":"shipping-taxable","15":"purchasable","16":"product-type-simple","17":"entry","18":"content-bg","19":"loop-entry"},"yoast_head":"<!-- This site is optimized with the Yoast SEO Premium plugin v27.0 (Yoast SEO v27.4) - https:\/\/yoast.com\/product\/yoast-seo-premium-wordpress\/ -->\n<title>Custom Saxophone Transcription | Request Before Payment<\/title>\n<meta name=\"description\" content=\"Request a custom saxophone transcription. Free review before payment. Send your song and get a personalized sheet music. and play it\" \/>\n<meta name=\"robots\" content=\"index, follow, max-snippet:-1, max-image-preview:large, max-video-preview:-1\" \/>\n<link rel=\"canonical\" href=\"https:\/\/chrisonsax.com\/fr\/produit\/partitions-de-saxophone-personnalisees-sur-demande\/\" \/>\n<meta property=\"og:locale\" content=\"fr_FR\" \/>\n<meta property=\"og:type\" content=\"article\" \/>\n<meta property=\"og:title\" content=\"Custom Saxophone Transcription (Sheet Music on Request)\" \/>\n<meta property=\"og:description\" content=\"Request a custom saxophone transcription. Free review before payment. Send your song and get a personalized sheet music. and play it\" \/>\n<meta property=\"og:url\" content=\"https:\/\/chrisonsax.com\/fr\/produit\/partitions-de-saxophone-personnalisees-sur-demande\/\" \/>\n<meta property=\"og:site_name\" content=\"Saxophonist\" \/>\n<meta property=\"article:publisher\" content=\"https:\/\/www.facebook.com\/christopheonsax\" \/>\n<meta property=\"article:modified_time\" content=\"2026-04-07T07:29:17+00:00\" \/>\n<meta property=\"og:image\" content=\"https:\/\/chrisonsax.com\/wp-content\/uploads\/2025\/02\/cours-saxophone-dubai.jpg\" \/>\n\t<meta property=\"og:image:width\" content=\"1002\" \/>\n\t<meta property=\"og:image:height\" content=\"668\" \/>\n\t<meta property=\"og:image:type\" content=\"image\/jpeg\" \/>\n<meta name=\"twitter:card\" content=\"summary_large_image\" \/>\n<meta name=\"twitter:label1\" content=\"Dur\u00e9e de lecture estim\u00e9e\" \/>\n\t<meta name=\"twitter:data1\" content=\"2 minutes\" \/>\n<script type=\"application\/ld+json\" class=\"yoast-schema-graph\">{\"@context\":\"https:\\\/\\\/schema.org\",\"@graph\":[{\"@type\":\"WebPage\",\"@id\":\"https:\\\/\\\/chrisonsax.com\\\/product\\\/custom-saxophone-transcription-sheet-music-on-request\\\/\",\"url\":\"https:\\\/\\\/chrisonsax.com\\\/product\\\/custom-saxophone-transcription-sheet-music-on-request\\\/\",\"name\":\"Custom Saxophone Transcription | Request Before Payment\",\"isPartOf\":{\"@id\":\"https:\\\/\\\/chrisonsax.com\\\/#website\"},\"primaryImageOfPage\":{\"@id\":\"https:\\\/\\\/chrisonsax.com\\\/product\\\/custom-saxophone-transcription-sheet-music-on-request\\\/#primaryimage\"},\"image\":{\"@id\":\"https:\\\/\\\/chrisonsax.com\\\/product\\\/custom-saxophone-transcription-sheet-music-on-request\\\/#primaryimage\"},\"thumbnailUrl\":\"https:\\\/\\\/chrisonsax.com\\\/wp-content\\\/uploads\\\/2025\\\/02\\\/cours-saxophone-dubai.jpg\",\"datePublished\":\"2026-04-07T06:48:54+00:00\",\"dateModified\":\"2026-04-07T07:29:17+00:00\",\"description\":\"Request a custom saxophone transcription. Free review before payment. Send your song and get a personalized sheet music. and play it\",\"breadcrumb\":{\"@id\":\"https:\\\/\\\/chrisonsax.com\\\/product\\\/custom-saxophone-transcription-sheet-music-on-request\\\/#breadcrumb\"},\"inLanguage\":\"fr-FR\",\"potentialAction\":[{\"@type\":\"ReadAction\",\"target\":[\"https:\\\/\\\/chrisonsax.com\\\/product\\\/custom-saxophone-transcription-sheet-music-on-request\\\/\"]}]},{\"@type\":\"ImageObject\",\"inLanguage\":\"fr-FR\",\"@id\":\"https:\\\/\\\/chrisonsax.com\\\/product\\\/custom-saxophone-transcription-sheet-music-on-request\\\/#primaryimage\",\"url\":\"https:\\\/\\\/chrisonsax.com\\\/wp-content\\\/uploads\\\/2025\\\/02\\\/cours-saxophone-dubai.jpg\",\"contentUrl\":\"https:\\\/\\\/chrisonsax.com\\\/wp-content\\\/uploads\\\/2025\\\/02\\\/cours-saxophone-dubai.jpg\",\"width\":1002,\"height\":668,\"caption\":\"cours-saxophone-dubai\"},{\"@type\":\"BreadcrumbList\",\"@id\":\"https:\\\/\\\/chrisonsax.com\\\/product\\\/custom-saxophone-transcription-sheet-music-on-request\\\/#breadcrumb\",\"itemListElement\":[{\"@type\":\"ListItem\",\"position\":1,\"name\":\"Animation cocktail\",\"item\":\"https:\\\/\\\/chrisonsax.com\\\/\"},{\"@type\":\"ListItem\",\"position\":2,\"name\":\"Shop\",\"item\":\"https:\\\/\\\/chrisonsax.com\\\/boutique\\\/\"},{\"@type\":\"ListItem\",\"position\":3,\"name\":\"Custom Saxophone Transcription (Sheet Music on Request)\"}]},{\"@type\":\"WebSite\",\"@id\":\"https:\\\/\\\/chrisonsax.com\\\/#website\",\"url\":\"https:\\\/\\\/chrisonsax.com\\\/\",\"name\":\"Musicien saxophoniste\",\"description\":\"Cocktail sax Tel : +971 058 542 0635\",\"publisher\":{\"@id\":\"https:\\\/\\\/chrisonsax.com\\\/#organization\"},\"potentialAction\":[{\"@type\":\"SearchAction\",\"target\":{\"@type\":\"EntryPoint\",\"urlTemplate\":\"https:\\\/\\\/chrisonsax.com\\\/?s={search_term_string}\"},\"query-input\":{\"@type\":\"PropertyValueSpecification\",\"valueRequired\":true,\"valueName\":\"search_term_string\"}}],\"inLanguage\":\"fr-FR\"},{\"@type\":\"Organization\",\"@id\":\"https:\\\/\\\/chrisonsax.com\\\/#organization\",\"name\":\"Musicien saxophoniste\",\"url\":\"https:\\\/\\\/chrisonsax.com\\\/\",\"logo\":{\"@type\":\"ImageObject\",\"inLanguage\":\"fr-FR\",\"@id\":\"https:\\\/\\\/chrisonsax.com\\\/#\\\/schema\\\/logo\\\/image\\\/\",\"url\":\"https:\\\/\\\/chrisonsax.com\\\/wp-content\\\/uploads\\\/2021\\\/12\\\/cropped-WhatsApp-Image-2021-08-28-at-13.03.56-2-1-e1674942410642.jpeg\",\"contentUrl\":\"https:\\\/\\\/chrisonsax.com\\\/wp-content\\\/uploads\\\/2021\\\/12\\\/cropped-WhatsApp-Image-2021-08-28-at-13.03.56-2-1-e1674942410642.jpeg\",\"width\":300,\"height\":300,\"caption\":\"Musicien saxophoniste\"},\"image\":{\"@id\":\"https:\\\/\\\/chrisonsax.com\\\/#\\\/schema\\\/logo\\\/image\\\/\"},\"sameAs\":[\"https:\\\/\\\/www.facebook.com\\\/christopheonsax\",\"https:\\\/\\\/www.instagram.com\\\/chris_onsax\\\/\",\"https:\\\/\\\/www.youtube.com\\\/channel\\\/UCPht7xSeaLJ_4FUWV4bUOQg?view_as=subscriber\"]}]}<\/script>\n<!-- \/ Yoast SEO Premium plugin. -->","yoast_head_json":{"title":"Transcription de saxophone personnalis\u00e9e | Demande avant paiement","description":"Demandez une transcription de saxophone personnalis\u00e9e. R\u00e9vision gratuite avant paiement. Envoyez votre chanson et obtenez une partition personnalis\u00e9e. et jouez-la","robots":{"index":"index","follow":"follow","max-snippet":"max-snippet:-1","max-image-preview":"max-image-preview:large","max-video-preview":"max-video-preview:-1"},"canonical":"https:\/\/chrisonsax.com\/fr\/produit\/partitions-de-saxophone-personnalisees-sur-demande\/","og_locale":"fr_FR","og_type":"article","og_title":"Custom Saxophone Transcription (Sheet Music on Request)","og_description":"Request a custom saxophone transcription. Free review before payment. Send your song and get a personalized sheet music. and play it","og_url":"https:\/\/chrisonsax.com\/fr\/produit\/partitions-de-saxophone-personnalisees-sur-demande\/","og_site_name":"Saxophonist","article_publisher":"https:\/\/www.facebook.com\/christopheonsax","article_modified_time":"2026-04-07T07:29:17+00:00","og_image":[{"width":1002,"height":668,"url":"https:\/\/chrisonsax.com\/wp-content\/uploads\/2025\/02\/cours-saxophone-dubai.jpg","type":"image\/jpeg"}],"twitter_card":"summary_large_image","twitter_misc":{"Dur\u00e9e de lecture estim\u00e9e":"2 minutes"},"schema":{"@context":"https:\/\/schema.org","@graph":[{"@type":"WebPage","@id":"https:\/\/chrisonsax.com\/product\/custom-saxophone-transcription-sheet-music-on-request\/","url":"https:\/\/chrisonsax.com\/product\/custom-saxophone-transcription-sheet-music-on-request\/","name":"Transcription de saxophone personnalis\u00e9e | Demande avant paiement","isPartOf":{"@id":"https:\/\/chrisonsax.com\/#website"},"primaryImageOfPage":{"@id":"https:\/\/chrisonsax.com\/product\/custom-saxophone-transcription-sheet-music-on-request\/#primaryimage"},"image":{"@id":"https:\/\/chrisonsax.com\/product\/custom-saxophone-transcription-sheet-music-on-request\/#primaryimage"},"thumbnailUrl":"https:\/\/chrisonsax.com\/wp-content\/uploads\/2025\/02\/cours-saxophone-dubai.jpg","datePublished":"2026-04-07T06:48:54+00:00","dateModified":"2026-04-07T07:29:17+00:00","description":"Demandez une transcription de saxophone personnalis\u00e9e. R\u00e9vision gratuite avant paiement. Envoyez votre chanson et obtenez une partition personnalis\u00e9e. et jouez-la","breadcrumb":{"@id":"https:\/\/chrisonsax.com\/product\/custom-saxophone-transcription-sheet-music-on-request\/#breadcrumb"},"inLanguage":"fr-FR","potentialAction":[{"@type":"ReadAction","target":["https:\/\/chrisonsax.com\/product\/custom-saxophone-transcription-sheet-music-on-request\/"]}]},{"@type":"ImageObject","inLanguage":"fr-FR","@id":"https:\/\/chrisonsax.com\/product\/custom-saxophone-transcription-sheet-music-on-request\/#primaryimage","url":"https:\/\/chrisonsax.com\/wp-content\/uploads\/2025\/02\/cours-saxophone-dubai.jpg","contentUrl":"https:\/\/chrisonsax.com\/wp-content\/uploads\/2025\/02\/cours-saxophone-dubai.jpg","width":1002,"height":668,"caption":"cours-saxophone-dubai"},{"@type":"BreadcrumbList","@id":"https:\/\/chrisonsax.com\/product\/custom-saxophone-transcription-sheet-music-on-request\/#breadcrumb","itemListElement":[{"@type":"ListItem","position":1,"name":"Animation cocktail","item":"https:\/\/chrisonsax.com\/"},{"@type":"ListItem","position":2,"name":"Shop","item":"https:\/\/chrisonsax.com\/boutique\/"},{"@type":"ListItem","position":3,"name":"Custom Saxophone Transcription (Sheet Music on Request)"}]},{"@type":"WebSite","@id":"https:\/\/chrisonsax.com\/#website","url":"https:\/\/chrisonsax.com\/","name":"Musicien saxophoniste","description":"Cocktail sax Tel : +971 058 542 0635","publisher":{"@id":"https:\/\/chrisonsax.com\/#organization"},"potentialAction":[{"@type":"SearchAction","target":{"@type":"EntryPoint","urlTemplate":"https:\/\/chrisonsax.com\/?s={search_term_string}"},"query-input":{"@type":"PropertyValueSpecification","valueRequired":true,"valueName":"search_term_string"}}],"inLanguage":"fr-FR"},{"@type":"Organization","@id":"https:\/\/chrisonsax.com\/#organization","name":"Musicien saxophoniste","url":"https:\/\/chrisonsax.com\/","logo":{"@type":"ImageObject","inLanguage":"fr-FR","@id":"https:\/\/chrisonsax.com\/#\/schema\/logo\/image\/","url":"https:\/\/chrisonsax.com\/wp-content\/uploads\/2021\/12\/cropped-WhatsApp-Image-2021-08-28-at-13.03.56-2-1-e1674942410642.jpeg","contentUrl":"https:\/\/chrisonsax.com\/wp-content\/uploads\/2021\/12\/cropped-WhatsApp-Image-2021-08-28-at-13.03.56-2-1-e1674942410642.jpeg","width":300,"height":300,"caption":"Musicien saxophoniste"},"image":{"@id":"https:\/\/chrisonsax.com\/#\/schema\/logo\/image\/"},"sameAs":["https:\/\/www.facebook.com\/christopheonsax","https:\/\/www.instagram.com\/chris_onsax\/","https:\/\/www.youtube.com\/channel\/UCPht7xSeaLJ_4FUWV4bUOQg?view_as=subscriber"]}]}},"_links":{"self":[{"href":"https:\/\/chrisonsax.com\/fr\/wp-json\/wp\/v2\/product\/16277","targetHints":{"allow":["GET"]}}],"collection":[{"href":"https:\/\/chrisonsax.com\/fr\/wp-json\/wp\/v2\/product"}],"about":[{"href":"https:\/\/chrisonsax.com\/fr\/wp-json\/wp\/v2\/types\/product"}],"replies":[{"embeddable":true,"href":"https:\/\/chrisonsax.com\/fr\/wp-json\/wp\/v2\/comments?post=16277"}],"wp:featuredmedia":[{"embeddable":true,"href":"https:\/\/chrisonsax.com\/fr\/wp-json\/wp\/v2\/media\/8475"}],"wp:attachment":[{"href":"https:\/\/chrisonsax.com\/fr\/wp-json\/wp\/v2\/media?parent=16277"}],"wp:term":[{"taxonomy":"product_brand","embeddable":true,"href":"https:\/\/chrisonsax.com\/fr\/wp-json\/wp\/v2\/product_brand?post=16277"},{"taxonomy":"product_cat","embeddable":true,"href":"https:\/\/chrisonsax.com\/fr\/wp-json\/wp\/v2\/product_cat?post=16277"},{"taxonomy":"product_tag","embeddable":true,"href":"https:\/\/chrisonsax.com\/fr\/wp-json\/wp\/v2\/product_tag?post=16277"}],"curies":[{"name":"wp","href":"https:\/\/api.w.org\/{rel}","templated":true}]}}