{"id":14048,"date":"2026-03-04T12:16:48","date_gmt":"2026-03-04T12:16:48","guid":{"rendered":"https:\/\/chrisonsax.com\/?post_type=product&#038;p=14048"},"modified":"2026-03-04T12:28:07","modified_gmt":"2026-03-04T12:28:07","slug":"saxophone-reading-exercise-f-major-alto-sax","status":"publish","type":"product","link":"https:\/\/chrisonsax.com\/fr\/produit\/exercice-de-lecture-saxophone-f-majeur-sax-alto\/","title":{"rendered":"Exercice de lecture pour saxophone - fa majeur (saxo alto)"},"content":{"rendered":"<h2 data-start=\"768\" data-end=\"822\">Apprendre \u00e0 lire la musique au saxophone (exercice en fa majeur) Pour saxophone alto<\/h2>\n<p data-start=\"824\" data-end=\"945\">Cet exercice de lecture au saxophone est con\u00e7u pour aider les d\u00e9butants \u00e0 <strong data-start=\"886\" data-end=\"944\">d\u00e9velopper leur capacit\u00e9 \u00e0 lire des partitions pas \u00e0 pas<\/strong>.<\/p>\n<p data-start=\"947\" data-end=\"970\">Dans cet exercice vid\u00e9o :<\/p>\n<ul data-start=\"972\" data-end=\"1098\">\n<li data-start=\"972\" data-end=\"1009\">\n<p data-start=\"974\" data-end=\"1009\">Le <strong data-start=\"976\" data-end=\"1009\">le curseur se d\u00e9place sur la partition<\/strong><\/p>\n<\/li>\n<li data-start=\"1010\" data-end=\"1036\">\n<p data-start=\"1012\" data-end=\"1036\">Chaque note est mise en \u00e9vidence<\/p>\n<\/li>\n<li data-start=\"1037\" data-end=\"1098\">\n<p data-start=\"1039\" data-end=\"1098\">Le <strong data-start=\"1043\" data-end=\"1098\">le nom de la note appara\u00eet lorsque le curseur l'atteint<\/strong><\/p>\n<\/li>\n<\/ul>\n<p data-start=\"1100\" data-end=\"1139\">Cette approche visuelle vous aide \u00e0 vous connecter :<\/p>\n<p data-start=\"1141\" data-end=\"1239\">- les <strong data-start=\"1147\" data-end=\"1168\">notes sur la port\u00e9e<\/strong><br data-start=\"1168\" data-end=\"1171\" \/>- les <strong data-start=\"1177\" data-end=\"1190\">nom de la note<\/strong><br data-start=\"1190\" data-end=\"1193\" \/>- les <strong data-start=\"1199\" data-end=\"1239\">le son et le doigt\u00e9 du saxophone<\/strong><\/p>\n<p data-start=\"1241\" data-end=\"1373\">L'exercice est r\u00e9dig\u00e9 en <strong data-start=\"1268\" data-end=\"1279\">F Major<\/strong>, qui introduit le <strong data-start=\"1302\" data-end=\"1317\">Sib (si b\u00e9mol)<\/strong> - l'une des cl\u00e9s les plus importantes pour les saxophonistes.<\/p>\n<hr data-start=\"1375\" data-end=\"1378\" \/>\n<h2 data-start=\"1380\" data-end=\"1408\">\u00c0 qui s'adresse cet exercice ?<\/h2>\n<p data-start=\"1410\" data-end=\"1439\">Cet exercice est parfait pour :<\/p>\n<ul data-start=\"1441\" data-end=\"1618\">\n<li data-start=\"1441\" data-end=\"1472\">\n<p data-start=\"1443\" data-end=\"1472\">\u00e9tudiants d\u00e9butants en saxophone<\/p>\n<\/li>\n<li data-start=\"1473\" data-end=\"1518\">\n<p data-start=\"1475\" data-end=\"1518\">les \u00e9tudiants apprennent \u00e0 <strong data-start=\"1496\" data-end=\"1516\">lire les partitions<\/strong><\/p>\n<\/li>\n<li data-start=\"1519\" data-end=\"1571\">\n<p data-start=\"1521\" data-end=\"1571\">les joueurs qui veulent s'am\u00e9liorer <strong data-start=\"1549\" data-end=\"1569\">reconnaissance des notes<\/strong><\/p>\n<\/li>\n<li data-start=\"1572\" data-end=\"1618\">\n<p data-start=\"1574\" data-end=\"1618\">les enseignants \u00e0 la recherche de mat\u00e9riel de lecture visuel<\/p>\n<\/li>\n<\/ul>\n<hr data-start=\"1620\" data-end=\"1623\" \/>\n<h2 data-start=\"1625\" data-end=\"1649\">Ce que vous recevrez<\/h2>\n<p data-start=\"1651\" data-end=\"1753\">\u2714 Vid\u00e9o d'exercices de lecture<\/p>","protected":false},"excerpt":{"rendered":"<h2 data-start=\"768\" data-end=\"822\">Apprendre \u00e0 lire la musique au saxophone (exercice en fa majeur) Pour saxophone alto<\/h2>\n<p data-start=\"377\" data-end=\"477\">Am\u00e9liorez votre <strong data-start=\"390\" data-end=\"427\">lecture de la musique au saxophone<\/strong> avec cet exercice de lecture visuelle en <strong data-start=\"465\" data-end=\"476\">F Major<\/strong>.<\/p>\n<p data-start=\"479\" data-end=\"667\">La vid\u00e9o montre au <strong data-start=\"497\" data-end=\"531\">d\u00e9placement du curseur<\/strong>le <strong data-start=\"541\" data-end=\"595\">nom de chaque note (qui appara\u00eet au fur et \u00e0 mesure).<\/strong>Il aide les d\u00e9butants \u00e0 faire le lien entre la note \u00e9crite et le doigt\u00e9 correct.<\/p>\n<p data-start=\"669\" data-end=\"735\">Parfait pour les \u00e9l\u00e8ves qui apprennent \u00e0 <strong data-start=\"702\" data-end=\"734\">lire la musique sur Alto Saxophone<\/strong>.<\/p>\n<p data-start=\"273\" data-end=\"401\">Explorer mon <strong data-start=\"284\" data-end=\"334\">un centre d'apprentissage structur\u00e9 pour les \u00e9tudiants en saxophone<\/strong> avec des exercices, des pistes d'accompagnement, des partitions et des exercices d'entra\u00eenement.<\/p>\n<p data-start=\"403\" data-end=\"476\">\ud83d\udc49 <a href=\"https:\/\/chrisonsax.com\/fr\/contenu-reserve\/\" target=\"_blank\" rel=\"noopener\"><strong data-start=\"406\" data-end=\"437\">D\u00e9couvrez la \"salle d'entra\u00eenement\"<\/strong><\/a><\/p>\n<p data-start=\"669\" data-end=\"735\">","protected":false},"featured_media":14052,"comment_status":"closed","ping_status":"closed","template":"","meta":{"pmpro_default_level":"","_kad_post_transparent":"default","_kad_post_title":"","_kad_post_layout":"default","_kad_post_sidebar_id":"","_kad_post_content_style":"default","_kad_post_vertical_padding":"default","_kad_post_feature":"","_kad_post_feature_position":"","_kad_post_header":false,"_kad_post_footer":false,"_kad_post_classname":""},"product_brand":[],"product_cat":[113,120,117,71],"product_tag":[],"class_list":{"0":"post-14048","1":"product","2":"type-product","3":"status-publish","4":"has-post-thumbnail","6":"product_cat-sheet-music-with-note-names","7":"product_cat-practice-routines","8":"product_cat-alto-saxophone","9":"product_cat-non-classe","10":"pmpro-has-access","12":"first","13":"instock","14":"downloadable","15":"shipping-taxable","16":"purchasable","17":"product-type-simple","18":"entry","19":"content-bg","20":"loop-entry"},"yoast_head":"<!-- This site is optimized with the Yoast SEO Premium plugin v27.0 (Yoast SEO v27.4) - https:\/\/yoast.com\/product\/yoast-seo-premium-wordpress\/ -->\n<title>Saxophone Reading Exercise F Major | Alto Sax Beginner<\/title>\n<meta name=\"description\" content=\"Improve your saxophone reading skills with this F Major exercise for Alto Sax. Visual cursor, note names, and structured practice for beginners.\" \/>\n<meta name=\"robots\" content=\"index, follow, max-snippet:-1, max-image-preview:large, max-video-preview:-1\" \/>\n<link rel=\"canonical\" href=\"https:\/\/chrisonsax.com\/fr\/produit\/exercice-de-lecture-saxophone-f-majeur-sax-alto\/\" \/>\n<meta property=\"og:locale\" content=\"fr_FR\" \/>\n<meta property=\"og:type\" content=\"article\" \/>\n<meta property=\"og:title\" content=\"Saxophone Reading Exercise \u2013 F Major (Alto Sax)\" \/>\n<meta property=\"og:description\" content=\"Improve your saxophone reading skills with this F Major exercise for Alto Sax. Visual cursor, note names, and structured practice for beginners.\" \/>\n<meta property=\"og:url\" content=\"https:\/\/chrisonsax.com\/fr\/produit\/exercice-de-lecture-saxophone-f-majeur-sax-alto\/\" \/>\n<meta property=\"og:site_name\" content=\"Saxophonist\" \/>\n<meta property=\"article:publisher\" content=\"https:\/\/www.facebook.com\/christopheonsax\" \/>\n<meta property=\"article:modified_time\" content=\"2026-03-04T12:28:07+00:00\" \/>\n<meta property=\"og:image\" content=\"https:\/\/chrisonsax.com\/wp-content\/uploads\/2026\/03\/Reading-Exercise-alto-F-couverture-2.jpg\" \/>\n\t<meta property=\"og:image:width\" content=\"500\" \/>\n\t<meta property=\"og:image:height\" content=\"500\" \/>\n\t<meta property=\"og:image:type\" content=\"image\/jpeg\" \/>\n<meta name=\"twitter:card\" content=\"summary_large_image\" \/>\n<meta name=\"twitter:label1\" content=\"Dur\u00e9e de lecture estim\u00e9e\" \/>\n\t<meta name=\"twitter:data1\" content=\"1 minute\" \/>\n<script type=\"application\/ld+json\" class=\"yoast-schema-graph\">{\"@context\":\"https:\\\/\\\/schema.org\",\"@graph\":[{\"@type\":\"WebPage\",\"@id\":\"https:\\\/\\\/chrisonsax.com\\\/product\\\/saxophone-reading-exercise-f-major-alto-sax\\\/\",\"url\":\"https:\\\/\\\/chrisonsax.com\\\/product\\\/saxophone-reading-exercise-f-major-alto-sax\\\/\",\"name\":\"Saxophone Reading Exercise F Major | Alto Sax Beginner\",\"isPartOf\":{\"@id\":\"https:\\\/\\\/chrisonsax.com\\\/#website\"},\"primaryImageOfPage\":{\"@id\":\"https:\\\/\\\/chrisonsax.com\\\/product\\\/saxophone-reading-exercise-f-major-alto-sax\\\/#primaryimage\"},\"image\":{\"@id\":\"https:\\\/\\\/chrisonsax.com\\\/product\\\/saxophone-reading-exercise-f-major-alto-sax\\\/#primaryimage\"},\"thumbnailUrl\":\"https:\\\/\\\/chrisonsax.com\\\/wp-content\\\/uploads\\\/2026\\\/03\\\/Reading-Exercise-alto-F-couverture-2.jpg\",\"datePublished\":\"2026-03-04T12:16:48+00:00\",\"dateModified\":\"2026-03-04T12:28:07+00:00\",\"description\":\"Improve your saxophone reading skills with this F Major exercise for Alto Sax. Visual cursor, note names, and structured practice for beginners.\",\"breadcrumb\":{\"@id\":\"https:\\\/\\\/chrisonsax.com\\\/product\\\/saxophone-reading-exercise-f-major-alto-sax\\\/#breadcrumb\"},\"inLanguage\":\"fr-FR\",\"potentialAction\":[{\"@type\":\"ReadAction\",\"target\":[\"https:\\\/\\\/chrisonsax.com\\\/product\\\/saxophone-reading-exercise-f-major-alto-sax\\\/\"]}]},{\"@type\":\"ImageObject\",\"inLanguage\":\"fr-FR\",\"@id\":\"https:\\\/\\\/chrisonsax.com\\\/product\\\/saxophone-reading-exercise-f-major-alto-sax\\\/#primaryimage\",\"url\":\"https:\\\/\\\/chrisonsax.com\\\/wp-content\\\/uploads\\\/2026\\\/03\\\/Reading-Exercise-alto-F-couverture-2.jpg\",\"contentUrl\":\"https:\\\/\\\/chrisonsax.com\\\/wp-content\\\/uploads\\\/2026\\\/03\\\/Reading-Exercise-alto-F-couverture-2.jpg\",\"width\":500,\"height\":500},{\"@type\":\"BreadcrumbList\",\"@id\":\"https:\\\/\\\/chrisonsax.com\\\/product\\\/saxophone-reading-exercise-f-major-alto-sax\\\/#breadcrumb\",\"itemListElement\":[{\"@type\":\"ListItem\",\"position\":1,\"name\":\"Animation cocktail\",\"item\":\"https:\\\/\\\/chrisonsax.com\\\/\"},{\"@type\":\"ListItem\",\"position\":2,\"name\":\"Shop\",\"item\":\"https:\\\/\\\/chrisonsax.com\\\/boutique\\\/\"},{\"@type\":\"ListItem\",\"position\":3,\"name\":\"Saxophone Reading Exercise \u2013 F Major (Alto Sax)\"}]},{\"@type\":\"WebSite\",\"@id\":\"https:\\\/\\\/chrisonsax.com\\\/#website\",\"url\":\"https:\\\/\\\/chrisonsax.com\\\/\",\"name\":\"Musicien saxophoniste\",\"description\":\"Cocktail sax Tel : +971 058 542 0635\",\"publisher\":{\"@id\":\"https:\\\/\\\/chrisonsax.com\\\/#organization\"},\"potentialAction\":[{\"@type\":\"SearchAction\",\"target\":{\"@type\":\"EntryPoint\",\"urlTemplate\":\"https:\\\/\\\/chrisonsax.com\\\/?s={search_term_string}\"},\"query-input\":{\"@type\":\"PropertyValueSpecification\",\"valueRequired\":true,\"valueName\":\"search_term_string\"}}],\"inLanguage\":\"fr-FR\"},{\"@type\":\"Organization\",\"@id\":\"https:\\\/\\\/chrisonsax.com\\\/#organization\",\"name\":\"Musicien saxophoniste\",\"url\":\"https:\\\/\\\/chrisonsax.com\\\/\",\"logo\":{\"@type\":\"ImageObject\",\"inLanguage\":\"fr-FR\",\"@id\":\"https:\\\/\\\/chrisonsax.com\\\/#\\\/schema\\\/logo\\\/image\\\/\",\"url\":\"https:\\\/\\\/chrisonsax.com\\\/wp-content\\\/uploads\\\/2021\\\/12\\\/cropped-WhatsApp-Image-2021-08-28-at-13.03.56-2-1-e1674942410642.jpeg\",\"contentUrl\":\"https:\\\/\\\/chrisonsax.com\\\/wp-content\\\/uploads\\\/2021\\\/12\\\/cropped-WhatsApp-Image-2021-08-28-at-13.03.56-2-1-e1674942410642.jpeg\",\"width\":300,\"height\":300,\"caption\":\"Musicien saxophoniste\"},\"image\":{\"@id\":\"https:\\\/\\\/chrisonsax.com\\\/#\\\/schema\\\/logo\\\/image\\\/\"},\"sameAs\":[\"https:\\\/\\\/www.facebook.com\\\/christopheonsax\",\"https:\\\/\\\/www.instagram.com\\\/chris_onsax\\\/\",\"https:\\\/\\\/www.youtube.com\\\/channel\\\/UCPht7xSeaLJ_4FUWV4bUOQg?view_as=subscriber\"]}]}<\/script>\n<!-- \/ Yoast SEO Premium plugin. -->","yoast_head_json":{"title":"Saxophone Reading Exercise F Major | Alto Sax Beginner","description":"Am\u00e9liorez vos capacit\u00e9s de lecture au saxophone avec cet exercice en fa majeur pour Alto Sax. Curseur visuel, noms des notes et pratique structur\u00e9e pour les d\u00e9butants.","robots":{"index":"index","follow":"follow","max-snippet":"max-snippet:-1","max-image-preview":"max-image-preview:large","max-video-preview":"max-video-preview:-1"},"canonical":"https:\/\/chrisonsax.com\/fr\/produit\/exercice-de-lecture-saxophone-f-majeur-sax-alto\/","og_locale":"fr_FR","og_type":"article","og_title":"Saxophone Reading Exercise \u2013 F Major (Alto Sax)","og_description":"Improve your saxophone reading skills with this F Major exercise for Alto Sax. Visual cursor, note names, and structured practice for beginners.","og_url":"https:\/\/chrisonsax.com\/fr\/produit\/exercice-de-lecture-saxophone-f-majeur-sax-alto\/","og_site_name":"Saxophonist","article_publisher":"https:\/\/www.facebook.com\/christopheonsax","article_modified_time":"2026-03-04T12:28:07+00:00","og_image":[{"width":500,"height":500,"url":"https:\/\/chrisonsax.com\/wp-content\/uploads\/2026\/03\/Reading-Exercise-alto-F-couverture-2.jpg","type":"image\/jpeg"}],"twitter_card":"summary_large_image","twitter_misc":{"Dur\u00e9e de lecture estim\u00e9e":"1 minute"},"schema":{"@context":"https:\/\/schema.org","@graph":[{"@type":"WebPage","@id":"https:\/\/chrisonsax.com\/product\/saxophone-reading-exercise-f-major-alto-sax\/","url":"https:\/\/chrisonsax.com\/product\/saxophone-reading-exercise-f-major-alto-sax\/","name":"Saxophone Reading Exercise F Major | Alto Sax Beginner","isPartOf":{"@id":"https:\/\/chrisonsax.com\/#website"},"primaryImageOfPage":{"@id":"https:\/\/chrisonsax.com\/product\/saxophone-reading-exercise-f-major-alto-sax\/#primaryimage"},"image":{"@id":"https:\/\/chrisonsax.com\/product\/saxophone-reading-exercise-f-major-alto-sax\/#primaryimage"},"thumbnailUrl":"https:\/\/chrisonsax.com\/wp-content\/uploads\/2026\/03\/Reading-Exercise-alto-F-couverture-2.jpg","datePublished":"2026-03-04T12:16:48+00:00","dateModified":"2026-03-04T12:28:07+00:00","description":"Am\u00e9liorez vos capacit\u00e9s de lecture au saxophone avec cet exercice en fa majeur pour Alto Sax. Curseur visuel, noms des notes et pratique structur\u00e9e pour les d\u00e9butants.","breadcrumb":{"@id":"https:\/\/chrisonsax.com\/product\/saxophone-reading-exercise-f-major-alto-sax\/#breadcrumb"},"inLanguage":"fr-FR","potentialAction":[{"@type":"ReadAction","target":["https:\/\/chrisonsax.com\/product\/saxophone-reading-exercise-f-major-alto-sax\/"]}]},{"@type":"ImageObject","inLanguage":"fr-FR","@id":"https:\/\/chrisonsax.com\/product\/saxophone-reading-exercise-f-major-alto-sax\/#primaryimage","url":"https:\/\/chrisonsax.com\/wp-content\/uploads\/2026\/03\/Reading-Exercise-alto-F-couverture-2.jpg","contentUrl":"https:\/\/chrisonsax.com\/wp-content\/uploads\/2026\/03\/Reading-Exercise-alto-F-couverture-2.jpg","width":500,"height":500},{"@type":"BreadcrumbList","@id":"https:\/\/chrisonsax.com\/product\/saxophone-reading-exercise-f-major-alto-sax\/#breadcrumb","itemListElement":[{"@type":"ListItem","position":1,"name":"Animation cocktail","item":"https:\/\/chrisonsax.com\/"},{"@type":"ListItem","position":2,"name":"Shop","item":"https:\/\/chrisonsax.com\/boutique\/"},{"@type":"ListItem","position":3,"name":"Saxophone Reading Exercise \u2013 F Major (Alto Sax)"}]},{"@type":"WebSite","@id":"https:\/\/chrisonsax.com\/#website","url":"https:\/\/chrisonsax.com\/","name":"Musicien saxophoniste","description":"Cocktail sax Tel : +971 058 542 0635","publisher":{"@id":"https:\/\/chrisonsax.com\/#organization"},"potentialAction":[{"@type":"SearchAction","target":{"@type":"EntryPoint","urlTemplate":"https:\/\/chrisonsax.com\/?s={search_term_string}"},"query-input":{"@type":"PropertyValueSpecification","valueRequired":true,"valueName":"search_term_string"}}],"inLanguage":"fr-FR"},{"@type":"Organization","@id":"https:\/\/chrisonsax.com\/#organization","name":"Musicien saxophoniste","url":"https:\/\/chrisonsax.com\/","logo":{"@type":"ImageObject","inLanguage":"fr-FR","@id":"https:\/\/chrisonsax.com\/#\/schema\/logo\/image\/","url":"https:\/\/chrisonsax.com\/wp-content\/uploads\/2021\/12\/cropped-WhatsApp-Image-2021-08-28-at-13.03.56-2-1-e1674942410642.jpeg","contentUrl":"https:\/\/chrisonsax.com\/wp-content\/uploads\/2021\/12\/cropped-WhatsApp-Image-2021-08-28-at-13.03.56-2-1-e1674942410642.jpeg","width":300,"height":300,"caption":"Musicien saxophoniste"},"image":{"@id":"https:\/\/chrisonsax.com\/#\/schema\/logo\/image\/"},"sameAs":["https:\/\/www.facebook.com\/christopheonsax","https:\/\/www.instagram.com\/chris_onsax\/","https:\/\/www.youtube.com\/channel\/UCPht7xSeaLJ_4FUWV4bUOQg?view_as=subscriber"]}]}},"_links":{"self":[{"href":"https:\/\/chrisonsax.com\/fr\/wp-json\/wp\/v2\/product\/14048","targetHints":{"allow":["GET"]}}],"collection":[{"href":"https:\/\/chrisonsax.com\/fr\/wp-json\/wp\/v2\/product"}],"about":[{"href":"https:\/\/chrisonsax.com\/fr\/wp-json\/wp\/v2\/types\/product"}],"replies":[{"embeddable":true,"href":"https:\/\/chrisonsax.com\/fr\/wp-json\/wp\/v2\/comments?post=14048"}],"wp:featuredmedia":[{"embeddable":true,"href":"https:\/\/chrisonsax.com\/fr\/wp-json\/wp\/v2\/media\/14052"}],"wp:attachment":[{"href":"https:\/\/chrisonsax.com\/fr\/wp-json\/wp\/v2\/media?parent=14048"}],"wp:term":[{"taxonomy":"product_brand","embeddable":true,"href":"https:\/\/chrisonsax.com\/fr\/wp-json\/wp\/v2\/product_brand?post=14048"},{"taxonomy":"product_cat","embeddable":true,"href":"https:\/\/chrisonsax.com\/fr\/wp-json\/wp\/v2\/product_cat?post=14048"},{"taxonomy":"product_tag","embeddable":true,"href":"https:\/\/chrisonsax.com\/fr\/wp-json\/wp\/v2\/product_tag?post=14048"}],"curies":[{"name":"wp","href":"https:\/\/api.w.org\/{rel}","templated":true}]}}