{"id":12174,"date":"2025-12-17T13:46:06","date_gmt":"2025-12-17T13:46:06","guid":{"rendered":"https:\/\/chrisonsax.com\/?post_type=product&#038;p=12174"},"modified":"2025-12-17T13:50:25","modified_gmt":"2025-12-17T13:50:25","slug":"learn-to-read-music-on-saxophone-1","status":"publish","type":"product","link":"https:\/\/chrisonsax.com\/fr\/produit\/apprendre-a-lire-la-musique-au-saxophone-1\/","title":{"rendered":"Apprendre \u00e0 lire la musique au saxophone #1"},"content":{"rendered":"<h1 data-start=\"344\" data-end=\"398\">Apprendre \u00e0 lire la musique au saxophone #1<\/h1>\n<p data-start=\"344\" data-end=\"398\">Apprendre \u00e0 lire la musique ne doit pas \u00eatre compliqu\u00e9.<\/p>\n<p data-start=\"400\" data-end=\"594\"><strong data-start=\"400\" data-end=\"439\">Apprendre \u00e0 lire la musique au saxophone #1<\/strong> est un PDF clair et adapt\u00e9 aux d\u00e9butants, con\u00e7u pour les saxophonistes qui veulent comprendre l'essentiel de la lecture musicale sans \u00eatre submerg\u00e9s par la th\u00e9orie.<\/p>\n<p data-start=\"596\" data-end=\"731\">Ce guide se concentre uniquement sur ce qui est vraiment important pour vous permettre de commencer rapidement et en toute confiance, que vous jouiez \u00e0 <strong data-start=\"703\" data-end=\"730\">saxophone alto ou t\u00e9nor<\/strong>.<\/p>\n<p data-start=\"733\" data-end=\"815\">Pas de th\u00e9orie superflue. Juste les bases dont vous avez besoin pour commencer \u00e0 jouer de la vraie musique.<\/p>\n<hr data-start=\"817\" data-end=\"820\" \/>\n<h3 data-start=\"822\" data-end=\"843\">Ce que vous apprendrez<\/h3>\n<p data-start=\"844\" data-end=\"884\">Dans ce premier volume, vous d\u00e9couvrirez<\/p>\n<ul data-start=\"886\" data-end=\"1192\">\n<li data-start=\"886\" data-end=\"949\">\n<p data-start=\"888\" data-end=\"949\">\u2705 Le <strong data-start=\"894\" data-end=\"920\">ordre des notes de musique<\/strong> (et pourquoi elle ne change jamais)<\/p>\n<\/li>\n<li data-start=\"950\" data-end=\"1033\">\n<p data-start=\"952\" data-end=\"1033\">\u2705 Comment lire les notes \u00e0 l'aide de l'\u00e9cran d'affichage ? <strong data-start=\"982\" data-end=\"997\">cl\u00e9 de sol<\/strong>, la seule clef utilis\u00e9e pour le saxophone<\/p>\n<\/li>\n<li data-start=\"1034\" data-end=\"1116\">\n<p data-start=\"1036\" data-end=\"1116\">\u2705 Comment les notes sont <strong data-start=\"1052\" data-end=\"1075\">plac\u00e9 au sein du personnel<\/strong> dans la gamme de saxophones la plus courante<\/p>\n<\/li>\n<li data-start=\"1117\" data-end=\"1192\">\n<p data-start=\"1119\" data-end=\"1192\">\u2705 Comment le <strong data-start=\"1129\" data-end=\"1151\">Signature temporelle 4\/4<\/strong> et comment compter correctement la musique<\/p>\n<\/li>\n<\/ul>\n<p data-start=\"1194\" data-end=\"1296\">\u00c0 la fin de ce guide, vous comprendrez comment la musique est organis\u00e9e et comment la suivre en jouant.<\/p>\n<hr data-start=\"1298\" data-end=\"1301\" \/>\n<h3 data-start=\"1303\" data-end=\"1328\">\u00c0 qui s'adresse ce guide ?<\/h3>\n<ul data-start=\"1329\" data-end=\"1521\">\n<li data-start=\"1329\" data-end=\"1357\">\n<p data-start=\"1331\" data-end=\"1357\">\ud83c\udfb7 Saxophonistes d\u00e9butants<\/p>\n<\/li>\n<li data-start=\"1358\" data-end=\"1412\">\n<p data-start=\"1360\" data-end=\"1412\">\ud83c\udfb7 Joueurs autodidactes qui veulent des bases claires<\/p>\n<\/li>\n<li data-start=\"1413\" data-end=\"1446\">\n<p data-start=\"1415\" data-end=\"1446\">\ud83c\udfb7 Joueurs de saxophone alto et t\u00e9nor<\/p>\n<\/li>\n<li data-start=\"1447\" data-end=\"1521\">\n<p data-start=\"1449\" data-end=\"1521\">\ud83c\udfb7 Toute personne souhaitant commencer \u00e0 lire la musique sans stress ni confusion<\/p>\n<\/li>\n<\/ul>\n<p data-start=\"1523\" data-end=\"1564\">Aucune connaissance pr\u00e9alable de la th\u00e9orie musicale n'est requise.<\/p>\n<hr data-start=\"1566\" data-end=\"1569\" \/>\n<h3 data-start=\"1571\" data-end=\"1602\">Pourquoi ce guide est-il diff\u00e9rent ?<\/h3>\n<ul data-start=\"1603\" data-end=\"1780\">\n<li data-start=\"1603\" data-end=\"1631\">\n<p data-start=\"1605\" data-end=\"1631\">\u2714\ufe0f Droit au but<\/p>\n<\/li>\n<li data-start=\"1632\" data-end=\"1657\">\n<p data-start=\"1634\" data-end=\"1657\">\u2714\ufe0f Pas de surcharge th\u00e9orique<\/p>\n<\/li>\n<li data-start=\"1658\" data-end=\"1692\">\n<p data-start=\"1660\" data-end=\"1692\">\u2714\ufe0f Explications faciles \u00e0 suivre<\/p>\n<\/li>\n<li data-start=\"1693\" data-end=\"1738\">\n<p data-start=\"1695\" data-end=\"1738\">\u2714\ufe0f Con\u00e7u par un saxophoniste professionnel<\/p>\n<\/li>\n<li data-start=\"1739\" data-end=\"1780\">\n<p data-start=\"1741\" data-end=\"1780\">\u2714\ufe0f Se concentrer sur le jeu et non sur la m\u00e9morisation<\/p>\n<\/li>\n<\/ul>\n<hr data-start=\"1782\" data-end=\"1785\" \/>\n<h3 data-start=\"1787\" data-end=\"1797\">Format :<\/h3>\n<ul data-start=\"1798\" data-end=\"1930\">\n<li data-start=\"1798\" data-end=\"1813\">\n<p data-start=\"1800\" data-end=\"1813\">\ud83d\udcc4 Fichier PDF<\/p>\n<\/li>\n<li data-start=\"1814\" data-end=\"1835\">\n<p data-start=\"1816\" data-end=\"1835\">\ud83d\udcd8 Niveau d\u00e9butant<\/p>\n<\/li>\n<li data-start=\"1836\" data-end=\"1864\">\n<p data-start=\"1838\" data-end=\"1864\">\u23f1 Rapide et facile \u00e0 lire<\/p>\n<\/li>\n<li data-start=\"1865\" data-end=\"1930\">\n<p data-start=\"1867\" data-end=\"1930\">\ud83c\udfb6 Partie de la <strong data-start=\"1882\" data-end=\"1918\">Apprendre \u00e0 lire la musique au saxophone<\/strong> s\u00e9rie (#1)<\/p>\n<\/li>\n<\/ul>","protected":false},"excerpt":{"rendered":"<h1 data-start=\"344\" data-end=\"398\">Guide Pdf gratuit : Apprendre \u00e0 lire la musique au saxophone #1<\/h1>\n<p data-start=\"67\" data-end=\"327\"><strong data-start=\"67\" data-end=\"327\">Un guide PDF convivial pour les d\u00e9butants \ud83c\uddeb\ud83c\uddf7 &amp; \ud83c\uddfa\ud83c\uddf8 pour aider les saxophonistes \u00e0 apprendre \u00e0 lire la musique sans \u00eatre surcharg\u00e9s de th\u00e9orie.<br data-start=\"168\" data-end=\"171\" \/>Couvre l'ordre des notes, la cl\u00e9 de sol, la lecture de la port\u00e9e et la signature temporelle \u00e0 4\/4.<br data-start=\"241\" data-end=\"244\" data-is-only-node=\"\" \/>Parfait pour les saxophonistes alto et t\u00e9nor qui veulent commencer \u00e0 jouer en toute confiance.<\/strong><\/p>","protected":false},"featured_media":11029,"comment_status":"closed","ping_status":"closed","template":"","meta":{"pmpro_default_level":"","_kad_post_transparent":"default","_kad_post_title":"","_kad_post_layout":"default","_kad_post_sidebar_id":"","_kad_post_content_style":"default","_kad_post_vertical_padding":"default","_kad_post_feature":"","_kad_post_feature_position":"","_kad_post_header":false,"_kad_post_footer":false,"_kad_post_classname":""},"product_brand":[],"product_cat":[113],"product_tag":[],"class_list":{"0":"post-12174","1":"product","2":"type-product","3":"status-publish","4":"has-post-thumbnail","6":"product_cat-sheet-music-with-note-names","7":"pmpro-has-access","9":"first","10":"instock","11":"downloadable","12":"shipping-taxable","13":"purchasable","14":"product-type-simple","15":"entry","16":"content-bg","17":"loop-entry"},"yoast_head":"<!-- This site is optimized with the Yoast SEO Premium plugin v27.0 (Yoast SEO v27.4) - https:\/\/yoast.com\/product\/yoast-seo-premium-wordpress\/ -->\n<title>Learn to Read Music on Saxophone \u2013 Beginner PDF Guide<\/title>\n<meta name=\"description\" content=\"A simple PDF guide for beginner saxophonists to learn music reading without theory overload. Covers note order, treble clef, staff reading &amp; 4\/4.\" \/>\n<meta name=\"robots\" content=\"index, follow, max-snippet:-1, max-image-preview:large, max-video-preview:-1\" \/>\n<link rel=\"canonical\" href=\"https:\/\/chrisonsax.com\/fr\/produit\/apprendre-a-lire-la-musique-au-saxophone-1\/\" \/>\n<meta property=\"og:locale\" content=\"fr_FR\" \/>\n<meta property=\"og:type\" content=\"article\" \/>\n<meta property=\"og:title\" content=\"Learn to Read Music on Saxophone #1\" \/>\n<meta property=\"og:description\" content=\"A simple PDF guide for beginner saxophonists to learn music reading without theory overload. Covers note order, treble clef, staff reading &amp; 4\/4.\" \/>\n<meta property=\"og:url\" content=\"https:\/\/chrisonsax.com\/fr\/produit\/apprendre-a-lire-la-musique-au-saxophone-1\/\" \/>\n<meta property=\"og:site_name\" content=\"Saxophonist\" \/>\n<meta property=\"article:publisher\" content=\"https:\/\/www.facebook.com\/christopheonsax\" \/>\n<meta property=\"article:modified_time\" content=\"2025-12-17T13:50:25+00:00\" \/>\n<meta property=\"og:image\" content=\"https:\/\/chrisonsax.com\/wp-content\/uploads\/2025\/06\/sax-beginner.jpg\" \/>\n\t<meta property=\"og:image:width\" content=\"500\" \/>\n\t<meta property=\"og:image:height\" content=\"500\" \/>\n\t<meta property=\"og:image:type\" content=\"image\/jpeg\" \/>\n<meta name=\"twitter:card\" content=\"summary_large_image\" \/>\n<meta name=\"twitter:label1\" content=\"Dur\u00e9e de lecture estim\u00e9e\" \/>\n\t<meta name=\"twitter:data1\" content=\"2 minutes\" \/>\n<script type=\"application\/ld+json\" class=\"yoast-schema-graph\">{\"@context\":\"https:\\\/\\\/schema.org\",\"@graph\":[{\"@type\":\"WebPage\",\"@id\":\"https:\\\/\\\/chrisonsax.com\\\/product\\\/learn-to-read-music-on-saxophone-1\\\/\",\"url\":\"https:\\\/\\\/chrisonsax.com\\\/product\\\/learn-to-read-music-on-saxophone-1\\\/\",\"name\":\"Learn to Read Music on Saxophone \u2013 Beginner PDF Guide\",\"isPartOf\":{\"@id\":\"https:\\\/\\\/chrisonsax.com\\\/#website\"},\"primaryImageOfPage\":{\"@id\":\"https:\\\/\\\/chrisonsax.com\\\/product\\\/learn-to-read-music-on-saxophone-1\\\/#primaryimage\"},\"image\":{\"@id\":\"https:\\\/\\\/chrisonsax.com\\\/product\\\/learn-to-read-music-on-saxophone-1\\\/#primaryimage\"},\"thumbnailUrl\":\"https:\\\/\\\/chrisonsax.com\\\/wp-content\\\/uploads\\\/2025\\\/06\\\/sax-beginner.jpg\",\"datePublished\":\"2025-12-17T13:46:06+00:00\",\"dateModified\":\"2025-12-17T13:50:25+00:00\",\"description\":\"A simple PDF guide for beginner saxophonists to learn music reading without theory overload. Covers note order, treble clef, staff reading & 4\\\/4.\",\"breadcrumb\":{\"@id\":\"https:\\\/\\\/chrisonsax.com\\\/product\\\/learn-to-read-music-on-saxophone-1\\\/#breadcrumb\"},\"inLanguage\":\"fr-FR\",\"potentialAction\":[{\"@type\":\"ReadAction\",\"target\":[\"https:\\\/\\\/chrisonsax.com\\\/product\\\/learn-to-read-music-on-saxophone-1\\\/\"]}]},{\"@type\":\"ImageObject\",\"inLanguage\":\"fr-FR\",\"@id\":\"https:\\\/\\\/chrisonsax.com\\\/product\\\/learn-to-read-music-on-saxophone-1\\\/#primaryimage\",\"url\":\"https:\\\/\\\/chrisonsax.com\\\/wp-content\\\/uploads\\\/2025\\\/06\\\/sax-beginner.jpg\",\"contentUrl\":\"https:\\\/\\\/chrisonsax.com\\\/wp-content\\\/uploads\\\/2025\\\/06\\\/sax-beginner.jpg\",\"width\":500,\"height\":500,\"caption\":\"sax-beginner\"},{\"@type\":\"BreadcrumbList\",\"@id\":\"https:\\\/\\\/chrisonsax.com\\\/product\\\/learn-to-read-music-on-saxophone-1\\\/#breadcrumb\",\"itemListElement\":[{\"@type\":\"ListItem\",\"position\":1,\"name\":\"Animation cocktail\",\"item\":\"https:\\\/\\\/chrisonsax.com\\\/\"},{\"@type\":\"ListItem\",\"position\":2,\"name\":\"Shop\",\"item\":\"https:\\\/\\\/chrisonsax.com\\\/boutique\\\/\"},{\"@type\":\"ListItem\",\"position\":3,\"name\":\"Learn to Read Music on Saxophone #1\"}]},{\"@type\":\"WebSite\",\"@id\":\"https:\\\/\\\/chrisonsax.com\\\/#website\",\"url\":\"https:\\\/\\\/chrisonsax.com\\\/\",\"name\":\"Musicien saxophoniste\",\"description\":\"Cocktail sax Tel : +971 058 542 0635\",\"publisher\":{\"@id\":\"https:\\\/\\\/chrisonsax.com\\\/#organization\"},\"potentialAction\":[{\"@type\":\"SearchAction\",\"target\":{\"@type\":\"EntryPoint\",\"urlTemplate\":\"https:\\\/\\\/chrisonsax.com\\\/?s={search_term_string}\"},\"query-input\":{\"@type\":\"PropertyValueSpecification\",\"valueRequired\":true,\"valueName\":\"search_term_string\"}}],\"inLanguage\":\"fr-FR\"},{\"@type\":\"Organization\",\"@id\":\"https:\\\/\\\/chrisonsax.com\\\/#organization\",\"name\":\"Musicien saxophoniste\",\"url\":\"https:\\\/\\\/chrisonsax.com\\\/\",\"logo\":{\"@type\":\"ImageObject\",\"inLanguage\":\"fr-FR\",\"@id\":\"https:\\\/\\\/chrisonsax.com\\\/#\\\/schema\\\/logo\\\/image\\\/\",\"url\":\"https:\\\/\\\/chrisonsax.com\\\/wp-content\\\/uploads\\\/2021\\\/12\\\/cropped-WhatsApp-Image-2021-08-28-at-13.03.56-2-1-e1674942410642.jpeg\",\"contentUrl\":\"https:\\\/\\\/chrisonsax.com\\\/wp-content\\\/uploads\\\/2021\\\/12\\\/cropped-WhatsApp-Image-2021-08-28-at-13.03.56-2-1-e1674942410642.jpeg\",\"width\":300,\"height\":300,\"caption\":\"Musicien saxophoniste\"},\"image\":{\"@id\":\"https:\\\/\\\/chrisonsax.com\\\/#\\\/schema\\\/logo\\\/image\\\/\"},\"sameAs\":[\"https:\\\/\\\/www.facebook.com\\\/christopheonsax\",\"https:\\\/\\\/www.instagram.com\\\/chris_onsax\\\/\",\"https:\\\/\\\/www.youtube.com\\\/channel\\\/UCPht7xSeaLJ_4FUWV4bUOQg?view_as=subscriber\"]}]}<\/script>\n<!-- \/ Yoast SEO Premium plugin. -->","yoast_head_json":{"title":"Apprendre \u00e0 lire la musique au saxophone - Guide PDF pour d\u00e9butants","description":"Un guide PDF simple pour les saxophonistes d\u00e9butants afin d'apprendre \u00e0 lire la musique sans \u00eatre surcharg\u00e9 de th\u00e9orie. Il couvre l'ordre des notes, la cl\u00e9 de sol, la lecture de la port\u00e9e et le 4\/4.","robots":{"index":"index","follow":"follow","max-snippet":"max-snippet:-1","max-image-preview":"max-image-preview:large","max-video-preview":"max-video-preview:-1"},"canonical":"https:\/\/chrisonsax.com\/fr\/produit\/apprendre-a-lire-la-musique-au-saxophone-1\/","og_locale":"fr_FR","og_type":"article","og_title":"Learn to Read Music on Saxophone #1","og_description":"A simple PDF guide for beginner saxophonists to learn music reading without theory overload. Covers note order, treble clef, staff reading & 4\/4.","og_url":"https:\/\/chrisonsax.com\/fr\/produit\/apprendre-a-lire-la-musique-au-saxophone-1\/","og_site_name":"Saxophonist","article_publisher":"https:\/\/www.facebook.com\/christopheonsax","article_modified_time":"2025-12-17T13:50:25+00:00","og_image":[{"width":500,"height":500,"url":"https:\/\/chrisonsax.com\/wp-content\/uploads\/2025\/06\/sax-beginner.jpg","type":"image\/jpeg"}],"twitter_card":"summary_large_image","twitter_misc":{"Dur\u00e9e de lecture estim\u00e9e":"2 minutes"},"schema":{"@context":"https:\/\/schema.org","@graph":[{"@type":"WebPage","@id":"https:\/\/chrisonsax.com\/product\/learn-to-read-music-on-saxophone-1\/","url":"https:\/\/chrisonsax.com\/product\/learn-to-read-music-on-saxophone-1\/","name":"Apprendre \u00e0 lire la musique au saxophone - Guide PDF pour d\u00e9butants","isPartOf":{"@id":"https:\/\/chrisonsax.com\/#website"},"primaryImageOfPage":{"@id":"https:\/\/chrisonsax.com\/product\/learn-to-read-music-on-saxophone-1\/#primaryimage"},"image":{"@id":"https:\/\/chrisonsax.com\/product\/learn-to-read-music-on-saxophone-1\/#primaryimage"},"thumbnailUrl":"https:\/\/chrisonsax.com\/wp-content\/uploads\/2025\/06\/sax-beginner.jpg","datePublished":"2025-12-17T13:46:06+00:00","dateModified":"2025-12-17T13:50:25+00:00","description":"Un guide PDF simple pour les saxophonistes d\u00e9butants afin d'apprendre \u00e0 lire la musique sans \u00eatre surcharg\u00e9 de th\u00e9orie. Il couvre l'ordre des notes, la cl\u00e9 de sol, la lecture de la port\u00e9e et le 4\/4.","breadcrumb":{"@id":"https:\/\/chrisonsax.com\/product\/learn-to-read-music-on-saxophone-1\/#breadcrumb"},"inLanguage":"fr-FR","potentialAction":[{"@type":"ReadAction","target":["https:\/\/chrisonsax.com\/product\/learn-to-read-music-on-saxophone-1\/"]}]},{"@type":"ImageObject","inLanguage":"fr-FR","@id":"https:\/\/chrisonsax.com\/product\/learn-to-read-music-on-saxophone-1\/#primaryimage","url":"https:\/\/chrisonsax.com\/wp-content\/uploads\/2025\/06\/sax-beginner.jpg","contentUrl":"https:\/\/chrisonsax.com\/wp-content\/uploads\/2025\/06\/sax-beginner.jpg","width":500,"height":500,"caption":"sax-beginner"},{"@type":"BreadcrumbList","@id":"https:\/\/chrisonsax.com\/product\/learn-to-read-music-on-saxophone-1\/#breadcrumb","itemListElement":[{"@type":"ListItem","position":1,"name":"Animation cocktail","item":"https:\/\/chrisonsax.com\/"},{"@type":"ListItem","position":2,"name":"Shop","item":"https:\/\/chrisonsax.com\/boutique\/"},{"@type":"ListItem","position":3,"name":"Learn to Read Music on Saxophone #1"}]},{"@type":"WebSite","@id":"https:\/\/chrisonsax.com\/#website","url":"https:\/\/chrisonsax.com\/","name":"Musicien saxophoniste","description":"Cocktail sax Tel : +971 058 542 0635","publisher":{"@id":"https:\/\/chrisonsax.com\/#organization"},"potentialAction":[{"@type":"SearchAction","target":{"@type":"EntryPoint","urlTemplate":"https:\/\/chrisonsax.com\/?s={search_term_string}"},"query-input":{"@type":"PropertyValueSpecification","valueRequired":true,"valueName":"search_term_string"}}],"inLanguage":"fr-FR"},{"@type":"Organization","@id":"https:\/\/chrisonsax.com\/#organization","name":"Musicien saxophoniste","url":"https:\/\/chrisonsax.com\/","logo":{"@type":"ImageObject","inLanguage":"fr-FR","@id":"https:\/\/chrisonsax.com\/#\/schema\/logo\/image\/","url":"https:\/\/chrisonsax.com\/wp-content\/uploads\/2021\/12\/cropped-WhatsApp-Image-2021-08-28-at-13.03.56-2-1-e1674942410642.jpeg","contentUrl":"https:\/\/chrisonsax.com\/wp-content\/uploads\/2021\/12\/cropped-WhatsApp-Image-2021-08-28-at-13.03.56-2-1-e1674942410642.jpeg","width":300,"height":300,"caption":"Musicien saxophoniste"},"image":{"@id":"https:\/\/chrisonsax.com\/#\/schema\/logo\/image\/"},"sameAs":["https:\/\/www.facebook.com\/christopheonsax","https:\/\/www.instagram.com\/chris_onsax\/","https:\/\/www.youtube.com\/channel\/UCPht7xSeaLJ_4FUWV4bUOQg?view_as=subscriber"]}]}},"_links":{"self":[{"href":"https:\/\/chrisonsax.com\/fr\/wp-json\/wp\/v2\/product\/12174","targetHints":{"allow":["GET"]}}],"collection":[{"href":"https:\/\/chrisonsax.com\/fr\/wp-json\/wp\/v2\/product"}],"about":[{"href":"https:\/\/chrisonsax.com\/fr\/wp-json\/wp\/v2\/types\/product"}],"replies":[{"embeddable":true,"href":"https:\/\/chrisonsax.com\/fr\/wp-json\/wp\/v2\/comments?post=12174"}],"wp:featuredmedia":[{"embeddable":true,"href":"https:\/\/chrisonsax.com\/fr\/wp-json\/wp\/v2\/media\/11029"}],"wp:attachment":[{"href":"https:\/\/chrisonsax.com\/fr\/wp-json\/wp\/v2\/media?parent=12174"}],"wp:term":[{"taxonomy":"product_brand","embeddable":true,"href":"https:\/\/chrisonsax.com\/fr\/wp-json\/wp\/v2\/product_brand?post=12174"},{"taxonomy":"product_cat","embeddable":true,"href":"https:\/\/chrisonsax.com\/fr\/wp-json\/wp\/v2\/product_cat?post=12174"},{"taxonomy":"product_tag","embeddable":true,"href":"https:\/\/chrisonsax.com\/fr\/wp-json\/wp\/v2\/product_tag?post=12174"}],"curies":[{"name":"wp","href":"https:\/\/api.w.org\/{rel}","templated":true}]}}