{"id":11854,"date":"2025-09-22T11:12:45","date_gmt":"2025-09-22T11:12:45","guid":{"rendered":"https:\/\/chrisonsax.com\/?post_type=product&#038;p=11854"},"modified":"2026-03-05T12:08:06","modified_gmt":"2026-03-05T12:08:06","slug":"complete-chromatic-long-tones-for-alto-saxophone","status":"publish","type":"product","link":"https:\/\/chrisonsax.com\/fr\/produit\/devinez-la-note-chromatique-complete-des-sons-longs-pour-saxophone-alto\/","title":{"rendered":"Exercices pour saxophone d\u00e9butant - Apprendre les notes et les doigt\u00e9s facilement"},"content":{"rendered":"<h3 data-start=\"329\" data-end=\"387\">\ud83c\udfb7 Exercices pour saxophone d\u00e9butant - Apprendre les notes et les doigt\u00e9s facilement<\/h3>\n<p data-start=\"820\" data-end=\"1064\">Commencez votre voyage au saxophone avec cette m\u00e9thode simple et efficace. <strong data-start=\"880\" data-end=\"911\">exercice pour saxophone d\u00e9butant<\/strong> .<br data-start=\"917\" data-end=\"920\" \/>Con\u00e7u pour les d\u00e9butants , il vous aide \u00e0 comprendre les notes, les doigt\u00e9s et le contr\u00f4le de la respiration n\u00e9cessaires pour produire un son clair et r\u00e9gulier.<\/p>\n<h4 data-start=\"1069\" data-end=\"1094\">\ud83c\udfaf <strong data-start=\"1072\" data-end=\"1094\">Ce que vous apprendrez :<\/strong><\/h4>\n<ul data-start=\"1097\" data-end=\"1360\">\n<li data-start=\"1097\" data-end=\"1179\">\n<p data-start=\"1099\" data-end=\"1179\">La position correcte des doigts pour chaque note (notation fran\u00e7aise et internationale)<\/p>\n<\/li>\n<li data-start=\"1182\" data-end=\"1238\">\n<p data-start=\"1184\" data-end=\"1238\">Comment jouer des sons longs et am\u00e9liorer la qualit\u00e9 de votre son<\/p>\n<\/li>\n<li data-start=\"1241\" data-end=\"1294\">\n<p data-start=\"1243\" data-end=\"1294\">Comment d\u00e9velopper le contr\u00f4le et la confiance en soi en jouant<\/p>\n<\/li>\n<li data-start=\"1297\" data-end=\"1358\">\n<p data-start=\"1299\" data-end=\"1358\">Une base pour votre avenir <strong data-start=\"1328\" data-end=\"1358\">cours de saxophone pour d\u00e9butants<\/strong><\/p>\n<\/li>\n<\/ul>\n<h4 data-start=\"629\" data-end=\"655\">\ud83d\udce6 Ce qui est inclus :<\/h4>\n<ul data-start=\"656\" data-end=\"908\">\n<li data-start=\"656\" data-end=\"804\">\n<p data-start=\"658\" data-end=\"681\"><strong data-start=\"658\" data-end=\"679\">2 exercices vid\u00e9o<\/strong><\/p>\n<ol data-start=\"684\" data-end=\"804\">\n<li data-start=\"684\" data-end=\"743\">\n<p data-start=\"687\" data-end=\"743\">De <strong data-start=\"692\" data-end=\"741\">B (registre moyen) jusqu'\u00e0 Bb (registre grave)<\/strong><\/p>\n<\/li>\n<li data-start=\"746\" data-end=\"804\">\n<p data-start=\"749\" data-end=\"804\">De <strong data-start=\"754\" data-end=\"802\">B (registre interm\u00e9diaire) jusqu'\u00e0 F# (registre sup\u00e9rieur)<\/strong><\/p>\n<\/li>\n<\/ol>\n<\/li>\n<li data-start=\"805\" data-end=\"908\">\n<p data-start=\"807\" data-end=\"832\"><strong data-start=\"807\" data-end=\"830\">2 Versions de la notation<\/strong><\/p>\n<ul data-start=\"835\" data-end=\"908\">\n<li data-start=\"835\" data-end=\"868\">\n<p data-start=\"837\" data-end=\"868\">Notation fran\u00e7aise (Do, R\u00e9, Mi...)<\/p>\n<\/li>\n<li data-start=\"871\" data-end=\"908\">\n<p data-start=\"873\" data-end=\"908\">Notation internationale (C, D, E...)<\/p>\n<\/li>\n<\/ul>\n<\/li>\n<\/ul>\n<h4 data-start=\"910\" data-end=\"935\">\ud83c\udfaf Objectifs d'apprentissage :<\/h4>\n<ul data-start=\"936\" data-end=\"1181\">\n<li data-start=\"936\" data-end=\"991\">\n<p data-start=\"938\" data-end=\"991\">Apprendre et m\u00e9moriser les <strong data-start=\"961\" data-end=\"988\">les doigt\u00e9s de chaque note<\/strong>.<\/p>\n<\/li>\n<li data-start=\"992\" data-end=\"1044\">\n<p data-start=\"994\" data-end=\"1044\">Reconna\u00eetre les notes \u00e9tape par \u00e9tape \u00e0 l'aide de visuels clairs.<\/p>\n<\/li>\n<li data-start=\"1045\" data-end=\"1111\">\n<p data-start=\"1047\" data-end=\"1111\">Pratique <strong data-start=\"1056\" data-end=\"1083\">sons fil\u00e9s<\/strong> pour d\u00e9velopper un son solide.<\/p>\n<\/li>\n<li data-start=\"1112\" data-end=\"1181\">\n<p data-start=\"1114\" data-end=\"1181\">Acqu\u00e9rir de l'assurance en lisant les deux <strong data-start=\"1143\" data-end=\"1178\">Notation fran\u00e7aise et internationale<\/strong>.<\/p>\n<\/li>\n<\/ul>\n<h4 data-start=\"1183\" data-end=\"1210\">\ud83d\udce5 T\u00e9l\u00e9chargement num\u00e9rique :<\/h4>\n<ul data-start=\"1211\" data-end=\"1322\">\n<li data-start=\"1211\" data-end=\"1234\">\n<p data-start=\"1213\" data-end=\"1234\">Format : Vid\u00e9o (MP4)<\/p>\n<\/li>\n<li data-start=\"1235\" data-end=\"1288\">\n<p data-start=\"1237\" data-end=\"1288\">Langues : <strong data-start=\"1248\" data-end=\"1286\">Versions fran\u00e7aise et anglaise incluses<\/strong><\/p>\n<\/li>\n<li data-start=\"1289\" data-end=\"1322\">\n<p data-start=\"1291\" data-end=\"1322\">Acc\u00e8s imm\u00e9diat apr\u00e8s l'achat<\/p>\n<\/li>\n<\/ul>\n<p data-start=\"1324\" data-end=\"1465\">\ud83d\udca1 Id\u00e9al pour les d\u00e9butants complets qui veulent apprendre le <strong data-start=\"1378\" data-end=\"1418\">notes, doigt\u00e9s et contr\u00f4le du son<\/strong> du saxophone de mani\u00e8re simple et guid\u00e9e.<\/p>\n<hr data-start=\"1467\" data-end=\"1470\" \/>","protected":false},"excerpt":{"rendered":"<h3 data-start=\"87\" data-end=\"145\">\ud83c\udfb7 Exercices pour saxophone d\u00e9butant - Apprendre les notes et les doigt\u00e9s facilement<\/h3>\n<p data-start=\"147\" data-end=\"289\">Apprenez \u00e0 jouer vos premi\u00e8res notes au saxophone avec cette m\u00e9thode facile. <strong data-start=\"632\" data-end=\"668\">Package d'exercices pour saxophone d\u00e9butant<\/strong>.<br data-start=\"669\" data-end=\"672\" \/>Parfait pour les autodidactes qui veulent am\u00e9liorer le son, le placement des doigts et la confiance en soi - aucune th\u00e9orie musicale n'est requise.<\/p>\n<div style=\"width: 1800px;\" class=\"wp-video\"><video class=\"wp-video-shortcode\" id=\"video-11854-1\" width=\"1800\" height=\"1013\" preload=\"metadata\" controls=\"controls\"><source type=\"video\/mp4\" src=\"https:\/\/chrisonsax.com\/wp-content\/uploads\/2025\/09\/Up-Fr-extrait.mp4?_=1\" \/><a href=\"https:\/\/chrisonsax.com\/wp-content\/uploads\/2025\/09\/Up-Fr-extrait.mp4\">https:\/\/chrisonsax.com\/wp-content\/uploads\/2025\/09\/Up-Fr-extrait.mp4<\/a><\/video><\/div>\n<p data-start=\"291\" data-end=\"306\"><strong data-start=\"291\" data-end=\"304\">Comprend :<\/strong><\/p>\n<ul data-start=\"307\" data-end=\"566\">\n<li data-start=\"307\" data-end=\"386\">\n<p data-start=\"309\" data-end=\"386\">2 exercices vid\u00e9o :<br data-start=\"327\" data-end=\"330\" \/>- B (moyen) \u2192 Bb (grave)<br data-start=\"355\" data-end=\"358\" \/>- B (moyenne) \u2192 F# (haute)<\/p>\n<\/li>\n<li data-start=\"387\" data-end=\"459\">\n<p data-start=\"389\" data-end=\"459\">2 versions de notation : Fran\u00e7ais (Do, R\u00e9, Mi...) &amp; International (C, D, E...)<\/p>\n<\/li>\n<li data-start=\"460\" data-end=\"500\">\n<p data-start=\"462\" data-end=\"500\">Focus sur <strong data-start=\"471\" data-end=\"498\">doigt\u00e9s + tons longs<\/strong><\/p>\n<\/li>\n<li data-start=\"501\" data-end=\"566\">\n<p data-start=\"503\" data-end=\"566\">T\u00e9l\u00e9chargement num\u00e9rique instantan\u00e9 (versions fran\u00e7aise et anglaise incluses)<\/p>\n<\/li>\n<\/ul>\n<p data-start=\"568\" data-end=\"684\">\ud83d\udca1 Id\u00e9al pour <strong data-start=\"581\" data-end=\"603\">d\u00e9butants complets<\/strong> qui veulent apprendre les notes, les doigt\u00e9s et d\u00e9velopper un son de saxophone fort.<\/p>\n<hr data-start=\"686\" data-end=\"689\" \/>\n<p>&nbsp;<\/p>\n<p>&nbsp;<\/p>","protected":false},"featured_media":11956,"comment_status":"closed","ping_status":"closed","template":"","meta":{"pmpro_default_level":"","_kad_post_transparent":"default","_kad_post_title":"","_kad_post_layout":"default","_kad_post_sidebar_id":"","_kad_post_content_style":"default","_kad_post_vertical_padding":"default","_kad_post_feature":"","_kad_post_feature_position":"","_kad_post_header":false,"_kad_post_footer":false,"_kad_post_classname":""},"product_brand":[],"product_cat":[113,120],"product_tag":[],"class_list":{"0":"post-11854","1":"product","2":"type-product","3":"status-publish","4":"has-post-thumbnail","6":"product_cat-sheet-music-with-note-names","7":"product_cat-practice-routines","8":"pmpro-has-access","10":"first","11":"instock","12":"downloadable","13":"shipping-taxable","14":"purchasable","15":"product-type-simple","16":"entry","17":"content-bg","18":"loop-entry"},"yoast_head":"<!-- This site is optimized with the Yoast SEO Premium plugin v27.0 (Yoast SEO v27.4) - https:\/\/yoast.com\/product\/yoast-seo-premium-wordpress\/ -->\n<title>Beginner Saxophone Exercise \u2013 Learn Notes &amp; Fingerings<\/title>\n<meta name=\"description\" content=\"Learn saxophone step by step with this beginner exercise pack. Perfect to improve sound, fingerings, and control \u2014 no theory required.\" \/>\n<meta name=\"robots\" content=\"index, follow, max-snippet:-1, max-image-preview:large, max-video-preview:-1\" \/>\n<link rel=\"canonical\" href=\"https:\/\/chrisonsax.com\/fr\/produit\/devinez-la-note-chromatique-complete-des-sons-longs-pour-saxophone-alto\/\" \/>\n<meta property=\"og:locale\" content=\"fr_FR\" \/>\n<meta property=\"og:type\" content=\"article\" \/>\n<meta property=\"og:title\" content=\"Beginner Saxophone Exercise \u2013 Learn Notes and Fingerings Easily\" \/>\n<meta property=\"og:description\" content=\"Learn saxophone step by step with this beginner exercise pack. Perfect to improve sound, fingerings, and control \u2014 no theory required.\" \/>\n<meta property=\"og:url\" content=\"https:\/\/chrisonsax.com\/fr\/produit\/devinez-la-note-chromatique-complete-des-sons-longs-pour-saxophone-alto\/\" \/>\n<meta property=\"og:site_name\" content=\"Saxophonist\" \/>\n<meta property=\"article:publisher\" content=\"https:\/\/www.facebook.com\/christopheonsax\" \/>\n<meta property=\"article:modified_time\" content=\"2026-03-05T12:08:06+00:00\" \/>\n<meta property=\"og:image\" content=\"https:\/\/chrisonsax.com\/wp-content\/uploads\/2025\/09\/IBiza-tenor-avec-nom-des-notes-2.jpg\" \/>\n\t<meta property=\"og:image:width\" content=\"500\" \/>\n\t<meta property=\"og:image:height\" content=\"500\" \/>\n\t<meta property=\"og:image:type\" content=\"image\/jpeg\" \/>\n<meta name=\"twitter:card\" content=\"summary_large_image\" \/>\n<meta name=\"twitter:label1\" content=\"Dur\u00e9e de lecture estim\u00e9e\" \/>\n\t<meta name=\"twitter:data1\" content=\"2 minutes\" \/>\n<script type=\"application\/ld+json\" class=\"yoast-schema-graph\">{\"@context\":\"https:\\\/\\\/schema.org\",\"@graph\":[{\"@type\":\"WebPage\",\"@id\":\"https:\\\/\\\/chrisonsax.com\\\/product\\\/complete-chromatic-long-tones-for-alto-saxophone\\\/\",\"url\":\"https:\\\/\\\/chrisonsax.com\\\/product\\\/complete-chromatic-long-tones-for-alto-saxophone\\\/\",\"name\":\"Beginner Saxophone Exercise \u2013 Learn Notes & Fingerings\",\"isPartOf\":{\"@id\":\"https:\\\/\\\/chrisonsax.com\\\/#website\"},\"primaryImageOfPage\":{\"@id\":\"https:\\\/\\\/chrisonsax.com\\\/product\\\/complete-chromatic-long-tones-for-alto-saxophone\\\/#primaryimage\"},\"image\":{\"@id\":\"https:\\\/\\\/chrisonsax.com\\\/product\\\/complete-chromatic-long-tones-for-alto-saxophone\\\/#primaryimage\"},\"thumbnailUrl\":\"https:\\\/\\\/chrisonsax.com\\\/wp-content\\\/uploads\\\/2025\\\/09\\\/IBiza-tenor-avec-nom-des-notes-2.jpg\",\"datePublished\":\"2025-09-22T11:12:45+00:00\",\"dateModified\":\"2026-03-05T12:08:06+00:00\",\"description\":\"Learn saxophone step by step with this beginner exercise pack. Perfect to improve sound, fingerings, and control \u2014 no theory required.\",\"breadcrumb\":{\"@id\":\"https:\\\/\\\/chrisonsax.com\\\/product\\\/complete-chromatic-long-tones-for-alto-saxophone\\\/#breadcrumb\"},\"inLanguage\":\"fr-FR\",\"potentialAction\":[{\"@type\":\"ReadAction\",\"target\":[\"https:\\\/\\\/chrisonsax.com\\\/product\\\/complete-chromatic-long-tones-for-alto-saxophone\\\/\"]}]},{\"@type\":\"ImageObject\",\"inLanguage\":\"fr-FR\",\"@id\":\"https:\\\/\\\/chrisonsax.com\\\/product\\\/complete-chromatic-long-tones-for-alto-saxophone\\\/#primaryimage\",\"url\":\"https:\\\/\\\/chrisonsax.com\\\/wp-content\\\/uploads\\\/2025\\\/09\\\/IBiza-tenor-avec-nom-des-notes-2.jpg\",\"contentUrl\":\"https:\\\/\\\/chrisonsax.com\\\/wp-content\\\/uploads\\\/2025\\\/09\\\/IBiza-tenor-avec-nom-des-notes-2.jpg\",\"width\":500,\"height\":500},{\"@type\":\"BreadcrumbList\",\"@id\":\"https:\\\/\\\/chrisonsax.com\\\/product\\\/complete-chromatic-long-tones-for-alto-saxophone\\\/#breadcrumb\",\"itemListElement\":[{\"@type\":\"ListItem\",\"position\":1,\"name\":\"Animation cocktail\",\"item\":\"https:\\\/\\\/chrisonsax.com\\\/\"},{\"@type\":\"ListItem\",\"position\":2,\"name\":\"Shop\",\"item\":\"https:\\\/\\\/chrisonsax.com\\\/boutique\\\/\"},{\"@type\":\"ListItem\",\"position\":3,\"name\":\"Beginner Saxophone Exercise \u2013 Learn Notes and Fingerings Easily\"}]},{\"@type\":\"WebSite\",\"@id\":\"https:\\\/\\\/chrisonsax.com\\\/#website\",\"url\":\"https:\\\/\\\/chrisonsax.com\\\/\",\"name\":\"Musicien saxophoniste\",\"description\":\"Cocktail sax Tel : +971 058 542 0635\",\"publisher\":{\"@id\":\"https:\\\/\\\/chrisonsax.com\\\/#organization\"},\"potentialAction\":[{\"@type\":\"SearchAction\",\"target\":{\"@type\":\"EntryPoint\",\"urlTemplate\":\"https:\\\/\\\/chrisonsax.com\\\/?s={search_term_string}\"},\"query-input\":{\"@type\":\"PropertyValueSpecification\",\"valueRequired\":true,\"valueName\":\"search_term_string\"}}],\"inLanguage\":\"fr-FR\"},{\"@type\":\"Organization\",\"@id\":\"https:\\\/\\\/chrisonsax.com\\\/#organization\",\"name\":\"Musicien saxophoniste\",\"url\":\"https:\\\/\\\/chrisonsax.com\\\/\",\"logo\":{\"@type\":\"ImageObject\",\"inLanguage\":\"fr-FR\",\"@id\":\"https:\\\/\\\/chrisonsax.com\\\/#\\\/schema\\\/logo\\\/image\\\/\",\"url\":\"https:\\\/\\\/chrisonsax.com\\\/wp-content\\\/uploads\\\/2021\\\/12\\\/cropped-WhatsApp-Image-2021-08-28-at-13.03.56-2-1-e1674942410642.jpeg\",\"contentUrl\":\"https:\\\/\\\/chrisonsax.com\\\/wp-content\\\/uploads\\\/2021\\\/12\\\/cropped-WhatsApp-Image-2021-08-28-at-13.03.56-2-1-e1674942410642.jpeg\",\"width\":300,\"height\":300,\"caption\":\"Musicien saxophoniste\"},\"image\":{\"@id\":\"https:\\\/\\\/chrisonsax.com\\\/#\\\/schema\\\/logo\\\/image\\\/\"},\"sameAs\":[\"https:\\\/\\\/www.facebook.com\\\/christopheonsax\",\"https:\\\/\\\/www.instagram.com\\\/chris_onsax\\\/\",\"https:\\\/\\\/www.youtube.com\\\/channel\\\/UCPht7xSeaLJ_4FUWV4bUOQg?view_as=subscriber\"]}]}<\/script>\n<!-- \/ Yoast SEO Premium plugin. -->","yoast_head_json":{"title":"Exercice pour saxophone d\u00e9butant - Apprendre les notes et les doigt\u00e9s","description":"Apprenez le saxophone pas \u00e0 pas avec ce pack d'exercices pour d\u00e9butants. Parfait pour am\u00e9liorer le son, le doigt\u00e9 et le contr\u00f4le - aucune th\u00e9orie n'est requise.","robots":{"index":"index","follow":"follow","max-snippet":"max-snippet:-1","max-image-preview":"max-image-preview:large","max-video-preview":"max-video-preview:-1"},"canonical":"https:\/\/chrisonsax.com\/fr\/produit\/devinez-la-note-chromatique-complete-des-sons-longs-pour-saxophone-alto\/","og_locale":"fr_FR","og_type":"article","og_title":"Beginner Saxophone Exercise \u2013 Learn Notes and Fingerings Easily","og_description":"Learn saxophone step by step with this beginner exercise pack. Perfect to improve sound, fingerings, and control \u2014 no theory required.","og_url":"https:\/\/chrisonsax.com\/fr\/produit\/devinez-la-note-chromatique-complete-des-sons-longs-pour-saxophone-alto\/","og_site_name":"Saxophonist","article_publisher":"https:\/\/www.facebook.com\/christopheonsax","article_modified_time":"2026-03-05T12:08:06+00:00","og_image":[{"width":500,"height":500,"url":"https:\/\/chrisonsax.com\/wp-content\/uploads\/2025\/09\/IBiza-tenor-avec-nom-des-notes-2.jpg","type":"image\/jpeg"}],"twitter_card":"summary_large_image","twitter_misc":{"Dur\u00e9e de lecture estim\u00e9e":"2 minutes"},"schema":{"@context":"https:\/\/schema.org","@graph":[{"@type":"WebPage","@id":"https:\/\/chrisonsax.com\/product\/complete-chromatic-long-tones-for-alto-saxophone\/","url":"https:\/\/chrisonsax.com\/product\/complete-chromatic-long-tones-for-alto-saxophone\/","name":"Exercice pour saxophone d\u00e9butant - Apprendre les notes et les doigt\u00e9s","isPartOf":{"@id":"https:\/\/chrisonsax.com\/#website"},"primaryImageOfPage":{"@id":"https:\/\/chrisonsax.com\/product\/complete-chromatic-long-tones-for-alto-saxophone\/#primaryimage"},"image":{"@id":"https:\/\/chrisonsax.com\/product\/complete-chromatic-long-tones-for-alto-saxophone\/#primaryimage"},"thumbnailUrl":"https:\/\/chrisonsax.com\/wp-content\/uploads\/2025\/09\/IBiza-tenor-avec-nom-des-notes-2.jpg","datePublished":"2025-09-22T11:12:45+00:00","dateModified":"2026-03-05T12:08:06+00:00","description":"Apprenez le saxophone pas \u00e0 pas avec ce pack d'exercices pour d\u00e9butants. Parfait pour am\u00e9liorer le son, le doigt\u00e9 et le contr\u00f4le - aucune th\u00e9orie n'est requise.","breadcrumb":{"@id":"https:\/\/chrisonsax.com\/product\/complete-chromatic-long-tones-for-alto-saxophone\/#breadcrumb"},"inLanguage":"fr-FR","potentialAction":[{"@type":"ReadAction","target":["https:\/\/chrisonsax.com\/product\/complete-chromatic-long-tones-for-alto-saxophone\/"]}]},{"@type":"ImageObject","inLanguage":"fr-FR","@id":"https:\/\/chrisonsax.com\/product\/complete-chromatic-long-tones-for-alto-saxophone\/#primaryimage","url":"https:\/\/chrisonsax.com\/wp-content\/uploads\/2025\/09\/IBiza-tenor-avec-nom-des-notes-2.jpg","contentUrl":"https:\/\/chrisonsax.com\/wp-content\/uploads\/2025\/09\/IBiza-tenor-avec-nom-des-notes-2.jpg","width":500,"height":500},{"@type":"BreadcrumbList","@id":"https:\/\/chrisonsax.com\/product\/complete-chromatic-long-tones-for-alto-saxophone\/#breadcrumb","itemListElement":[{"@type":"ListItem","position":1,"name":"Animation cocktail","item":"https:\/\/chrisonsax.com\/"},{"@type":"ListItem","position":2,"name":"Shop","item":"https:\/\/chrisonsax.com\/boutique\/"},{"@type":"ListItem","position":3,"name":"Beginner Saxophone Exercise \u2013 Learn Notes and Fingerings Easily"}]},{"@type":"WebSite","@id":"https:\/\/chrisonsax.com\/#website","url":"https:\/\/chrisonsax.com\/","name":"Musicien saxophoniste","description":"Cocktail sax Tel : +971 058 542 0635","publisher":{"@id":"https:\/\/chrisonsax.com\/#organization"},"potentialAction":[{"@type":"SearchAction","target":{"@type":"EntryPoint","urlTemplate":"https:\/\/chrisonsax.com\/?s={search_term_string}"},"query-input":{"@type":"PropertyValueSpecification","valueRequired":true,"valueName":"search_term_string"}}],"inLanguage":"fr-FR"},{"@type":"Organization","@id":"https:\/\/chrisonsax.com\/#organization","name":"Musicien saxophoniste","url":"https:\/\/chrisonsax.com\/","logo":{"@type":"ImageObject","inLanguage":"fr-FR","@id":"https:\/\/chrisonsax.com\/#\/schema\/logo\/image\/","url":"https:\/\/chrisonsax.com\/wp-content\/uploads\/2021\/12\/cropped-WhatsApp-Image-2021-08-28-at-13.03.56-2-1-e1674942410642.jpeg","contentUrl":"https:\/\/chrisonsax.com\/wp-content\/uploads\/2021\/12\/cropped-WhatsApp-Image-2021-08-28-at-13.03.56-2-1-e1674942410642.jpeg","width":300,"height":300,"caption":"Musicien saxophoniste"},"image":{"@id":"https:\/\/chrisonsax.com\/#\/schema\/logo\/image\/"},"sameAs":["https:\/\/www.facebook.com\/christopheonsax","https:\/\/www.instagram.com\/chris_onsax\/","https:\/\/www.youtube.com\/channel\/UCPht7xSeaLJ_4FUWV4bUOQg?view_as=subscriber"]}]}},"_links":{"self":[{"href":"https:\/\/chrisonsax.com\/fr\/wp-json\/wp\/v2\/product\/11854","targetHints":{"allow":["GET"]}}],"collection":[{"href":"https:\/\/chrisonsax.com\/fr\/wp-json\/wp\/v2\/product"}],"about":[{"href":"https:\/\/chrisonsax.com\/fr\/wp-json\/wp\/v2\/types\/product"}],"replies":[{"embeddable":true,"href":"https:\/\/chrisonsax.com\/fr\/wp-json\/wp\/v2\/comments?post=11854"}],"wp:featuredmedia":[{"embeddable":true,"href":"https:\/\/chrisonsax.com\/fr\/wp-json\/wp\/v2\/media\/11956"}],"wp:attachment":[{"href":"https:\/\/chrisonsax.com\/fr\/wp-json\/wp\/v2\/media?parent=11854"}],"wp:term":[{"taxonomy":"product_brand","embeddable":true,"href":"https:\/\/chrisonsax.com\/fr\/wp-json\/wp\/v2\/product_brand?post=11854"},{"taxonomy":"product_cat","embeddable":true,"href":"https:\/\/chrisonsax.com\/fr\/wp-json\/wp\/v2\/product_cat?post=11854"},{"taxonomy":"product_tag","embeddable":true,"href":"https:\/\/chrisonsax.com\/fr\/wp-json\/wp\/v2\/product_tag?post=11854"}],"curies":[{"name":"wp","href":"https:\/\/api.w.org\/{rel}","templated":true}]}}