{"id":11281,"date":"2025-07-22T16:04:05","date_gmt":"2025-07-22T16:04:05","guid":{"rendered":"https:\/\/chrisonsax.com\/?post_type=product&#038;p=11281"},"modified":"2026-03-05T05:55:56","modified_gmt":"2026-03-05T05:55:56","slug":"gims-ciel-saxophone-tenor-sheet-music","status":"publish","type":"product","link":"https:\/\/chrisonsax.com\/fr\/produit\/gims-ciel-saxophone-tenor-sheet-music\/","title":{"rendered":"Gims - Ciel (partition saxophone t\u00e9nor)"},"content":{"rendered":"","protected":false},"excerpt":{"rendered":"<h1>Gims - Ciel (partition saxophone t\u00e9nor)<\/h1>\n<p data-start=\"1114\" data-end=\"1384\">Jouer <em data-start=\"1139\" data-end=\"1145\">Ciel<\/em> par Gims sur votre <strong data-start=\"1162\" data-end=\"1181\">saxophone t\u00e9nor<\/strong> avec cette transcription expressive de Chris On Sax. Parfaite pour les saxophonistes d\u00e9sireux d'explorer la pop fran\u00e7aise moderne, cette version est con\u00e7ue pour les joueurs ayant une certaine exp\u00e9rience et un bon sens du phras\u00e9.<\/p>\n<p data-start=\"1386\" data-end=\"1400\"><strong data-start=\"1386\" data-end=\"1398\">Inclus :<\/strong><\/p>\n<ul data-start=\"1401\" data-end=\"1507\">\n<li data-start=\"1401\" data-end=\"1449\">\n<p data-start=\"1403\" data-end=\"1449\">Partitions en PDF pour <strong data-start=\"1423\" data-end=\"1447\">Saxophone t\u00e9nor (Sib)<\/strong><\/p>\n<\/li>\n<li data-start=\"1450\" data-end=\"1476\">\n<p data-start=\"1452\" data-end=\"1476\">Une mise en page claire et lisible<\/p>\n<\/li>\n<li data-start=\"1477\" data-end=\"1507\">\n<p data-start=\"1479\" data-end=\"1507\">Arrang\u00e9 par <strong data-start=\"1491\" data-end=\"1507\">Chris au saxophone<\/strong><\/p>\n<\/li>\n<\/ul>\n<p><strong data-start=\"416\" data-end=\"431\">Avis de non-responsabilit\u00e9 :<\/strong> Cette partition est une transcription non officielle cr\u00e9\u00e9e \u00e0 l'oreille. Chris On Sax n'est pas affili\u00e9 \u00e0 Gims ou \u00e0 sa maison de disques. Ce produit est destin\u00e9 \u00e0 un usage p\u00e9dagogique et personnel uniquement.<\/p>","protected":false},"featured_media":11284,"comment_status":"closed","ping_status":"closed","template":"","meta":{"pmpro_default_level":"","_kad_post_transparent":"default","_kad_post_title":"","_kad_post_layout":"default","_kad_post_sidebar_id":"","_kad_post_content_style":"default","_kad_post_vertical_padding":"default","_kad_post_feature":"","_kad_post_feature_position":"","_kad_post_header":false,"_kad_post_footer":false,"_kad_post_classname":""},"product_brand":[],"product_cat":[112,118,87],"product_tag":[],"class_list":{"0":"post-11281","1":"product","2":"type-product","3":"status-publish","4":"has-post-thumbnail","6":"product_cat-other","7":"product_cat-tenor-saxophone","8":"product_cat-sheets-music","9":"pmpro-has-access","11":"first","12":"instock","13":"downloadable","14":"shipping-taxable","15":"purchasable","16":"product-type-simple","17":"entry","18":"content-bg","19":"loop-entry"},"yoast_head":"<!-- This site is optimized with the Yoast SEO Premium plugin v27.0 (Yoast SEO v27.4) - https:\/\/yoast.com\/product\/yoast-seo-premium-wordpress\/ -->\n<title>Gims \u2013 Ciel Tenor Sax Sheet Music (PDF)<\/title>\n<meta name=\"description\" content=\"Play Gims\u2019 \u201cCiel\u201d on tenor saxophone. Download the sheet music PDF transcribed by Chris On Sax. Ideal for intermediate-level musicians.\" \/>\n<meta name=\"robots\" content=\"index, follow, max-snippet:-1, max-image-preview:large, max-video-preview:-1\" \/>\n<link rel=\"canonical\" href=\"https:\/\/chrisonsax.com\/fr\/produit\/gims-ciel-saxophone-tenor-sheet-music\/\" \/>\n<meta property=\"og:locale\" content=\"fr_FR\" \/>\n<meta property=\"og:type\" content=\"article\" \/>\n<meta property=\"og:title\" content=\"Gims \u2013 Ciel (Saxophone Tenor Sheet Music)\" \/>\n<meta property=\"og:description\" content=\"Play Gims\u2019 \u201cCiel\u201d on tenor saxophone. Download the sheet music PDF transcribed by Chris On Sax. Ideal for intermediate-level musicians.\" \/>\n<meta property=\"og:url\" content=\"https:\/\/chrisonsax.com\/fr\/produit\/gims-ciel-saxophone-tenor-sheet-music\/\" \/>\n<meta property=\"og:site_name\" content=\"Saxophonist\" \/>\n<meta property=\"article:publisher\" content=\"https:\/\/www.facebook.com\/christopheonsax\" \/>\n<meta property=\"article:modified_time\" content=\"2026-03-05T05:55:56+00:00\" \/>\n<meta property=\"og:image\" content=\"https:\/\/chrisonsax.com\/wp-content\/uploads\/2025\/07\/ciel-gifs-bb-2.jpg\" \/>\n\t<meta property=\"og:image:width\" content=\"500\" \/>\n\t<meta property=\"og:image:height\" content=\"500\" \/>\n\t<meta property=\"og:image:type\" content=\"image\/jpeg\" \/>\n<meta name=\"twitter:card\" content=\"summary_large_image\" \/>\n<meta name=\"twitter:label1\" content=\"Dur\u00e9e de lecture estim\u00e9e\" \/>\n\t<meta name=\"twitter:data1\" content=\"1 minute\" \/>\n<script type=\"application\/ld+json\" class=\"yoast-schema-graph\">{\"@context\":\"https:\\\/\\\/schema.org\",\"@graph\":[{\"@type\":\"WebPage\",\"@id\":\"https:\\\/\\\/chrisonsax.com\\\/product\\\/gims-ciel-saxophone-tenor-sheet-music\\\/\",\"url\":\"https:\\\/\\\/chrisonsax.com\\\/product\\\/gims-ciel-saxophone-tenor-sheet-music\\\/\",\"name\":\"Gims \u2013 Ciel Tenor Sax Sheet Music (PDF)\",\"isPartOf\":{\"@id\":\"https:\\\/\\\/chrisonsax.com\\\/#website\"},\"primaryImageOfPage\":{\"@id\":\"https:\\\/\\\/chrisonsax.com\\\/product\\\/gims-ciel-saxophone-tenor-sheet-music\\\/#primaryimage\"},\"image\":{\"@id\":\"https:\\\/\\\/chrisonsax.com\\\/product\\\/gims-ciel-saxophone-tenor-sheet-music\\\/#primaryimage\"},\"thumbnailUrl\":\"https:\\\/\\\/chrisonsax.com\\\/wp-content\\\/uploads\\\/2025\\\/07\\\/ciel-gifs-bb-2.jpg\",\"datePublished\":\"2025-07-22T16:04:05+00:00\",\"dateModified\":\"2026-03-05T05:55:56+00:00\",\"description\":\"Play Gims\u2019 \u201cCiel\u201d on tenor saxophone. Download the sheet music PDF transcribed by Chris On Sax. Ideal for intermediate-level musicians.\",\"breadcrumb\":{\"@id\":\"https:\\\/\\\/chrisonsax.com\\\/product\\\/gims-ciel-saxophone-tenor-sheet-music\\\/#breadcrumb\"},\"inLanguage\":\"fr-FR\",\"potentialAction\":[{\"@type\":\"ReadAction\",\"target\":[\"https:\\\/\\\/chrisonsax.com\\\/product\\\/gims-ciel-saxophone-tenor-sheet-music\\\/\"]}]},{\"@type\":\"ImageObject\",\"inLanguage\":\"fr-FR\",\"@id\":\"https:\\\/\\\/chrisonsax.com\\\/product\\\/gims-ciel-saxophone-tenor-sheet-music\\\/#primaryimage\",\"url\":\"https:\\\/\\\/chrisonsax.com\\\/wp-content\\\/uploads\\\/2025\\\/07\\\/ciel-gifs-bb-2.jpg\",\"contentUrl\":\"https:\\\/\\\/chrisonsax.com\\\/wp-content\\\/uploads\\\/2025\\\/07\\\/ciel-gifs-bb-2.jpg\",\"width\":500,\"height\":500},{\"@type\":\"BreadcrumbList\",\"@id\":\"https:\\\/\\\/chrisonsax.com\\\/product\\\/gims-ciel-saxophone-tenor-sheet-music\\\/#breadcrumb\",\"itemListElement\":[{\"@type\":\"ListItem\",\"position\":1,\"name\":\"Animation cocktail\",\"item\":\"https:\\\/\\\/chrisonsax.com\\\/\"},{\"@type\":\"ListItem\",\"position\":2,\"name\":\"Shop\",\"item\":\"https:\\\/\\\/chrisonsax.com\\\/boutique\\\/\"},{\"@type\":\"ListItem\",\"position\":3,\"name\":\"Gims \u2013 Ciel (Saxophone Tenor Sheet Music)\"}]},{\"@type\":\"WebSite\",\"@id\":\"https:\\\/\\\/chrisonsax.com\\\/#website\",\"url\":\"https:\\\/\\\/chrisonsax.com\\\/\",\"name\":\"Musicien saxophoniste\",\"description\":\"Cocktail sax Tel : +971 058 542 0635\",\"publisher\":{\"@id\":\"https:\\\/\\\/chrisonsax.com\\\/#organization\"},\"potentialAction\":[{\"@type\":\"SearchAction\",\"target\":{\"@type\":\"EntryPoint\",\"urlTemplate\":\"https:\\\/\\\/chrisonsax.com\\\/?s={search_term_string}\"},\"query-input\":{\"@type\":\"PropertyValueSpecification\",\"valueRequired\":true,\"valueName\":\"search_term_string\"}}],\"inLanguage\":\"fr-FR\"},{\"@type\":\"Organization\",\"@id\":\"https:\\\/\\\/chrisonsax.com\\\/#organization\",\"name\":\"Musicien saxophoniste\",\"url\":\"https:\\\/\\\/chrisonsax.com\\\/\",\"logo\":{\"@type\":\"ImageObject\",\"inLanguage\":\"fr-FR\",\"@id\":\"https:\\\/\\\/chrisonsax.com\\\/#\\\/schema\\\/logo\\\/image\\\/\",\"url\":\"https:\\\/\\\/chrisonsax.com\\\/wp-content\\\/uploads\\\/2021\\\/12\\\/cropped-WhatsApp-Image-2021-08-28-at-13.03.56-2-1-e1674942410642.jpeg\",\"contentUrl\":\"https:\\\/\\\/chrisonsax.com\\\/wp-content\\\/uploads\\\/2021\\\/12\\\/cropped-WhatsApp-Image-2021-08-28-at-13.03.56-2-1-e1674942410642.jpeg\",\"width\":300,\"height\":300,\"caption\":\"Musicien saxophoniste\"},\"image\":{\"@id\":\"https:\\\/\\\/chrisonsax.com\\\/#\\\/schema\\\/logo\\\/image\\\/\"},\"sameAs\":[\"https:\\\/\\\/www.facebook.com\\\/christopheonsax\",\"https:\\\/\\\/www.instagram.com\\\/chris_onsax\\\/\",\"https:\\\/\\\/www.youtube.com\\\/channel\\\/UCPht7xSeaLJ_4FUWV4bUOQg?view_as=subscriber\"]}]}<\/script>\n<!-- \/ Yoast SEO Premium plugin. -->","yoast_head_json":{"title":"Gims - Ciel Tenor Sax Sheet Music (PDF)","description":"Jouez \"Ciel\" de Gims au saxophone t\u00e9nor. T\u00e9l\u00e9charger la partition PDF transcrite par Chris On Sax. Id\u00e9al pour les musiciens de niveau interm\u00e9diaire.","robots":{"index":"index","follow":"follow","max-snippet":"max-snippet:-1","max-image-preview":"max-image-preview:large","max-video-preview":"max-video-preview:-1"},"canonical":"https:\/\/chrisonsax.com\/fr\/produit\/gims-ciel-saxophone-tenor-sheet-music\/","og_locale":"fr_FR","og_type":"article","og_title":"Gims \u2013 Ciel (Saxophone Tenor Sheet Music)","og_description":"Play Gims\u2019 \u201cCiel\u201d on tenor saxophone. Download the sheet music PDF transcribed by Chris On Sax. Ideal for intermediate-level musicians.","og_url":"https:\/\/chrisonsax.com\/fr\/produit\/gims-ciel-saxophone-tenor-sheet-music\/","og_site_name":"Saxophonist","article_publisher":"https:\/\/www.facebook.com\/christopheonsax","article_modified_time":"2026-03-05T05:55:56+00:00","og_image":[{"width":500,"height":500,"url":"https:\/\/chrisonsax.com\/wp-content\/uploads\/2025\/07\/ciel-gifs-bb-2.jpg","type":"image\/jpeg"}],"twitter_card":"summary_large_image","twitter_misc":{"Dur\u00e9e de lecture estim\u00e9e":"1 minute"},"schema":{"@context":"https:\/\/schema.org","@graph":[{"@type":"WebPage","@id":"https:\/\/chrisonsax.com\/product\/gims-ciel-saxophone-tenor-sheet-music\/","url":"https:\/\/chrisonsax.com\/product\/gims-ciel-saxophone-tenor-sheet-music\/","name":"Gims - Ciel Tenor Sax Sheet Music (PDF)","isPartOf":{"@id":"https:\/\/chrisonsax.com\/#website"},"primaryImageOfPage":{"@id":"https:\/\/chrisonsax.com\/product\/gims-ciel-saxophone-tenor-sheet-music\/#primaryimage"},"image":{"@id":"https:\/\/chrisonsax.com\/product\/gims-ciel-saxophone-tenor-sheet-music\/#primaryimage"},"thumbnailUrl":"https:\/\/chrisonsax.com\/wp-content\/uploads\/2025\/07\/ciel-gifs-bb-2.jpg","datePublished":"2025-07-22T16:04:05+00:00","dateModified":"2026-03-05T05:55:56+00:00","description":"Jouez \"Ciel\" de Gims au saxophone t\u00e9nor. T\u00e9l\u00e9charger la partition PDF transcrite par Chris On Sax. Id\u00e9al pour les musiciens de niveau interm\u00e9diaire.","breadcrumb":{"@id":"https:\/\/chrisonsax.com\/product\/gims-ciel-saxophone-tenor-sheet-music\/#breadcrumb"},"inLanguage":"fr-FR","potentialAction":[{"@type":"ReadAction","target":["https:\/\/chrisonsax.com\/product\/gims-ciel-saxophone-tenor-sheet-music\/"]}]},{"@type":"ImageObject","inLanguage":"fr-FR","@id":"https:\/\/chrisonsax.com\/product\/gims-ciel-saxophone-tenor-sheet-music\/#primaryimage","url":"https:\/\/chrisonsax.com\/wp-content\/uploads\/2025\/07\/ciel-gifs-bb-2.jpg","contentUrl":"https:\/\/chrisonsax.com\/wp-content\/uploads\/2025\/07\/ciel-gifs-bb-2.jpg","width":500,"height":500},{"@type":"BreadcrumbList","@id":"https:\/\/chrisonsax.com\/product\/gims-ciel-saxophone-tenor-sheet-music\/#breadcrumb","itemListElement":[{"@type":"ListItem","position":1,"name":"Animation cocktail","item":"https:\/\/chrisonsax.com\/"},{"@type":"ListItem","position":2,"name":"Shop","item":"https:\/\/chrisonsax.com\/boutique\/"},{"@type":"ListItem","position":3,"name":"Gims \u2013 Ciel (Saxophone Tenor Sheet Music)"}]},{"@type":"WebSite","@id":"https:\/\/chrisonsax.com\/#website","url":"https:\/\/chrisonsax.com\/","name":"Musicien saxophoniste","description":"Cocktail sax Tel : +971 058 542 0635","publisher":{"@id":"https:\/\/chrisonsax.com\/#organization"},"potentialAction":[{"@type":"SearchAction","target":{"@type":"EntryPoint","urlTemplate":"https:\/\/chrisonsax.com\/?s={search_term_string}"},"query-input":{"@type":"PropertyValueSpecification","valueRequired":true,"valueName":"search_term_string"}}],"inLanguage":"fr-FR"},{"@type":"Organization","@id":"https:\/\/chrisonsax.com\/#organization","name":"Musicien saxophoniste","url":"https:\/\/chrisonsax.com\/","logo":{"@type":"ImageObject","inLanguage":"fr-FR","@id":"https:\/\/chrisonsax.com\/#\/schema\/logo\/image\/","url":"https:\/\/chrisonsax.com\/wp-content\/uploads\/2021\/12\/cropped-WhatsApp-Image-2021-08-28-at-13.03.56-2-1-e1674942410642.jpeg","contentUrl":"https:\/\/chrisonsax.com\/wp-content\/uploads\/2021\/12\/cropped-WhatsApp-Image-2021-08-28-at-13.03.56-2-1-e1674942410642.jpeg","width":300,"height":300,"caption":"Musicien saxophoniste"},"image":{"@id":"https:\/\/chrisonsax.com\/#\/schema\/logo\/image\/"},"sameAs":["https:\/\/www.facebook.com\/christopheonsax","https:\/\/www.instagram.com\/chris_onsax\/","https:\/\/www.youtube.com\/channel\/UCPht7xSeaLJ_4FUWV4bUOQg?view_as=subscriber"]}]}},"_links":{"self":[{"href":"https:\/\/chrisonsax.com\/fr\/wp-json\/wp\/v2\/product\/11281","targetHints":{"allow":["GET"]}}],"collection":[{"href":"https:\/\/chrisonsax.com\/fr\/wp-json\/wp\/v2\/product"}],"about":[{"href":"https:\/\/chrisonsax.com\/fr\/wp-json\/wp\/v2\/types\/product"}],"replies":[{"embeddable":true,"href":"https:\/\/chrisonsax.com\/fr\/wp-json\/wp\/v2\/comments?post=11281"}],"wp:featuredmedia":[{"embeddable":true,"href":"https:\/\/chrisonsax.com\/fr\/wp-json\/wp\/v2\/media\/11284"}],"wp:attachment":[{"href":"https:\/\/chrisonsax.com\/fr\/wp-json\/wp\/v2\/media?parent=11281"}],"wp:term":[{"taxonomy":"product_brand","embeddable":true,"href":"https:\/\/chrisonsax.com\/fr\/wp-json\/wp\/v2\/product_brand?post=11281"},{"taxonomy":"product_cat","embeddable":true,"href":"https:\/\/chrisonsax.com\/fr\/wp-json\/wp\/v2\/product_cat?post=11281"},{"taxonomy":"product_tag","embeddable":true,"href":"https:\/\/chrisonsax.com\/fr\/wp-json\/wp\/v2\/product_tag?post=11281"}],"curies":[{"name":"wp","href":"https:\/\/api.w.org\/{rel}","templated":true}]}}