{"id":11248,"date":"2025-07-07T14:51:54","date_gmt":"2025-07-07T14:51:54","guid":{"rendered":"https:\/\/chrisonsax.com\/?post_type=product&#038;p=11248"},"modified":"2026-03-05T05:56:07","modified_gmt":"2026-03-05T05:56:07","slug":"forgatmigej-bomull-saxophone-tenor-sheet-music-pdf","status":"publish","type":"product","link":"https:\/\/chrisonsax.com\/fr\/produit\/forgatmigej-bomull-saxophone-tenor-sheet-music-pdf\/","title":{"rendered":"f\u00f6rg\u00e4tmigej - Bomull | Saxophone Tenor - Sheet Music PDF"},"content":{"rendered":"","protected":false},"excerpt":{"rendered":"<h1>f\u00f6rg\u00e4tmigej - Bomull | Saxophone Tenor - Sheet Music PDF<\/h1>\n<p data-start=\"437\" data-end=\"681\">Appr\u00e9ciez la m\u00e9lodie d\u00e9licate et \u00e9motionnelle de <em data-start=\"480\" data-end=\"493\">f\u00f6rg\u00e4tmigej<\/em> par Bomull, arrang\u00e9 ici pour <strong data-start=\"523\" data-end=\"547\">saxophone t\u00e9nor (Bb)<\/strong>. Cette transcription par <strong data-start=\"571\" data-end=\"585\">ChrisOnSax<\/strong> fait ressortir la qualit\u00e9 atmosph\u00e9rique de l'original avec un phras\u00e9 doux et une clart\u00e9 rythmique.<\/p>\n<p data-start=\"688\" data-end=\"812\">Parfait pour les saxophonistes de niveau interm\u00e9diaire, ce morceau est id\u00e9al pour les r\u00e9p\u00e9titions en solo, les reprises ou les concerts.<\/p>\n<p data-start=\"819\" data-end=\"835\">\ud83c\udfb7 Ce que vous obtenez :<\/p>\n<ul data-start=\"838\" data-end=\"983\">\n<li data-start=\"838\" data-end=\"884\">\n<p data-start=\"840\" data-end=\"884\">Partitions en PDF pour <strong data-start=\"860\" data-end=\"884\">Saxophone t\u00e9nor (Sib)<\/strong><\/p>\n<\/li>\n<li data-start=\"887\" data-end=\"902\">\n<p data-start=\"889\" data-end=\"902\">Tempo : 85 bpm<\/p>\n<\/li>\n<li data-start=\"942\" data-end=\"979\">\n<p data-start=\"944\" data-end=\"979\">Une pr\u00e9sentation claire et une formulation intuitive<\/p>\n<\/li>\n<\/ul>\n<p data-start=\"986\" data-end=\"1046\">Laissez chanter votre sax t\u00e9nor avec ce morceau calme et expressif.<\/p>","protected":false},"featured_media":11251,"comment_status":"closed","ping_status":"closed","template":"","meta":{"pmpro_default_level":"","_kad_post_transparent":"default","_kad_post_title":"","_kad_post_layout":"default","_kad_post_sidebar_id":"","_kad_post_content_style":"default","_kad_post_vertical_padding":"default","_kad_post_feature":"","_kad_post_feature_position":"","_kad_post_header":false,"_kad_post_footer":false,"_kad_post_classname":""},"product_brand":[],"product_cat":[112,118,87],"product_tag":[],"class_list":{"0":"post-11248","1":"product","2":"type-product","3":"status-publish","4":"has-post-thumbnail","6":"product_cat-other","7":"product_cat-tenor-saxophone","8":"product_cat-sheets-music","9":"pmpro-has-access","11":"first","12":"instock","13":"downloadable","14":"shipping-taxable","15":"purchasable","16":"product-type-simple","17":"entry","18":"content-bg","19":"loop-entry"},"yoast_head":"<!-- This site is optimized with the Yoast SEO Premium plugin v27.0 (Yoast SEO v27.4) - https:\/\/yoast.com\/product\/yoast-seo-premium-wordpress\/ -->\n<title>f\u00f6rg\u00e4tmigej \u2013 Bomull | Tenor Saxophone Sheet Music PDF<\/title>\n<meta name=\"description\" content=\"Download the tenor saxophone sheet music for f\u00f6rg\u00e4tmigej by Bomull. Beautiful transcription by ChrisOnSax. Soft, emotional, and perfect for solo sax.\" \/>\n<meta name=\"robots\" content=\"index, follow, max-snippet:-1, max-image-preview:large, max-video-preview:-1\" \/>\n<link rel=\"canonical\" href=\"https:\/\/chrisonsax.com\/fr\/produit\/forgatmigej-bomull-saxophone-tenor-sheet-music-pdf\/\" \/>\n<meta property=\"og:locale\" content=\"fr_FR\" \/>\n<meta property=\"og:type\" content=\"article\" \/>\n<meta property=\"og:title\" content=\"f\u00f6rg\u00e4tmigej \u2013 Bomull | Saxophone Tenor \u2013 Sheet Music PDF\" \/>\n<meta property=\"og:description\" content=\"Download the tenor saxophone sheet music for f\u00f6rg\u00e4tmigej by Bomull. Beautiful transcription by ChrisOnSax. Soft, emotional, and perfect for solo sax.\" \/>\n<meta property=\"og:url\" content=\"https:\/\/chrisonsax.com\/fr\/produit\/forgatmigej-bomull-saxophone-tenor-sheet-music-pdf\/\" \/>\n<meta property=\"og:site_name\" content=\"Saxophonist\" \/>\n<meta property=\"article:publisher\" content=\"https:\/\/www.facebook.com\/christopheonsax\" \/>\n<meta property=\"article:modified_time\" content=\"2026-03-05T05:56:07+00:00\" \/>\n<meta property=\"og:image\" content=\"https:\/\/chrisonsax.com\/wp-content\/uploads\/2025\/07\/forgatmigej-bomull-tenor-2.jpg\" \/>\n\t<meta property=\"og:image:width\" content=\"500\" \/>\n\t<meta property=\"og:image:height\" content=\"500\" \/>\n\t<meta property=\"og:image:type\" content=\"image\/jpeg\" \/>\n<meta name=\"twitter:card\" content=\"summary_large_image\" \/>\n<meta name=\"twitter:label1\" content=\"Dur\u00e9e de lecture estim\u00e9e\" \/>\n\t<meta name=\"twitter:data1\" content=\"1 minute\" \/>\n<script type=\"application\/ld+json\" class=\"yoast-schema-graph\">{\"@context\":\"https:\\\/\\\/schema.org\",\"@graph\":[{\"@type\":\"WebPage\",\"@id\":\"https:\\\/\\\/chrisonsax.com\\\/product\\\/forgatmigej-bomull-saxophone-tenor-sheet-music-pdf\\\/\",\"url\":\"https:\\\/\\\/chrisonsax.com\\\/product\\\/forgatmigej-bomull-saxophone-tenor-sheet-music-pdf\\\/\",\"name\":\"f\u00f6rg\u00e4tmigej \u2013 Bomull | Tenor Saxophone Sheet Music PDF\",\"isPartOf\":{\"@id\":\"https:\\\/\\\/chrisonsax.com\\\/#website\"},\"primaryImageOfPage\":{\"@id\":\"https:\\\/\\\/chrisonsax.com\\\/product\\\/forgatmigej-bomull-saxophone-tenor-sheet-music-pdf\\\/#primaryimage\"},\"image\":{\"@id\":\"https:\\\/\\\/chrisonsax.com\\\/product\\\/forgatmigej-bomull-saxophone-tenor-sheet-music-pdf\\\/#primaryimage\"},\"thumbnailUrl\":\"https:\\\/\\\/chrisonsax.com\\\/wp-content\\\/uploads\\\/2025\\\/07\\\/forgatmigej-bomull-tenor-2.jpg\",\"datePublished\":\"2025-07-07T14:51:54+00:00\",\"dateModified\":\"2026-03-05T05:56:07+00:00\",\"description\":\"Download the tenor saxophone sheet music for f\u00f6rg\u00e4tmigej by Bomull. Beautiful transcription by ChrisOnSax. Soft, emotional, and perfect for solo sax.\",\"breadcrumb\":{\"@id\":\"https:\\\/\\\/chrisonsax.com\\\/product\\\/forgatmigej-bomull-saxophone-tenor-sheet-music-pdf\\\/#breadcrumb\"},\"inLanguage\":\"fr-FR\",\"potentialAction\":[{\"@type\":\"ReadAction\",\"target\":[\"https:\\\/\\\/chrisonsax.com\\\/product\\\/forgatmigej-bomull-saxophone-tenor-sheet-music-pdf\\\/\"]}]},{\"@type\":\"ImageObject\",\"inLanguage\":\"fr-FR\",\"@id\":\"https:\\\/\\\/chrisonsax.com\\\/product\\\/forgatmigej-bomull-saxophone-tenor-sheet-music-pdf\\\/#primaryimage\",\"url\":\"https:\\\/\\\/chrisonsax.com\\\/wp-content\\\/uploads\\\/2025\\\/07\\\/forgatmigej-bomull-tenor-2.jpg\",\"contentUrl\":\"https:\\\/\\\/chrisonsax.com\\\/wp-content\\\/uploads\\\/2025\\\/07\\\/forgatmigej-bomull-tenor-2.jpg\",\"width\":500,\"height\":500},{\"@type\":\"BreadcrumbList\",\"@id\":\"https:\\\/\\\/chrisonsax.com\\\/product\\\/forgatmigej-bomull-saxophone-tenor-sheet-music-pdf\\\/#breadcrumb\",\"itemListElement\":[{\"@type\":\"ListItem\",\"position\":1,\"name\":\"Animation cocktail\",\"item\":\"https:\\\/\\\/chrisonsax.com\\\/\"},{\"@type\":\"ListItem\",\"position\":2,\"name\":\"Shop\",\"item\":\"https:\\\/\\\/chrisonsax.com\\\/boutique\\\/\"},{\"@type\":\"ListItem\",\"position\":3,\"name\":\"f\u00f6rg\u00e4tmigej \u2013 Bomull | Saxophone Tenor \u2013 Sheet Music PDF\"}]},{\"@type\":\"WebSite\",\"@id\":\"https:\\\/\\\/chrisonsax.com\\\/#website\",\"url\":\"https:\\\/\\\/chrisonsax.com\\\/\",\"name\":\"Musicien saxophoniste\",\"description\":\"Cocktail sax Tel : +971 058 542 0635\",\"publisher\":{\"@id\":\"https:\\\/\\\/chrisonsax.com\\\/#organization\"},\"potentialAction\":[{\"@type\":\"SearchAction\",\"target\":{\"@type\":\"EntryPoint\",\"urlTemplate\":\"https:\\\/\\\/chrisonsax.com\\\/?s={search_term_string}\"},\"query-input\":{\"@type\":\"PropertyValueSpecification\",\"valueRequired\":true,\"valueName\":\"search_term_string\"}}],\"inLanguage\":\"fr-FR\"},{\"@type\":\"Organization\",\"@id\":\"https:\\\/\\\/chrisonsax.com\\\/#organization\",\"name\":\"Musicien saxophoniste\",\"url\":\"https:\\\/\\\/chrisonsax.com\\\/\",\"logo\":{\"@type\":\"ImageObject\",\"inLanguage\":\"fr-FR\",\"@id\":\"https:\\\/\\\/chrisonsax.com\\\/#\\\/schema\\\/logo\\\/image\\\/\",\"url\":\"https:\\\/\\\/chrisonsax.com\\\/wp-content\\\/uploads\\\/2021\\\/12\\\/cropped-WhatsApp-Image-2021-08-28-at-13.03.56-2-1-e1674942410642.jpeg\",\"contentUrl\":\"https:\\\/\\\/chrisonsax.com\\\/wp-content\\\/uploads\\\/2021\\\/12\\\/cropped-WhatsApp-Image-2021-08-28-at-13.03.56-2-1-e1674942410642.jpeg\",\"width\":300,\"height\":300,\"caption\":\"Musicien saxophoniste\"},\"image\":{\"@id\":\"https:\\\/\\\/chrisonsax.com\\\/#\\\/schema\\\/logo\\\/image\\\/\"},\"sameAs\":[\"https:\\\/\\\/www.facebook.com\\\/christopheonsax\",\"https:\\\/\\\/www.instagram.com\\\/chris_onsax\\\/\",\"https:\\\/\\\/www.youtube.com\\\/channel\\\/UCPht7xSeaLJ_4FUWV4bUOQg?view_as=subscriber\"]}]}<\/script>\n<!-- \/ Yoast SEO Premium plugin. -->","yoast_head_json":{"title":"f\u00f6rg\u00e4tmigej - Bomull | Tenor Saxophone Sheet Music PDF","description":"T\u00e9l\u00e9chargez la partition de saxophone t\u00e9nor pour f\u00f6rg\u00e4tmigej de Bomull. Belle transcription par ChrisOnSax. Douce, \u00e9motionnelle, et parfaite pour un saxophone solo.","robots":{"index":"index","follow":"follow","max-snippet":"max-snippet:-1","max-image-preview":"max-image-preview:large","max-video-preview":"max-video-preview:-1"},"canonical":"https:\/\/chrisonsax.com\/fr\/produit\/forgatmigej-bomull-saxophone-tenor-sheet-music-pdf\/","og_locale":"fr_FR","og_type":"article","og_title":"f\u00f6rg\u00e4tmigej \u2013 Bomull | Saxophone Tenor \u2013 Sheet Music PDF","og_description":"Download the tenor saxophone sheet music for f\u00f6rg\u00e4tmigej by Bomull. Beautiful transcription by ChrisOnSax. Soft, emotional, and perfect for solo sax.","og_url":"https:\/\/chrisonsax.com\/fr\/produit\/forgatmigej-bomull-saxophone-tenor-sheet-music-pdf\/","og_site_name":"Saxophonist","article_publisher":"https:\/\/www.facebook.com\/christopheonsax","article_modified_time":"2026-03-05T05:56:07+00:00","og_image":[{"width":500,"height":500,"url":"https:\/\/chrisonsax.com\/wp-content\/uploads\/2025\/07\/forgatmigej-bomull-tenor-2.jpg","type":"image\/jpeg"}],"twitter_card":"summary_large_image","twitter_misc":{"Dur\u00e9e de lecture estim\u00e9e":"1 minute"},"schema":{"@context":"https:\/\/schema.org","@graph":[{"@type":"WebPage","@id":"https:\/\/chrisonsax.com\/product\/forgatmigej-bomull-saxophone-tenor-sheet-music-pdf\/","url":"https:\/\/chrisonsax.com\/product\/forgatmigej-bomull-saxophone-tenor-sheet-music-pdf\/","name":"f\u00f6rg\u00e4tmigej - Bomull | Tenor Saxophone Sheet Music PDF","isPartOf":{"@id":"https:\/\/chrisonsax.com\/#website"},"primaryImageOfPage":{"@id":"https:\/\/chrisonsax.com\/product\/forgatmigej-bomull-saxophone-tenor-sheet-music-pdf\/#primaryimage"},"image":{"@id":"https:\/\/chrisonsax.com\/product\/forgatmigej-bomull-saxophone-tenor-sheet-music-pdf\/#primaryimage"},"thumbnailUrl":"https:\/\/chrisonsax.com\/wp-content\/uploads\/2025\/07\/forgatmigej-bomull-tenor-2.jpg","datePublished":"2025-07-07T14:51:54+00:00","dateModified":"2026-03-05T05:56:07+00:00","description":"T\u00e9l\u00e9chargez la partition de saxophone t\u00e9nor pour f\u00f6rg\u00e4tmigej de Bomull. Belle transcription par ChrisOnSax. Douce, \u00e9motionnelle, et parfaite pour un saxophone solo.","breadcrumb":{"@id":"https:\/\/chrisonsax.com\/product\/forgatmigej-bomull-saxophone-tenor-sheet-music-pdf\/#breadcrumb"},"inLanguage":"fr-FR","potentialAction":[{"@type":"ReadAction","target":["https:\/\/chrisonsax.com\/product\/forgatmigej-bomull-saxophone-tenor-sheet-music-pdf\/"]}]},{"@type":"ImageObject","inLanguage":"fr-FR","@id":"https:\/\/chrisonsax.com\/product\/forgatmigej-bomull-saxophone-tenor-sheet-music-pdf\/#primaryimage","url":"https:\/\/chrisonsax.com\/wp-content\/uploads\/2025\/07\/forgatmigej-bomull-tenor-2.jpg","contentUrl":"https:\/\/chrisonsax.com\/wp-content\/uploads\/2025\/07\/forgatmigej-bomull-tenor-2.jpg","width":500,"height":500},{"@type":"BreadcrumbList","@id":"https:\/\/chrisonsax.com\/product\/forgatmigej-bomull-saxophone-tenor-sheet-music-pdf\/#breadcrumb","itemListElement":[{"@type":"ListItem","position":1,"name":"Animation cocktail","item":"https:\/\/chrisonsax.com\/"},{"@type":"ListItem","position":2,"name":"Shop","item":"https:\/\/chrisonsax.com\/boutique\/"},{"@type":"ListItem","position":3,"name":"f\u00f6rg\u00e4tmigej \u2013 Bomull | Saxophone Tenor \u2013 Sheet Music PDF"}]},{"@type":"WebSite","@id":"https:\/\/chrisonsax.com\/#website","url":"https:\/\/chrisonsax.com\/","name":"Musicien saxophoniste","description":"Cocktail sax Tel : +971 058 542 0635","publisher":{"@id":"https:\/\/chrisonsax.com\/#organization"},"potentialAction":[{"@type":"SearchAction","target":{"@type":"EntryPoint","urlTemplate":"https:\/\/chrisonsax.com\/?s={search_term_string}"},"query-input":{"@type":"PropertyValueSpecification","valueRequired":true,"valueName":"search_term_string"}}],"inLanguage":"fr-FR"},{"@type":"Organization","@id":"https:\/\/chrisonsax.com\/#organization","name":"Musicien saxophoniste","url":"https:\/\/chrisonsax.com\/","logo":{"@type":"ImageObject","inLanguage":"fr-FR","@id":"https:\/\/chrisonsax.com\/#\/schema\/logo\/image\/","url":"https:\/\/chrisonsax.com\/wp-content\/uploads\/2021\/12\/cropped-WhatsApp-Image-2021-08-28-at-13.03.56-2-1-e1674942410642.jpeg","contentUrl":"https:\/\/chrisonsax.com\/wp-content\/uploads\/2021\/12\/cropped-WhatsApp-Image-2021-08-28-at-13.03.56-2-1-e1674942410642.jpeg","width":300,"height":300,"caption":"Musicien saxophoniste"},"image":{"@id":"https:\/\/chrisonsax.com\/#\/schema\/logo\/image\/"},"sameAs":["https:\/\/www.facebook.com\/christopheonsax","https:\/\/www.instagram.com\/chris_onsax\/","https:\/\/www.youtube.com\/channel\/UCPht7xSeaLJ_4FUWV4bUOQg?view_as=subscriber"]}]}},"_links":{"self":[{"href":"https:\/\/chrisonsax.com\/fr\/wp-json\/wp\/v2\/product\/11248","targetHints":{"allow":["GET"]}}],"collection":[{"href":"https:\/\/chrisonsax.com\/fr\/wp-json\/wp\/v2\/product"}],"about":[{"href":"https:\/\/chrisonsax.com\/fr\/wp-json\/wp\/v2\/types\/product"}],"replies":[{"embeddable":true,"href":"https:\/\/chrisonsax.com\/fr\/wp-json\/wp\/v2\/comments?post=11248"}],"wp:featuredmedia":[{"embeddable":true,"href":"https:\/\/chrisonsax.com\/fr\/wp-json\/wp\/v2\/media\/11251"}],"wp:attachment":[{"href":"https:\/\/chrisonsax.com\/fr\/wp-json\/wp\/v2\/media?parent=11248"}],"wp:term":[{"taxonomy":"product_brand","embeddable":true,"href":"https:\/\/chrisonsax.com\/fr\/wp-json\/wp\/v2\/product_brand?post=11248"},{"taxonomy":"product_cat","embeddable":true,"href":"https:\/\/chrisonsax.com\/fr\/wp-json\/wp\/v2\/product_cat?post=11248"},{"taxonomy":"product_tag","embeddable":true,"href":"https:\/\/chrisonsax.com\/fr\/wp-json\/wp\/v2\/product_tag?post=11248"}],"curies":[{"name":"wp","href":"https:\/\/api.w.org\/{rel}","templated":true}]}}