{"id":11220,"date":"2025-07-06T14:50:31","date_gmt":"2025-07-06T14:50:31","guid":{"rendered":"https:\/\/chrisonsax.com\/?post_type=product&#038;p=11220"},"modified":"2026-04-07T07:09:15","modified_gmt":"2026-04-07T07:09:15","slug":"jul-x-jimmy-sax-ibiza-tenor-saxophone-sheet-music-for-beginners-note-names-included-french-english","status":"publish","type":"product","link":"https:\/\/chrisonsax.com\/fr\/produit\/jul-x-jimmy-sax-ibiza-saxophone-tenor-partitions-pour-debutants-noms-des-notes-inclus-francais-anglais\/","title":{"rendered":"Ibiza - Easy Tenor Sax Sheet Music (Jul x Jimmy Sax) | Noms des notes inclus (FR\/EN)"},"content":{"rendered":"","protected":false},"excerpt":{"rendered":"<h1 data-start=\"1146\" data-end=\"1292\">Ibiza - Partitions faciles pour Saxophone T\u00e9nor (Jul x Jimmy Sax - Beginner PDF)<\/h1>\n<p data-start=\"1146\" data-end=\"1292\">Red\u00e9couvrez le titre embl\u00e9matique <strong data-start=\"1174\" data-end=\"1204\">\"Ibiza\" par Jul x Jimmy Sax<\/strong> avec cette <strong data-start=\"1215\" data-end=\"1234\">Saxophone t\u00e9nor<\/strong> Arrangement soigneusement con\u00e7u pour les saxophonistes d\u00e9butants !<\/p>\n<p data-start=\"1294\" data-end=\"1336\">\ud83e\uddd1\u200d\ud83c\udfeb <strong data-start=\"1300\" data-end=\"1336\">Ce qui rend cette version sp\u00e9ciale :<\/strong><\/p>\n<ul data-start=\"1337\" data-end=\"1539\">\n<li data-start=\"1337\" data-end=\"1403\">\n<p data-start=\"1339\" data-end=\"1403\"><strong data-start=\"1339\" data-end=\"1370\">Nom des notes au-dessus de chaque note<\/strong> - aucune comp\u00e9tence en lecture \u00e0 vue n'est n\u00e9cessaire<\/p>\n<\/li>\n<li data-start=\"1404\" data-end=\"1441\">\n<p data-start=\"1406\" data-end=\"1441\">Une mise en page facile \u00e0 suivre pour les d\u00e9butants<\/p>\n<\/li>\n<li data-start=\"1442\" data-end=\"1494\">\n<p data-start=\"1444\" data-end=\"1494\">Fid\u00e8le au style original et \u00e0 l'\u00e9nergie de Jimmy Sax<\/p>\n<\/li>\n<li data-start=\"1495\" data-end=\"1539\">\n<p data-start=\"1497\" data-end=\"1539\">Renforcez votre confiance et appr\u00e9ciez chaque note<\/p>\n<\/li>\n<\/ul>\n<p data-start=\"1541\" data-end=\"1562\">\ud83c\udfbc <strong data-start=\"1544\" data-end=\"1562\">Ce qu'il y a \u00e0 l'int\u00e9rieur :<\/strong><\/p>\n<ul data-start=\"1563\" data-end=\"1706\">\n<li data-start=\"1563\" data-end=\"1611\">\n<p data-start=\"1565\" data-end=\"1611\">1 PDF avec <strong data-start=\"1576\" data-end=\"1597\">Noms des notes en fran\u00e7ais<\/strong> (Do-R\u00e9-Mi...)<\/p>\n<\/li>\n<li data-start=\"1612\" data-end=\"1658\">\n<p data-start=\"1614\" data-end=\"1658\">1 PDF avec <strong data-start=\"1625\" data-end=\"1647\">Noms de notes en anglais<\/strong> (C-D-E...)<\/p>\n<\/li>\n<li data-start=\"1659\" data-end=\"1706\">\n<p data-start=\"1661\" data-end=\"1706\">Format A4 - pr\u00eat \u00e0 l'impression et compatible avec les tablettes<\/p>\n<\/li>\n<\/ul>\n<p data-start=\"1708\" data-end=\"1763\">\ud83d\udce5 <strong data-start=\"1711\" data-end=\"1763\">T\u00e9l\u00e9chargement num\u00e9rique - acc\u00e8s imm\u00e9diat apr\u00e8s l'achat<\/strong><\/p>\n<p data-start=\"1765\" data-end=\"1804\">\ud83c\udfaf <strong data-start=\"1768\" data-end=\"1804\">Instrument : Saxophone t\u00e9nor (Bb)<\/strong><\/p>\n<p data-start=\"517\" data-end=\"760\"><img decoding=\"async\" class=\"emoji\" role=\"img\" draggable=\"false\" src=\"https:\/\/s.w.org\/images\/core\/emoji\/17.0.2\/svg\/1f3a7.svg\" alt=\"\ud83c\udfa7\" \/> <strong data-start=\"520\" data-end=\"571\">Envie de pratiquer le saxophone avec une m\u00e9thode claire ?<\/strong><\/p>\n<p data-start=\"517\" data-end=\"760\">Le <strong data-start=\"578\" data-end=\"606\">Salle d'entra\u00eenement de ChrisOnSax<\/strong> est un centre d'apprentissage structur\u00e9 con\u00e7u pour <strong data-start=\"649\" data-end=\"674\">saxophonistes d\u00e9butants<\/strong>, Le site vous aide \u00e0 progresser pas \u00e0 pas gr\u00e2ce \u00e0 des exercices, des pistes d'accompagnement et des routines guid\u00e9es.<\/p>\n<p data-start=\"1210\" data-end=\"1253\"><img decoding=\"async\" class=\"emoji\" role=\"img\" draggable=\"false\" src=\"https:\/\/s.w.org\/images\/core\/emoji\/17.0.2\/svg\/1f449.svg\" alt=\"\ud83d\udc49\" \/> <a href=\"https:\/\/chrisonsax.com\/fr\/cours-sax-dubai\/#free\"><strong data-start=\"1413\" data-end=\"1444\">Commencez votre essai gratuit de 7 jours<\/strong><\/a><\/p>","protected":false},"featured_media":11224,"comment_status":"closed","ping_status":"closed","template":"","meta":{"pmpro_default_level":"","_kad_post_transparent":"default","_kad_post_title":"","_kad_post_layout":"default","_kad_post_sidebar_id":"","_kad_post_content_style":"default","_kad_post_vertical_padding":"default","_kad_post_feature":"","_kad_post_feature_position":"","_kad_post_header":false,"_kad_post_footer":false,"_kad_post_classname":""},"product_brand":[],"product_cat":[109,113,118,87],"product_tag":[],"class_list":{"0":"post-11220","1":"product","2":"type-product","3":"status-publish","4":"has-post-thumbnail","6":"product_cat-jimmy-sax","7":"product_cat-sheet-music-with-note-names","8":"product_cat-tenor-saxophone","9":"product_cat-sheets-music","10":"pmpro-has-access","12":"first","13":"instock","14":"downloadable","15":"shipping-taxable","16":"purchasable","17":"product-type-simple","18":"entry","19":"content-bg","20":"loop-entry"},"yoast_head":"<!-- This site is optimized with the Yoast SEO Premium plugin v27.0 (Yoast SEO v27.4) - https:\/\/yoast.com\/product\/yoast-seo-premium-wordpress\/ -->\n<title>Ibiza Jul -Jimmy Sax \u2013 Easy Music Sheets for Tenor Sax Beginners<\/title>\n<meta name=\"description\" content=\"Easy music sheets for tenor sax \u2013 play \u201cIbiza\u201d by Jul x Jimmy Sax with note names (French &amp; English). Beginner-friendly digital PDF download.\" \/>\n<meta name=\"robots\" content=\"index, follow, max-snippet:-1, max-image-preview:large, max-video-preview:-1\" \/>\n<link rel=\"canonical\" href=\"https:\/\/chrisonsax.com\/fr\/produit\/jul-x-jimmy-sax-ibiza-saxophone-tenor-partitions-pour-debutants-noms-des-notes-inclus-francais-anglais\/\" \/>\n<meta property=\"og:locale\" content=\"fr_FR\" \/>\n<meta property=\"og:type\" content=\"article\" \/>\n<meta property=\"og:title\" content=\"Ibiza \u2013 Easy Tenor Sax Sheet Music (Jul x Jimmy Sax) | Note Names Included (FR\/EN)\" \/>\n<meta property=\"og:description\" content=\"Easy music sheets for tenor sax \u2013 play \u201cIbiza\u201d by Jul x Jimmy Sax with note names (French &amp; English). Beginner-friendly digital PDF download.\" \/>\n<meta property=\"og:url\" content=\"https:\/\/chrisonsax.com\/fr\/produit\/jul-x-jimmy-sax-ibiza-saxophone-tenor-partitions-pour-debutants-noms-des-notes-inclus-francais-anglais\/\" \/>\n<meta property=\"og:site_name\" content=\"Saxophonist\" \/>\n<meta property=\"article:publisher\" content=\"https:\/\/www.facebook.com\/christopheonsax\" \/>\n<meta property=\"article:modified_time\" content=\"2026-04-07T07:09:15+00:00\" \/>\n<meta property=\"og:image\" content=\"https:\/\/chrisonsax.com\/wp-content\/uploads\/2025\/07\/ibiza-tenor-avec-nom-des-notes-fr.jpg\" \/>\n\t<meta property=\"og:image:width\" content=\"500\" \/>\n\t<meta property=\"og:image:height\" content=\"500\" \/>\n\t<meta property=\"og:image:type\" content=\"image\/jpeg\" \/>\n<meta name=\"twitter:card\" content=\"summary_large_image\" \/>\n<meta name=\"twitter:label1\" content=\"Dur\u00e9e de lecture estim\u00e9e\" \/>\n\t<meta name=\"twitter:data1\" content=\"1 minute\" \/>\n<script type=\"application\/ld+json\" class=\"yoast-schema-graph\">{\"@context\":\"https:\\\/\\\/schema.org\",\"@graph\":[{\"@type\":\"WebPage\",\"@id\":\"https:\\\/\\\/chrisonsax.com\\\/product\\\/jul-x-jimmy-sax-ibiza-tenor-saxophone-sheet-music-for-beginners-note-names-included-french-english\\\/\",\"url\":\"https:\\\/\\\/chrisonsax.com\\\/product\\\/jul-x-jimmy-sax-ibiza-tenor-saxophone-sheet-music-for-beginners-note-names-included-french-english\\\/\",\"name\":\"Ibiza Jul -Jimmy Sax \u2013 Easy Music Sheets for Tenor Sax Beginners\",\"isPartOf\":{\"@id\":\"https:\\\/\\\/chrisonsax.com\\\/#website\"},\"primaryImageOfPage\":{\"@id\":\"https:\\\/\\\/chrisonsax.com\\\/product\\\/jul-x-jimmy-sax-ibiza-tenor-saxophone-sheet-music-for-beginners-note-names-included-french-english\\\/#primaryimage\"},\"image\":{\"@id\":\"https:\\\/\\\/chrisonsax.com\\\/product\\\/jul-x-jimmy-sax-ibiza-tenor-saxophone-sheet-music-for-beginners-note-names-included-french-english\\\/#primaryimage\"},\"thumbnailUrl\":\"https:\\\/\\\/chrisonsax.com\\\/wp-content\\\/uploads\\\/2025\\\/07\\\/ibiza-tenor-avec-nom-des-notes-fr.jpg\",\"datePublished\":\"2025-07-06T14:50:31+00:00\",\"dateModified\":\"2026-04-07T07:09:15+00:00\",\"description\":\"Easy music sheets for tenor sax \u2013 play \u201cIbiza\u201d by Jul x Jimmy Sax with note names (French & English). Beginner-friendly digital PDF download.\",\"breadcrumb\":{\"@id\":\"https:\\\/\\\/chrisonsax.com\\\/product\\\/jul-x-jimmy-sax-ibiza-tenor-saxophone-sheet-music-for-beginners-note-names-included-french-english\\\/#breadcrumb\"},\"inLanguage\":\"fr-FR\",\"potentialAction\":[{\"@type\":\"ReadAction\",\"target\":[\"https:\\\/\\\/chrisonsax.com\\\/product\\\/jul-x-jimmy-sax-ibiza-tenor-saxophone-sheet-music-for-beginners-note-names-included-french-english\\\/\"]}]},{\"@type\":\"ImageObject\",\"inLanguage\":\"fr-FR\",\"@id\":\"https:\\\/\\\/chrisonsax.com\\\/product\\\/jul-x-jimmy-sax-ibiza-tenor-saxophone-sheet-music-for-beginners-note-names-included-french-english\\\/#primaryimage\",\"url\":\"https:\\\/\\\/chrisonsax.com\\\/wp-content\\\/uploads\\\/2025\\\/07\\\/ibiza-tenor-avec-nom-des-notes-fr.jpg\",\"contentUrl\":\"https:\\\/\\\/chrisonsax.com\\\/wp-content\\\/uploads\\\/2025\\\/07\\\/ibiza-tenor-avec-nom-des-notes-fr.jpg\",\"width\":500,\"height\":500},{\"@type\":\"BreadcrumbList\",\"@id\":\"https:\\\/\\\/chrisonsax.com\\\/product\\\/jul-x-jimmy-sax-ibiza-tenor-saxophone-sheet-music-for-beginners-note-names-included-french-english\\\/#breadcrumb\",\"itemListElement\":[{\"@type\":\"ListItem\",\"position\":1,\"name\":\"Animation cocktail\",\"item\":\"https:\\\/\\\/chrisonsax.com\\\/\"},{\"@type\":\"ListItem\",\"position\":2,\"name\":\"Shop\",\"item\":\"https:\\\/\\\/chrisonsax.com\\\/boutique\\\/\"},{\"@type\":\"ListItem\",\"position\":3,\"name\":\"Ibiza \u2013 Easy Tenor Sax Sheet Music (Jul x Jimmy Sax) | Note Names Included (FR\\\/EN)\"}]},{\"@type\":\"WebSite\",\"@id\":\"https:\\\/\\\/chrisonsax.com\\\/#website\",\"url\":\"https:\\\/\\\/chrisonsax.com\\\/\",\"name\":\"Musicien saxophoniste\",\"description\":\"Cocktail sax Tel : +971 058 542 0635\",\"publisher\":{\"@id\":\"https:\\\/\\\/chrisonsax.com\\\/#organization\"},\"potentialAction\":[{\"@type\":\"SearchAction\",\"target\":{\"@type\":\"EntryPoint\",\"urlTemplate\":\"https:\\\/\\\/chrisonsax.com\\\/?s={search_term_string}\"},\"query-input\":{\"@type\":\"PropertyValueSpecification\",\"valueRequired\":true,\"valueName\":\"search_term_string\"}}],\"inLanguage\":\"fr-FR\"},{\"@type\":\"Organization\",\"@id\":\"https:\\\/\\\/chrisonsax.com\\\/#organization\",\"name\":\"Musicien saxophoniste\",\"url\":\"https:\\\/\\\/chrisonsax.com\\\/\",\"logo\":{\"@type\":\"ImageObject\",\"inLanguage\":\"fr-FR\",\"@id\":\"https:\\\/\\\/chrisonsax.com\\\/#\\\/schema\\\/logo\\\/image\\\/\",\"url\":\"https:\\\/\\\/chrisonsax.com\\\/wp-content\\\/uploads\\\/2021\\\/12\\\/cropped-WhatsApp-Image-2021-08-28-at-13.03.56-2-1-e1674942410642.jpeg\",\"contentUrl\":\"https:\\\/\\\/chrisonsax.com\\\/wp-content\\\/uploads\\\/2021\\\/12\\\/cropped-WhatsApp-Image-2021-08-28-at-13.03.56-2-1-e1674942410642.jpeg\",\"width\":300,\"height\":300,\"caption\":\"Musicien saxophoniste\"},\"image\":{\"@id\":\"https:\\\/\\\/chrisonsax.com\\\/#\\\/schema\\\/logo\\\/image\\\/\"},\"sameAs\":[\"https:\\\/\\\/www.facebook.com\\\/christopheonsax\",\"https:\\\/\\\/www.instagram.com\\\/chris_onsax\\\/\",\"https:\\\/\\\/www.youtube.com\\\/channel\\\/UCPht7xSeaLJ_4FUWV4bUOQg?view_as=subscriber\"]}]}<\/script>\n<!-- \/ Yoast SEO Premium plugin. -->","yoast_head_json":{"title":"Ibiza Jul -Jimmy Sax - Feuilles de musique faciles pour Sax t\u00e9nor d\u00e9butants","description":"Partitions faciles pour sax t\u00e9nor - jouer \"Ibiza\" par Jul x Jimmy Sax avec les noms des notes (fran\u00e7ais et anglais). T\u00e9l\u00e9chargement du PDF num\u00e9rique adapt\u00e9 aux d\u00e9butants.","robots":{"index":"index","follow":"follow","max-snippet":"max-snippet:-1","max-image-preview":"max-image-preview:large","max-video-preview":"max-video-preview:-1"},"canonical":"https:\/\/chrisonsax.com\/fr\/produit\/jul-x-jimmy-sax-ibiza-saxophone-tenor-partitions-pour-debutants-noms-des-notes-inclus-francais-anglais\/","og_locale":"fr_FR","og_type":"article","og_title":"Ibiza \u2013 Easy Tenor Sax Sheet Music (Jul x Jimmy Sax) | Note Names Included (FR\/EN)","og_description":"Easy music sheets for tenor sax \u2013 play \u201cIbiza\u201d by Jul x Jimmy Sax with note names (French & English). Beginner-friendly digital PDF download.","og_url":"https:\/\/chrisonsax.com\/fr\/produit\/jul-x-jimmy-sax-ibiza-saxophone-tenor-partitions-pour-debutants-noms-des-notes-inclus-francais-anglais\/","og_site_name":"Saxophonist","article_publisher":"https:\/\/www.facebook.com\/christopheonsax","article_modified_time":"2026-04-07T07:09:15+00:00","og_image":[{"width":500,"height":500,"url":"https:\/\/chrisonsax.com\/wp-content\/uploads\/2025\/07\/ibiza-tenor-avec-nom-des-notes-fr.jpg","type":"image\/jpeg"}],"twitter_card":"summary_large_image","twitter_misc":{"Dur\u00e9e de lecture estim\u00e9e":"1 minute"},"schema":{"@context":"https:\/\/schema.org","@graph":[{"@type":"WebPage","@id":"https:\/\/chrisonsax.com\/product\/jul-x-jimmy-sax-ibiza-tenor-saxophone-sheet-music-for-beginners-note-names-included-french-english\/","url":"https:\/\/chrisonsax.com\/product\/jul-x-jimmy-sax-ibiza-tenor-saxophone-sheet-music-for-beginners-note-names-included-french-english\/","name":"Ibiza Jul -Jimmy Sax - Feuilles de musique faciles pour Sax t\u00e9nor d\u00e9butants","isPartOf":{"@id":"https:\/\/chrisonsax.com\/#website"},"primaryImageOfPage":{"@id":"https:\/\/chrisonsax.com\/product\/jul-x-jimmy-sax-ibiza-tenor-saxophone-sheet-music-for-beginners-note-names-included-french-english\/#primaryimage"},"image":{"@id":"https:\/\/chrisonsax.com\/product\/jul-x-jimmy-sax-ibiza-tenor-saxophone-sheet-music-for-beginners-note-names-included-french-english\/#primaryimage"},"thumbnailUrl":"https:\/\/chrisonsax.com\/wp-content\/uploads\/2025\/07\/ibiza-tenor-avec-nom-des-notes-fr.jpg","datePublished":"2025-07-06T14:50:31+00:00","dateModified":"2026-04-07T07:09:15+00:00","description":"Partitions faciles pour sax t\u00e9nor - jouer \"Ibiza\" par Jul x Jimmy Sax avec les noms des notes (fran\u00e7ais et anglais). T\u00e9l\u00e9chargement du PDF num\u00e9rique adapt\u00e9 aux d\u00e9butants.","breadcrumb":{"@id":"https:\/\/chrisonsax.com\/product\/jul-x-jimmy-sax-ibiza-tenor-saxophone-sheet-music-for-beginners-note-names-included-french-english\/#breadcrumb"},"inLanguage":"fr-FR","potentialAction":[{"@type":"ReadAction","target":["https:\/\/chrisonsax.com\/product\/jul-x-jimmy-sax-ibiza-tenor-saxophone-sheet-music-for-beginners-note-names-included-french-english\/"]}]},{"@type":"ImageObject","inLanguage":"fr-FR","@id":"https:\/\/chrisonsax.com\/product\/jul-x-jimmy-sax-ibiza-tenor-saxophone-sheet-music-for-beginners-note-names-included-french-english\/#primaryimage","url":"https:\/\/chrisonsax.com\/wp-content\/uploads\/2025\/07\/ibiza-tenor-avec-nom-des-notes-fr.jpg","contentUrl":"https:\/\/chrisonsax.com\/wp-content\/uploads\/2025\/07\/ibiza-tenor-avec-nom-des-notes-fr.jpg","width":500,"height":500},{"@type":"BreadcrumbList","@id":"https:\/\/chrisonsax.com\/product\/jul-x-jimmy-sax-ibiza-tenor-saxophone-sheet-music-for-beginners-note-names-included-french-english\/#breadcrumb","itemListElement":[{"@type":"ListItem","position":1,"name":"Animation cocktail","item":"https:\/\/chrisonsax.com\/"},{"@type":"ListItem","position":2,"name":"Shop","item":"https:\/\/chrisonsax.com\/boutique\/"},{"@type":"ListItem","position":3,"name":"Ibiza \u2013 Easy Tenor Sax Sheet Music (Jul x Jimmy Sax) | Note Names Included (FR\/EN)"}]},{"@type":"WebSite","@id":"https:\/\/chrisonsax.com\/#website","url":"https:\/\/chrisonsax.com\/","name":"Musicien saxophoniste","description":"Cocktail sax Tel : +971 058 542 0635","publisher":{"@id":"https:\/\/chrisonsax.com\/#organization"},"potentialAction":[{"@type":"SearchAction","target":{"@type":"EntryPoint","urlTemplate":"https:\/\/chrisonsax.com\/?s={search_term_string}"},"query-input":{"@type":"PropertyValueSpecification","valueRequired":true,"valueName":"search_term_string"}}],"inLanguage":"fr-FR"},{"@type":"Organization","@id":"https:\/\/chrisonsax.com\/#organization","name":"Musicien saxophoniste","url":"https:\/\/chrisonsax.com\/","logo":{"@type":"ImageObject","inLanguage":"fr-FR","@id":"https:\/\/chrisonsax.com\/#\/schema\/logo\/image\/","url":"https:\/\/chrisonsax.com\/wp-content\/uploads\/2021\/12\/cropped-WhatsApp-Image-2021-08-28-at-13.03.56-2-1-e1674942410642.jpeg","contentUrl":"https:\/\/chrisonsax.com\/wp-content\/uploads\/2021\/12\/cropped-WhatsApp-Image-2021-08-28-at-13.03.56-2-1-e1674942410642.jpeg","width":300,"height":300,"caption":"Musicien saxophoniste"},"image":{"@id":"https:\/\/chrisonsax.com\/#\/schema\/logo\/image\/"},"sameAs":["https:\/\/www.facebook.com\/christopheonsax","https:\/\/www.instagram.com\/chris_onsax\/","https:\/\/www.youtube.com\/channel\/UCPht7xSeaLJ_4FUWV4bUOQg?view_as=subscriber"]}]}},"_links":{"self":[{"href":"https:\/\/chrisonsax.com\/fr\/wp-json\/wp\/v2\/product\/11220","targetHints":{"allow":["GET"]}}],"collection":[{"href":"https:\/\/chrisonsax.com\/fr\/wp-json\/wp\/v2\/product"}],"about":[{"href":"https:\/\/chrisonsax.com\/fr\/wp-json\/wp\/v2\/types\/product"}],"replies":[{"embeddable":true,"href":"https:\/\/chrisonsax.com\/fr\/wp-json\/wp\/v2\/comments?post=11220"}],"wp:featuredmedia":[{"embeddable":true,"href":"https:\/\/chrisonsax.com\/fr\/wp-json\/wp\/v2\/media\/11224"}],"wp:attachment":[{"href":"https:\/\/chrisonsax.com\/fr\/wp-json\/wp\/v2\/media?parent=11220"}],"wp:term":[{"taxonomy":"product_brand","embeddable":true,"href":"https:\/\/chrisonsax.com\/fr\/wp-json\/wp\/v2\/product_brand?post=11220"},{"taxonomy":"product_cat","embeddable":true,"href":"https:\/\/chrisonsax.com\/fr\/wp-json\/wp\/v2\/product_cat?post=11220"},{"taxonomy":"product_tag","embeddable":true,"href":"https:\/\/chrisonsax.com\/fr\/wp-json\/wp\/v2\/product_tag?post=11220"}],"curies":[{"name":"wp","href":"https:\/\/api.w.org\/{rel}","templated":true}]}}