{"id":11190,"date":"2025-07-01T16:15:18","date_gmt":"2025-07-01T16:15:18","guid":{"rendered":"https:\/\/chrisonsax.com\/?post_type=product&#038;p=11190"},"modified":"2026-03-05T05:56:47","modified_gmt":"2026-03-05T05:56:47","slug":"goodnight-moon-shivaree-alto-saxophone-sheet-music-with-note-names","status":"publish","type":"product","link":"https:\/\/chrisonsax.com\/fr\/produit\/goodnight-moon-shivaree-alto-saxophone-sheet-music-with-note-names\/","title":{"rendered":"Goodnight Moon - Easy Alto Sax Sheet Music (Shivaree) | Noms des notes inclus (FR\/EN)"},"content":{"rendered":"","protected":false},"excerpt":{"rendered":"<h1 data-start=\"439\" data-end=\"670\">Goodnight Moon - Easy Alto Sax Sheet Music (Shivaree) | Noms des notes inclus (FR\/EN)<\/h1>\n<p data-start=\"439\" data-end=\"670\">\ud83c\udfb5 <strong data-start=\"442\" data-end=\"514\">Jouer la m\u00e9lodie envo\u00fbtante de \"Goodnight Moon\" de Shivaree<\/strong>, arrang\u00e9 pour saxophone avec <strong data-start=\"544\" data-end=\"582\">le nom des notes est inscrit au-dessus de chaque note<\/strong> - parfait pour les d\u00e9butants qui veulent jouer en toute confiance sans avoir \u00e0 lire la notation standard.<\/p>\n<p data-start=\"672\" data-end=\"718\">\ud83e\uddd1\u200d\ud83c\udfeb <strong data-start=\"678\" data-end=\"717\">Pourquoi cette version est parfaite pour vous<\/strong>:<\/p>\n<ul data-start=\"719\" data-end=\"843\">\n<li data-start=\"719\" data-end=\"764\">\n<p data-start=\"721\" data-end=\"764\">Nom des notes au-dessus de chaque note pour une lecture facile<\/p>\n<\/li>\n<li data-start=\"765\" data-end=\"798\">\n<p data-start=\"767\" data-end=\"798\">Transcription adapt\u00e9e aux d\u00e9butants<\/p>\n<\/li>\n<li data-start=\"799\" data-end=\"843\">\n<p data-start=\"801\" data-end=\"843\">Fid\u00e8le \u00e0 l'ambiance et au phras\u00e9 d'origine<\/p>\n<\/li>\n<\/ul>\n<p data-start=\"845\" data-end=\"868\">\ud83c\udfbc <strong data-start=\"848\" data-end=\"867\">Inclus<\/strong>:<\/p>\n<ul data-start=\"869\" data-end=\"1008\">\n<li data-start=\"869\" data-end=\"928\">\n<p data-start=\"822\" data-end=\"860\">Deux fichiers PDF grav\u00e9s de mani\u00e8re professionnelle :<\/p>\n<ul data-start=\"864\" data-end=\"964\">\n<li data-start=\"864\" data-end=\"910\">\n<p data-start=\"866\" data-end=\"910\">Un avec <strong data-start=\"875\" data-end=\"896\">Noms des notes en fran\u00e7ais<\/strong> (Do, R\u00e9, Mi...)<\/p>\n<\/li>\n<li data-start=\"914\" data-end=\"964\">\n<p data-start=\"916\" data-end=\"964\">Un avec <strong data-start=\"925\" data-end=\"953\">Noms des notes internationales<\/strong> (C, D, E...)<\/p>\n<\/li>\n<\/ul>\n<\/li>\n<li data-start=\"929\" data-end=\"974\">\n<p data-start=\"931\" data-end=\"974\">Format : A4, pr\u00eat \u00e0 imprimer ou \u00e0 utiliser sur tablette<\/p>\n<\/li>\n<li data-start=\"975\" data-end=\"1008\">\n<p data-start=\"977\" data-end=\"1008\">Instrument : Saxophone Alto (Mib)<\/p>\n<\/li>\n<\/ul>\n<p data-start=\"1010\" data-end=\"1065\">\ud83d\udce5 <strong data-start=\"1013\" data-end=\"1065\">T\u00e9l\u00e9chargement num\u00e9rique - acc\u00e8s imm\u00e9diat apr\u00e8s l'achat<\/strong><\/p>\n<p data-start=\"1067\" data-end=\"1171\">\ud83d\udca1 Id\u00e9al pour les saxophonistes d\u00e9butants, les \u00e9tudiants en musique ou toute personne cherchant \u00e0 d\u00e9velopper sa confiance en la lecture de la musique !<\/p>","protected":false},"featured_media":11208,"comment_status":"closed","ping_status":"closed","template":"","meta":{"pmpro_default_level":"","_kad_post_transparent":"default","_kad_post_title":"","_kad_post_layout":"default","_kad_post_sidebar_id":"","_kad_post_content_style":"default","_kad_post_vertical_padding":"default","_kad_post_feature":"","_kad_post_feature_position":"","_kad_post_header":false,"_kad_post_footer":false,"_kad_post_classname":""},"product_brand":[],"product_cat":[113,117],"product_tag":[],"class_list":{"0":"post-11190","1":"product","2":"type-product","3":"status-publish","4":"has-post-thumbnail","6":"product_cat-sheet-music-with-note-names","7":"product_cat-alto-saxophone","8":"pmpro-has-access","10":"first","11":"instock","12":"downloadable","13":"shipping-taxable","14":"purchasable","15":"product-type-simple","16":"entry","17":"content-bg","18":"loop-entry"},"yoast_head":"<!-- This site is optimized with the Yoast SEO Premium plugin v27.0 (Yoast SEO v27.4) - https:\/\/yoast.com\/product\/yoast-seo-premium-wordpress\/ -->\n<title>Goodnight Moon\u2013Easy Alto Sax Sheet Music | with Note Names<\/title>\n<meta name=\"description\" content=\"Easy alto sax sheet music for \u201cGoodnight Moon\u201d by Shivaree. Note names included (French &amp; English). Beginner-friendly PDF to download and play instantly.\" \/>\n<meta name=\"robots\" content=\"index, follow, max-snippet:-1, max-image-preview:large, max-video-preview:-1\" \/>\n<link rel=\"canonical\" href=\"https:\/\/chrisonsax.com\/fr\/produit\/goodnight-moon-shivaree-alto-saxophone-sheet-music-with-note-names\/\" \/>\n<meta property=\"og:locale\" content=\"fr_FR\" \/>\n<meta property=\"og:type\" content=\"article\" \/>\n<meta property=\"og:title\" content=\"Goodnight Moon \u2013 Easy Alto Sax Sheet Music (Shivaree) | Note Names Included (FR\/EN)\" \/>\n<meta property=\"og:description\" content=\"Easy alto sax sheet music for \u201cGoodnight Moon\u201d by Shivaree. Note names included (French &amp; English). Beginner-friendly PDF to download and play instantly.\" \/>\n<meta property=\"og:url\" content=\"https:\/\/chrisonsax.com\/fr\/produit\/goodnight-moon-shivaree-alto-saxophone-sheet-music-with-note-names\/\" \/>\n<meta property=\"og:site_name\" content=\"Saxophonist\" \/>\n<meta property=\"article:publisher\" content=\"https:\/\/www.facebook.com\/christopheonsax\" \/>\n<meta property=\"article:modified_time\" content=\"2026-03-05T05:56:47+00:00\" \/>\n<meta property=\"og:image\" content=\"https:\/\/chrisonsax.com\/wp-content\/uploads\/2025\/07\/goodnight-moon-notre-fr.jpg\" \/>\n\t<meta property=\"og:image:width\" content=\"500\" \/>\n\t<meta property=\"og:image:height\" content=\"500\" \/>\n\t<meta property=\"og:image:type\" content=\"image\/jpeg\" \/>\n<meta name=\"twitter:card\" content=\"summary_large_image\" \/>\n<meta name=\"twitter:label1\" content=\"Dur\u00e9e de lecture estim\u00e9e\" \/>\n\t<meta name=\"twitter:data1\" content=\"1 minute\" \/>\n<script type=\"application\/ld+json\" class=\"yoast-schema-graph\">{\"@context\":\"https:\\\/\\\/schema.org\",\"@graph\":[{\"@type\":\"WebPage\",\"@id\":\"https:\\\/\\\/chrisonsax.com\\\/product\\\/goodnight-moon-shivaree-alto-saxophone-sheet-music-with-note-names\\\/\",\"url\":\"https:\\\/\\\/chrisonsax.com\\\/product\\\/goodnight-moon-shivaree-alto-saxophone-sheet-music-with-note-names\\\/\",\"name\":\"Goodnight Moon\u2013Easy Alto Sax Sheet Music | with Note Names\",\"isPartOf\":{\"@id\":\"https:\\\/\\\/chrisonsax.com\\\/#website\"},\"primaryImageOfPage\":{\"@id\":\"https:\\\/\\\/chrisonsax.com\\\/product\\\/goodnight-moon-shivaree-alto-saxophone-sheet-music-with-note-names\\\/#primaryimage\"},\"image\":{\"@id\":\"https:\\\/\\\/chrisonsax.com\\\/product\\\/goodnight-moon-shivaree-alto-saxophone-sheet-music-with-note-names\\\/#primaryimage\"},\"thumbnailUrl\":\"https:\\\/\\\/chrisonsax.com\\\/wp-content\\\/uploads\\\/2025\\\/07\\\/goodnight-moon-notre-fr.jpg\",\"datePublished\":\"2025-07-01T16:15:18+00:00\",\"dateModified\":\"2026-03-05T05:56:47+00:00\",\"description\":\"Easy alto sax sheet music for \u201cGoodnight Moon\u201d by Shivaree. Note names included (French & English). Beginner-friendly PDF to download and play instantly.\",\"breadcrumb\":{\"@id\":\"https:\\\/\\\/chrisonsax.com\\\/product\\\/goodnight-moon-shivaree-alto-saxophone-sheet-music-with-note-names\\\/#breadcrumb\"},\"inLanguage\":\"fr-FR\",\"potentialAction\":[{\"@type\":\"ReadAction\",\"target\":[\"https:\\\/\\\/chrisonsax.com\\\/product\\\/goodnight-moon-shivaree-alto-saxophone-sheet-music-with-note-names\\\/\"]}]},{\"@type\":\"ImageObject\",\"inLanguage\":\"fr-FR\",\"@id\":\"https:\\\/\\\/chrisonsax.com\\\/product\\\/goodnight-moon-shivaree-alto-saxophone-sheet-music-with-note-names\\\/#primaryimage\",\"url\":\"https:\\\/\\\/chrisonsax.com\\\/wp-content\\\/uploads\\\/2025\\\/07\\\/goodnight-moon-notre-fr.jpg\",\"contentUrl\":\"https:\\\/\\\/chrisonsax.com\\\/wp-content\\\/uploads\\\/2025\\\/07\\\/goodnight-moon-notre-fr.jpg\",\"width\":500,\"height\":500},{\"@type\":\"BreadcrumbList\",\"@id\":\"https:\\\/\\\/chrisonsax.com\\\/product\\\/goodnight-moon-shivaree-alto-saxophone-sheet-music-with-note-names\\\/#breadcrumb\",\"itemListElement\":[{\"@type\":\"ListItem\",\"position\":1,\"name\":\"Animation cocktail\",\"item\":\"https:\\\/\\\/chrisonsax.com\\\/\"},{\"@type\":\"ListItem\",\"position\":2,\"name\":\"Shop\",\"item\":\"https:\\\/\\\/chrisonsax.com\\\/boutique\\\/\"},{\"@type\":\"ListItem\",\"position\":3,\"name\":\"Goodnight Moon \u2013 Easy Alto Sax Sheet Music (Shivaree) | Note Names Included (FR\\\/EN)\"}]},{\"@type\":\"WebSite\",\"@id\":\"https:\\\/\\\/chrisonsax.com\\\/#website\",\"url\":\"https:\\\/\\\/chrisonsax.com\\\/\",\"name\":\"Musicien saxophoniste\",\"description\":\"Cocktail sax Tel : +971 058 542 0635\",\"publisher\":{\"@id\":\"https:\\\/\\\/chrisonsax.com\\\/#organization\"},\"potentialAction\":[{\"@type\":\"SearchAction\",\"target\":{\"@type\":\"EntryPoint\",\"urlTemplate\":\"https:\\\/\\\/chrisonsax.com\\\/?s={search_term_string}\"},\"query-input\":{\"@type\":\"PropertyValueSpecification\",\"valueRequired\":true,\"valueName\":\"search_term_string\"}}],\"inLanguage\":\"fr-FR\"},{\"@type\":\"Organization\",\"@id\":\"https:\\\/\\\/chrisonsax.com\\\/#organization\",\"name\":\"Musicien saxophoniste\",\"url\":\"https:\\\/\\\/chrisonsax.com\\\/\",\"logo\":{\"@type\":\"ImageObject\",\"inLanguage\":\"fr-FR\",\"@id\":\"https:\\\/\\\/chrisonsax.com\\\/#\\\/schema\\\/logo\\\/image\\\/\",\"url\":\"https:\\\/\\\/chrisonsax.com\\\/wp-content\\\/uploads\\\/2021\\\/12\\\/cropped-WhatsApp-Image-2021-08-28-at-13.03.56-2-1-e1674942410642.jpeg\",\"contentUrl\":\"https:\\\/\\\/chrisonsax.com\\\/wp-content\\\/uploads\\\/2021\\\/12\\\/cropped-WhatsApp-Image-2021-08-28-at-13.03.56-2-1-e1674942410642.jpeg\",\"width\":300,\"height\":300,\"caption\":\"Musicien saxophoniste\"},\"image\":{\"@id\":\"https:\\\/\\\/chrisonsax.com\\\/#\\\/schema\\\/logo\\\/image\\\/\"},\"sameAs\":[\"https:\\\/\\\/www.facebook.com\\\/christopheonsax\",\"https:\\\/\\\/www.instagram.com\\\/chris_onsax\\\/\",\"https:\\\/\\\/www.youtube.com\\\/channel\\\/UCPht7xSeaLJ_4FUWV4bUOQg?view_as=subscriber\"]}]}<\/script>\n<!-- \/ Yoast SEO Premium plugin. -->","yoast_head_json":{"title":"Goodnight Moon-Easy Alto Sax Sheet Music | avec les noms des notes","description":"Partitions faciles pour sax alto de \"Goodnight Moon\" par Shivaree. Noms des notes inclus (fran\u00e7ais et anglais). PDF facile pour les d\u00e9butants \u00e0 t\u00e9l\u00e9charger et \u00e0 jouer instantan\u00e9ment.","robots":{"index":"index","follow":"follow","max-snippet":"max-snippet:-1","max-image-preview":"max-image-preview:large","max-video-preview":"max-video-preview:-1"},"canonical":"https:\/\/chrisonsax.com\/fr\/produit\/goodnight-moon-shivaree-alto-saxophone-sheet-music-with-note-names\/","og_locale":"fr_FR","og_type":"article","og_title":"Goodnight Moon \u2013 Easy Alto Sax Sheet Music (Shivaree) | Note Names Included (FR\/EN)","og_description":"Easy alto sax sheet music for \u201cGoodnight Moon\u201d by Shivaree. Note names included (French & English). Beginner-friendly PDF to download and play instantly.","og_url":"https:\/\/chrisonsax.com\/fr\/produit\/goodnight-moon-shivaree-alto-saxophone-sheet-music-with-note-names\/","og_site_name":"Saxophonist","article_publisher":"https:\/\/www.facebook.com\/christopheonsax","article_modified_time":"2026-03-05T05:56:47+00:00","og_image":[{"width":500,"height":500,"url":"https:\/\/chrisonsax.com\/wp-content\/uploads\/2025\/07\/goodnight-moon-notre-fr.jpg","type":"image\/jpeg"}],"twitter_card":"summary_large_image","twitter_misc":{"Dur\u00e9e de lecture estim\u00e9e":"1 minute"},"schema":{"@context":"https:\/\/schema.org","@graph":[{"@type":"WebPage","@id":"https:\/\/chrisonsax.com\/product\/goodnight-moon-shivaree-alto-saxophone-sheet-music-with-note-names\/","url":"https:\/\/chrisonsax.com\/product\/goodnight-moon-shivaree-alto-saxophone-sheet-music-with-note-names\/","name":"Goodnight Moon-Easy Alto Sax Sheet Music | avec les noms des notes","isPartOf":{"@id":"https:\/\/chrisonsax.com\/#website"},"primaryImageOfPage":{"@id":"https:\/\/chrisonsax.com\/product\/goodnight-moon-shivaree-alto-saxophone-sheet-music-with-note-names\/#primaryimage"},"image":{"@id":"https:\/\/chrisonsax.com\/product\/goodnight-moon-shivaree-alto-saxophone-sheet-music-with-note-names\/#primaryimage"},"thumbnailUrl":"https:\/\/chrisonsax.com\/wp-content\/uploads\/2025\/07\/goodnight-moon-notre-fr.jpg","datePublished":"2025-07-01T16:15:18+00:00","dateModified":"2026-03-05T05:56:47+00:00","description":"Partitions faciles pour sax alto de \"Goodnight Moon\" par Shivaree. Noms des notes inclus (fran\u00e7ais et anglais). PDF facile pour les d\u00e9butants \u00e0 t\u00e9l\u00e9charger et \u00e0 jouer instantan\u00e9ment.","breadcrumb":{"@id":"https:\/\/chrisonsax.com\/product\/goodnight-moon-shivaree-alto-saxophone-sheet-music-with-note-names\/#breadcrumb"},"inLanguage":"fr-FR","potentialAction":[{"@type":"ReadAction","target":["https:\/\/chrisonsax.com\/product\/goodnight-moon-shivaree-alto-saxophone-sheet-music-with-note-names\/"]}]},{"@type":"ImageObject","inLanguage":"fr-FR","@id":"https:\/\/chrisonsax.com\/product\/goodnight-moon-shivaree-alto-saxophone-sheet-music-with-note-names\/#primaryimage","url":"https:\/\/chrisonsax.com\/wp-content\/uploads\/2025\/07\/goodnight-moon-notre-fr.jpg","contentUrl":"https:\/\/chrisonsax.com\/wp-content\/uploads\/2025\/07\/goodnight-moon-notre-fr.jpg","width":500,"height":500},{"@type":"BreadcrumbList","@id":"https:\/\/chrisonsax.com\/product\/goodnight-moon-shivaree-alto-saxophone-sheet-music-with-note-names\/#breadcrumb","itemListElement":[{"@type":"ListItem","position":1,"name":"Animation cocktail","item":"https:\/\/chrisonsax.com\/"},{"@type":"ListItem","position":2,"name":"Shop","item":"https:\/\/chrisonsax.com\/boutique\/"},{"@type":"ListItem","position":3,"name":"Goodnight Moon \u2013 Easy Alto Sax Sheet Music (Shivaree) | Note Names Included (FR\/EN)"}]},{"@type":"WebSite","@id":"https:\/\/chrisonsax.com\/#website","url":"https:\/\/chrisonsax.com\/","name":"Musicien saxophoniste","description":"Cocktail sax Tel : +971 058 542 0635","publisher":{"@id":"https:\/\/chrisonsax.com\/#organization"},"potentialAction":[{"@type":"SearchAction","target":{"@type":"EntryPoint","urlTemplate":"https:\/\/chrisonsax.com\/?s={search_term_string}"},"query-input":{"@type":"PropertyValueSpecification","valueRequired":true,"valueName":"search_term_string"}}],"inLanguage":"fr-FR"},{"@type":"Organization","@id":"https:\/\/chrisonsax.com\/#organization","name":"Musicien saxophoniste","url":"https:\/\/chrisonsax.com\/","logo":{"@type":"ImageObject","inLanguage":"fr-FR","@id":"https:\/\/chrisonsax.com\/#\/schema\/logo\/image\/","url":"https:\/\/chrisonsax.com\/wp-content\/uploads\/2021\/12\/cropped-WhatsApp-Image-2021-08-28-at-13.03.56-2-1-e1674942410642.jpeg","contentUrl":"https:\/\/chrisonsax.com\/wp-content\/uploads\/2021\/12\/cropped-WhatsApp-Image-2021-08-28-at-13.03.56-2-1-e1674942410642.jpeg","width":300,"height":300,"caption":"Musicien saxophoniste"},"image":{"@id":"https:\/\/chrisonsax.com\/#\/schema\/logo\/image\/"},"sameAs":["https:\/\/www.facebook.com\/christopheonsax","https:\/\/www.instagram.com\/chris_onsax\/","https:\/\/www.youtube.com\/channel\/UCPht7xSeaLJ_4FUWV4bUOQg?view_as=subscriber"]}]}},"_links":{"self":[{"href":"https:\/\/chrisonsax.com\/fr\/wp-json\/wp\/v2\/product\/11190","targetHints":{"allow":["GET"]}}],"collection":[{"href":"https:\/\/chrisonsax.com\/fr\/wp-json\/wp\/v2\/product"}],"about":[{"href":"https:\/\/chrisonsax.com\/fr\/wp-json\/wp\/v2\/types\/product"}],"replies":[{"embeddable":true,"href":"https:\/\/chrisonsax.com\/fr\/wp-json\/wp\/v2\/comments?post=11190"}],"wp:featuredmedia":[{"embeddable":true,"href":"https:\/\/chrisonsax.com\/fr\/wp-json\/wp\/v2\/media\/11208"}],"wp:attachment":[{"href":"https:\/\/chrisonsax.com\/fr\/wp-json\/wp\/v2\/media?parent=11190"}],"wp:term":[{"taxonomy":"product_brand","embeddable":true,"href":"https:\/\/chrisonsax.com\/fr\/wp-json\/wp\/v2\/product_brand?post=11190"},{"taxonomy":"product_cat","embeddable":true,"href":"https:\/\/chrisonsax.com\/fr\/wp-json\/wp\/v2\/product_cat?post=11190"},{"taxonomy":"product_tag","embeddable":true,"href":"https:\/\/chrisonsax.com\/fr\/wp-json\/wp\/v2\/product_tag?post=11190"}],"curies":[{"name":"wp","href":"https:\/\/api.w.org\/{rel}","templated":true}]}}