{"id":11186,"date":"2025-07-01T16:04:09","date_gmt":"2025-07-01T16:04:09","guid":{"rendered":"https:\/\/chrisonsax.com\/?post_type=product&#038;p=11186"},"modified":"2025-12-17T10:02:16","modified_gmt":"2025-12-17T10:02:16","slug":"note-equivalence-chart-english-to-french-free-download","status":"publish","type":"product","link":"https:\/\/chrisonsax.com\/fr\/produit\/note-equivalence-chart-english-to-french-free-download\/","title":{"rendered":"Tableau d'\u00e9quivalence des notes - de l'anglais au fran\u00e7ais (t\u00e9l\u00e9chargement gratuit)"},"content":{"rendered":"","protected":false},"excerpt":{"rendered":"<h1 data-start=\"244\" data-end=\"319\">Tableau d'\u00e9quivalence des notes - de l'anglais au fran\u00e7ais (t\u00e9l\u00e9chargement gratuit)<\/h1>\n<p data-start=\"244\" data-end=\"319\">\ud83c\udfbc Apprenez \u00e0 lire les partitions de saxophone en anglais et en fran\u00e7ais !<\/p>\n<p data-start=\"321\" data-end=\"500\">Ce tableau de r\u00e9f\u00e9rence simple et clair montre la correspondance entre les noms de notes anglo-saxons (A, B, C, D, E, F, G) et leurs \u00e9quivalents fran\u00e7ais (La, Si, Do, R\u00e9, Mi, Fa, Sol).<\/p>\n<p data-start=\"502\" data-end=\"524\">\ud83e\uddd1\u200d\ud83c\udfeb <strong data-start=\"508\" data-end=\"523\">Parfait pour<\/strong>:<\/p>\n<ul data-start=\"525\" data-end=\"667\">\n<li data-start=\"525\" data-end=\"575\">\n<p data-start=\"527\" data-end=\"575\">D\u00e9butants apprenant le saxophone ou tout autre instrument<\/p>\n<\/li>\n<li data-start=\"576\" data-end=\"619\">\n<p data-start=\"578\" data-end=\"619\">\u00c9tudiants suivant des cours de soutien en anglais<\/p>\n<\/li>\n<li data-start=\"620\" data-end=\"667\">\n<p data-start=\"622\" data-end=\"667\">Musiciens lisant des partitions internationales<\/p>\n<\/li>\n<\/ul>\n<p data-start=\"669\" data-end=\"692\">\ud83d\udce5 <strong data-start=\"672\" data-end=\"691\">Inclus<\/strong>:<\/p>\n<ul data-start=\"693\" data-end=\"809\">\n<li data-start=\"693\" data-end=\"754\">\n<p data-start=\"695\" data-end=\"754\">PDF d'une page : Tableau des noms de notes de l'anglais au fran\u00e7ais (format A4)<\/p>\n<\/li>\n<li data-start=\"755\" data-end=\"797\">\n<p data-start=\"757\" data-end=\"797\">T\u00e9l\u00e9chargement imm\u00e9diat<\/p>\n<\/li>\n<li data-start=\"798\" data-end=\"809\">\n<p data-start=\"800\" data-end=\"809\">100% Gratuit<\/p>\n<\/li>\n<\/ul>\n<p data-start=\"811\" data-end=\"884\">\ud83d\udca1 <strong data-start=\"814\" data-end=\"821\">Conseil<\/strong>: Imprimez-la ou gardez-la \u00e0 c\u00f4t\u00e9 de vos partitions lorsque vous vous entra\u00eenez !<\/p>\n<p data-start=\"886\" data-end=\"947\">\ud83d\udd17 <strong data-start=\"889\" data-end=\"947\">T\u00e9l\u00e9chargez instantan\u00e9ment et commencez \u00e0 apprendre en toute confiance !<\/strong><\/p>","protected":false},"featured_media":11029,"comment_status":"closed","ping_status":"closed","template":"","meta":{"pmpro_default_level":"","_kad_post_transparent":"default","_kad_post_title":"","_kad_post_layout":"default","_kad_post_sidebar_id":"","_kad_post_content_style":"default","_kad_post_vertical_padding":"default","_kad_post_feature":"","_kad_post_feature_position":"","_kad_post_header":false,"_kad_post_footer":false,"_kad_post_classname":""},"product_brand":[],"product_cat":[113],"product_tag":[],"class_list":{"0":"post-11186","1":"product","2":"type-product","3":"status-publish","4":"has-post-thumbnail","6":"product_cat-sheet-music-with-note-names","7":"pmpro-has-access","9":"first","10":"instock","11":"downloadable","12":"shipping-taxable","13":"purchasable","14":"product-type-simple","15":"entry","16":"content-bg","17":"loop-entry"},"yoast_head":"<!-- This site is optimized with the Yoast SEO Premium plugin v27.0 (Yoast SEO v27.4) - https:\/\/yoast.com\/product\/yoast-seo-premium-wordpress\/ -->\n<title>Note Equivalence Chart \u2013 English to French (Free Download) - Saxophonist<\/title>\n<meta name=\"robots\" content=\"index, follow, max-snippet:-1, max-image-preview:large, max-video-preview:-1\" \/>\n<link rel=\"canonical\" href=\"https:\/\/chrisonsax.com\/fr\/produit\/note-equivalence-chart-english-to-french-free-download\/\" \/>\n<meta property=\"og:locale\" content=\"fr_FR\" \/>\n<meta property=\"og:type\" content=\"article\" \/>\n<meta property=\"og:title\" content=\"Note Equivalence Chart \u2013 English to French (Free Download)\" \/>\n<meta property=\"og:description\" content=\"Note Equivalence Chart \u2013 English to French (Free Download) \ud83c\udfbc Learn to read saxophone sheet music in both English and French notation! This simple and clear reference chart shows the correspondence between the Anglo-Saxon note names (A, B, C, D, E, F, G) and their French equivalents (La, Si, Do, R\u00e9, Mi, Fa, Sol). \ud83e\uddd1\u200d\ud83c\udfeb Perfect for:     Beginners learning saxophone or any instrument    Students following tutorials in English    Musicians reading international sheet music   \ud83d\udce5 What\u2019s Included:     1-page PDF: English to French Note Name Chart (A4 format)    Instant download    100% Free   \ud83d\udca1 Tip: Print it or keep it next to your sheet music as you practice! \ud83d\udd17 Download instantly and start learning with confidence!\" \/>\n<meta property=\"og:url\" content=\"https:\/\/chrisonsax.com\/fr\/produit\/note-equivalence-chart-english-to-french-free-download\/\" \/>\n<meta property=\"og:site_name\" content=\"Saxophonist\" \/>\n<meta property=\"article:publisher\" content=\"https:\/\/www.facebook.com\/christopheonsax\" \/>\n<meta property=\"article:modified_time\" content=\"2025-12-17T10:02:16+00:00\" \/>\n<meta property=\"og:image\" content=\"https:\/\/chrisonsax.com\/wp-content\/uploads\/2025\/06\/sax-beginner.jpg\" \/>\n\t<meta property=\"og:image:width\" content=\"500\" \/>\n\t<meta property=\"og:image:height\" content=\"500\" \/>\n\t<meta property=\"og:image:type\" content=\"image\/jpeg\" \/>\n<meta name=\"twitter:card\" content=\"summary_large_image\" \/>\n<meta name=\"twitter:label1\" content=\"Dur\u00e9e de lecture estim\u00e9e\" \/>\n\t<meta name=\"twitter:data1\" content=\"1 minute\" \/>\n<script type=\"application\/ld+json\" class=\"yoast-schema-graph\">{\"@context\":\"https:\\\/\\\/schema.org\",\"@graph\":[{\"@type\":\"WebPage\",\"@id\":\"https:\\\/\\\/chrisonsax.com\\\/product\\\/note-equivalence-chart-english-to-french-free-download\\\/\",\"url\":\"https:\\\/\\\/chrisonsax.com\\\/product\\\/note-equivalence-chart-english-to-french-free-download\\\/\",\"name\":\"Note Equivalence Chart \u2013 English to French (Free Download) - Saxophonist\",\"isPartOf\":{\"@id\":\"https:\\\/\\\/chrisonsax.com\\\/#website\"},\"primaryImageOfPage\":{\"@id\":\"https:\\\/\\\/chrisonsax.com\\\/product\\\/note-equivalence-chart-english-to-french-free-download\\\/#primaryimage\"},\"image\":{\"@id\":\"https:\\\/\\\/chrisonsax.com\\\/product\\\/note-equivalence-chart-english-to-french-free-download\\\/#primaryimage\"},\"thumbnailUrl\":\"https:\\\/\\\/chrisonsax.com\\\/wp-content\\\/uploads\\\/2025\\\/06\\\/sax-beginner.jpg\",\"datePublished\":\"2025-07-01T16:04:09+00:00\",\"dateModified\":\"2025-12-17T10:02:16+00:00\",\"breadcrumb\":{\"@id\":\"https:\\\/\\\/chrisonsax.com\\\/product\\\/note-equivalence-chart-english-to-french-free-download\\\/#breadcrumb\"},\"inLanguage\":\"fr-FR\",\"potentialAction\":[{\"@type\":\"ReadAction\",\"target\":[\"https:\\\/\\\/chrisonsax.com\\\/product\\\/note-equivalence-chart-english-to-french-free-download\\\/\"]}]},{\"@type\":\"ImageObject\",\"inLanguage\":\"fr-FR\",\"@id\":\"https:\\\/\\\/chrisonsax.com\\\/product\\\/note-equivalence-chart-english-to-french-free-download\\\/#primaryimage\",\"url\":\"https:\\\/\\\/chrisonsax.com\\\/wp-content\\\/uploads\\\/2025\\\/06\\\/sax-beginner.jpg\",\"contentUrl\":\"https:\\\/\\\/chrisonsax.com\\\/wp-content\\\/uploads\\\/2025\\\/06\\\/sax-beginner.jpg\",\"width\":500,\"height\":500,\"caption\":\"sax-beginner\"},{\"@type\":\"BreadcrumbList\",\"@id\":\"https:\\\/\\\/chrisonsax.com\\\/product\\\/note-equivalence-chart-english-to-french-free-download\\\/#breadcrumb\",\"itemListElement\":[{\"@type\":\"ListItem\",\"position\":1,\"name\":\"Animation cocktail\",\"item\":\"https:\\\/\\\/chrisonsax.com\\\/\"},{\"@type\":\"ListItem\",\"position\":2,\"name\":\"Shop\",\"item\":\"https:\\\/\\\/chrisonsax.com\\\/boutique\\\/\"},{\"@type\":\"ListItem\",\"position\":3,\"name\":\"Note Equivalence Chart \u2013 English to French (Free Download)\"}]},{\"@type\":\"WebSite\",\"@id\":\"https:\\\/\\\/chrisonsax.com\\\/#website\",\"url\":\"https:\\\/\\\/chrisonsax.com\\\/\",\"name\":\"Musicien saxophoniste\",\"description\":\"Cocktail sax Tel : +971 058 542 0635\",\"publisher\":{\"@id\":\"https:\\\/\\\/chrisonsax.com\\\/#organization\"},\"potentialAction\":[{\"@type\":\"SearchAction\",\"target\":{\"@type\":\"EntryPoint\",\"urlTemplate\":\"https:\\\/\\\/chrisonsax.com\\\/?s={search_term_string}\"},\"query-input\":{\"@type\":\"PropertyValueSpecification\",\"valueRequired\":true,\"valueName\":\"search_term_string\"}}],\"inLanguage\":\"fr-FR\"},{\"@type\":\"Organization\",\"@id\":\"https:\\\/\\\/chrisonsax.com\\\/#organization\",\"name\":\"Musicien saxophoniste\",\"url\":\"https:\\\/\\\/chrisonsax.com\\\/\",\"logo\":{\"@type\":\"ImageObject\",\"inLanguage\":\"fr-FR\",\"@id\":\"https:\\\/\\\/chrisonsax.com\\\/#\\\/schema\\\/logo\\\/image\\\/\",\"url\":\"https:\\\/\\\/chrisonsax.com\\\/wp-content\\\/uploads\\\/2021\\\/12\\\/cropped-WhatsApp-Image-2021-08-28-at-13.03.56-2-1-e1674942410642.jpeg\",\"contentUrl\":\"https:\\\/\\\/chrisonsax.com\\\/wp-content\\\/uploads\\\/2021\\\/12\\\/cropped-WhatsApp-Image-2021-08-28-at-13.03.56-2-1-e1674942410642.jpeg\",\"width\":300,\"height\":300,\"caption\":\"Musicien saxophoniste\"},\"image\":{\"@id\":\"https:\\\/\\\/chrisonsax.com\\\/#\\\/schema\\\/logo\\\/image\\\/\"},\"sameAs\":[\"https:\\\/\\\/www.facebook.com\\\/christopheonsax\",\"https:\\\/\\\/www.instagram.com\\\/chris_onsax\\\/\",\"https:\\\/\\\/www.youtube.com\\\/channel\\\/UCPht7xSeaLJ_4FUWV4bUOQg?view_as=subscriber\"]}]}<\/script>\n<!-- \/ Yoast SEO Premium plugin. -->","yoast_head_json":{"title":"Tableau d'\u00e9quivalence des notes - de l'anglais au fran\u00e7ais (t\u00e9l\u00e9chargement gratuit) - Saxophonist","robots":{"index":"index","follow":"follow","max-snippet":"max-snippet:-1","max-image-preview":"max-image-preview:large","max-video-preview":"max-video-preview:-1"},"canonical":"https:\/\/chrisonsax.com\/fr\/produit\/note-equivalence-chart-english-to-french-free-download\/","og_locale":"fr_FR","og_type":"article","og_title":"Note Equivalence Chart \u2013 English to French (Free Download)","og_description":"Note Equivalence Chart \u2013 English to French (Free Download) \ud83c\udfbc Learn to read saxophone sheet music in both English and French notation! This simple and clear reference chart shows the correspondence between the Anglo-Saxon note names (A, B, C, D, E, F, G) and their French equivalents (La, Si, Do, R\u00e9, Mi, Fa, Sol). \ud83e\uddd1\u200d\ud83c\udfeb Perfect for:     Beginners learning saxophone or any instrument    Students following tutorials in English    Musicians reading international sheet music   \ud83d\udce5 What\u2019s Included:     1-page PDF: English to French Note Name Chart (A4 format)    Instant download    100% Free   \ud83d\udca1 Tip: Print it or keep it next to your sheet music as you practice! \ud83d\udd17 Download instantly and start learning with confidence!","og_url":"https:\/\/chrisonsax.com\/fr\/produit\/note-equivalence-chart-english-to-french-free-download\/","og_site_name":"Saxophonist","article_publisher":"https:\/\/www.facebook.com\/christopheonsax","article_modified_time":"2025-12-17T10:02:16+00:00","og_image":[{"width":500,"height":500,"url":"https:\/\/chrisonsax.com\/wp-content\/uploads\/2025\/06\/sax-beginner.jpg","type":"image\/jpeg"}],"twitter_card":"summary_large_image","twitter_misc":{"Dur\u00e9e de lecture estim\u00e9e":"1 minute"},"schema":{"@context":"https:\/\/schema.org","@graph":[{"@type":"WebPage","@id":"https:\/\/chrisonsax.com\/product\/note-equivalence-chart-english-to-french-free-download\/","url":"https:\/\/chrisonsax.com\/product\/note-equivalence-chart-english-to-french-free-download\/","name":"Tableau d'\u00e9quivalence des notes - de l'anglais au fran\u00e7ais (t\u00e9l\u00e9chargement gratuit) - Saxophonist","isPartOf":{"@id":"https:\/\/chrisonsax.com\/#website"},"primaryImageOfPage":{"@id":"https:\/\/chrisonsax.com\/product\/note-equivalence-chart-english-to-french-free-download\/#primaryimage"},"image":{"@id":"https:\/\/chrisonsax.com\/product\/note-equivalence-chart-english-to-french-free-download\/#primaryimage"},"thumbnailUrl":"https:\/\/chrisonsax.com\/wp-content\/uploads\/2025\/06\/sax-beginner.jpg","datePublished":"2025-07-01T16:04:09+00:00","dateModified":"2025-12-17T10:02:16+00:00","breadcrumb":{"@id":"https:\/\/chrisonsax.com\/product\/note-equivalence-chart-english-to-french-free-download\/#breadcrumb"},"inLanguage":"fr-FR","potentialAction":[{"@type":"ReadAction","target":["https:\/\/chrisonsax.com\/product\/note-equivalence-chart-english-to-french-free-download\/"]}]},{"@type":"ImageObject","inLanguage":"fr-FR","@id":"https:\/\/chrisonsax.com\/product\/note-equivalence-chart-english-to-french-free-download\/#primaryimage","url":"https:\/\/chrisonsax.com\/wp-content\/uploads\/2025\/06\/sax-beginner.jpg","contentUrl":"https:\/\/chrisonsax.com\/wp-content\/uploads\/2025\/06\/sax-beginner.jpg","width":500,"height":500,"caption":"sax-beginner"},{"@type":"BreadcrumbList","@id":"https:\/\/chrisonsax.com\/product\/note-equivalence-chart-english-to-french-free-download\/#breadcrumb","itemListElement":[{"@type":"ListItem","position":1,"name":"Animation cocktail","item":"https:\/\/chrisonsax.com\/"},{"@type":"ListItem","position":2,"name":"Shop","item":"https:\/\/chrisonsax.com\/boutique\/"},{"@type":"ListItem","position":3,"name":"Note Equivalence Chart \u2013 English to French (Free Download)"}]},{"@type":"WebSite","@id":"https:\/\/chrisonsax.com\/#website","url":"https:\/\/chrisonsax.com\/","name":"Musicien saxophoniste","description":"Cocktail sax Tel : +971 058 542 0635","publisher":{"@id":"https:\/\/chrisonsax.com\/#organization"},"potentialAction":[{"@type":"SearchAction","target":{"@type":"EntryPoint","urlTemplate":"https:\/\/chrisonsax.com\/?s={search_term_string}"},"query-input":{"@type":"PropertyValueSpecification","valueRequired":true,"valueName":"search_term_string"}}],"inLanguage":"fr-FR"},{"@type":"Organization","@id":"https:\/\/chrisonsax.com\/#organization","name":"Musicien saxophoniste","url":"https:\/\/chrisonsax.com\/","logo":{"@type":"ImageObject","inLanguage":"fr-FR","@id":"https:\/\/chrisonsax.com\/#\/schema\/logo\/image\/","url":"https:\/\/chrisonsax.com\/wp-content\/uploads\/2021\/12\/cropped-WhatsApp-Image-2021-08-28-at-13.03.56-2-1-e1674942410642.jpeg","contentUrl":"https:\/\/chrisonsax.com\/wp-content\/uploads\/2021\/12\/cropped-WhatsApp-Image-2021-08-28-at-13.03.56-2-1-e1674942410642.jpeg","width":300,"height":300,"caption":"Musicien saxophoniste"},"image":{"@id":"https:\/\/chrisonsax.com\/#\/schema\/logo\/image\/"},"sameAs":["https:\/\/www.facebook.com\/christopheonsax","https:\/\/www.instagram.com\/chris_onsax\/","https:\/\/www.youtube.com\/channel\/UCPht7xSeaLJ_4FUWV4bUOQg?view_as=subscriber"]}]}},"_links":{"self":[{"href":"https:\/\/chrisonsax.com\/fr\/wp-json\/wp\/v2\/product\/11186","targetHints":{"allow":["GET"]}}],"collection":[{"href":"https:\/\/chrisonsax.com\/fr\/wp-json\/wp\/v2\/product"}],"about":[{"href":"https:\/\/chrisonsax.com\/fr\/wp-json\/wp\/v2\/types\/product"}],"replies":[{"embeddable":true,"href":"https:\/\/chrisonsax.com\/fr\/wp-json\/wp\/v2\/comments?post=11186"}],"wp:featuredmedia":[{"embeddable":true,"href":"https:\/\/chrisonsax.com\/fr\/wp-json\/wp\/v2\/media\/11029"}],"wp:attachment":[{"href":"https:\/\/chrisonsax.com\/fr\/wp-json\/wp\/v2\/media?parent=11186"}],"wp:term":[{"taxonomy":"product_brand","embeddable":true,"href":"https:\/\/chrisonsax.com\/fr\/wp-json\/wp\/v2\/product_brand?post=11186"},{"taxonomy":"product_cat","embeddable":true,"href":"https:\/\/chrisonsax.com\/fr\/wp-json\/wp\/v2\/product_cat?post=11186"},{"taxonomy":"product_tag","embeddable":true,"href":"https:\/\/chrisonsax.com\/fr\/wp-json\/wp\/v2\/product_tag?post=11186"}],"curies":[{"name":"wp","href":"https:\/\/api.w.org\/{rel}","templated":true}]}}