{"id":11134,"date":"2025-06-28T19:56:37","date_gmt":"2025-06-28T19:56:37","guid":{"rendered":"https:\/\/chrisonsax.com\/?post_type=product&#038;p=11134"},"modified":"2026-03-05T05:57:35","modified_gmt":"2026-03-05T05:57:35","slug":"shiravee-tenor-saxophone-sheet-music","status":"publish","type":"product","link":"https:\/\/chrisonsax.com\/fr\/produit\/partition-saxophone-tenor-shiravee\/","title":{"rendered":"Girl You'll Be a Woman Soon - Tenor Saxophone Sheet Music"},"content":{"rendered":"","protected":false},"excerpt":{"rendered":"<h1 data-start=\"470\" data-end=\"684\"><strong>Girl You'll Be a Woman <\/strong><strong>Bient\u00f4t... <\/strong>Partitions pour saxophone t\u00e9nor<\/h1>\n<p data-start=\"470\" data-end=\"684\">\ud83c\udfb5 <strong data-start=\"473\" data-end=\"488\">Description<\/strong><br data-start=\"488\" data-end=\"491\" \/>C'est le t\u00e9nor<strong data-start=\"503\" data-end=\"533\">\u00a0Partitions pour saxophone<\/strong> pour <strong>Girl You'll Be a Woman <\/strong><strong>Bient\u00f4t<\/strong>Un morceau fluide transcrit note pour note. Il est arrang\u00e9 pour le saxophone mib et est id\u00e9al pour les joueurs d\u00e9butants ou interm\u00e9diaires.<\/p>\n<p data-start=\"686\" data-end=\"773\">Parfait si vous disposez d\u00e9j\u00e0 d'une piste d'accompagnement ou si vous souhaitez simplement \u00e9tudier la m\u00e9lodie en d\u00e9tail.<\/p>\n<hr data-start=\"775\" data-end=\"778\" \/>\n<p data-start=\"780\" data-end=\"802\">\ud83c\udfbc <strong data-start=\"783\" data-end=\"802\">Inclus<\/strong><\/p>\n<ul data-start=\"804\" data-end=\"952\">\n<li data-start=\"804\" data-end=\"845\">\n<p data-start=\"806\" data-end=\"845\">Partitions PDF - Saxophone Bb \/ t\u00e9nor<\/p>\n<\/li>\n<li data-start=\"846\" data-end=\"889\">\n<p data-start=\"848\" data-end=\"889\">Format de la page : A4 (pr\u00eat \u00e0 imprimer ou \u00e0 compiler)<\/p>\n<\/li>\n<li data-start=\"934\" data-end=\"952\">\n<p data-start=\"936\" data-end=\"952\">T\u00e9l\u00e9chargement imm\u00e9diat<\/p>\n<\/li>\n<\/ul>\n<hr data-start=\"954\" data-end=\"957\" \/>\n<p data-start=\"959\" data-end=\"1028\">\ud83d\udce5 <strong data-start=\"962\" data-end=\"974\">Livraison<\/strong><br data-start=\"974\" data-end=\"977\" \/>Lien de t\u00e9l\u00e9chargement disponible imm\u00e9diatement apr\u00e8s l'achat.<\/p>\n<hr data-start=\"1030\" data-end=\"1033\" \/>\n<p data-start=\"1035\" data-end=\"1104\">","protected":false},"featured_media":11136,"comment_status":"closed","ping_status":"closed","template":"","meta":{"pmpro_default_level":"","_kad_post_transparent":"default","_kad_post_title":"","_kad_post_layout":"default","_kad_post_sidebar_id":"","_kad_post_content_style":"default","_kad_post_vertical_padding":"default","_kad_post_feature":"","_kad_post_feature_position":"","_kad_post_header":false,"_kad_post_footer":false,"_kad_post_classname":""},"product_brand":[],"product_cat":[112,118,87],"product_tag":[],"class_list":{"0":"post-11134","1":"product","2":"type-product","3":"status-publish","4":"has-post-thumbnail","6":"product_cat-other","7":"product_cat-tenor-saxophone","8":"product_cat-sheets-music","9":"pmpro-has-access","11":"first","12":"instock","13":"downloadable","14":"shipping-taxable","15":"purchasable","16":"product-type-simple","17":"entry","18":"content-bg","19":"loop-entry"},"yoast_head":"<!-- This site is optimized with the Yoast SEO Premium plugin v27.0 (Yoast SEO v27.4) - https:\/\/yoast.com\/product\/yoast-seo-premium-wordpress\/ -->\n<title>Girl You&#039;ll Be a Woman Soon \u2013Tenor Sax | PDF Download<\/title>\n<meta name=\"description\" content=\"Get the tenor sax sheet music for \u201cGirl You&#039;ll Be a Woman Soon.\u201d Accurate transcription in PDF format for Bb saxophone. Instant digital download.\" \/>\n<meta name=\"robots\" content=\"index, follow, max-snippet:-1, max-image-preview:large, max-video-preview:-1\" \/>\n<link rel=\"canonical\" href=\"https:\/\/chrisonsax.com\/fr\/produit\/partition-saxophone-tenor-shiravee\/\" \/>\n<meta property=\"og:locale\" content=\"fr_FR\" \/>\n<meta property=\"og:type\" content=\"article\" \/>\n<meta property=\"og:title\" content=\"Girl You&#039;ll Be a Woman Soon - Tenor Saxophone Sheet Music\" \/>\n<meta property=\"og:description\" content=\"Get the tenor sax sheet music for \u201cGirl You&#039;ll Be a Woman Soon.\u201d Accurate transcription in PDF format for Bb saxophone. Instant digital download.\" \/>\n<meta property=\"og:url\" content=\"https:\/\/chrisonsax.com\/fr\/produit\/partition-saxophone-tenor-shiravee\/\" \/>\n<meta property=\"og:site_name\" content=\"Saxophonist\" \/>\n<meta property=\"article:publisher\" content=\"https:\/\/www.facebook.com\/christopheonsax\" \/>\n<meta property=\"article:modified_time\" content=\"2026-03-05T05:57:35+00:00\" \/>\n<meta property=\"og:image\" content=\"https:\/\/chrisonsax.com\/wp-content\/uploads\/2025\/06\/girl-you-ll-be-bb.jpg\" \/>\n\t<meta property=\"og:image:width\" content=\"500\" \/>\n\t<meta property=\"og:image:height\" content=\"500\" \/>\n\t<meta property=\"og:image:type\" content=\"image\/jpeg\" \/>\n<meta name=\"twitter:card\" content=\"summary_large_image\" \/>\n<meta name=\"twitter:label1\" content=\"Dur\u00e9e de lecture estim\u00e9e\" \/>\n\t<meta name=\"twitter:data1\" content=\"1 minute\" \/>\n<script type=\"application\/ld+json\" class=\"yoast-schema-graph\">{\"@context\":\"https:\\\/\\\/schema.org\",\"@graph\":[{\"@type\":\"WebPage\",\"@id\":\"https:\\\/\\\/chrisonsax.com\\\/product\\\/shiravee-tenor-saxophone-sheet-music\\\/\",\"url\":\"https:\\\/\\\/chrisonsax.com\\\/product\\\/shiravee-tenor-saxophone-sheet-music\\\/\",\"name\":\"Girl You'll Be a Woman Soon \u2013Tenor Sax | PDF Download\",\"isPartOf\":{\"@id\":\"https:\\\/\\\/chrisonsax.com\\\/#website\"},\"primaryImageOfPage\":{\"@id\":\"https:\\\/\\\/chrisonsax.com\\\/product\\\/shiravee-tenor-saxophone-sheet-music\\\/#primaryimage\"},\"image\":{\"@id\":\"https:\\\/\\\/chrisonsax.com\\\/product\\\/shiravee-tenor-saxophone-sheet-music\\\/#primaryimage\"},\"thumbnailUrl\":\"https:\\\/\\\/chrisonsax.com\\\/wp-content\\\/uploads\\\/2025\\\/06\\\/girl-you-ll-be-bb.jpg\",\"datePublished\":\"2025-06-28T19:56:37+00:00\",\"dateModified\":\"2026-03-05T05:57:35+00:00\",\"description\":\"Get the tenor sax sheet music for \u201cGirl You'll Be a Woman Soon.\u201d Accurate transcription in PDF format for Bb saxophone. Instant digital download.\",\"breadcrumb\":{\"@id\":\"https:\\\/\\\/chrisonsax.com\\\/product\\\/shiravee-tenor-saxophone-sheet-music\\\/#breadcrumb\"},\"inLanguage\":\"fr-FR\",\"potentialAction\":[{\"@type\":\"ReadAction\",\"target\":[\"https:\\\/\\\/chrisonsax.com\\\/product\\\/shiravee-tenor-saxophone-sheet-music\\\/\"]}]},{\"@type\":\"ImageObject\",\"inLanguage\":\"fr-FR\",\"@id\":\"https:\\\/\\\/chrisonsax.com\\\/product\\\/shiravee-tenor-saxophone-sheet-music\\\/#primaryimage\",\"url\":\"https:\\\/\\\/chrisonsax.com\\\/wp-content\\\/uploads\\\/2025\\\/06\\\/girl-you-ll-be-bb.jpg\",\"contentUrl\":\"https:\\\/\\\/chrisonsax.com\\\/wp-content\\\/uploads\\\/2025\\\/06\\\/girl-you-ll-be-bb.jpg\",\"width\":500,\"height\":500},{\"@type\":\"BreadcrumbList\",\"@id\":\"https:\\\/\\\/chrisonsax.com\\\/product\\\/shiravee-tenor-saxophone-sheet-music\\\/#breadcrumb\",\"itemListElement\":[{\"@type\":\"ListItem\",\"position\":1,\"name\":\"Animation cocktail\",\"item\":\"https:\\\/\\\/chrisonsax.com\\\/\"},{\"@type\":\"ListItem\",\"position\":2,\"name\":\"Shop\",\"item\":\"https:\\\/\\\/chrisonsax.com\\\/boutique\\\/\"},{\"@type\":\"ListItem\",\"position\":3,\"name\":\"Girl You&#8217;ll Be a Woman Soon &#8211; Tenor Saxophone Sheet Music\"}]},{\"@type\":\"WebSite\",\"@id\":\"https:\\\/\\\/chrisonsax.com\\\/#website\",\"url\":\"https:\\\/\\\/chrisonsax.com\\\/\",\"name\":\"Musicien saxophoniste\",\"description\":\"Cocktail sax Tel : +971 058 542 0635\",\"publisher\":{\"@id\":\"https:\\\/\\\/chrisonsax.com\\\/#organization\"},\"potentialAction\":[{\"@type\":\"SearchAction\",\"target\":{\"@type\":\"EntryPoint\",\"urlTemplate\":\"https:\\\/\\\/chrisonsax.com\\\/?s={search_term_string}\"},\"query-input\":{\"@type\":\"PropertyValueSpecification\",\"valueRequired\":true,\"valueName\":\"search_term_string\"}}],\"inLanguage\":\"fr-FR\"},{\"@type\":\"Organization\",\"@id\":\"https:\\\/\\\/chrisonsax.com\\\/#organization\",\"name\":\"Musicien saxophoniste\",\"url\":\"https:\\\/\\\/chrisonsax.com\\\/\",\"logo\":{\"@type\":\"ImageObject\",\"inLanguage\":\"fr-FR\",\"@id\":\"https:\\\/\\\/chrisonsax.com\\\/#\\\/schema\\\/logo\\\/image\\\/\",\"url\":\"https:\\\/\\\/chrisonsax.com\\\/wp-content\\\/uploads\\\/2021\\\/12\\\/cropped-WhatsApp-Image-2021-08-28-at-13.03.56-2-1-e1674942410642.jpeg\",\"contentUrl\":\"https:\\\/\\\/chrisonsax.com\\\/wp-content\\\/uploads\\\/2021\\\/12\\\/cropped-WhatsApp-Image-2021-08-28-at-13.03.56-2-1-e1674942410642.jpeg\",\"width\":300,\"height\":300,\"caption\":\"Musicien saxophoniste\"},\"image\":{\"@id\":\"https:\\\/\\\/chrisonsax.com\\\/#\\\/schema\\\/logo\\\/image\\\/\"},\"sameAs\":[\"https:\\\/\\\/www.facebook.com\\\/christopheonsax\",\"https:\\\/\\\/www.instagram.com\\\/chris_onsax\\\/\",\"https:\\\/\\\/www.youtube.com\\\/channel\\\/UCPht7xSeaLJ_4FUWV4bUOQg?view_as=subscriber\"]}]}<\/script>\n<!-- \/ Yoast SEO Premium plugin. -->","yoast_head_json":{"title":"Girl You'll Be a Woman Soon -Tenor Sax | PDF Download","description":"Obtenez la partition de saxophone t\u00e9nor pour \"Girl You'll Be a Woman Soon\". Transcription fid\u00e8le au format PDF pour saxophone Bb. T\u00e9l\u00e9chargement num\u00e9rique instantan\u00e9.","robots":{"index":"index","follow":"follow","max-snippet":"max-snippet:-1","max-image-preview":"max-image-preview:large","max-video-preview":"max-video-preview:-1"},"canonical":"https:\/\/chrisonsax.com\/fr\/produit\/partition-saxophone-tenor-shiravee\/","og_locale":"fr_FR","og_type":"article","og_title":"Girl You'll Be a Woman Soon - Tenor Saxophone Sheet Music","og_description":"Get the tenor sax sheet music for \u201cGirl You'll Be a Woman Soon.\u201d Accurate transcription in PDF format for Bb saxophone. Instant digital download.","og_url":"https:\/\/chrisonsax.com\/fr\/produit\/partition-saxophone-tenor-shiravee\/","og_site_name":"Saxophonist","article_publisher":"https:\/\/www.facebook.com\/christopheonsax","article_modified_time":"2026-03-05T05:57:35+00:00","og_image":[{"width":500,"height":500,"url":"https:\/\/chrisonsax.com\/wp-content\/uploads\/2025\/06\/girl-you-ll-be-bb.jpg","type":"image\/jpeg"}],"twitter_card":"summary_large_image","twitter_misc":{"Dur\u00e9e de lecture estim\u00e9e":"1 minute"},"schema":{"@context":"https:\/\/schema.org","@graph":[{"@type":"WebPage","@id":"https:\/\/chrisonsax.com\/product\/shiravee-tenor-saxophone-sheet-music\/","url":"https:\/\/chrisonsax.com\/product\/shiravee-tenor-saxophone-sheet-music\/","name":"Girl You'll Be a Woman Soon -Tenor Sax | PDF Download","isPartOf":{"@id":"https:\/\/chrisonsax.com\/#website"},"primaryImageOfPage":{"@id":"https:\/\/chrisonsax.com\/product\/shiravee-tenor-saxophone-sheet-music\/#primaryimage"},"image":{"@id":"https:\/\/chrisonsax.com\/product\/shiravee-tenor-saxophone-sheet-music\/#primaryimage"},"thumbnailUrl":"https:\/\/chrisonsax.com\/wp-content\/uploads\/2025\/06\/girl-you-ll-be-bb.jpg","datePublished":"2025-06-28T19:56:37+00:00","dateModified":"2026-03-05T05:57:35+00:00","description":"Obtenez la partition de saxophone t\u00e9nor pour \"Girl You'll Be a Woman Soon\". Transcription fid\u00e8le au format PDF pour saxophone Bb. T\u00e9l\u00e9chargement num\u00e9rique instantan\u00e9.","breadcrumb":{"@id":"https:\/\/chrisonsax.com\/product\/shiravee-tenor-saxophone-sheet-music\/#breadcrumb"},"inLanguage":"fr-FR","potentialAction":[{"@type":"ReadAction","target":["https:\/\/chrisonsax.com\/product\/shiravee-tenor-saxophone-sheet-music\/"]}]},{"@type":"ImageObject","inLanguage":"fr-FR","@id":"https:\/\/chrisonsax.com\/product\/shiravee-tenor-saxophone-sheet-music\/#primaryimage","url":"https:\/\/chrisonsax.com\/wp-content\/uploads\/2025\/06\/girl-you-ll-be-bb.jpg","contentUrl":"https:\/\/chrisonsax.com\/wp-content\/uploads\/2025\/06\/girl-you-ll-be-bb.jpg","width":500,"height":500},{"@type":"BreadcrumbList","@id":"https:\/\/chrisonsax.com\/product\/shiravee-tenor-saxophone-sheet-music\/#breadcrumb","itemListElement":[{"@type":"ListItem","position":1,"name":"Animation cocktail","item":"https:\/\/chrisonsax.com\/"},{"@type":"ListItem","position":2,"name":"Shop","item":"https:\/\/chrisonsax.com\/boutique\/"},{"@type":"ListItem","position":3,"name":"Girl You&#8217;ll Be a Woman Soon &#8211; Tenor Saxophone Sheet Music"}]},{"@type":"WebSite","@id":"https:\/\/chrisonsax.com\/#website","url":"https:\/\/chrisonsax.com\/","name":"Musicien saxophoniste","description":"Cocktail sax Tel : +971 058 542 0635","publisher":{"@id":"https:\/\/chrisonsax.com\/#organization"},"potentialAction":[{"@type":"SearchAction","target":{"@type":"EntryPoint","urlTemplate":"https:\/\/chrisonsax.com\/?s={search_term_string}"},"query-input":{"@type":"PropertyValueSpecification","valueRequired":true,"valueName":"search_term_string"}}],"inLanguage":"fr-FR"},{"@type":"Organization","@id":"https:\/\/chrisonsax.com\/#organization","name":"Musicien saxophoniste","url":"https:\/\/chrisonsax.com\/","logo":{"@type":"ImageObject","inLanguage":"fr-FR","@id":"https:\/\/chrisonsax.com\/#\/schema\/logo\/image\/","url":"https:\/\/chrisonsax.com\/wp-content\/uploads\/2021\/12\/cropped-WhatsApp-Image-2021-08-28-at-13.03.56-2-1-e1674942410642.jpeg","contentUrl":"https:\/\/chrisonsax.com\/wp-content\/uploads\/2021\/12\/cropped-WhatsApp-Image-2021-08-28-at-13.03.56-2-1-e1674942410642.jpeg","width":300,"height":300,"caption":"Musicien saxophoniste"},"image":{"@id":"https:\/\/chrisonsax.com\/#\/schema\/logo\/image\/"},"sameAs":["https:\/\/www.facebook.com\/christopheonsax","https:\/\/www.instagram.com\/chris_onsax\/","https:\/\/www.youtube.com\/channel\/UCPht7xSeaLJ_4FUWV4bUOQg?view_as=subscriber"]}]}},"_links":{"self":[{"href":"https:\/\/chrisonsax.com\/fr\/wp-json\/wp\/v2\/product\/11134","targetHints":{"allow":["GET"]}}],"collection":[{"href":"https:\/\/chrisonsax.com\/fr\/wp-json\/wp\/v2\/product"}],"about":[{"href":"https:\/\/chrisonsax.com\/fr\/wp-json\/wp\/v2\/types\/product"}],"replies":[{"embeddable":true,"href":"https:\/\/chrisonsax.com\/fr\/wp-json\/wp\/v2\/comments?post=11134"}],"wp:featuredmedia":[{"embeddable":true,"href":"https:\/\/chrisonsax.com\/fr\/wp-json\/wp\/v2\/media\/11136"}],"wp:attachment":[{"href":"https:\/\/chrisonsax.com\/fr\/wp-json\/wp\/v2\/media?parent=11134"}],"wp:term":[{"taxonomy":"product_brand","embeddable":true,"href":"https:\/\/chrisonsax.com\/fr\/wp-json\/wp\/v2\/product_brand?post=11134"},{"taxonomy":"product_cat","embeddable":true,"href":"https:\/\/chrisonsax.com\/fr\/wp-json\/wp\/v2\/product_cat?post=11134"},{"taxonomy":"product_tag","embeddable":true,"href":"https:\/\/chrisonsax.com\/fr\/wp-json\/wp\/v2\/product_tag?post=11134"}],"curies":[{"name":"wp","href":"https:\/\/api.w.org\/{rel}","templated":true}]}}