{"id":11127,"date":"2025-06-28T19:40:35","date_gmt":"2025-06-28T19:40:35","guid":{"rendered":"https:\/\/chrisonsax.com\/?post_type=product&#038;p=11127"},"modified":"2026-03-05T05:58:00","modified_gmt":"2026-03-05T05:58:00","slug":"complete-beginner-package-shiravee-tenor-saxophone","status":"publish","type":"product","link":"https:\/\/chrisonsax.com\/fr\/produit\/ensemble-complet-pour-debutants-saxophone-tenor-shiravee\/","title":{"rendered":"Pack PDF Sheet Music + Backing Track (FR\/EN Notes) \"Girl You'll Be a Woman Soon\" . Saxophone t\u00e9nor\u00a0 \u00a0"},"content":{"rendered":"<h1 data-start=\"281\" data-end=\"464\"><strong data-start=\"645\" data-end=\"727\">Easy Tenor Sax Sheet Music - \"Girl You'll Be a Woman Soon\" (Beginner PDF Pack)<\/strong><br data-start=\"727\" data-end=\"730\" \/><em data-start=\"732\" data-end=\"761\">Note Noms inclus (FR\/EN)<\/em><\/h1>\n<p data-start=\"281\" data-end=\"464\">\ud83c\udfa7 <strong data-start=\"284\" data-end=\"309\">Regarder un court aper\u00e7u<\/strong><br data-start=\"309\" data-end=\"312\" \/>Voici une vid\u00e9o de d\u00e9monstration montrant le d\u00e9filement des partitions avec la m\u00e9lodie jou\u00e9e au saxophone num\u00e9rique - le moyen id\u00e9al de pr\u00e9visualiser. <strong>Urge Overkill - Girl You'll Be a Woman <\/strong><strong>Bient\u00f4t <\/strong>avant de jouer.<\/p>\n<div style=\"width: 1080px;\" class=\"wp-video\"><video class=\"wp-video-shortcode\" id=\"video-11127-2\" width=\"1080\" height=\"1080\" preload=\"metadata\" controls=\"controls\"><source type=\"video\/mp4\" src=\"https:\/\/chrisonsax.com\/wp-content\/uploads\/2025\/06\/extrai-video-girl-bbmp4.mp4?_=2\" \/><a href=\"https:\/\/chrisonsax.com\/wp-content\/uploads\/2025\/06\/extrai-video-girl-bbmp4.mp4\">https:\/\/chrisonsax.com\/wp-content\/uploads\/2025\/06\/extrai-video-girl-bbmp4.mp4<\/a><\/video><\/div>\n<hr data-start=\"516\" data-end=\"519\" \/>\n<p data-start=\"521\" data-end=\"811\">\ud83c\udfb5 <strong data-start=\"524\" data-end=\"539\">Description<\/strong><br data-start=\"539\" data-end=\"542\" \/>Cela <strong data-start=\"547\" data-end=\"576\">Kit complet pour d\u00e9butants<\/strong> pour <strong>\u00a0Girl You'll Be a Woman <\/strong><strong>Bient\u00f4t<\/strong>\u00a0est id\u00e9al pour les nouveaux saxophonistes qui souhaitent d\u00e9couvrir les vibes de Tarantino. Avec une m\u00e9lodie douce et entra\u00eenante, cet arrangement est sp\u00e9cialement con\u00e7u pour le saxophone t\u00e9nor.<strong data-start=\"735\" data-end=\"758\">\u00a0Saxophone (mib)<\/strong> et comprend tout ce dont vous avez besoin pour jouer imm\u00e9diatement.<\/p>\n<p data-start=\"813\" data-end=\"941\">Que vous vous produisiez, que vous vous entra\u00eeniez ou que vous fassiez simplement de la musique, ce pack vous offre une exp\u00e9rience de niveau professionnel avec une configuration facile \u00e0 suivre.<\/p>\n<hr data-start=\"943\" data-end=\"946\" \/>\n<p data-start=\"948\" data-end=\"970\">\ud83c\udfbc <strong data-start=\"951\" data-end=\"970\">Inclus<\/strong><\/p>\n<ul data-start=\"972\" data-end=\"1282\">\n<li data-start=\"972\" data-end=\"1039\">\n<p data-start=\"974\" data-end=\"1039\">Partitions grav\u00e9es par des professionnels (PDF - Saxophone Sib \/ T\u00e9nor)<\/p>\n<\/li>\n<li data-start=\"1040\" data-end=\"1077\">\n<p data-start=\"1042\" data-end=\"1077\">G\u00e9n\u00e9rique (MP3, haute qualit\u00e9)<\/p>\n<\/li>\n<li data-start=\"1078\" data-end=\"1143\">\n<p data-start=\"1080\" data-end=\"1143\">Vid\u00e9o bonus avec feuille d\u00e9roulante + lecture du saxophone num\u00e9rique<\/p>\n<\/li>\n<li data-start=\"1239\" data-end=\"1282\">\n<p data-start=\"1241\" data-end=\"1282\">Format : A4, pr\u00eat \u00e0 \u00eatre imprim\u00e9 ou utilis\u00e9 sur tablette<\/p>\n<\/li>\n<\/ul>\n<hr data-start=\"1284\" data-end=\"1287\" \/>\n<p data-start=\"1289\" data-end=\"1392\">\ud83d\udce5 <strong data-start=\"1292\" data-end=\"1304\">Livraison<\/strong><br data-start=\"1304\" data-end=\"1307\" \/>T\u00e9l\u00e9chargement imm\u00e9diat apr\u00e8s l'achat. Fichiers livr\u00e9s (PDF + MP3 + vid\u00e9o).<\/p>\n<hr data-start=\"1394\" data-end=\"1397\" \/>\n<p data-start=\"1399\" data-end=\"1473\">\ud83d\udc49 Vous cherchez la version Tenor Sax ?<br data-start=\"1436\" data-end=\"1439\" \/><a class=\"\" href=\"https:\/\/chrisonsax.com\/fr\/produit\/ensemble-complet-pour-debutants-saxophone-alto-shiravee\/\" target=\"_blank\" rel=\"noopener\" data-start=\"1439\" data-end=\"1473\">Cliquez ici pour la version Eb<\/a><\/p>\n<hr data-start=\"1475\" data-end=\"1478\" \/>\n<p data-start=\"1480\" data-end=\"1583\">","protected":false},"excerpt":{"rendered":"<h1 data-start=\"281\" data-end=\"464\"><strong data-start=\"645\" data-end=\"727\">Pack PDF Sheet Music + Backing Track (FR\/EN Notes) \"Girl You'll Be a Woman Soon\" . Saxophone t\u00e9nor\u00a0<\/strong><br data-start=\"727\" data-end=\"730\" \/><i>\u00a0<\/i><\/h1>\n<p data-start=\"281\" data-end=\"464\">\ud83c\udfa7 <strong data-start=\"284\" data-end=\"309\">Regarder un court aper\u00e7u<\/strong><br data-start=\"309\" data-end=\"312\" \/>Voici une vid\u00e9o de d\u00e9monstration montrant le d\u00e9filement des partitions avec la m\u00e9lodie jou\u00e9e au saxophone num\u00e9rique - le moyen id\u00e9al de pr\u00e9visualiser. <strong>Urge Overkill - Girl You'll Be a Woman <\/strong><strong>Bient\u00f4t<\/strong> avant de jouer.<\/p>\n<div style=\"width: 1080px;\" class=\"wp-video\"><video class=\"wp-video-shortcode\" id=\"video-11127-1\" width=\"1080\" height=\"1080\" preload=\"metadata\" controls=\"controls\"><source type=\"video\/mp4\" src=\"https:\/\/chrisonsax.com\/wp-content\/uploads\/2025\/06\/extrai-video-girl-bbmp4.mp4?_=1\" \/><a href=\"https:\/\/chrisonsax.com\/wp-content\/uploads\/2025\/06\/extrai-video-girl-bbmp4.mp4\">https:\/\/chrisonsax.com\/wp-content\/uploads\/2025\/06\/extrai-video-girl-bbmp4.mp4<\/a><\/video><\/div>\n<hr data-start=\"516\" data-end=\"519\" \/>\n<p data-start=\"521\" data-end=\"811\">\ud83c\udfb5 <strong data-start=\"524\" data-end=\"539\">Description<\/strong><br data-start=\"539\" data-end=\"542\" \/>Cela <strong data-start=\"547\" data-end=\"576\">Kit complet pour d\u00e9butants<\/strong> pour <strong>Girl You'll Be a Woman <\/strong><strong>Bient\u00f4t <\/strong>est id\u00e9al pour les nouveaux saxophonistes qui souhaitent d\u00e9couvrir les vibes de Tarantino. Avec une m\u00e9lodie douce et entra\u00eenante, cet arrangement est sp\u00e9cialement con\u00e7u pour le saxophone t\u00e9nor.<strong data-start=\"735\" data-end=\"758\">\u00a0Saxophone (mib)<\/strong> et comprend tout ce dont vous avez besoin pour jouer imm\u00e9diatement.<\/p>\n<p data-start=\"813\" data-end=\"941\">Que vous vous produisiez, que vous vous entra\u00eeniez ou que vous fassiez simplement de la musique, ce pack vous offre une exp\u00e9rience de niveau professionnel avec une configuration facile \u00e0 suivre.<\/p>\n<hr data-start=\"943\" data-end=\"946\" \/>\n<p data-start=\"948\" data-end=\"970\">\ud83c\udfbc <strong data-start=\"951\" data-end=\"970\">Inclus<\/strong><\/p>\n<ul data-start=\"972\" data-end=\"1282\">\n<li data-start=\"972\" data-end=\"1039\">\n<p data-start=\"974\" data-end=\"1039\">Partitions grav\u00e9es par des professionnels (PDF - Saxophone Sib \/ T\u00e9nor)<\/p>\n<\/li>\n<li data-start=\"1040\" data-end=\"1077\">\n<p data-start=\"1042\" data-end=\"1077\">G\u00e9n\u00e9rique (MP3, haute qualit\u00e9)<\/p>\n<\/li>\n<li data-start=\"1078\" data-end=\"1143\">\n<p data-start=\"1080\" data-end=\"1143\">Vid\u00e9o bonus avec feuille d\u00e9roulante + lecture du saxophone num\u00e9rique<\/p>\n<\/li>\n<li data-start=\"1239\" data-end=\"1282\">\n<p data-start=\"1241\" data-end=\"1282\">Format : A4, pr\u00eat \u00e0 \u00eatre imprim\u00e9 ou utilis\u00e9 sur tablette<\/p>\n<\/li>\n<\/ul>\n<hr data-start=\"1284\" data-end=\"1287\" \/>\n<p data-start=\"1289\" data-end=\"1392\">\ud83d\udce5 <strong data-start=\"1292\" data-end=\"1304\">Livraison<\/strong><br data-start=\"1304\" data-end=\"1307\" \/>T\u00e9l\u00e9chargement imm\u00e9diat apr\u00e8s l'achat. Fichiers livr\u00e9s (PDF + MP3 + vid\u00e9o).<\/p>\n<hr data-start=\"1394\" data-end=\"1397\" \/>\n<p data-start=\"1399\" data-end=\"1473\">\ud83d\udc49 Vous cherchez la version Tenor Sax ?<br data-start=\"1436\" data-end=\"1439\" \/><a class=\"\" href=\"https:\/\/chrisonsax.com\/fr\/produit\/ensemble-complet-pour-debutants-saxophone-alto-shiravee\/\" target=\"_blank\" rel=\"noopener\" data-start=\"1439\" data-end=\"1473\">Cliquez ici pour la version Eb<\/a><\/p>","protected":false},"featured_media":11029,"comment_status":"closed","ping_status":"closed","template":"","meta":{"pmpro_default_level":"","_kad_post_transparent":"default","_kad_post_title":"","_kad_post_layout":"default","_kad_post_sidebar_id":"","_kad_post_content_style":"default","_kad_post_vertical_padding":"default","_kad_post_feature":"","_kad_post_feature_position":"","_kad_post_header":false,"_kad_post_footer":false,"_kad_post_classname":""},"product_brand":[],"product_cat":[113],"product_tag":[],"class_list":{"0":"post-11127","1":"product","2":"type-product","3":"status-publish","4":"has-post-thumbnail","6":"product_cat-sheet-music-with-note-names","7":"pmpro-has-access","9":"first","10":"instock","11":"downloadable","12":"shipping-taxable","13":"purchasable","14":"product-type-simple","15":"entry","16":"content-bg","17":"loop-entry"},"yoast_head":"<!-- This site is optimized with the Yoast SEO Premium plugin v27.0 (Yoast SEO v27.4) - https:\/\/yoast.com\/product\/yoast-seo-premium-wordpress\/ -->\n<title>Girl You\u2019ll Be a Woman Soon \u2013 Easy Tenor Sax PDF<\/title>\n<meta name=\"description\" content=\"Easy tenor sax sheet music for beginners. Play \u201cGirl You\u2019ll Be a Woman Soon\u201d with note names (French &amp; English). Instant PDF download \u2013 start now!\" \/>\n<meta name=\"robots\" content=\"index, follow, max-snippet:-1, max-image-preview:large, max-video-preview:-1\" \/>\n<link rel=\"canonical\" href=\"https:\/\/chrisonsax.com\/fr\/produit\/ensemble-complet-pour-debutants-saxophone-tenor-shiravee\/\" \/>\n<meta property=\"og:locale\" content=\"fr_FR\" \/>\n<meta property=\"og:type\" content=\"article\" \/>\n<meta property=\"og:title\" content=\"Pack PDF Sheet Music + Backing Track (FR\/EN Notes) \u201cGirl You\u2019ll Be a Woman Soon\u201d . Tenor Saxophone\u00a0 \u00a0\" \/>\n<meta property=\"og:description\" content=\"Easy tenor sax sheet music for beginners. Play \u201cGirl You\u2019ll Be a Woman Soon\u201d with note names (French &amp; English). Instant PDF download \u2013 start now!\" \/>\n<meta property=\"og:url\" content=\"https:\/\/chrisonsax.com\/fr\/produit\/ensemble-complet-pour-debutants-saxophone-tenor-shiravee\/\" \/>\n<meta property=\"og:site_name\" content=\"Saxophonist\" \/>\n<meta property=\"article:publisher\" content=\"https:\/\/www.facebook.com\/christopheonsax\" \/>\n<meta property=\"article:modified_time\" content=\"2026-03-05T05:58:00+00:00\" \/>\n<meta property=\"og:image\" content=\"https:\/\/chrisonsax.com\/wp-content\/uploads\/2025\/06\/sax-beginner.jpg\" \/>\n\t<meta property=\"og:image:width\" content=\"500\" \/>\n\t<meta property=\"og:image:height\" content=\"500\" \/>\n\t<meta property=\"og:image:type\" content=\"image\/jpeg\" \/>\n<meta name=\"twitter:card\" content=\"summary_large_image\" \/>\n<meta name=\"twitter:label1\" content=\"Dur\u00e9e de lecture estim\u00e9e\" \/>\n\t<meta name=\"twitter:data1\" content=\"1 minute\" \/>\n<script type=\"application\/ld+json\" class=\"yoast-schema-graph\">{\"@context\":\"https:\\\/\\\/schema.org\",\"@graph\":[{\"@type\":\"WebPage\",\"@id\":\"https:\\\/\\\/chrisonsax.com\\\/product\\\/complete-beginner-package-shiravee-tenor-saxophone\\\/\",\"url\":\"https:\\\/\\\/chrisonsax.com\\\/product\\\/complete-beginner-package-shiravee-tenor-saxophone\\\/\",\"name\":\"Girl You\u2019ll Be a Woman Soon \u2013 Easy Tenor Sax PDF\",\"isPartOf\":{\"@id\":\"https:\\\/\\\/chrisonsax.com\\\/#website\"},\"primaryImageOfPage\":{\"@id\":\"https:\\\/\\\/chrisonsax.com\\\/product\\\/complete-beginner-package-shiravee-tenor-saxophone\\\/#primaryimage\"},\"image\":{\"@id\":\"https:\\\/\\\/chrisonsax.com\\\/product\\\/complete-beginner-package-shiravee-tenor-saxophone\\\/#primaryimage\"},\"thumbnailUrl\":\"https:\\\/\\\/chrisonsax.com\\\/wp-content\\\/uploads\\\/2025\\\/06\\\/sax-beginner.jpg\",\"datePublished\":\"2025-06-28T19:40:35+00:00\",\"dateModified\":\"2026-03-05T05:58:00+00:00\",\"description\":\"Easy tenor sax sheet music for beginners. Play \u201cGirl You\u2019ll Be a Woman Soon\u201d with note names (French & English). Instant PDF download \u2013 start now!\",\"breadcrumb\":{\"@id\":\"https:\\\/\\\/chrisonsax.com\\\/product\\\/complete-beginner-package-shiravee-tenor-saxophone\\\/#breadcrumb\"},\"inLanguage\":\"fr-FR\",\"potentialAction\":[{\"@type\":\"ReadAction\",\"target\":[\"https:\\\/\\\/chrisonsax.com\\\/product\\\/complete-beginner-package-shiravee-tenor-saxophone\\\/\"]}]},{\"@type\":\"ImageObject\",\"inLanguage\":\"fr-FR\",\"@id\":\"https:\\\/\\\/chrisonsax.com\\\/product\\\/complete-beginner-package-shiravee-tenor-saxophone\\\/#primaryimage\",\"url\":\"https:\\\/\\\/chrisonsax.com\\\/wp-content\\\/uploads\\\/2025\\\/06\\\/sax-beginner.jpg\",\"contentUrl\":\"https:\\\/\\\/chrisonsax.com\\\/wp-content\\\/uploads\\\/2025\\\/06\\\/sax-beginner.jpg\",\"width\":500,\"height\":500,\"caption\":\"sax-beginner\"},{\"@type\":\"BreadcrumbList\",\"@id\":\"https:\\\/\\\/chrisonsax.com\\\/product\\\/complete-beginner-package-shiravee-tenor-saxophone\\\/#breadcrumb\",\"itemListElement\":[{\"@type\":\"ListItem\",\"position\":1,\"name\":\"Animation cocktail\",\"item\":\"https:\\\/\\\/chrisonsax.com\\\/\"},{\"@type\":\"ListItem\",\"position\":2,\"name\":\"Shop\",\"item\":\"https:\\\/\\\/chrisonsax.com\\\/boutique\\\/\"},{\"@type\":\"ListItem\",\"position\":3,\"name\":\"Pack PDF Sheet Music + Backing Track (FR\\\/EN Notes) \u201cGirl You\u2019ll Be a Woman Soon\u201d . Tenor Saxophone\u00a0 \u00a0\"}]},{\"@type\":\"WebSite\",\"@id\":\"https:\\\/\\\/chrisonsax.com\\\/#website\",\"url\":\"https:\\\/\\\/chrisonsax.com\\\/\",\"name\":\"Musicien saxophoniste\",\"description\":\"Cocktail sax Tel : +971 058 542 0635\",\"publisher\":{\"@id\":\"https:\\\/\\\/chrisonsax.com\\\/#organization\"},\"potentialAction\":[{\"@type\":\"SearchAction\",\"target\":{\"@type\":\"EntryPoint\",\"urlTemplate\":\"https:\\\/\\\/chrisonsax.com\\\/?s={search_term_string}\"},\"query-input\":{\"@type\":\"PropertyValueSpecification\",\"valueRequired\":true,\"valueName\":\"search_term_string\"}}],\"inLanguage\":\"fr-FR\"},{\"@type\":\"Organization\",\"@id\":\"https:\\\/\\\/chrisonsax.com\\\/#organization\",\"name\":\"Musicien saxophoniste\",\"url\":\"https:\\\/\\\/chrisonsax.com\\\/\",\"logo\":{\"@type\":\"ImageObject\",\"inLanguage\":\"fr-FR\",\"@id\":\"https:\\\/\\\/chrisonsax.com\\\/#\\\/schema\\\/logo\\\/image\\\/\",\"url\":\"https:\\\/\\\/chrisonsax.com\\\/wp-content\\\/uploads\\\/2021\\\/12\\\/cropped-WhatsApp-Image-2021-08-28-at-13.03.56-2-1-e1674942410642.jpeg\",\"contentUrl\":\"https:\\\/\\\/chrisonsax.com\\\/wp-content\\\/uploads\\\/2021\\\/12\\\/cropped-WhatsApp-Image-2021-08-28-at-13.03.56-2-1-e1674942410642.jpeg\",\"width\":300,\"height\":300,\"caption\":\"Musicien saxophoniste\"},\"image\":{\"@id\":\"https:\\\/\\\/chrisonsax.com\\\/#\\\/schema\\\/logo\\\/image\\\/\"},\"sameAs\":[\"https:\\\/\\\/www.facebook.com\\\/christopheonsax\",\"https:\\\/\\\/www.instagram.com\\\/chris_onsax\\\/\",\"https:\\\/\\\/www.youtube.com\\\/channel\\\/UCPht7xSeaLJ_4FUWV4bUOQg?view_as=subscriber\"]}]}<\/script>\n<!-- \/ Yoast SEO Premium plugin. -->","yoast_head_json":{"title":"Girl You'll Be a Woman Soon - Easy Tenor Sax PDF","description":"Partitions de saxophone t\u00e9nor faciles pour d\u00e9butants. Jouez \"Girl You'll Be a Woman Soon\" avec les noms des notes (fran\u00e7ais et anglais). T\u00e9l\u00e9chargement instantan\u00e9 du PDF - commencez maintenant !","robots":{"index":"index","follow":"follow","max-snippet":"max-snippet:-1","max-image-preview":"max-image-preview:large","max-video-preview":"max-video-preview:-1"},"canonical":"https:\/\/chrisonsax.com\/fr\/produit\/ensemble-complet-pour-debutants-saxophone-tenor-shiravee\/","og_locale":"fr_FR","og_type":"article","og_title":"Pack PDF Sheet Music + Backing Track (FR\/EN Notes) \u201cGirl You\u2019ll Be a Woman Soon\u201d . Tenor Saxophone\u00a0 \u00a0","og_description":"Easy tenor sax sheet music for beginners. Play \u201cGirl You\u2019ll Be a Woman Soon\u201d with note names (French & English). Instant PDF download \u2013 start now!","og_url":"https:\/\/chrisonsax.com\/fr\/produit\/ensemble-complet-pour-debutants-saxophone-tenor-shiravee\/","og_site_name":"Saxophonist","article_publisher":"https:\/\/www.facebook.com\/christopheonsax","article_modified_time":"2026-03-05T05:58:00+00:00","og_image":[{"width":500,"height":500,"url":"https:\/\/chrisonsax.com\/wp-content\/uploads\/2025\/06\/sax-beginner.jpg","type":"image\/jpeg"}],"twitter_card":"summary_large_image","twitter_misc":{"Dur\u00e9e de lecture estim\u00e9e":"1 minute"},"schema":{"@context":"https:\/\/schema.org","@graph":[{"@type":"WebPage","@id":"https:\/\/chrisonsax.com\/product\/complete-beginner-package-shiravee-tenor-saxophone\/","url":"https:\/\/chrisonsax.com\/product\/complete-beginner-package-shiravee-tenor-saxophone\/","name":"Girl You'll Be a Woman Soon - Easy Tenor Sax PDF","isPartOf":{"@id":"https:\/\/chrisonsax.com\/#website"},"primaryImageOfPage":{"@id":"https:\/\/chrisonsax.com\/product\/complete-beginner-package-shiravee-tenor-saxophone\/#primaryimage"},"image":{"@id":"https:\/\/chrisonsax.com\/product\/complete-beginner-package-shiravee-tenor-saxophone\/#primaryimage"},"thumbnailUrl":"https:\/\/chrisonsax.com\/wp-content\/uploads\/2025\/06\/sax-beginner.jpg","datePublished":"2025-06-28T19:40:35+00:00","dateModified":"2026-03-05T05:58:00+00:00","description":"Partitions de saxophone t\u00e9nor faciles pour d\u00e9butants. Jouez \"Girl You'll Be a Woman Soon\" avec les noms des notes (fran\u00e7ais et anglais). T\u00e9l\u00e9chargement instantan\u00e9 du PDF - commencez maintenant !","breadcrumb":{"@id":"https:\/\/chrisonsax.com\/product\/complete-beginner-package-shiravee-tenor-saxophone\/#breadcrumb"},"inLanguage":"fr-FR","potentialAction":[{"@type":"ReadAction","target":["https:\/\/chrisonsax.com\/product\/complete-beginner-package-shiravee-tenor-saxophone\/"]}]},{"@type":"ImageObject","inLanguage":"fr-FR","@id":"https:\/\/chrisonsax.com\/product\/complete-beginner-package-shiravee-tenor-saxophone\/#primaryimage","url":"https:\/\/chrisonsax.com\/wp-content\/uploads\/2025\/06\/sax-beginner.jpg","contentUrl":"https:\/\/chrisonsax.com\/wp-content\/uploads\/2025\/06\/sax-beginner.jpg","width":500,"height":500,"caption":"sax-beginner"},{"@type":"BreadcrumbList","@id":"https:\/\/chrisonsax.com\/product\/complete-beginner-package-shiravee-tenor-saxophone\/#breadcrumb","itemListElement":[{"@type":"ListItem","position":1,"name":"Animation cocktail","item":"https:\/\/chrisonsax.com\/"},{"@type":"ListItem","position":2,"name":"Shop","item":"https:\/\/chrisonsax.com\/boutique\/"},{"@type":"ListItem","position":3,"name":"Pack PDF Sheet Music + Backing Track (FR\/EN Notes) \u201cGirl You\u2019ll Be a Woman Soon\u201d . Tenor Saxophone\u00a0 \u00a0"}]},{"@type":"WebSite","@id":"https:\/\/chrisonsax.com\/#website","url":"https:\/\/chrisonsax.com\/","name":"Musicien saxophoniste","description":"Cocktail sax Tel : +971 058 542 0635","publisher":{"@id":"https:\/\/chrisonsax.com\/#organization"},"potentialAction":[{"@type":"SearchAction","target":{"@type":"EntryPoint","urlTemplate":"https:\/\/chrisonsax.com\/?s={search_term_string}"},"query-input":{"@type":"PropertyValueSpecification","valueRequired":true,"valueName":"search_term_string"}}],"inLanguage":"fr-FR"},{"@type":"Organization","@id":"https:\/\/chrisonsax.com\/#organization","name":"Musicien saxophoniste","url":"https:\/\/chrisonsax.com\/","logo":{"@type":"ImageObject","inLanguage":"fr-FR","@id":"https:\/\/chrisonsax.com\/#\/schema\/logo\/image\/","url":"https:\/\/chrisonsax.com\/wp-content\/uploads\/2021\/12\/cropped-WhatsApp-Image-2021-08-28-at-13.03.56-2-1-e1674942410642.jpeg","contentUrl":"https:\/\/chrisonsax.com\/wp-content\/uploads\/2021\/12\/cropped-WhatsApp-Image-2021-08-28-at-13.03.56-2-1-e1674942410642.jpeg","width":300,"height":300,"caption":"Musicien saxophoniste"},"image":{"@id":"https:\/\/chrisonsax.com\/#\/schema\/logo\/image\/"},"sameAs":["https:\/\/www.facebook.com\/christopheonsax","https:\/\/www.instagram.com\/chris_onsax\/","https:\/\/www.youtube.com\/channel\/UCPht7xSeaLJ_4FUWV4bUOQg?view_as=subscriber"]}]}},"_links":{"self":[{"href":"https:\/\/chrisonsax.com\/fr\/wp-json\/wp\/v2\/product\/11127","targetHints":{"allow":["GET"]}}],"collection":[{"href":"https:\/\/chrisonsax.com\/fr\/wp-json\/wp\/v2\/product"}],"about":[{"href":"https:\/\/chrisonsax.com\/fr\/wp-json\/wp\/v2\/types\/product"}],"replies":[{"embeddable":true,"href":"https:\/\/chrisonsax.com\/fr\/wp-json\/wp\/v2\/comments?post=11127"}],"wp:featuredmedia":[{"embeddable":true,"href":"https:\/\/chrisonsax.com\/fr\/wp-json\/wp\/v2\/media\/11029"}],"wp:attachment":[{"href":"https:\/\/chrisonsax.com\/fr\/wp-json\/wp\/v2\/media?parent=11127"}],"wp:term":[{"taxonomy":"product_brand","embeddable":true,"href":"https:\/\/chrisonsax.com\/fr\/wp-json\/wp\/v2\/product_brand?post=11127"},{"taxonomy":"product_cat","embeddable":true,"href":"https:\/\/chrisonsax.com\/fr\/wp-json\/wp\/v2\/product_cat?post=11127"},{"taxonomy":"product_tag","embeddable":true,"href":"https:\/\/chrisonsax.com\/fr\/wp-json\/wp\/v2\/product_tag?post=11127"}],"curies":[{"name":"wp","href":"https:\/\/api.w.org\/{rel}","templated":true}]}}