{"id":11099,"date":"2025-06-28T16:01:24","date_gmt":"2025-06-28T16:01:24","guid":{"rendered":"https:\/\/chrisonsax.com\/?post_type=product&#038;p=11099"},"modified":"2026-03-05T12:20:51","modified_gmt":"2026-03-05T12:20:51","slug":"dont-let-me-be-misunderstood-saxophone-backing-track","status":"publish","type":"product","link":"https:\/\/chrisonsax.com\/fr\/produit\/ne-let-me-be-misunderstood-saxophone-backing-track\/","title":{"rendered":"Don't Let Me Be Misunderstood - Saxophone Backing Track"},"content":{"rendered":"<h2 data-start=\"123\" data-end=\"184\">\ud83c\udfa7 Don't Let Me Be Misunderstood - Saxophone Backing Track<\/h2>\n<h3 data-start=\"186\" data-end=\"220\">\ud83d\udd0a \u00c9couter un court aper\u00e7u<\/h3>\n<p data-start=\"221\" data-end=\"332\">Voici un court extrait de la piste d'accompagnement - parfait pour un solo de saxophone.<br data-start=\"306\" data-end=\"309\" \/><em data-start=\"309\" data-end=\"332\">(Avant-premi\u00e8re \u00e0 venir)<\/em><\/p>\n<hr data-start=\"334\" data-end=\"337\" \/>\n<h3 data-start=\"339\" data-end=\"359\">\ud83c\udfb5 Description<\/h3>\n<p data-start=\"360\" data-end=\"534\">Jouez avec cette haute qualit\u00e9 <strong data-start=\"394\" data-end=\"411\">piste d'accompagnement<\/strong> de <em data-start=\"415\" data-end=\"446\">Ne me laissez pas \u00eatre mal compris<\/em>, dispos\u00e9s de mani\u00e8re \u00e0 correspondre \u00e0 la <strong data-start=\"470\" data-end=\"496\">ChrisOnSax sheet music<\/strong> version pour saxophone alto et t\u00e9nor.<\/p>\n<p data-start=\"536\" data-end=\"744\">Id\u00e9ale pour la pratique, les repr\u00e9sentations ou la cr\u00e9ation de vos propres reprises, cette piste s'inspire des interpr\u00e9tations \u00e9nergiques de la musique latine et disco et fournit une base dynamique pour votre improvisation au saxophone ou votre interpr\u00e9tation m\u00e9lodique.<\/p>\n<hr data-start=\"746\" data-end=\"749\" \/>\n<h3 data-start=\"751\" data-end=\"773\">\ud83c\udfbc Ce qui est inclus<\/h3>\n<ul data-start=\"774\" data-end=\"964\">\n<li data-start=\"774\" data-end=\"818\">\n<p data-start=\"776\" data-end=\"818\">Mixage professionnel <strong data-start=\"797\" data-end=\"818\">Piste d'accompagnement MP3<\/strong><\/p>\n<\/li>\n<li data-start=\"819\" data-end=\"891\">\n<p data-start=\"821\" data-end=\"891\">Correspond \u00e0 la fois <strong data-start=\"834\" data-end=\"847\">Mib (Alto)<\/strong> et <strong data-start=\"852\" data-end=\"866\">Sib (T\u00e9nor)<\/strong> transcriptions pour saxophone<\/p>\n<\/li>\n<li data-start=\"892\" data-end=\"934\">\n<p data-start=\"894\" data-end=\"934\">Audio de qualit\u00e9 studio (44.1kHz \/ 320kbps)<\/p>\n<\/li>\n<li data-start=\"935\" data-end=\"964\">\n<p data-start=\"937\" data-end=\"964\">Dur\u00e9e : environ 7 minutes<\/p>\n<\/li>\n<\/ul>\n<hr data-start=\"966\" data-end=\"969\" \/>\n<h3 data-start=\"971\" data-end=\"988\">\ud83d\udce5 Livraison<\/h3>\n<p data-start=\"989\" data-end=\"1061\">T\u00e9l\u00e9chargement imm\u00e9diat apr\u00e8s l'achat - directement \u00e0 l'\u00e9cran et par courrier \u00e9lectronique.<\/p>\n<hr data-start=\"1063\" data-end=\"1066\" \/>\n<h3 data-start=\"1068\" data-end=\"1086\">\ud83d\udd12 Licences<\/h3>\n<p data-start=\"1087\" data-end=\"1205\">Pour un usage personnel uniquement. Pour l'\u00e9dition, la diffusion en direct ou la diffusion commerciale, veuillez nous contacter pour conna\u00eetre les options de licence.<\/p>\n<hr data-start=\"1207\" data-end=\"1210\" \/>\n<h3 data-start=\"1212\" data-end=\"1237\">\ud83d\udd17 Produits connexes<\/h3>\n<p data-start=\"1238\" data-end=\"1324\">\ud83c\udfb7 <a class=\"\" href=\"https:\/\/chrisonsax.com\/fr\/produit\/ne-me-laissez-pas-etre-incompris-partition-sax-alto-eb\/\" target=\"_blank\" rel=\"noopener\" data-start=\"1241\" data-end=\"1279\">Alto Sax Sheet Music - Eb version<\/a><br data-start=\"1279\" data-end=\"1282\" \/>\ud83c\udfb7 <a class=\"\" href=\"https:\/\/chrisonsax.com\/fr\/produit\/ne-me-laissez-pas-etre-incompris-feuille-de-saxophone-tenor-bb\/\" target=\"_blank\" rel=\"noopener\" data-start=\"1285\" data-end=\"1324\">Feuille de Saxophone T\u00e9nor - Version Bb<\/a><\/p>\n<hr data-start=\"1326\" data-end=\"1329\" \/>","protected":false},"excerpt":{"rendered":"<h2 data-start=\"123\" data-end=\"184\">\ud83c\udfa7 Don't Let Me Be Misunderstood - Saxophone Backing Track<\/h2>\n<h3 data-start=\"186\" data-end=\"220\">\ud83d\udd0a \u00c9couter un court aper\u00e7u<\/h3>\n<p data-start=\"221\" data-end=\"332\">Voici un court extrait de la piste d'accompagnement - parfait pour un solo de saxophone.<\/p>\n<p><audio class=\"wp-audio-shortcode\" id=\"audio-11099-1\" preload=\"none\" style=\"width: 100%;\" controls=\"controls\"><source type=\"audio\/mpeg\" src=\"https:\/\/chrisonsax.com\/wp-content\/uploads\/2025\/06\/extrait-dont-let-me-misunderstood.mp3?_=1\" \/><a href=\"https:\/\/chrisonsax.com\/wp-content\/uploads\/2025\/06\/extrait-dont-let-me-misunderstood.mp3\">https:\/\/chrisonsax.com\/wp-content\/uploads\/2025\/06\/extrait-dont-let-me-misunderstood.mp3<\/a><\/audio><\/p>\n<hr data-start=\"334\" data-end=\"337\" \/>\n<h3 data-start=\"339\" data-end=\"359\">\ud83c\udfb5 Description<\/h3>\n<p data-start=\"360\" data-end=\"534\">Jouez avec cette haute qualit\u00e9 <strong data-start=\"394\" data-end=\"411\">piste d'accompagnement<\/strong> de <em data-start=\"415\" data-end=\"446\">Ne me laissez pas \u00eatre mal compris<\/em>, dispos\u00e9s de mani\u00e8re \u00e0 correspondre \u00e0 la <strong data-start=\"470\" data-end=\"496\">ChrisOnSax sheet music<\/strong> version pour saxophone alto et t\u00e9nor.<\/p>\n<p data-start=\"536\" data-end=\"744\">Id\u00e9ale pour la pratique, les repr\u00e9sentations ou la cr\u00e9ation de vos propres reprises, cette piste s'inspire des interpr\u00e9tations \u00e9nergiques de la musique latine et disco et fournit une base dynamique pour votre improvisation au saxophone ou votre interpr\u00e9tation m\u00e9lodique.<\/p>\n<hr data-start=\"746\" data-end=\"749\" \/>\n<h3 data-start=\"751\" data-end=\"773\">\ud83c\udfbc Ce qui est inclus<\/h3>\n<ul data-start=\"774\" data-end=\"964\">\n<li data-start=\"774\" data-end=\"818\">\n<p data-start=\"776\" data-end=\"818\">Mixage professionnel <strong data-start=\"797\" data-end=\"818\">Piste d'accompagnement MP3<\/strong><\/p>\n<\/li>\n<li data-start=\"819\" data-end=\"891\">\n<p data-start=\"821\" data-end=\"891\">Correspond \u00e0 la fois <strong data-start=\"834\" data-end=\"847\">Mib (Alto)<\/strong> et <strong data-start=\"852\" data-end=\"866\">Sib (T\u00e9nor)<\/strong> transcriptions pour saxophone<\/p>\n<\/li>\n<li data-start=\"892\" data-end=\"934\">\n<p data-start=\"894\" data-end=\"934\">Audio de qualit\u00e9 studio (44.1kHz \/ 320kbps)<\/p>\n<\/li>\n<li data-start=\"935\" data-end=\"964\">\n<p data-start=\"937\" data-end=\"964\">Dur\u00e9e : environ 7 minutes<\/p>\n<\/li>\n<\/ul>\n<hr data-start=\"966\" data-end=\"969\" \/>\n<h3 data-start=\"971\" data-end=\"988\">\ud83d\udce5 Livraison<\/h3>\n<p data-start=\"989\" data-end=\"1061\">T\u00e9l\u00e9chargement imm\u00e9diat apr\u00e8s l'achat - directement \u00e0 l'\u00e9cran et par courrier \u00e9lectronique.<\/p>\n<hr data-start=\"1063\" data-end=\"1066\" \/>\n<h3 data-start=\"1068\" data-end=\"1086\">\ud83d\udd12 Licences<\/h3>\n<p data-start=\"1087\" data-end=\"1205\">Pour un usage personnel uniquement. Pour l'\u00e9dition, la diffusion en direct ou la diffusion commerciale, veuillez nous contacter pour conna\u00eetre les options de licence.<\/p>\n<hr data-start=\"1207\" data-end=\"1210\" \/>\n<h3 data-start=\"1212\" data-end=\"1237\">\ud83d\udd17 Produits connexes<\/h3>\n<p data-start=\"1238\" data-end=\"1324\">\ud83c\udfb7 <a class=\"\" href=\"https:\/\/chrisonsax.com\/fr\/produit\/ne-me-laissez-pas-etre-incompris-partition-sax-alto-eb\/\" target=\"_blank\" rel=\"noopener\" data-start=\"1241\" data-end=\"1279\">Alto Sax Sheet Music - Eb version<\/a><br data-start=\"1279\" data-end=\"1282\" \/>\ud83c\udfb7 <a class=\"\" href=\"https:\/\/chrisonsax.com\/fr\/produit\/ne-me-laissez-pas-etre-incompris-feuille-de-saxophone-tenor-bb\/\" target=\"_blank\" rel=\"noopener\" data-start=\"1285\" data-end=\"1324\">Feuille de Saxophone T\u00e9nor - Version Bb<\/a><\/p>\n<hr data-start=\"1326\" data-end=\"1329\" \/>","protected":false},"featured_media":8618,"comment_status":"closed","ping_status":"closed","template":"","meta":{"pmpro_default_level":"","_kad_post_transparent":"default","_kad_post_title":"","_kad_post_layout":"default","_kad_post_sidebar_id":"","_kad_post_content_style":"default","_kad_post_vertical_padding":"default","_kad_post_feature":"","_kad_post_feature_position":"","_kad_post_header":false,"_kad_post_footer":false,"_kad_post_classname":""},"product_brand":[],"product_cat":[95],"product_tag":[],"class_list":{"0":"post-11099","1":"product","2":"type-product","3":"status-publish","4":"has-post-thumbnail","6":"product_cat-backingtrack","7":"pmpro-has-access","9":"first","10":"instock","11":"downloadable","12":"shipping-taxable","13":"purchasable","14":"product-type-simple","15":"entry","16":"content-bg","17":"loop-entry"},"yoast_head":"<!-- This site is optimized with the Yoast SEO Premium plugin v27.0 (Yoast SEO v27.4) - https:\/\/yoast.com\/product\/yoast-seo-premium-wordpress\/ -->\n<title>Don\u2019t Let Me Be Misunderstood \u2013 Saxophone Backing Track MP3<\/title>\n<meta name=\"description\" content=\"Download the high-quality backing track for Don\u2019t Let Me Be Misunderstood, perfectly synced with Alto and Tenor sax sheet music. MP3 format.\" \/>\n<meta name=\"robots\" content=\"index, follow, max-snippet:-1, max-image-preview:large, max-video-preview:-1\" \/>\n<link rel=\"canonical\" href=\"https:\/\/chrisonsax.com\/fr\/produit\/ne-let-me-be-misunderstood-saxophone-backing-track\/\" \/>\n<meta property=\"og:locale\" content=\"fr_FR\" \/>\n<meta property=\"og:type\" content=\"article\" \/>\n<meta property=\"og:title\" content=\"Don\u2019t Let Me Be Misunderstood \u2013 Saxophone Backing Track\" \/>\n<meta property=\"og:description\" content=\"Download the high-quality backing track for Don\u2019t Let Me Be Misunderstood, perfectly synced with Alto and Tenor sax sheet music. MP3 format.\" \/>\n<meta property=\"og:url\" content=\"https:\/\/chrisonsax.com\/fr\/produit\/ne-let-me-be-misunderstood-saxophone-backing-track\/\" \/>\n<meta property=\"og:site_name\" content=\"Saxophonist\" \/>\n<meta property=\"article:publisher\" content=\"https:\/\/www.facebook.com\/christopheonsax\" \/>\n<meta property=\"article:modified_time\" content=\"2026-03-05T12:20:51+00:00\" \/>\n<meta property=\"og:image\" content=\"https:\/\/chrisonsax.com\/wp-content\/uploads\/2025\/03\/how-hard-is-saxophone.jpg\" \/>\n\t<meta property=\"og:image:width\" content=\"500\" \/>\n\t<meta property=\"og:image:height\" content=\"500\" \/>\n\t<meta property=\"og:image:type\" content=\"image\/jpeg\" \/>\n<meta name=\"twitter:card\" content=\"summary_large_image\" \/>\n<meta name=\"twitter:label1\" content=\"Dur\u00e9e de lecture estim\u00e9e\" \/>\n\t<meta name=\"twitter:data1\" content=\"1 minute\" \/>\n<script type=\"application\/ld+json\" class=\"yoast-schema-graph\">{\"@context\":\"https:\\\/\\\/schema.org\",\"@graph\":[{\"@type\":\"WebPage\",\"@id\":\"https:\\\/\\\/chrisonsax.com\\\/product\\\/dont-let-me-be-misunderstood-saxophone-backing-track\\\/\",\"url\":\"https:\\\/\\\/chrisonsax.com\\\/product\\\/dont-let-me-be-misunderstood-saxophone-backing-track\\\/\",\"name\":\"Don\u2019t Let Me Be Misunderstood \u2013 Saxophone Backing Track MP3\",\"isPartOf\":{\"@id\":\"https:\\\/\\\/chrisonsax.com\\\/#website\"},\"primaryImageOfPage\":{\"@id\":\"https:\\\/\\\/chrisonsax.com\\\/product\\\/dont-let-me-be-misunderstood-saxophone-backing-track\\\/#primaryimage\"},\"image\":{\"@id\":\"https:\\\/\\\/chrisonsax.com\\\/product\\\/dont-let-me-be-misunderstood-saxophone-backing-track\\\/#primaryimage\"},\"thumbnailUrl\":\"https:\\\/\\\/chrisonsax.com\\\/wp-content\\\/uploads\\\/2025\\\/03\\\/how-hard-is-saxophone.jpg\",\"datePublished\":\"2025-06-28T16:01:24+00:00\",\"dateModified\":\"2026-03-05T12:20:51+00:00\",\"description\":\"Download the high-quality backing track for Don\u2019t Let Me Be Misunderstood, perfectly synced with Alto and Tenor sax sheet music. MP3 format.\",\"breadcrumb\":{\"@id\":\"https:\\\/\\\/chrisonsax.com\\\/product\\\/dont-let-me-be-misunderstood-saxophone-backing-track\\\/#breadcrumb\"},\"inLanguage\":\"fr-FR\",\"potentialAction\":[{\"@type\":\"ReadAction\",\"target\":[\"https:\\\/\\\/chrisonsax.com\\\/product\\\/dont-let-me-be-misunderstood-saxophone-backing-track\\\/\"]}]},{\"@type\":\"ImageObject\",\"inLanguage\":\"fr-FR\",\"@id\":\"https:\\\/\\\/chrisonsax.com\\\/product\\\/dont-let-me-be-misunderstood-saxophone-backing-track\\\/#primaryimage\",\"url\":\"https:\\\/\\\/chrisonsax.com\\\/wp-content\\\/uploads\\\/2025\\\/03\\\/how-hard-is-saxophone.jpg\",\"contentUrl\":\"https:\\\/\\\/chrisonsax.com\\\/wp-content\\\/uploads\\\/2025\\\/03\\\/how-hard-is-saxophone.jpg\",\"width\":500,\"height\":500,\"caption\":\"Beginner saxophone lessons in Dubai \u2013 learn to play your first songs step by step.\"},{\"@type\":\"BreadcrumbList\",\"@id\":\"https:\\\/\\\/chrisonsax.com\\\/product\\\/dont-let-me-be-misunderstood-saxophone-backing-track\\\/#breadcrumb\",\"itemListElement\":[{\"@type\":\"ListItem\",\"position\":1,\"name\":\"Animation cocktail\",\"item\":\"https:\\\/\\\/chrisonsax.com\\\/\"},{\"@type\":\"ListItem\",\"position\":2,\"name\":\"Shop\",\"item\":\"https:\\\/\\\/chrisonsax.com\\\/boutique\\\/\"},{\"@type\":\"ListItem\",\"position\":3,\"name\":\"Don\u2019t Let Me Be Misunderstood \u2013 Saxophone Backing Track\"}]},{\"@type\":\"WebSite\",\"@id\":\"https:\\\/\\\/chrisonsax.com\\\/#website\",\"url\":\"https:\\\/\\\/chrisonsax.com\\\/\",\"name\":\"Musicien saxophoniste\",\"description\":\"Cocktail sax Tel : +971 058 542 0635\",\"publisher\":{\"@id\":\"https:\\\/\\\/chrisonsax.com\\\/#organization\"},\"potentialAction\":[{\"@type\":\"SearchAction\",\"target\":{\"@type\":\"EntryPoint\",\"urlTemplate\":\"https:\\\/\\\/chrisonsax.com\\\/?s={search_term_string}\"},\"query-input\":{\"@type\":\"PropertyValueSpecification\",\"valueRequired\":true,\"valueName\":\"search_term_string\"}}],\"inLanguage\":\"fr-FR\"},{\"@type\":\"Organization\",\"@id\":\"https:\\\/\\\/chrisonsax.com\\\/#organization\",\"name\":\"Musicien saxophoniste\",\"url\":\"https:\\\/\\\/chrisonsax.com\\\/\",\"logo\":{\"@type\":\"ImageObject\",\"inLanguage\":\"fr-FR\",\"@id\":\"https:\\\/\\\/chrisonsax.com\\\/#\\\/schema\\\/logo\\\/image\\\/\",\"url\":\"https:\\\/\\\/chrisonsax.com\\\/wp-content\\\/uploads\\\/2021\\\/12\\\/cropped-WhatsApp-Image-2021-08-28-at-13.03.56-2-1-e1674942410642.jpeg\",\"contentUrl\":\"https:\\\/\\\/chrisonsax.com\\\/wp-content\\\/uploads\\\/2021\\\/12\\\/cropped-WhatsApp-Image-2021-08-28-at-13.03.56-2-1-e1674942410642.jpeg\",\"width\":300,\"height\":300,\"caption\":\"Musicien saxophoniste\"},\"image\":{\"@id\":\"https:\\\/\\\/chrisonsax.com\\\/#\\\/schema\\\/logo\\\/image\\\/\"},\"sameAs\":[\"https:\\\/\\\/www.facebook.com\\\/christopheonsax\",\"https:\\\/\\\/www.instagram.com\\\/chris_onsax\\\/\",\"https:\\\/\\\/www.youtube.com\\\/channel\\\/UCPht7xSeaLJ_4FUWV4bUOQg?view_as=subscriber\"]}]}<\/script>\n<!-- \/ Yoast SEO Premium plugin. -->","yoast_head_json":{"title":"Don't Let Me Be Misunderstood - Saxophone Backing Track MP3","description":"T\u00e9l\u00e9chargez la piste d'accompagnement de haute qualit\u00e9 pour Don't Let Me Be Misunderstood, parfaitement synchronis\u00e9e avec les partitions de saxophone Alto et T\u00e9nor. Format MP3.","robots":{"index":"index","follow":"follow","max-snippet":"max-snippet:-1","max-image-preview":"max-image-preview:large","max-video-preview":"max-video-preview:-1"},"canonical":"https:\/\/chrisonsax.com\/fr\/produit\/ne-let-me-be-misunderstood-saxophone-backing-track\/","og_locale":"fr_FR","og_type":"article","og_title":"Don\u2019t Let Me Be Misunderstood \u2013 Saxophone Backing Track","og_description":"Download the high-quality backing track for Don\u2019t Let Me Be Misunderstood, perfectly synced with Alto and Tenor sax sheet music. MP3 format.","og_url":"https:\/\/chrisonsax.com\/fr\/produit\/ne-let-me-be-misunderstood-saxophone-backing-track\/","og_site_name":"Saxophonist","article_publisher":"https:\/\/www.facebook.com\/christopheonsax","article_modified_time":"2026-03-05T12:20:51+00:00","og_image":[{"width":500,"height":500,"url":"https:\/\/chrisonsax.com\/wp-content\/uploads\/2025\/03\/how-hard-is-saxophone.jpg","type":"image\/jpeg"}],"twitter_card":"summary_large_image","twitter_misc":{"Dur\u00e9e de lecture estim\u00e9e":"1 minute"},"schema":{"@context":"https:\/\/schema.org","@graph":[{"@type":"WebPage","@id":"https:\/\/chrisonsax.com\/product\/dont-let-me-be-misunderstood-saxophone-backing-track\/","url":"https:\/\/chrisonsax.com\/product\/dont-let-me-be-misunderstood-saxophone-backing-track\/","name":"Don't Let Me Be Misunderstood - Saxophone Backing Track MP3","isPartOf":{"@id":"https:\/\/chrisonsax.com\/#website"},"primaryImageOfPage":{"@id":"https:\/\/chrisonsax.com\/product\/dont-let-me-be-misunderstood-saxophone-backing-track\/#primaryimage"},"image":{"@id":"https:\/\/chrisonsax.com\/product\/dont-let-me-be-misunderstood-saxophone-backing-track\/#primaryimage"},"thumbnailUrl":"https:\/\/chrisonsax.com\/wp-content\/uploads\/2025\/03\/how-hard-is-saxophone.jpg","datePublished":"2025-06-28T16:01:24+00:00","dateModified":"2026-03-05T12:20:51+00:00","description":"T\u00e9l\u00e9chargez la piste d'accompagnement de haute qualit\u00e9 pour Don't Let Me Be Misunderstood, parfaitement synchronis\u00e9e avec les partitions de saxophone Alto et T\u00e9nor. Format MP3.","breadcrumb":{"@id":"https:\/\/chrisonsax.com\/product\/dont-let-me-be-misunderstood-saxophone-backing-track\/#breadcrumb"},"inLanguage":"fr-FR","potentialAction":[{"@type":"ReadAction","target":["https:\/\/chrisonsax.com\/product\/dont-let-me-be-misunderstood-saxophone-backing-track\/"]}]},{"@type":"ImageObject","inLanguage":"fr-FR","@id":"https:\/\/chrisonsax.com\/product\/dont-let-me-be-misunderstood-saxophone-backing-track\/#primaryimage","url":"https:\/\/chrisonsax.com\/wp-content\/uploads\/2025\/03\/how-hard-is-saxophone.jpg","contentUrl":"https:\/\/chrisonsax.com\/wp-content\/uploads\/2025\/03\/how-hard-is-saxophone.jpg","width":500,"height":500,"caption":"Beginner saxophone lessons in Dubai \u2013 learn to play your first songs step by step."},{"@type":"BreadcrumbList","@id":"https:\/\/chrisonsax.com\/product\/dont-let-me-be-misunderstood-saxophone-backing-track\/#breadcrumb","itemListElement":[{"@type":"ListItem","position":1,"name":"Animation cocktail","item":"https:\/\/chrisonsax.com\/"},{"@type":"ListItem","position":2,"name":"Shop","item":"https:\/\/chrisonsax.com\/boutique\/"},{"@type":"ListItem","position":3,"name":"Don\u2019t Let Me Be Misunderstood \u2013 Saxophone Backing Track"}]},{"@type":"WebSite","@id":"https:\/\/chrisonsax.com\/#website","url":"https:\/\/chrisonsax.com\/","name":"Musicien saxophoniste","description":"Cocktail sax Tel : +971 058 542 0635","publisher":{"@id":"https:\/\/chrisonsax.com\/#organization"},"potentialAction":[{"@type":"SearchAction","target":{"@type":"EntryPoint","urlTemplate":"https:\/\/chrisonsax.com\/?s={search_term_string}"},"query-input":{"@type":"PropertyValueSpecification","valueRequired":true,"valueName":"search_term_string"}}],"inLanguage":"fr-FR"},{"@type":"Organization","@id":"https:\/\/chrisonsax.com\/#organization","name":"Musicien saxophoniste","url":"https:\/\/chrisonsax.com\/","logo":{"@type":"ImageObject","inLanguage":"fr-FR","@id":"https:\/\/chrisonsax.com\/#\/schema\/logo\/image\/","url":"https:\/\/chrisonsax.com\/wp-content\/uploads\/2021\/12\/cropped-WhatsApp-Image-2021-08-28-at-13.03.56-2-1-e1674942410642.jpeg","contentUrl":"https:\/\/chrisonsax.com\/wp-content\/uploads\/2021\/12\/cropped-WhatsApp-Image-2021-08-28-at-13.03.56-2-1-e1674942410642.jpeg","width":300,"height":300,"caption":"Musicien saxophoniste"},"image":{"@id":"https:\/\/chrisonsax.com\/#\/schema\/logo\/image\/"},"sameAs":["https:\/\/www.facebook.com\/christopheonsax","https:\/\/www.instagram.com\/chris_onsax\/","https:\/\/www.youtube.com\/channel\/UCPht7xSeaLJ_4FUWV4bUOQg?view_as=subscriber"]}]}},"_links":{"self":[{"href":"https:\/\/chrisonsax.com\/fr\/wp-json\/wp\/v2\/product\/11099","targetHints":{"allow":["GET"]}}],"collection":[{"href":"https:\/\/chrisonsax.com\/fr\/wp-json\/wp\/v2\/product"}],"about":[{"href":"https:\/\/chrisonsax.com\/fr\/wp-json\/wp\/v2\/types\/product"}],"replies":[{"embeddable":true,"href":"https:\/\/chrisonsax.com\/fr\/wp-json\/wp\/v2\/comments?post=11099"}],"wp:featuredmedia":[{"embeddable":true,"href":"https:\/\/chrisonsax.com\/fr\/wp-json\/wp\/v2\/media\/8618"}],"wp:attachment":[{"href":"https:\/\/chrisonsax.com\/fr\/wp-json\/wp\/v2\/media?parent=11099"}],"wp:term":[{"taxonomy":"product_brand","embeddable":true,"href":"https:\/\/chrisonsax.com\/fr\/wp-json\/wp\/v2\/product_brand?post=11099"},{"taxonomy":"product_cat","embeddable":true,"href":"https:\/\/chrisonsax.com\/fr\/wp-json\/wp\/v2\/product_cat?post=11099"},{"taxonomy":"product_tag","embeddable":true,"href":"https:\/\/chrisonsax.com\/fr\/wp-json\/wp\/v2\/product_tag?post=11099"}],"curies":[{"name":"wp","href":"https:\/\/api.w.org\/{rel}","templated":true}]}}