{"id":11094,"date":"2025-06-28T10:16:36","date_gmt":"2025-06-28T10:16:36","guid":{"rendered":"https:\/\/chrisonsax.com\/?post_type=product&#038;p=11094"},"modified":"2026-03-05T05:58:27","modified_gmt":"2026-03-05T05:58:27","slug":"dont-let-me-be-misunderstood-tenor-sax-sheet-music-bb","status":"publish","type":"product","link":"https:\/\/chrisonsax.com\/fr\/produit\/ne-me-laissez-pas-etre-incompris-feuille-de-saxophone-tenor-bb\/","title":{"rendered":"Don't Let Me Be Misunderstood - Tenor Sax Sheet Music (Bb)"},"content":{"rendered":"<h1>Don't Let Me Be Misunderstood - Tenor Sax Sheet Music (Bb)<\/h1>\n<h3 data-start=\"427\" data-end=\"447\">\ud83c\udfb5 Description<\/h3>\n<p data-start=\"448\" data-end=\"729\">Apportez de l'\u00e9motion et de l'intensit\u00e9 \u00e0 votre set avec cette puissante transcription de <em data-start=\"524\" data-end=\"555\">Ne me laissez pas \u00eatre mal compris<\/em>arrang\u00e9 pour T\u00e9nor<strong data-start=\"570\" data-end=\"593\"> Saxophone (Sib)<\/strong>. Cette version s'inspire des interpr\u00e9tations latines\/disco modernes - expressives, rythm\u00e9es et parfaitement adapt\u00e9es aux performances en solo.<\/p>\n<p data-start=\"731\" data-end=\"912\">Que vous jouiez lors d'un cocktail ou que vous vous entra\u00eeniez chez vous, cette transcription capture l'esprit de l'original tout en \u00e9tant techniquement accessible aux joueurs de niveau interm\u00e9diaire.<\/p>\n<hr data-start=\"914\" data-end=\"917\" \/>\n<h3 data-start=\"919\" data-end=\"941\">\ud83c\udfbc Ce qui est inclus<\/h3>\n<ul data-start=\"942\" data-end=\"1105\">\n<li data-start=\"942\" data-end=\"1005\">\n<p data-start=\"944\" data-end=\"1005\">Partitions PDF grav\u00e9es par des professionnels pour B<strong data-start=\"988\" data-end=\"1005\">b - Sax t\u00e9nor<\/strong><\/p>\n<\/li>\n<li data-start=\"1006\" data-end=\"1052\">\n<p data-start=\"1008\" data-end=\"1052\">Phras\u00e9 et articulations soigneusement not\u00e9s<\/p>\n<\/li>\n<li data-start=\"1053\" data-end=\"1105\">\n<p data-start=\"1055\" data-end=\"1105\">Format de la page : A4 - pr\u00eat \u00e0 imprimer ou \u00e0 consulter sur tablette<\/p>\n<\/li>\n<\/ul>\n<hr data-start=\"1107\" data-end=\"1110\" \/>\n<h3 data-start=\"1112\" data-end=\"1129\">\ud83d\udce5 Livraison<\/h3>\n<p data-start=\"1130\" data-end=\"1211\">T\u00e9l\u00e9chargement instantan\u00e9 disponible directement apr\u00e8s l'achat - \u00e0 la fois \u00e0 l'\u00e9cran et par courrier \u00e9lectronique.<\/p>\n<hr data-start=\"1213\" data-end=\"1216\" \/>\n<h3 data-start=\"1218\" data-end=\"1236\">\ud83d\udd12 Licences<\/h3>\n<p data-start=\"1237\" data-end=\"1345\">Pour un usage personnel uniquement. Pour l'ex\u00e9cution publique, l'enregistrement ou la diffusion en continu, veuillez nous contacter pour obtenir une licence professionnelle.<\/p>\n<hr data-start=\"1347\" data-end=\"1350\" \/>\n<h3 data-start=\"1352\" data-end=\"1383\">\ud83d\udd17 Listen This version play by Call me winston<\/h3>\n<p data-start=\"1384\" data-end=\"1424\">\ud83c\udfa7 <a href=\"https:\/\/youtu.be\/cNaRVhyJ0uY\" target=\"_blank\" rel=\"noopener\">Voir sur YouTube<\/a><\/p>","protected":false},"excerpt":{"rendered":"<h1>Don't Let Me Be Misunderstood - Tenor Sax Sheet Music (Bb)<\/h1>\n<h3 data-start=\"427\" data-end=\"447\">\ud83c\udfb5 Description<\/h3>\n<p data-start=\"448\" data-end=\"729\">Apportez de l'\u00e9motion et de l'intensit\u00e9 \u00e0 votre set avec cette puissante transcription de <em data-start=\"524\" data-end=\"555\">Ne me laissez pas \u00eatre mal compris<\/em>arrang\u00e9 pour T\u00e9nor<strong data-start=\"570\" data-end=\"593\"> Saxophone (Sib)<\/strong>. Cette version s'inspire des interpr\u00e9tations latines\/disco modernes - expressives, rythm\u00e9es et parfaitement adapt\u00e9es aux performances en solo.<\/p>\n<p data-start=\"731\" data-end=\"912\">Que vous jouiez lors d'un cocktail ou que vous vous entra\u00eeniez chez vous, cette transcription capture l'esprit de l'original tout en \u00e9tant techniquement accessible aux joueurs de niveau interm\u00e9diaire.<\/p>\n<hr data-start=\"914\" data-end=\"917\" \/>\n<h3 data-start=\"919\" data-end=\"941\">\ud83c\udfbc Ce qui est inclus<\/h3>\n<ul data-start=\"942\" data-end=\"1105\">\n<li data-start=\"942\" data-end=\"1005\">\n<p data-start=\"944\" data-end=\"1005\">Partitions PDF grav\u00e9es par des professionnels pour B<strong data-start=\"988\" data-end=\"1005\">b - Sax t\u00e9nor<\/strong><\/p>\n<\/li>\n<li data-start=\"1006\" data-end=\"1052\">\n<p data-start=\"1008\" data-end=\"1052\">Phras\u00e9 et articulations soigneusement not\u00e9s<\/p>\n<\/li>\n<li data-start=\"1053\" data-end=\"1105\">\n<p data-start=\"1055\" data-end=\"1105\">Format de la page : A4 - pr\u00eat \u00e0 imprimer ou \u00e0 consulter sur tablette<\/p>\n<\/li>\n<\/ul>\n<hr data-start=\"1107\" data-end=\"1110\" \/>\n<h3 data-start=\"1112\" data-end=\"1129\">\ud83d\udce5 Livraison<\/h3>\n<p data-start=\"1130\" data-end=\"1211\">T\u00e9l\u00e9chargement instantan\u00e9 disponible directement apr\u00e8s l'achat - \u00e0 la fois \u00e0 l'\u00e9cran et par courrier \u00e9lectronique.<\/p>\n<hr data-start=\"1213\" data-end=\"1216\" \/>\n<h3 data-start=\"1218\" data-end=\"1236\">\ud83d\udd12 Licences<\/h3>\n<p data-start=\"1237\" data-end=\"1345\">Pour un usage personnel uniquement. Pour l'ex\u00e9cution publique, l'enregistrement ou la diffusion en continu, veuillez nous contacter pour obtenir une licence professionnelle.<\/p>\n<hr data-start=\"1347\" data-end=\"1350\" \/>\n<h3 data-start=\"1352\" data-end=\"1383\">\ud83d\udd17 Listen This version play by Call me winston<\/h3>\n<p data-start=\"1384\" data-end=\"1424\">\ud83c\udfa7 <a href=\"https:\/\/youtu.be\/cNaRVhyJ0uY\" target=\"_blank\" rel=\"noopener\">Voir sur YouTube<\/a><\/p>\n<p data-start=\"1384\" data-end=\"1424\">","protected":false},"featured_media":11096,"comment_status":"closed","ping_status":"closed","template":"","meta":{"pmpro_default_level":"","_kad_post_transparent":"default","_kad_post_title":"","_kad_post_layout":"default","_kad_post_sidebar_id":"","_kad_post_content_style":"default","_kad_post_vertical_padding":"default","_kad_post_feature":"","_kad_post_feature_position":"","_kad_post_header":false,"_kad_post_footer":false,"_kad_post_classname":""},"product_brand":[],"product_cat":[112,118,87],"product_tag":[],"class_list":{"0":"post-11094","1":"product","2":"type-product","3":"status-publish","4":"has-post-thumbnail","6":"product_cat-other","7":"product_cat-tenor-saxophone","8":"product_cat-sheets-music","9":"pmpro-has-access","11":"first","12":"instock","13":"downloadable","14":"shipping-taxable","15":"purchasable","16":"product-type-simple","17":"entry","18":"content-bg","19":"loop-entry"},"yoast_head":"<!-- This site is optimized with the Yoast SEO Premium plugin v27.0 (Yoast SEO v27.4) - https:\/\/yoast.com\/product\/yoast-seo-premium-wordpress\/ -->\n<title>Don\u2019t Let Me Be Misunderstood Tenor Sax Sheet Music \u2013 PDF (Bb)<\/title>\n<meta name=\"description\" content=\"Get the Tenor Sax (Bb) sheet music for Don\u2019t Let Me Be Misunderstood. Accurate transcription by ChrisOnSax. Printable PDF for intermediate players.\" \/>\n<meta name=\"robots\" content=\"index, follow, max-snippet:-1, max-image-preview:large, max-video-preview:-1\" \/>\n<link rel=\"canonical\" href=\"https:\/\/chrisonsax.com\/fr\/produit\/ne-me-laissez-pas-etre-incompris-feuille-de-saxophone-tenor-bb\/\" \/>\n<meta property=\"og:locale\" content=\"fr_FR\" \/>\n<meta property=\"og:type\" content=\"article\" \/>\n<meta property=\"og:title\" content=\"Don\u2019t Let Me Be Misunderstood \u2013 Tenor Sax Sheet Music (Bb)\" \/>\n<meta property=\"og:description\" content=\"Get the Tenor Sax (Bb) sheet music for Don\u2019t Let Me Be Misunderstood. Accurate transcription by ChrisOnSax. Printable PDF for intermediate players.\" \/>\n<meta property=\"og:url\" content=\"https:\/\/chrisonsax.com\/fr\/produit\/ne-me-laissez-pas-etre-incompris-feuille-de-saxophone-tenor-bb\/\" \/>\n<meta property=\"og:site_name\" content=\"Saxophonist\" \/>\n<meta property=\"article:publisher\" content=\"https:\/\/www.facebook.com\/christopheonsax\" \/>\n<meta property=\"article:modified_time\" content=\"2026-03-05T05:58:27+00:00\" \/>\n<meta property=\"og:image\" content=\"https:\/\/chrisonsax.com\/wp-content\/uploads\/2025\/06\/dont-let-me-be-misunderstood-bb.jpg\" \/>\n\t<meta property=\"og:image:width\" content=\"500\" \/>\n\t<meta property=\"og:image:height\" content=\"500\" \/>\n\t<meta property=\"og:image:type\" content=\"image\/jpeg\" \/>\n<meta name=\"twitter:card\" content=\"summary_large_image\" \/>\n<meta name=\"twitter:label1\" content=\"Dur\u00e9e de lecture estim\u00e9e\" \/>\n\t<meta name=\"twitter:data1\" content=\"1 minute\" \/>\n<script type=\"application\/ld+json\" class=\"yoast-schema-graph\">{\"@context\":\"https:\\\/\\\/schema.org\",\"@graph\":[{\"@type\":\"WebPage\",\"@id\":\"https:\\\/\\\/chrisonsax.com\\\/product\\\/dont-let-me-be-misunderstood-tenor-sax-sheet-music-bb\\\/\",\"url\":\"https:\\\/\\\/chrisonsax.com\\\/product\\\/dont-let-me-be-misunderstood-tenor-sax-sheet-music-bb\\\/\",\"name\":\"Don\u2019t Let Me Be Misunderstood Tenor Sax Sheet Music \u2013 PDF (Bb)\",\"isPartOf\":{\"@id\":\"https:\\\/\\\/chrisonsax.com\\\/#website\"},\"primaryImageOfPage\":{\"@id\":\"https:\\\/\\\/chrisonsax.com\\\/product\\\/dont-let-me-be-misunderstood-tenor-sax-sheet-music-bb\\\/#primaryimage\"},\"image\":{\"@id\":\"https:\\\/\\\/chrisonsax.com\\\/product\\\/dont-let-me-be-misunderstood-tenor-sax-sheet-music-bb\\\/#primaryimage\"},\"thumbnailUrl\":\"https:\\\/\\\/chrisonsax.com\\\/wp-content\\\/uploads\\\/2025\\\/06\\\/dont-let-me-be-misunderstood-bb.jpg\",\"datePublished\":\"2025-06-28T10:16:36+00:00\",\"dateModified\":\"2026-03-05T05:58:27+00:00\",\"description\":\"Get the Tenor Sax (Bb) sheet music for Don\u2019t Let Me Be Misunderstood. Accurate transcription by ChrisOnSax. Printable PDF for intermediate players.\",\"breadcrumb\":{\"@id\":\"https:\\\/\\\/chrisonsax.com\\\/product\\\/dont-let-me-be-misunderstood-tenor-sax-sheet-music-bb\\\/#breadcrumb\"},\"inLanguage\":\"fr-FR\",\"potentialAction\":[{\"@type\":\"ReadAction\",\"target\":[\"https:\\\/\\\/chrisonsax.com\\\/product\\\/dont-let-me-be-misunderstood-tenor-sax-sheet-music-bb\\\/\"]}]},{\"@type\":\"ImageObject\",\"inLanguage\":\"fr-FR\",\"@id\":\"https:\\\/\\\/chrisonsax.com\\\/product\\\/dont-let-me-be-misunderstood-tenor-sax-sheet-music-bb\\\/#primaryimage\",\"url\":\"https:\\\/\\\/chrisonsax.com\\\/wp-content\\\/uploads\\\/2025\\\/06\\\/dont-let-me-be-misunderstood-bb.jpg\",\"contentUrl\":\"https:\\\/\\\/chrisonsax.com\\\/wp-content\\\/uploads\\\/2025\\\/06\\\/dont-let-me-be-misunderstood-bb.jpg\",\"width\":500,\"height\":500,\"caption\":\"dont-let-me-be-misunderstood-Bb\"},{\"@type\":\"BreadcrumbList\",\"@id\":\"https:\\\/\\\/chrisonsax.com\\\/product\\\/dont-let-me-be-misunderstood-tenor-sax-sheet-music-bb\\\/#breadcrumb\",\"itemListElement\":[{\"@type\":\"ListItem\",\"position\":1,\"name\":\"Animation cocktail\",\"item\":\"https:\\\/\\\/chrisonsax.com\\\/\"},{\"@type\":\"ListItem\",\"position\":2,\"name\":\"Shop\",\"item\":\"https:\\\/\\\/chrisonsax.com\\\/boutique\\\/\"},{\"@type\":\"ListItem\",\"position\":3,\"name\":\"Don\u2019t Let Me Be Misunderstood \u2013 Tenor Sax Sheet Music (Bb)\"}]},{\"@type\":\"WebSite\",\"@id\":\"https:\\\/\\\/chrisonsax.com\\\/#website\",\"url\":\"https:\\\/\\\/chrisonsax.com\\\/\",\"name\":\"Musicien saxophoniste\",\"description\":\"Cocktail sax Tel : +971 058 542 0635\",\"publisher\":{\"@id\":\"https:\\\/\\\/chrisonsax.com\\\/#organization\"},\"potentialAction\":[{\"@type\":\"SearchAction\",\"target\":{\"@type\":\"EntryPoint\",\"urlTemplate\":\"https:\\\/\\\/chrisonsax.com\\\/?s={search_term_string}\"},\"query-input\":{\"@type\":\"PropertyValueSpecification\",\"valueRequired\":true,\"valueName\":\"search_term_string\"}}],\"inLanguage\":\"fr-FR\"},{\"@type\":\"Organization\",\"@id\":\"https:\\\/\\\/chrisonsax.com\\\/#organization\",\"name\":\"Musicien saxophoniste\",\"url\":\"https:\\\/\\\/chrisonsax.com\\\/\",\"logo\":{\"@type\":\"ImageObject\",\"inLanguage\":\"fr-FR\",\"@id\":\"https:\\\/\\\/chrisonsax.com\\\/#\\\/schema\\\/logo\\\/image\\\/\",\"url\":\"https:\\\/\\\/chrisonsax.com\\\/wp-content\\\/uploads\\\/2021\\\/12\\\/cropped-WhatsApp-Image-2021-08-28-at-13.03.56-2-1-e1674942410642.jpeg\",\"contentUrl\":\"https:\\\/\\\/chrisonsax.com\\\/wp-content\\\/uploads\\\/2021\\\/12\\\/cropped-WhatsApp-Image-2021-08-28-at-13.03.56-2-1-e1674942410642.jpeg\",\"width\":300,\"height\":300,\"caption\":\"Musicien saxophoniste\"},\"image\":{\"@id\":\"https:\\\/\\\/chrisonsax.com\\\/#\\\/schema\\\/logo\\\/image\\\/\"},\"sameAs\":[\"https:\\\/\\\/www.facebook.com\\\/christopheonsax\",\"https:\\\/\\\/www.instagram.com\\\/chris_onsax\\\/\",\"https:\\\/\\\/www.youtube.com\\\/channel\\\/UCPht7xSeaLJ_4FUWV4bUOQg?view_as=subscriber\"]}]}<\/script>\n<!-- \/ Yoast SEO Premium plugin. -->","yoast_head_json":{"title":"Don't Let Me Be Misunderstood Tenor Sax Sheet Music - PDF (Bb)","description":"Obtenez la partition de Tenor Sax (Bb) pour Don't Let Me Be Misunderstood. Transcription pr\u00e9cise par ChrisOnSax. PDF imprimable pour joueurs interm\u00e9diaires.","robots":{"index":"index","follow":"follow","max-snippet":"max-snippet:-1","max-image-preview":"max-image-preview:large","max-video-preview":"max-video-preview:-1"},"canonical":"https:\/\/chrisonsax.com\/fr\/produit\/ne-me-laissez-pas-etre-incompris-feuille-de-saxophone-tenor-bb\/","og_locale":"fr_FR","og_type":"article","og_title":"Don\u2019t Let Me Be Misunderstood \u2013 Tenor Sax Sheet Music (Bb)","og_description":"Get the Tenor Sax (Bb) sheet music for Don\u2019t Let Me Be Misunderstood. Accurate transcription by ChrisOnSax. Printable PDF for intermediate players.","og_url":"https:\/\/chrisonsax.com\/fr\/produit\/ne-me-laissez-pas-etre-incompris-feuille-de-saxophone-tenor-bb\/","og_site_name":"Saxophonist","article_publisher":"https:\/\/www.facebook.com\/christopheonsax","article_modified_time":"2026-03-05T05:58:27+00:00","og_image":[{"width":500,"height":500,"url":"https:\/\/chrisonsax.com\/wp-content\/uploads\/2025\/06\/dont-let-me-be-misunderstood-bb.jpg","type":"image\/jpeg"}],"twitter_card":"summary_large_image","twitter_misc":{"Dur\u00e9e de lecture estim\u00e9e":"1 minute"},"schema":{"@context":"https:\/\/schema.org","@graph":[{"@type":"WebPage","@id":"https:\/\/chrisonsax.com\/product\/dont-let-me-be-misunderstood-tenor-sax-sheet-music-bb\/","url":"https:\/\/chrisonsax.com\/product\/dont-let-me-be-misunderstood-tenor-sax-sheet-music-bb\/","name":"Don't Let Me Be Misunderstood Tenor Sax Sheet Music - PDF (Bb)","isPartOf":{"@id":"https:\/\/chrisonsax.com\/#website"},"primaryImageOfPage":{"@id":"https:\/\/chrisonsax.com\/product\/dont-let-me-be-misunderstood-tenor-sax-sheet-music-bb\/#primaryimage"},"image":{"@id":"https:\/\/chrisonsax.com\/product\/dont-let-me-be-misunderstood-tenor-sax-sheet-music-bb\/#primaryimage"},"thumbnailUrl":"https:\/\/chrisonsax.com\/wp-content\/uploads\/2025\/06\/dont-let-me-be-misunderstood-bb.jpg","datePublished":"2025-06-28T10:16:36+00:00","dateModified":"2026-03-05T05:58:27+00:00","description":"Obtenez la partition de Tenor Sax (Bb) pour Don't Let Me Be Misunderstood. Transcription pr\u00e9cise par ChrisOnSax. PDF imprimable pour joueurs interm\u00e9diaires.","breadcrumb":{"@id":"https:\/\/chrisonsax.com\/product\/dont-let-me-be-misunderstood-tenor-sax-sheet-music-bb\/#breadcrumb"},"inLanguage":"fr-FR","potentialAction":[{"@type":"ReadAction","target":["https:\/\/chrisonsax.com\/product\/dont-let-me-be-misunderstood-tenor-sax-sheet-music-bb\/"]}]},{"@type":"ImageObject","inLanguage":"fr-FR","@id":"https:\/\/chrisonsax.com\/product\/dont-let-me-be-misunderstood-tenor-sax-sheet-music-bb\/#primaryimage","url":"https:\/\/chrisonsax.com\/wp-content\/uploads\/2025\/06\/dont-let-me-be-misunderstood-bb.jpg","contentUrl":"https:\/\/chrisonsax.com\/wp-content\/uploads\/2025\/06\/dont-let-me-be-misunderstood-bb.jpg","width":500,"height":500,"caption":"dont-let-me-be-misunderstood-Bb"},{"@type":"BreadcrumbList","@id":"https:\/\/chrisonsax.com\/product\/dont-let-me-be-misunderstood-tenor-sax-sheet-music-bb\/#breadcrumb","itemListElement":[{"@type":"ListItem","position":1,"name":"Animation cocktail","item":"https:\/\/chrisonsax.com\/"},{"@type":"ListItem","position":2,"name":"Shop","item":"https:\/\/chrisonsax.com\/boutique\/"},{"@type":"ListItem","position":3,"name":"Don\u2019t Let Me Be Misunderstood \u2013 Tenor Sax Sheet Music (Bb)"}]},{"@type":"WebSite","@id":"https:\/\/chrisonsax.com\/#website","url":"https:\/\/chrisonsax.com\/","name":"Musicien saxophoniste","description":"Cocktail sax Tel : +971 058 542 0635","publisher":{"@id":"https:\/\/chrisonsax.com\/#organization"},"potentialAction":[{"@type":"SearchAction","target":{"@type":"EntryPoint","urlTemplate":"https:\/\/chrisonsax.com\/?s={search_term_string}"},"query-input":{"@type":"PropertyValueSpecification","valueRequired":true,"valueName":"search_term_string"}}],"inLanguage":"fr-FR"},{"@type":"Organization","@id":"https:\/\/chrisonsax.com\/#organization","name":"Musicien saxophoniste","url":"https:\/\/chrisonsax.com\/","logo":{"@type":"ImageObject","inLanguage":"fr-FR","@id":"https:\/\/chrisonsax.com\/#\/schema\/logo\/image\/","url":"https:\/\/chrisonsax.com\/wp-content\/uploads\/2021\/12\/cropped-WhatsApp-Image-2021-08-28-at-13.03.56-2-1-e1674942410642.jpeg","contentUrl":"https:\/\/chrisonsax.com\/wp-content\/uploads\/2021\/12\/cropped-WhatsApp-Image-2021-08-28-at-13.03.56-2-1-e1674942410642.jpeg","width":300,"height":300,"caption":"Musicien saxophoniste"},"image":{"@id":"https:\/\/chrisonsax.com\/#\/schema\/logo\/image\/"},"sameAs":["https:\/\/www.facebook.com\/christopheonsax","https:\/\/www.instagram.com\/chris_onsax\/","https:\/\/www.youtube.com\/channel\/UCPht7xSeaLJ_4FUWV4bUOQg?view_as=subscriber"]}]}},"_links":{"self":[{"href":"https:\/\/chrisonsax.com\/fr\/wp-json\/wp\/v2\/product\/11094","targetHints":{"allow":["GET"]}}],"collection":[{"href":"https:\/\/chrisonsax.com\/fr\/wp-json\/wp\/v2\/product"}],"about":[{"href":"https:\/\/chrisonsax.com\/fr\/wp-json\/wp\/v2\/types\/product"}],"replies":[{"embeddable":true,"href":"https:\/\/chrisonsax.com\/fr\/wp-json\/wp\/v2\/comments?post=11094"}],"wp:featuredmedia":[{"embeddable":true,"href":"https:\/\/chrisonsax.com\/fr\/wp-json\/wp\/v2\/media\/11096"}],"wp:attachment":[{"href":"https:\/\/chrisonsax.com\/fr\/wp-json\/wp\/v2\/media?parent=11094"}],"wp:term":[{"taxonomy":"product_brand","embeddable":true,"href":"https:\/\/chrisonsax.com\/fr\/wp-json\/wp\/v2\/product_brand?post=11094"},{"taxonomy":"product_cat","embeddable":true,"href":"https:\/\/chrisonsax.com\/fr\/wp-json\/wp\/v2\/product_cat?post=11094"},{"taxonomy":"product_tag","embeddable":true,"href":"https:\/\/chrisonsax.com\/fr\/wp-json\/wp\/v2\/product_tag?post=11094"}],"curies":[{"name":"wp","href":"https:\/\/api.w.org\/{rel}","templated":true}]}}