{"id":11079,"date":"2025-06-26T09:03:43","date_gmt":"2025-06-26T09:03:43","guid":{"rendered":"https:\/\/chrisonsax.com\/?post_type=product&#038;p=11079"},"modified":"2026-03-05T05:58:52","modified_gmt":"2026-03-05T05:58:52","slug":"ciudad-habana-jimmy-the-sax-alto-sax-sheet-music","status":"publish","type":"product","link":"https:\/\/chrisonsax.com\/fr\/produit\/ciudad-habana-jimmy-the-sax-alto-partition\/","title":{"rendered":"Ciudad Habana - Jimmy The sax - Alto Sax Sheet Music"},"content":{"rendered":"<h1>Ciudad Habana - Jimmy The sax - Alto Sax Sheet Music<\/h1>\n<h3 data-start=\"168\" data-end=\"202\">\ud83c\udfa7 \u00c9couter un court aper\u00e7u<\/h3>\n<p data-start=\"203\" data-end=\"307\">Voici une courte d\u00e9mo de saxophone que j'ai enregistr\u00e9e - pour vous donner une id\u00e9e de la m\u00e9lodie et de l'ambiance de <em data-start=\"291\" data-end=\"306\">Ville de Habana<\/em>.<\/p>\n<audio class=\"wp-audio-shortcode\" id=\"audio-11079-2\" preload=\"none\" style=\"width: 100%;\" controls=\"controls\"><source type=\"audio\/mpeg\" src=\"https:\/\/chrisonsax.com\/wp-content\/uploads\/2025\/06\/extrait-habana.mp3?_=2\" \/><a href=\"https:\/\/chrisonsax.com\/wp-content\/uploads\/2025\/06\/extrait-habana.mp3\">https:\/\/chrisonsax.com\/wp-content\/uploads\/2025\/06\/extrait-habana.mp3<\/a><\/audio>\n<h4 data-start=\"366\" data-end=\"387\"><\/h4>\n<h4 data-start=\"366\" data-end=\"387\">\ud83c\udfb5 Description<\/h4>\n<p data-start=\"388\" data-end=\"653\">D\u00e9couvrez l'atmosph\u00e8re chaleureuse de <em data-start=\"431\" data-end=\"446\">Ville de Habana<\/em> avec cette transcription fid\u00e8le pour saxophone alto. Interpr\u00e9t\u00e9 \u00e0 l'origine par <strong data-start=\"524\" data-end=\"541\">Jimmy The Sax<\/strong> (\u00e0 ne pas confondre avec Jimmy Sax), ce morceau de latin jazz est \u00e0 la fois expressif et techniquement gratifiant.<\/p>\n<p data-start=\"655\" data-end=\"809\">Parfaite pour les concerts, la pratique ou le plaisir personnel, cette version reste fid\u00e8le \u00e0 l'enregistrement original tout en \u00e9tant enti\u00e8rement optimis\u00e9e pour le saxophone mib.<\/p>\n<hr data-start=\"811\" data-end=\"814\" \/>\n<h4 data-start=\"816\" data-end=\"841\">\ud83c\udfbc Ce qui est inclus<\/h4>\n<ul data-start=\"842\" data-end=\"1009\">\n<li data-start=\"842\" data-end=\"905\">\n<p data-start=\"844\" data-end=\"905\">Gravure professionnelle <strong data-start=\"868\" data-end=\"887\">Partitions en PDF<\/strong> (Eb - Alto Sax)<\/p>\n<\/li>\n<li data-start=\"906\" data-end=\"958\">\n<p data-start=\"908\" data-end=\"958\">Phras\u00e9, dynamique et rep\u00e8res respiratoires inclus<\/p>\n<\/li>\n<li data-start=\"959\" data-end=\"1009\">\n<p data-start=\"961\" data-end=\"1009\">Format de la page : A4, pr\u00eat \u00e0 imprimer ou \u00e0 utiliser sur tablette<\/p>\n<\/li>\n<\/ul>\n<h4 data-start=\"1287\" data-end=\"1305\">\ud83d\udce5 Livraison<\/h4>\n<p data-start=\"1306\" data-end=\"1418\">Une fois achet\u00e9e, la partition sera disponible pour <strong data-start=\"1360\" data-end=\"1380\">t\u00e9l\u00e9chargement imm\u00e9diat<\/strong> directement sur votre \u00e9cran et par courrier \u00e9lectronique.<\/p>\n<hr data-start=\"1420\" data-end=\"1423\" \/>\n<h4 data-start=\"1425\" data-end=\"1444\">\ud83d\udd12 Licences<\/h4>\n<p data-start=\"1445\" data-end=\"1563\">Pour un usage personnel uniquement. Pour l'ex\u00e9cution publique, l'enregistrement ou l'utilisation de vid\u00e9o\/streaming, veuillez nous contacter pour obtenir une licence professionnelle.<\/p>\n<hr data-start=\"1565\" data-end=\"1568\" \/>\n<h3 data-start=\"1570\" data-end=\"1601\">\ud83d\udd17 \u00c9couter l'original<\/h3>\n<p data-start=\"1602\" data-end=\"1668\">\ud83c\udfa7 <a href=\"https:\/\/youtu.be\/1aKDs7poqns\" target=\"_blank\" rel=\"noopener\">Voir sur YouTube<\/a><\/p>","protected":false},"excerpt":{"rendered":"<h1>Ciudad Habana - Jimmy The sax - Alto Sax Sheet Music<\/h1>\n<h3 data-start=\"168\" data-end=\"202\">\ud83c\udfa7 \u00c9couter un court aper\u00e7u<\/h3>\n<p data-start=\"203\" data-end=\"307\">Voici une courte d\u00e9mo de saxophone que j'ai enregistr\u00e9e - pour vous donner une id\u00e9e de la m\u00e9lodie et de l'ambiance de <em data-start=\"291\" data-end=\"306\">Ville de Habana<\/em>.<\/p>\n<p><audio class=\"wp-audio-shortcode\" id=\"audio-11079-1\" preload=\"none\" style=\"width: 100%;\" controls=\"controls\"><source type=\"audio\/mpeg\" src=\"https:\/\/chrisonsax.com\/wp-content\/uploads\/2025\/06\/extrait-habana.mp3?_=1\" \/><a href=\"https:\/\/chrisonsax.com\/wp-content\/uploads\/2025\/06\/extrait-habana.mp3\">https:\/\/chrisonsax.com\/wp-content\/uploads\/2025\/06\/extrait-habana.mp3<\/a><\/audio><\/p>\n<h4 data-start=\"366\" data-end=\"387\"><\/h4>\n<h4 data-start=\"366\" data-end=\"387\">\ud83c\udfb5 Description<\/h4>\n<p data-start=\"388\" data-end=\"653\">D\u00e9couvrez l'atmosph\u00e8re chaleureuse de <em data-start=\"431\" data-end=\"446\">Ville de Habana<\/em> avec cette transcription fid\u00e8le pour saxophone alto. Interpr\u00e9t\u00e9 \u00e0 l'origine par <strong data-start=\"524\" data-end=\"541\">Jimmy The Sax<\/strong> (\u00e0 ne pas confondre avec Jimmy Sax), ce morceau de latin jazz est \u00e0 la fois expressif et techniquement gratifiant.<\/p>\n<p data-start=\"655\" data-end=\"809\">Parfaite pour les concerts, la pratique ou le plaisir personnel, cette version reste fid\u00e8le \u00e0 l'enregistrement original tout en \u00e9tant enti\u00e8rement optimis\u00e9e pour le saxophone mib.<\/p>\n<hr data-start=\"811\" data-end=\"814\" \/>\n<h3 data-start=\"1570\" data-end=\"1601\">\ud83d\udd17 \u00c9couter l'original<\/h3>\n<p data-start=\"1602\" data-end=\"1668\">\ud83c\udfa7 <a href=\"https:\/\/youtu.be\/1aKDs7poqns\" target=\"_blank\" rel=\"noopener\">Voir sur YouTube<\/a><\/p>","protected":false},"featured_media":11082,"comment_status":"closed","ping_status":"closed","template":"","meta":{"pmpro_default_level":"","_kad_post_transparent":"default","_kad_post_title":"","_kad_post_layout":"default","_kad_post_sidebar_id":"","_kad_post_content_style":"default","_kad_post_vertical_padding":"default","_kad_post_feature":"","_kad_post_feature_position":"","_kad_post_header":false,"_kad_post_footer":false,"_kad_post_classname":""},"product_brand":[],"product_cat":[117,112,87],"product_tag":[],"class_list":{"0":"post-11079","1":"product","2":"type-product","3":"status-publish","4":"has-post-thumbnail","6":"product_cat-alto-saxophone","7":"product_cat-other","8":"product_cat-sheets-music","9":"pmpro-has-access","11":"first","12":"instock","13":"downloadable","14":"shipping-taxable","15":"purchasable","16":"product-type-simple","17":"entry","18":"content-bg","19":"loop-entry"},"yoast_head":"<!-- This site is optimized with the Yoast SEO Premium plugin v27.0 (Yoast SEO v27.4) - https:\/\/yoast.com\/product\/yoast-seo-premium-wordpress\/ -->\n<title>Ciudad Habana -Alto Sax Sheet Music PDF | Jimmy The Sax<\/title>\n<meta name=\"description\" content=\"Download the Ciudad Habana alto saxophone sheet music by Jimmy The Sax. Smooth Latin jazz transcription in PDF format \u2013 instant download!\" \/>\n<meta name=\"robots\" content=\"index, follow, max-snippet:-1, max-image-preview:large, max-video-preview:-1\" \/>\n<link rel=\"canonical\" href=\"https:\/\/chrisonsax.com\/fr\/produit\/ciudad-habana-jimmy-the-sax-alto-partition\/\" \/>\n<meta property=\"og:locale\" content=\"fr_FR\" \/>\n<meta property=\"og:type\" content=\"article\" \/>\n<meta property=\"og:title\" content=\"Ciudad Habana \u2013 Jimmy The sax - Alto Sax Sheet Music\" \/>\n<meta property=\"og:description\" content=\"Download the Ciudad Habana alto saxophone sheet music by Jimmy The Sax. Smooth Latin jazz transcription in PDF format \u2013 instant download!\" \/>\n<meta property=\"og:url\" content=\"https:\/\/chrisonsax.com\/fr\/produit\/ciudad-habana-jimmy-the-sax-alto-partition\/\" \/>\n<meta property=\"og:site_name\" content=\"Saxophonist\" \/>\n<meta property=\"article:publisher\" content=\"https:\/\/www.facebook.com\/christopheonsax\" \/>\n<meta property=\"article:modified_time\" content=\"2026-03-05T05:58:52+00:00\" \/>\n<meta property=\"og:image\" content=\"https:\/\/chrisonsax.com\/wp-content\/uploads\/2025\/06\/ciudad-habana-eb.jpg\" \/>\n\t<meta property=\"og:image:width\" content=\"500\" \/>\n\t<meta property=\"og:image:height\" content=\"500\" \/>\n\t<meta property=\"og:image:type\" content=\"image\/jpeg\" \/>\n<meta name=\"twitter:card\" content=\"summary_large_image\" \/>\n<meta name=\"twitter:label1\" content=\"Dur\u00e9e de lecture estim\u00e9e\" \/>\n\t<meta name=\"twitter:data1\" content=\"1 minute\" \/>\n<script type=\"application\/ld+json\" class=\"yoast-schema-graph\">{\"@context\":\"https:\\\/\\\/schema.org\",\"@graph\":[{\"@type\":\"WebPage\",\"@id\":\"https:\\\/\\\/chrisonsax.com\\\/product\\\/ciudad-habana-jimmy-the-sax-alto-sax-sheet-music\\\/\",\"url\":\"https:\\\/\\\/chrisonsax.com\\\/product\\\/ciudad-habana-jimmy-the-sax-alto-sax-sheet-music\\\/\",\"name\":\"Ciudad Habana -Alto Sax Sheet Music PDF | Jimmy The Sax\",\"isPartOf\":{\"@id\":\"https:\\\/\\\/chrisonsax.com\\\/#website\"},\"primaryImageOfPage\":{\"@id\":\"https:\\\/\\\/chrisonsax.com\\\/product\\\/ciudad-habana-jimmy-the-sax-alto-sax-sheet-music\\\/#primaryimage\"},\"image\":{\"@id\":\"https:\\\/\\\/chrisonsax.com\\\/product\\\/ciudad-habana-jimmy-the-sax-alto-sax-sheet-music\\\/#primaryimage\"},\"thumbnailUrl\":\"https:\\\/\\\/chrisonsax.com\\\/wp-content\\\/uploads\\\/2025\\\/06\\\/ciudad-habana-eb.jpg\",\"datePublished\":\"2025-06-26T09:03:43+00:00\",\"dateModified\":\"2026-03-05T05:58:52+00:00\",\"description\":\"Download the Ciudad Habana alto saxophone sheet music by Jimmy The Sax. Smooth Latin jazz transcription in PDF format \u2013 instant download!\",\"breadcrumb\":{\"@id\":\"https:\\\/\\\/chrisonsax.com\\\/product\\\/ciudad-habana-jimmy-the-sax-alto-sax-sheet-music\\\/#breadcrumb\"},\"inLanguage\":\"fr-FR\",\"potentialAction\":[{\"@type\":\"ReadAction\",\"target\":[\"https:\\\/\\\/chrisonsax.com\\\/product\\\/ciudad-habana-jimmy-the-sax-alto-sax-sheet-music\\\/\"]}]},{\"@type\":\"ImageObject\",\"inLanguage\":\"fr-FR\",\"@id\":\"https:\\\/\\\/chrisonsax.com\\\/product\\\/ciudad-habana-jimmy-the-sax-alto-sax-sheet-music\\\/#primaryimage\",\"url\":\"https:\\\/\\\/chrisonsax.com\\\/wp-content\\\/uploads\\\/2025\\\/06\\\/ciudad-habana-eb.jpg\",\"contentUrl\":\"https:\\\/\\\/chrisonsax.com\\\/wp-content\\\/uploads\\\/2025\\\/06\\\/ciudad-habana-eb.jpg\",\"width\":500,\"height\":500,\"caption\":\"CIUDAD HABANA Eb\"},{\"@type\":\"BreadcrumbList\",\"@id\":\"https:\\\/\\\/chrisonsax.com\\\/product\\\/ciudad-habana-jimmy-the-sax-alto-sax-sheet-music\\\/#breadcrumb\",\"itemListElement\":[{\"@type\":\"ListItem\",\"position\":1,\"name\":\"Animation cocktail\",\"item\":\"https:\\\/\\\/chrisonsax.com\\\/\"},{\"@type\":\"ListItem\",\"position\":2,\"name\":\"Shop\",\"item\":\"https:\\\/\\\/chrisonsax.com\\\/boutique\\\/\"},{\"@type\":\"ListItem\",\"position\":3,\"name\":\"Ciudad Habana \u2013 Jimmy The sax &#8211; Alto Sax Sheet Music\"}]},{\"@type\":\"WebSite\",\"@id\":\"https:\\\/\\\/chrisonsax.com\\\/#website\",\"url\":\"https:\\\/\\\/chrisonsax.com\\\/\",\"name\":\"Musicien saxophoniste\",\"description\":\"Cocktail sax Tel : +971 058 542 0635\",\"publisher\":{\"@id\":\"https:\\\/\\\/chrisonsax.com\\\/#organization\"},\"potentialAction\":[{\"@type\":\"SearchAction\",\"target\":{\"@type\":\"EntryPoint\",\"urlTemplate\":\"https:\\\/\\\/chrisonsax.com\\\/?s={search_term_string}\"},\"query-input\":{\"@type\":\"PropertyValueSpecification\",\"valueRequired\":true,\"valueName\":\"search_term_string\"}}],\"inLanguage\":\"fr-FR\"},{\"@type\":\"Organization\",\"@id\":\"https:\\\/\\\/chrisonsax.com\\\/#organization\",\"name\":\"Musicien saxophoniste\",\"url\":\"https:\\\/\\\/chrisonsax.com\\\/\",\"logo\":{\"@type\":\"ImageObject\",\"inLanguage\":\"fr-FR\",\"@id\":\"https:\\\/\\\/chrisonsax.com\\\/#\\\/schema\\\/logo\\\/image\\\/\",\"url\":\"https:\\\/\\\/chrisonsax.com\\\/wp-content\\\/uploads\\\/2021\\\/12\\\/cropped-WhatsApp-Image-2021-08-28-at-13.03.56-2-1-e1674942410642.jpeg\",\"contentUrl\":\"https:\\\/\\\/chrisonsax.com\\\/wp-content\\\/uploads\\\/2021\\\/12\\\/cropped-WhatsApp-Image-2021-08-28-at-13.03.56-2-1-e1674942410642.jpeg\",\"width\":300,\"height\":300,\"caption\":\"Musicien saxophoniste\"},\"image\":{\"@id\":\"https:\\\/\\\/chrisonsax.com\\\/#\\\/schema\\\/logo\\\/image\\\/\"},\"sameAs\":[\"https:\\\/\\\/www.facebook.com\\\/christopheonsax\",\"https:\\\/\\\/www.instagram.com\\\/chris_onsax\\\/\",\"https:\\\/\\\/www.youtube.com\\\/channel\\\/UCPht7xSeaLJ_4FUWV4bUOQg?view_as=subscriber\"]}]}<\/script>\n<!-- \/ Yoast SEO Premium plugin. -->","yoast_head_json":{"title":"Ciudad Habana -Alto Sax Partition PDF | Jimmy The Sax","description":"T\u00e9l\u00e9chargez la partition Ciudad Habana pour saxophone alto de Jimmy The Sax. Transcription de jazz latin en format PDF - t\u00e9l\u00e9chargement instantan\u00e9 !","robots":{"index":"index","follow":"follow","max-snippet":"max-snippet:-1","max-image-preview":"max-image-preview:large","max-video-preview":"max-video-preview:-1"},"canonical":"https:\/\/chrisonsax.com\/fr\/produit\/ciudad-habana-jimmy-the-sax-alto-partition\/","og_locale":"fr_FR","og_type":"article","og_title":"Ciudad Habana \u2013 Jimmy The sax - Alto Sax Sheet Music","og_description":"Download the Ciudad Habana alto saxophone sheet music by Jimmy The Sax. Smooth Latin jazz transcription in PDF format \u2013 instant download!","og_url":"https:\/\/chrisonsax.com\/fr\/produit\/ciudad-habana-jimmy-the-sax-alto-partition\/","og_site_name":"Saxophonist","article_publisher":"https:\/\/www.facebook.com\/christopheonsax","article_modified_time":"2026-03-05T05:58:52+00:00","og_image":[{"width":500,"height":500,"url":"https:\/\/chrisonsax.com\/wp-content\/uploads\/2025\/06\/ciudad-habana-eb.jpg","type":"image\/jpeg"}],"twitter_card":"summary_large_image","twitter_misc":{"Dur\u00e9e de lecture estim\u00e9e":"1 minute"},"schema":{"@context":"https:\/\/schema.org","@graph":[{"@type":"WebPage","@id":"https:\/\/chrisonsax.com\/product\/ciudad-habana-jimmy-the-sax-alto-sax-sheet-music\/","url":"https:\/\/chrisonsax.com\/product\/ciudad-habana-jimmy-the-sax-alto-sax-sheet-music\/","name":"Ciudad Habana -Alto Sax Partition PDF | Jimmy The Sax","isPartOf":{"@id":"https:\/\/chrisonsax.com\/#website"},"primaryImageOfPage":{"@id":"https:\/\/chrisonsax.com\/product\/ciudad-habana-jimmy-the-sax-alto-sax-sheet-music\/#primaryimage"},"image":{"@id":"https:\/\/chrisonsax.com\/product\/ciudad-habana-jimmy-the-sax-alto-sax-sheet-music\/#primaryimage"},"thumbnailUrl":"https:\/\/chrisonsax.com\/wp-content\/uploads\/2025\/06\/ciudad-habana-eb.jpg","datePublished":"2025-06-26T09:03:43+00:00","dateModified":"2026-03-05T05:58:52+00:00","description":"T\u00e9l\u00e9chargez la partition Ciudad Habana pour saxophone alto de Jimmy The Sax. Transcription de jazz latin en format PDF - t\u00e9l\u00e9chargement instantan\u00e9 !","breadcrumb":{"@id":"https:\/\/chrisonsax.com\/product\/ciudad-habana-jimmy-the-sax-alto-sax-sheet-music\/#breadcrumb"},"inLanguage":"fr-FR","potentialAction":[{"@type":"ReadAction","target":["https:\/\/chrisonsax.com\/product\/ciudad-habana-jimmy-the-sax-alto-sax-sheet-music\/"]}]},{"@type":"ImageObject","inLanguage":"fr-FR","@id":"https:\/\/chrisonsax.com\/product\/ciudad-habana-jimmy-the-sax-alto-sax-sheet-music\/#primaryimage","url":"https:\/\/chrisonsax.com\/wp-content\/uploads\/2025\/06\/ciudad-habana-eb.jpg","contentUrl":"https:\/\/chrisonsax.com\/wp-content\/uploads\/2025\/06\/ciudad-habana-eb.jpg","width":500,"height":500,"caption":"CIUDAD HABANA Eb"},{"@type":"BreadcrumbList","@id":"https:\/\/chrisonsax.com\/product\/ciudad-habana-jimmy-the-sax-alto-sax-sheet-music\/#breadcrumb","itemListElement":[{"@type":"ListItem","position":1,"name":"Animation cocktail","item":"https:\/\/chrisonsax.com\/"},{"@type":"ListItem","position":2,"name":"Shop","item":"https:\/\/chrisonsax.com\/boutique\/"},{"@type":"ListItem","position":3,"name":"Ciudad Habana \u2013 Jimmy The sax &#8211; Alto Sax Sheet Music"}]},{"@type":"WebSite","@id":"https:\/\/chrisonsax.com\/#website","url":"https:\/\/chrisonsax.com\/","name":"Musicien saxophoniste","description":"Cocktail sax Tel : +971 058 542 0635","publisher":{"@id":"https:\/\/chrisonsax.com\/#organization"},"potentialAction":[{"@type":"SearchAction","target":{"@type":"EntryPoint","urlTemplate":"https:\/\/chrisonsax.com\/?s={search_term_string}"},"query-input":{"@type":"PropertyValueSpecification","valueRequired":true,"valueName":"search_term_string"}}],"inLanguage":"fr-FR"},{"@type":"Organization","@id":"https:\/\/chrisonsax.com\/#organization","name":"Musicien saxophoniste","url":"https:\/\/chrisonsax.com\/","logo":{"@type":"ImageObject","inLanguage":"fr-FR","@id":"https:\/\/chrisonsax.com\/#\/schema\/logo\/image\/","url":"https:\/\/chrisonsax.com\/wp-content\/uploads\/2021\/12\/cropped-WhatsApp-Image-2021-08-28-at-13.03.56-2-1-e1674942410642.jpeg","contentUrl":"https:\/\/chrisonsax.com\/wp-content\/uploads\/2021\/12\/cropped-WhatsApp-Image-2021-08-28-at-13.03.56-2-1-e1674942410642.jpeg","width":300,"height":300,"caption":"Musicien saxophoniste"},"image":{"@id":"https:\/\/chrisonsax.com\/#\/schema\/logo\/image\/"},"sameAs":["https:\/\/www.facebook.com\/christopheonsax","https:\/\/www.instagram.com\/chris_onsax\/","https:\/\/www.youtube.com\/channel\/UCPht7xSeaLJ_4FUWV4bUOQg?view_as=subscriber"]}]}},"_links":{"self":[{"href":"https:\/\/chrisonsax.com\/fr\/wp-json\/wp\/v2\/product\/11079","targetHints":{"allow":["GET"]}}],"collection":[{"href":"https:\/\/chrisonsax.com\/fr\/wp-json\/wp\/v2\/product"}],"about":[{"href":"https:\/\/chrisonsax.com\/fr\/wp-json\/wp\/v2\/types\/product"}],"replies":[{"embeddable":true,"href":"https:\/\/chrisonsax.com\/fr\/wp-json\/wp\/v2\/comments?post=11079"}],"wp:featuredmedia":[{"embeddable":true,"href":"https:\/\/chrisonsax.com\/fr\/wp-json\/wp\/v2\/media\/11082"}],"wp:attachment":[{"href":"https:\/\/chrisonsax.com\/fr\/wp-json\/wp\/v2\/media?parent=11079"}],"wp:term":[{"taxonomy":"product_brand","embeddable":true,"href":"https:\/\/chrisonsax.com\/fr\/wp-json\/wp\/v2\/product_brand?post=11079"},{"taxonomy":"product_cat","embeddable":true,"href":"https:\/\/chrisonsax.com\/fr\/wp-json\/wp\/v2\/product_cat?post=11079"},{"taxonomy":"product_tag","embeddable":true,"href":"https:\/\/chrisonsax.com\/fr\/wp-json\/wp\/v2\/product_tag?post=11079"}],"curies":[{"name":"wp","href":"https:\/\/api.w.org\/{rel}","templated":true}]}}