{"id":11030,"date":"2025-06-22T15:56:47","date_gmt":"2025-06-22T15:56:47","guid":{"rendered":"https:\/\/chrisonsax.com\/?post_type=product&#038;p=11030"},"modified":"2026-03-05T06:19:15","modified_gmt":"2026-03-05T06:19:15","slug":"free-saxophone-fingering-chart-alto-tenor","status":"publish","type":"product","link":"https:\/\/chrisonsax.com\/fr\/produit\/tableau-de-doigte-pour-saxophone-alto-tenor\/","title":{"rendered":"Tableau de doigt\u00e9 gratuit pour saxophone - Alto et t\u00e9nor"},"content":{"rendered":"","protected":false},"excerpt":{"rendered":"<h1 class=\"ai-optimize-27\">\ud83c\udfb7<strong data-start=\"1625\" data-end=\"1689\">Tableau de doigt\u00e9 pour saxophone (alto et t\u00e9nor) - PDF Download<\/strong><\/h1>\n<p>Ce PDF visuel aide les saxophonistes d\u00e9butants \u00e0 trouver rapidement le doigt\u00e9 correct pour chaque note.<\/p>\n<p>Toutes les notes du sib grave \u00e0 l'aigu F#<br \/>\nDiagrammes de doigt\u00e9 faciles \u00e0 lire<br \/>\n\u2714 \u0152uvres pour saxophones alto et t\u00e9nor<br \/>\n\u2714 Parfait pour les d\u00e9butants<\/p>\n<p>\ud83d\udce5 T\u00e9l\u00e9chargement instantan\u00e9 et gratuit<\/p>\n<p data-start=\"517\" data-end=\"760\">\ud83c\udfa7 <strong data-start=\"520\" data-end=\"571\">Envie de pratiquer le saxophone avec une m\u00e9thode claire ?<\/strong><\/p>\n<p data-start=\"517\" data-end=\"760\">Le <strong data-start=\"578\" data-end=\"606\">Salle d'entra\u00eenement de ChrisOnSax<\/strong> est un centre d'apprentissage structur\u00e9 con\u00e7u pour <strong data-start=\"649\" data-end=\"674\">saxophonistes d\u00e9butants<\/strong>, Le site vous aide \u00e0 progresser pas \u00e0 pas gr\u00e2ce \u00e0 des exercices, des pistes d'accompagnement et des routines guid\u00e9es.<\/p>\n<p data-start=\"1210\" data-end=\"1253\"><span style=\"font-family: var(--global-body-font-family);\">\ud83d\udc49 <\/span><a href=\"https:\/\/chrisonsax.com\/fr\/cours-sax-dubai\/#free\"><strong data-start=\"1413\" data-end=\"1444\">Commencez votre essai gratuit de 7 jours<\/strong><\/a><\/p>\n<p>&nbsp;<\/p>","protected":false},"featured_media":11029,"comment_status":"closed","ping_status":"closed","template":"","meta":{"pmpro_default_level":"","_kad_post_transparent":"default","_kad_post_title":"","_kad_post_layout":"default","_kad_post_sidebar_id":"","_kad_post_content_style":"default","_kad_post_vertical_padding":"default","_kad_post_feature":"","_kad_post_feature_position":"","_kad_post_header":false,"_kad_post_footer":false,"_kad_post_classname":""},"product_brand":[],"product_cat":[113],"product_tag":[],"class_list":{"0":"post-11030","1":"product","2":"type-product","3":"status-publish","4":"has-post-thumbnail","6":"product_cat-sheet-music-with-note-names","7":"pmpro-has-access","9":"first","10":"instock","11":"downloadable","12":"shipping-taxable","13":"purchasable","14":"product-type-simple","15":"entry","16":"content-bg","17":"loop-entry"},"yoast_head":"<!-- This site is optimized with the Yoast SEO Premium plugin v27.0 (Yoast SEO v27.4) - https:\/\/yoast.com\/product\/yoast-seo-premium-wordpress\/ -->\n<title>Free Sax Fingering Chart PDF | Alto &amp; Tenor Saxophone<\/title>\n<meta name=\"description\" content=\"Download a free saxophone fingering chart for Alto and Tenor sax \u2013 includes all main notes and clear diagrams. Ideal for beginners and students.\" \/>\n<meta name=\"robots\" content=\"index, follow, max-snippet:-1, max-image-preview:large, max-video-preview:-1\" \/>\n<link rel=\"canonical\" href=\"https:\/\/chrisonsax.com\/fr\/produit\/tableau-de-doigte-pour-saxophone-alto-tenor\/\" \/>\n<meta property=\"og:locale\" content=\"fr_FR\" \/>\n<meta property=\"og:type\" content=\"article\" \/>\n<meta property=\"og:title\" content=\"Free Saxophone Fingering Chart \u2013 Alto &amp; Tenor\" \/>\n<meta property=\"og:description\" content=\"Download a free saxophone fingering chart for Alto and Tenor sax \u2013 includes all main notes and clear diagrams. Ideal for beginners and students.\" \/>\n<meta property=\"og:url\" content=\"https:\/\/chrisonsax.com\/fr\/produit\/tableau-de-doigte-pour-saxophone-alto-tenor\/\" \/>\n<meta property=\"og:site_name\" content=\"Saxophonist\" \/>\n<meta property=\"article:publisher\" content=\"https:\/\/www.facebook.com\/christopheonsax\" \/>\n<meta property=\"article:modified_time\" content=\"2026-03-05T06:19:15+00:00\" \/>\n<meta property=\"og:image\" content=\"https:\/\/chrisonsax.com\/wp-content\/uploads\/2025\/06\/sax-beginner.jpg\" \/>\n\t<meta property=\"og:image:width\" content=\"500\" \/>\n\t<meta property=\"og:image:height\" content=\"500\" \/>\n\t<meta property=\"og:image:type\" content=\"image\/jpeg\" \/>\n<meta name=\"twitter:card\" content=\"summary_large_image\" \/>\n<meta name=\"twitter:label1\" content=\"Dur\u00e9e de lecture estim\u00e9e\" \/>\n\t<meta name=\"twitter:data1\" content=\"1 minute\" \/>\n<script type=\"application\/ld+json\" class=\"yoast-schema-graph\">{\"@context\":\"https:\\\/\\\/schema.org\",\"@graph\":[{\"@type\":\"WebPage\",\"@id\":\"https:\\\/\\\/chrisonsax.com\\\/product\\\/free-saxophone-fingering-chart-alto-tenor\\\/\",\"url\":\"https:\\\/\\\/chrisonsax.com\\\/product\\\/free-saxophone-fingering-chart-alto-tenor\\\/\",\"name\":\"Free Sax Fingering Chart PDF | Alto & Tenor Saxophone\",\"isPartOf\":{\"@id\":\"https:\\\/\\\/chrisonsax.com\\\/#website\"},\"primaryImageOfPage\":{\"@id\":\"https:\\\/\\\/chrisonsax.com\\\/product\\\/free-saxophone-fingering-chart-alto-tenor\\\/#primaryimage\"},\"image\":{\"@id\":\"https:\\\/\\\/chrisonsax.com\\\/product\\\/free-saxophone-fingering-chart-alto-tenor\\\/#primaryimage\"},\"thumbnailUrl\":\"https:\\\/\\\/chrisonsax.com\\\/wp-content\\\/uploads\\\/2025\\\/06\\\/sax-beginner.jpg\",\"datePublished\":\"2025-06-22T15:56:47+00:00\",\"dateModified\":\"2026-03-05T06:19:15+00:00\",\"description\":\"Download a free saxophone fingering chart for Alto and Tenor sax \u2013 includes all main notes and clear diagrams. Ideal for beginners and students.\",\"breadcrumb\":{\"@id\":\"https:\\\/\\\/chrisonsax.com\\\/product\\\/free-saxophone-fingering-chart-alto-tenor\\\/#breadcrumb\"},\"inLanguage\":\"fr-FR\",\"potentialAction\":[{\"@type\":\"ReadAction\",\"target\":[\"https:\\\/\\\/chrisonsax.com\\\/product\\\/free-saxophone-fingering-chart-alto-tenor\\\/\"]}]},{\"@type\":\"ImageObject\",\"inLanguage\":\"fr-FR\",\"@id\":\"https:\\\/\\\/chrisonsax.com\\\/product\\\/free-saxophone-fingering-chart-alto-tenor\\\/#primaryimage\",\"url\":\"https:\\\/\\\/chrisonsax.com\\\/wp-content\\\/uploads\\\/2025\\\/06\\\/sax-beginner.jpg\",\"contentUrl\":\"https:\\\/\\\/chrisonsax.com\\\/wp-content\\\/uploads\\\/2025\\\/06\\\/sax-beginner.jpg\",\"width\":500,\"height\":500,\"caption\":\"sax-beginner\"},{\"@type\":\"BreadcrumbList\",\"@id\":\"https:\\\/\\\/chrisonsax.com\\\/product\\\/free-saxophone-fingering-chart-alto-tenor\\\/#breadcrumb\",\"itemListElement\":[{\"@type\":\"ListItem\",\"position\":1,\"name\":\"Animation cocktail\",\"item\":\"https:\\\/\\\/chrisonsax.com\\\/\"},{\"@type\":\"ListItem\",\"position\":2,\"name\":\"Shop\",\"item\":\"https:\\\/\\\/chrisonsax.com\\\/boutique\\\/\"},{\"@type\":\"ListItem\",\"position\":3,\"name\":\"Free Saxophone Fingering Chart \u2013 Alto &#038; Tenor\"}]},{\"@type\":\"WebSite\",\"@id\":\"https:\\\/\\\/chrisonsax.com\\\/#website\",\"url\":\"https:\\\/\\\/chrisonsax.com\\\/\",\"name\":\"Musicien saxophoniste\",\"description\":\"Cocktail sax Tel : +971 058 542 0635\",\"publisher\":{\"@id\":\"https:\\\/\\\/chrisonsax.com\\\/#organization\"},\"potentialAction\":[{\"@type\":\"SearchAction\",\"target\":{\"@type\":\"EntryPoint\",\"urlTemplate\":\"https:\\\/\\\/chrisonsax.com\\\/?s={search_term_string}\"},\"query-input\":{\"@type\":\"PropertyValueSpecification\",\"valueRequired\":true,\"valueName\":\"search_term_string\"}}],\"inLanguage\":\"fr-FR\"},{\"@type\":\"Organization\",\"@id\":\"https:\\\/\\\/chrisonsax.com\\\/#organization\",\"name\":\"Musicien saxophoniste\",\"url\":\"https:\\\/\\\/chrisonsax.com\\\/\",\"logo\":{\"@type\":\"ImageObject\",\"inLanguage\":\"fr-FR\",\"@id\":\"https:\\\/\\\/chrisonsax.com\\\/#\\\/schema\\\/logo\\\/image\\\/\",\"url\":\"https:\\\/\\\/chrisonsax.com\\\/wp-content\\\/uploads\\\/2021\\\/12\\\/cropped-WhatsApp-Image-2021-08-28-at-13.03.56-2-1-e1674942410642.jpeg\",\"contentUrl\":\"https:\\\/\\\/chrisonsax.com\\\/wp-content\\\/uploads\\\/2021\\\/12\\\/cropped-WhatsApp-Image-2021-08-28-at-13.03.56-2-1-e1674942410642.jpeg\",\"width\":300,\"height\":300,\"caption\":\"Musicien saxophoniste\"},\"image\":{\"@id\":\"https:\\\/\\\/chrisonsax.com\\\/#\\\/schema\\\/logo\\\/image\\\/\"},\"sameAs\":[\"https:\\\/\\\/www.facebook.com\\\/christopheonsax\",\"https:\\\/\\\/www.instagram.com\\\/chris_onsax\\\/\",\"https:\\\/\\\/www.youtube.com\\\/channel\\\/UCPht7xSeaLJ_4FUWV4bUOQg?view_as=subscriber\"]}]}<\/script>\n<!-- \/ Yoast SEO Premium plugin. -->","yoast_head_json":{"title":"Tableau des doigt\u00e9s de saxophone gratuit PDF | Saxophone Alto et T\u00e9nor","description":"T\u00e9l\u00e9chargez gratuitement un diagramme de doigt\u00e9 pour saxophone alto et t\u00e9nor - avec toutes les notes principales et des diagrammes clairs. Id\u00e9al pour les d\u00e9butants et les \u00e9tudiants.","robots":{"index":"index","follow":"follow","max-snippet":"max-snippet:-1","max-image-preview":"max-image-preview:large","max-video-preview":"max-video-preview:-1"},"canonical":"https:\/\/chrisonsax.com\/fr\/produit\/tableau-de-doigte-pour-saxophone-alto-tenor\/","og_locale":"fr_FR","og_type":"article","og_title":"Free Saxophone Fingering Chart \u2013 Alto & Tenor","og_description":"Download a free saxophone fingering chart for Alto and Tenor sax \u2013 includes all main notes and clear diagrams. Ideal for beginners and students.","og_url":"https:\/\/chrisonsax.com\/fr\/produit\/tableau-de-doigte-pour-saxophone-alto-tenor\/","og_site_name":"Saxophonist","article_publisher":"https:\/\/www.facebook.com\/christopheonsax","article_modified_time":"2026-03-05T06:19:15+00:00","og_image":[{"width":500,"height":500,"url":"https:\/\/chrisonsax.com\/wp-content\/uploads\/2025\/06\/sax-beginner.jpg","type":"image\/jpeg"}],"twitter_card":"summary_large_image","twitter_misc":{"Dur\u00e9e de lecture estim\u00e9e":"1 minute"},"schema":{"@context":"https:\/\/schema.org","@graph":[{"@type":"WebPage","@id":"https:\/\/chrisonsax.com\/product\/free-saxophone-fingering-chart-alto-tenor\/","url":"https:\/\/chrisonsax.com\/product\/free-saxophone-fingering-chart-alto-tenor\/","name":"Tableau des doigt\u00e9s de saxophone gratuit PDF | Saxophone Alto et T\u00e9nor","isPartOf":{"@id":"https:\/\/chrisonsax.com\/#website"},"primaryImageOfPage":{"@id":"https:\/\/chrisonsax.com\/product\/free-saxophone-fingering-chart-alto-tenor\/#primaryimage"},"image":{"@id":"https:\/\/chrisonsax.com\/product\/free-saxophone-fingering-chart-alto-tenor\/#primaryimage"},"thumbnailUrl":"https:\/\/chrisonsax.com\/wp-content\/uploads\/2025\/06\/sax-beginner.jpg","datePublished":"2025-06-22T15:56:47+00:00","dateModified":"2026-03-05T06:19:15+00:00","description":"T\u00e9l\u00e9chargez gratuitement un diagramme de doigt\u00e9 pour saxophone alto et t\u00e9nor - avec toutes les notes principales et des diagrammes clairs. Id\u00e9al pour les d\u00e9butants et les \u00e9tudiants.","breadcrumb":{"@id":"https:\/\/chrisonsax.com\/product\/free-saxophone-fingering-chart-alto-tenor\/#breadcrumb"},"inLanguage":"fr-FR","potentialAction":[{"@type":"ReadAction","target":["https:\/\/chrisonsax.com\/product\/free-saxophone-fingering-chart-alto-tenor\/"]}]},{"@type":"ImageObject","inLanguage":"fr-FR","@id":"https:\/\/chrisonsax.com\/product\/free-saxophone-fingering-chart-alto-tenor\/#primaryimage","url":"https:\/\/chrisonsax.com\/wp-content\/uploads\/2025\/06\/sax-beginner.jpg","contentUrl":"https:\/\/chrisonsax.com\/wp-content\/uploads\/2025\/06\/sax-beginner.jpg","width":500,"height":500,"caption":"sax-beginner"},{"@type":"BreadcrumbList","@id":"https:\/\/chrisonsax.com\/product\/free-saxophone-fingering-chart-alto-tenor\/#breadcrumb","itemListElement":[{"@type":"ListItem","position":1,"name":"Animation cocktail","item":"https:\/\/chrisonsax.com\/"},{"@type":"ListItem","position":2,"name":"Shop","item":"https:\/\/chrisonsax.com\/boutique\/"},{"@type":"ListItem","position":3,"name":"Free Saxophone Fingering Chart \u2013 Alto &#038; Tenor"}]},{"@type":"WebSite","@id":"https:\/\/chrisonsax.com\/#website","url":"https:\/\/chrisonsax.com\/","name":"Musicien saxophoniste","description":"Cocktail sax Tel : +971 058 542 0635","publisher":{"@id":"https:\/\/chrisonsax.com\/#organization"},"potentialAction":[{"@type":"SearchAction","target":{"@type":"EntryPoint","urlTemplate":"https:\/\/chrisonsax.com\/?s={search_term_string}"},"query-input":{"@type":"PropertyValueSpecification","valueRequired":true,"valueName":"search_term_string"}}],"inLanguage":"fr-FR"},{"@type":"Organization","@id":"https:\/\/chrisonsax.com\/#organization","name":"Musicien saxophoniste","url":"https:\/\/chrisonsax.com\/","logo":{"@type":"ImageObject","inLanguage":"fr-FR","@id":"https:\/\/chrisonsax.com\/#\/schema\/logo\/image\/","url":"https:\/\/chrisonsax.com\/wp-content\/uploads\/2021\/12\/cropped-WhatsApp-Image-2021-08-28-at-13.03.56-2-1-e1674942410642.jpeg","contentUrl":"https:\/\/chrisonsax.com\/wp-content\/uploads\/2021\/12\/cropped-WhatsApp-Image-2021-08-28-at-13.03.56-2-1-e1674942410642.jpeg","width":300,"height":300,"caption":"Musicien saxophoniste"},"image":{"@id":"https:\/\/chrisonsax.com\/#\/schema\/logo\/image\/"},"sameAs":["https:\/\/www.facebook.com\/christopheonsax","https:\/\/www.instagram.com\/chris_onsax\/","https:\/\/www.youtube.com\/channel\/UCPht7xSeaLJ_4FUWV4bUOQg?view_as=subscriber"]}]}},"_links":{"self":[{"href":"https:\/\/chrisonsax.com\/fr\/wp-json\/wp\/v2\/product\/11030","targetHints":{"allow":["GET"]}}],"collection":[{"href":"https:\/\/chrisonsax.com\/fr\/wp-json\/wp\/v2\/product"}],"about":[{"href":"https:\/\/chrisonsax.com\/fr\/wp-json\/wp\/v2\/types\/product"}],"replies":[{"embeddable":true,"href":"https:\/\/chrisonsax.com\/fr\/wp-json\/wp\/v2\/comments?post=11030"}],"wp:featuredmedia":[{"embeddable":true,"href":"https:\/\/chrisonsax.com\/fr\/wp-json\/wp\/v2\/media\/11029"}],"wp:attachment":[{"href":"https:\/\/chrisonsax.com\/fr\/wp-json\/wp\/v2\/media?parent=11030"}],"wp:term":[{"taxonomy":"product_brand","embeddable":true,"href":"https:\/\/chrisonsax.com\/fr\/wp-json\/wp\/v2\/product_brand?post=11030"},{"taxonomy":"product_cat","embeddable":true,"href":"https:\/\/chrisonsax.com\/fr\/wp-json\/wp\/v2\/product_cat?post=11030"},{"taxonomy":"product_tag","embeddable":true,"href":"https:\/\/chrisonsax.com\/fr\/wp-json\/wp\/v2\/product_tag?post=11030"}],"curies":[{"name":"wp","href":"https:\/\/api.w.org\/{rel}","templated":true}]}}