{"id":11015,"date":"2025-06-22T14:33:50","date_gmt":"2025-06-22T14:33:50","guid":{"rendered":"https:\/\/chrisonsax.com\/?post_type=product&#038;p=11015"},"modified":"2026-03-05T05:59:20","modified_gmt":"2026-03-05T05:59:20","slug":"miss-you-cover-the-rolling-stones-alto-saxophone-eb","status":"publish","type":"product","link":"https:\/\/chrisonsax.com\/fr\/produit\/le-monde-de-lart-et-de-lartisanat-en-france\/","title":{"rendered":"Miss You (Cover The Rolling Stones) - Saxophone Alto Mib"},"content":{"rendered":"","protected":false},"excerpt":{"rendered":"<h1 class=\"ai-optimize-28\" data-start=\"483\" data-end=\"756\">Miss You (Cover The Rolling Stones) - Saxophone Alto Mib<\/h1>\n<p class=\"ai-optimize-29\" data-start=\"483\" data-end=\"756\">Apportez une touche de groove \u00e0 votre setlist avec cette transcription moderne pour saxophone alto de <em data-start=\"597\" data-end=\"607\">Tu me manques<\/em> des Rolling Stones.<br data-start=\"630\" data-end=\"633\" \/>\ud83c\udfb7 Arrang\u00e9 pour Alto Sax uniquement<br data-start=\"662\" data-end=\"665\" \/>\ud83c\udfb5 Inclut les partitions au format PDF (sans les noms des notes)<br data-start=\"713\" data-end=\"716\" \/>\ud83d\udd01 Id\u00e9al pour les saxophonistes de niveau interm\u00e9diaire<\/p>\n<p class=\"ai-optimize-30\" data-start=\"758\" data-end=\"862\"><em data-start=\"758\" data-end=\"803\">Ce produit ne comprend que la partition.<\/em><br data-start=\"803\" data-end=\"806\" \/>\ud83d\udc49 Associez-le \u00e0 la piste d'accompagnement pour une exp\u00e9rience compl\u00e8te.<\/p>","protected":false},"featured_media":11018,"comment_status":"closed","ping_status":"closed","template":"","meta":{"pmpro_default_level":"","_kad_post_transparent":"default","_kad_post_title":"","_kad_post_layout":"default","_kad_post_sidebar_id":"","_kad_post_content_style":"default","_kad_post_vertical_padding":"default","_kad_post_feature":"","_kad_post_feature_position":"","_kad_post_header":false,"_kad_post_footer":false,"_kad_post_classname":""},"product_brand":[],"product_cat":[117,112,87],"product_tag":[],"class_list":{"0":"post-11015","1":"product","2":"type-product","3":"status-publish","4":"has-post-thumbnail","6":"product_cat-alto-saxophone","7":"product_cat-other","8":"product_cat-sheets-music","9":"pmpro-has-access","11":"first","12":"instock","13":"downloadable","14":"shipping-taxable","15":"purchasable","16":"product-type-simple","17":"entry","18":"content-bg","19":"loop-entry"},"yoast_head":"<!-- This site is optimized with the Yoast SEO Premium plugin v27.0 (Yoast SEO v27.4) - https:\/\/yoast.com\/product\/yoast-seo-premium-wordpress\/ -->\n<title>Miss You \u2013 The Rolling Stones | Alto Sax Sheet Music<\/title>\n<meta name=\"description\" content=\"Download the alto sax sheet music for \u201cMiss You\u201d by The Rolling Stones \u2013 a modern saxophone arrangement. Perfect for solo performances.\" \/>\n<meta name=\"robots\" content=\"index, follow, max-snippet:-1, max-image-preview:large, max-video-preview:-1\" \/>\n<link rel=\"canonical\" href=\"https:\/\/chrisonsax.com\/fr\/produit\/le-monde-de-lart-et-de-lartisanat-en-france\/\" \/>\n<meta property=\"og:locale\" content=\"fr_FR\" \/>\n<meta property=\"og:type\" content=\"article\" \/>\n<meta property=\"og:title\" content=\"Miss You (Cover The Rolling Stones) \u2013 Alto Saxophone Eb\" \/>\n<meta property=\"og:description\" content=\"Download the alto sax sheet music for \u201cMiss You\u201d by The Rolling Stones \u2013 a modern saxophone arrangement. Perfect for solo performances.\" \/>\n<meta property=\"og:url\" content=\"https:\/\/chrisonsax.com\/fr\/produit\/le-monde-de-lart-et-de-lartisanat-en-france\/\" \/>\n<meta property=\"og:site_name\" content=\"Saxophonist\" \/>\n<meta property=\"article:publisher\" content=\"https:\/\/www.facebook.com\/christopheonsax\" \/>\n<meta property=\"article:modified_time\" content=\"2026-03-05T05:59:20+00:00\" \/>\n<meta property=\"og:image\" content=\"https:\/\/chrisonsax.com\/wp-content\/uploads\/2025\/06\/miss-you-sax-alto-2.jpg\" \/>\n\t<meta property=\"og:image:width\" content=\"500\" \/>\n\t<meta property=\"og:image:height\" content=\"500\" \/>\n\t<meta property=\"og:image:type\" content=\"image\/jpeg\" \/>\n<meta name=\"twitter:card\" content=\"summary_large_image\" \/>\n<meta name=\"twitter:label1\" content=\"Dur\u00e9e de lecture estim\u00e9e\" \/>\n\t<meta name=\"twitter:data1\" content=\"1 minute\" \/>\n<script type=\"application\/ld+json\" class=\"yoast-schema-graph\">{\"@context\":\"https:\\\/\\\/schema.org\",\"@graph\":[{\"@type\":\"WebPage\",\"@id\":\"https:\\\/\\\/chrisonsax.com\\\/product\\\/miss-you-cover-the-rolling-stones-alto-saxophone-eb\\\/\",\"url\":\"https:\\\/\\\/chrisonsax.com\\\/product\\\/miss-you-cover-the-rolling-stones-alto-saxophone-eb\\\/\",\"name\":\"Miss You \u2013 The Rolling Stones | Alto Sax Sheet Music\",\"isPartOf\":{\"@id\":\"https:\\\/\\\/chrisonsax.com\\\/#website\"},\"primaryImageOfPage\":{\"@id\":\"https:\\\/\\\/chrisonsax.com\\\/product\\\/miss-you-cover-the-rolling-stones-alto-saxophone-eb\\\/#primaryimage\"},\"image\":{\"@id\":\"https:\\\/\\\/chrisonsax.com\\\/product\\\/miss-you-cover-the-rolling-stones-alto-saxophone-eb\\\/#primaryimage\"},\"thumbnailUrl\":\"https:\\\/\\\/chrisonsax.com\\\/wp-content\\\/uploads\\\/2025\\\/06\\\/miss-you-sax-alto-2.jpg\",\"datePublished\":\"2025-06-22T14:33:50+00:00\",\"dateModified\":\"2026-03-05T05:59:20+00:00\",\"description\":\"Download the alto sax sheet music for \u201cMiss You\u201d by The Rolling Stones \u2013 a modern saxophone arrangement. Perfect for solo performances.\",\"breadcrumb\":{\"@id\":\"https:\\\/\\\/chrisonsax.com\\\/product\\\/miss-you-cover-the-rolling-stones-alto-saxophone-eb\\\/#breadcrumb\"},\"inLanguage\":\"fr-FR\",\"potentialAction\":[{\"@type\":\"ReadAction\",\"target\":[\"https:\\\/\\\/chrisonsax.com\\\/product\\\/miss-you-cover-the-rolling-stones-alto-saxophone-eb\\\/\"]}]},{\"@type\":\"ImageObject\",\"inLanguage\":\"fr-FR\",\"@id\":\"https:\\\/\\\/chrisonsax.com\\\/product\\\/miss-you-cover-the-rolling-stones-alto-saxophone-eb\\\/#primaryimage\",\"url\":\"https:\\\/\\\/chrisonsax.com\\\/wp-content\\\/uploads\\\/2025\\\/06\\\/miss-you-sax-alto-2.jpg\",\"contentUrl\":\"https:\\\/\\\/chrisonsax.com\\\/wp-content\\\/uploads\\\/2025\\\/06\\\/miss-you-sax-alto-2.jpg\",\"width\":500,\"height\":500},{\"@type\":\"BreadcrumbList\",\"@id\":\"https:\\\/\\\/chrisonsax.com\\\/product\\\/miss-you-cover-the-rolling-stones-alto-saxophone-eb\\\/#breadcrumb\",\"itemListElement\":[{\"@type\":\"ListItem\",\"position\":1,\"name\":\"Animation cocktail\",\"item\":\"https:\\\/\\\/chrisonsax.com\\\/\"},{\"@type\":\"ListItem\",\"position\":2,\"name\":\"Shop\",\"item\":\"https:\\\/\\\/chrisonsax.com\\\/boutique\\\/\"},{\"@type\":\"ListItem\",\"position\":3,\"name\":\"Miss You (Cover The Rolling Stones) \u2013 Alto Saxophone Eb\"}]},{\"@type\":\"WebSite\",\"@id\":\"https:\\\/\\\/chrisonsax.com\\\/#website\",\"url\":\"https:\\\/\\\/chrisonsax.com\\\/\",\"name\":\"Musicien saxophoniste\",\"description\":\"Cocktail sax Tel : +971 058 542 0635\",\"publisher\":{\"@id\":\"https:\\\/\\\/chrisonsax.com\\\/#organization\"},\"potentialAction\":[{\"@type\":\"SearchAction\",\"target\":{\"@type\":\"EntryPoint\",\"urlTemplate\":\"https:\\\/\\\/chrisonsax.com\\\/?s={search_term_string}\"},\"query-input\":{\"@type\":\"PropertyValueSpecification\",\"valueRequired\":true,\"valueName\":\"search_term_string\"}}],\"inLanguage\":\"fr-FR\"},{\"@type\":\"Organization\",\"@id\":\"https:\\\/\\\/chrisonsax.com\\\/#organization\",\"name\":\"Musicien saxophoniste\",\"url\":\"https:\\\/\\\/chrisonsax.com\\\/\",\"logo\":{\"@type\":\"ImageObject\",\"inLanguage\":\"fr-FR\",\"@id\":\"https:\\\/\\\/chrisonsax.com\\\/#\\\/schema\\\/logo\\\/image\\\/\",\"url\":\"https:\\\/\\\/chrisonsax.com\\\/wp-content\\\/uploads\\\/2021\\\/12\\\/cropped-WhatsApp-Image-2021-08-28-at-13.03.56-2-1-e1674942410642.jpeg\",\"contentUrl\":\"https:\\\/\\\/chrisonsax.com\\\/wp-content\\\/uploads\\\/2021\\\/12\\\/cropped-WhatsApp-Image-2021-08-28-at-13.03.56-2-1-e1674942410642.jpeg\",\"width\":300,\"height\":300,\"caption\":\"Musicien saxophoniste\"},\"image\":{\"@id\":\"https:\\\/\\\/chrisonsax.com\\\/#\\\/schema\\\/logo\\\/image\\\/\"},\"sameAs\":[\"https:\\\/\\\/www.facebook.com\\\/christopheonsax\",\"https:\\\/\\\/www.instagram.com\\\/chris_onsax\\\/\",\"https:\\\/\\\/www.youtube.com\\\/channel\\\/UCPht7xSeaLJ_4FUWV4bUOQg?view_as=subscriber\"]}]}<\/script>\n<!-- \/ Yoast SEO Premium plugin. -->","yoast_head_json":{"title":"Miss You - The Rolling Stones | Alto Sax Sheet Music","description":"T\u00e9l\u00e9chargez la partition de saxophone alto pour \"Miss You\" des Rolling Stones - un arrangement moderne pour saxophone. Parfait pour les performances en solo.","robots":{"index":"index","follow":"follow","max-snippet":"max-snippet:-1","max-image-preview":"max-image-preview:large","max-video-preview":"max-video-preview:-1"},"canonical":"https:\/\/chrisonsax.com\/fr\/produit\/le-monde-de-lart-et-de-lartisanat-en-france\/","og_locale":"fr_FR","og_type":"article","og_title":"Miss You (Cover The Rolling Stones) \u2013 Alto Saxophone Eb","og_description":"Download the alto sax sheet music for \u201cMiss You\u201d by The Rolling Stones \u2013 a modern saxophone arrangement. Perfect for solo performances.","og_url":"https:\/\/chrisonsax.com\/fr\/produit\/le-monde-de-lart-et-de-lartisanat-en-france\/","og_site_name":"Saxophonist","article_publisher":"https:\/\/www.facebook.com\/christopheonsax","article_modified_time":"2026-03-05T05:59:20+00:00","og_image":[{"width":500,"height":500,"url":"https:\/\/chrisonsax.com\/wp-content\/uploads\/2025\/06\/miss-you-sax-alto-2.jpg","type":"image\/jpeg"}],"twitter_card":"summary_large_image","twitter_misc":{"Dur\u00e9e de lecture estim\u00e9e":"1 minute"},"schema":{"@context":"https:\/\/schema.org","@graph":[{"@type":"WebPage","@id":"https:\/\/chrisonsax.com\/product\/miss-you-cover-the-rolling-stones-alto-saxophone-eb\/","url":"https:\/\/chrisonsax.com\/product\/miss-you-cover-the-rolling-stones-alto-saxophone-eb\/","name":"Miss You - The Rolling Stones | Alto Sax Sheet Music","isPartOf":{"@id":"https:\/\/chrisonsax.com\/#website"},"primaryImageOfPage":{"@id":"https:\/\/chrisonsax.com\/product\/miss-you-cover-the-rolling-stones-alto-saxophone-eb\/#primaryimage"},"image":{"@id":"https:\/\/chrisonsax.com\/product\/miss-you-cover-the-rolling-stones-alto-saxophone-eb\/#primaryimage"},"thumbnailUrl":"https:\/\/chrisonsax.com\/wp-content\/uploads\/2025\/06\/miss-you-sax-alto-2.jpg","datePublished":"2025-06-22T14:33:50+00:00","dateModified":"2026-03-05T05:59:20+00:00","description":"T\u00e9l\u00e9chargez la partition de saxophone alto pour \"Miss You\" des Rolling Stones - un arrangement moderne pour saxophone. Parfait pour les performances en solo.","breadcrumb":{"@id":"https:\/\/chrisonsax.com\/product\/miss-you-cover-the-rolling-stones-alto-saxophone-eb\/#breadcrumb"},"inLanguage":"fr-FR","potentialAction":[{"@type":"ReadAction","target":["https:\/\/chrisonsax.com\/product\/miss-you-cover-the-rolling-stones-alto-saxophone-eb\/"]}]},{"@type":"ImageObject","inLanguage":"fr-FR","@id":"https:\/\/chrisonsax.com\/product\/miss-you-cover-the-rolling-stones-alto-saxophone-eb\/#primaryimage","url":"https:\/\/chrisonsax.com\/wp-content\/uploads\/2025\/06\/miss-you-sax-alto-2.jpg","contentUrl":"https:\/\/chrisonsax.com\/wp-content\/uploads\/2025\/06\/miss-you-sax-alto-2.jpg","width":500,"height":500},{"@type":"BreadcrumbList","@id":"https:\/\/chrisonsax.com\/product\/miss-you-cover-the-rolling-stones-alto-saxophone-eb\/#breadcrumb","itemListElement":[{"@type":"ListItem","position":1,"name":"Animation cocktail","item":"https:\/\/chrisonsax.com\/"},{"@type":"ListItem","position":2,"name":"Shop","item":"https:\/\/chrisonsax.com\/boutique\/"},{"@type":"ListItem","position":3,"name":"Miss You (Cover The Rolling Stones) \u2013 Alto Saxophone Eb"}]},{"@type":"WebSite","@id":"https:\/\/chrisonsax.com\/#website","url":"https:\/\/chrisonsax.com\/","name":"Musicien saxophoniste","description":"Cocktail sax Tel : +971 058 542 0635","publisher":{"@id":"https:\/\/chrisonsax.com\/#organization"},"potentialAction":[{"@type":"SearchAction","target":{"@type":"EntryPoint","urlTemplate":"https:\/\/chrisonsax.com\/?s={search_term_string}"},"query-input":{"@type":"PropertyValueSpecification","valueRequired":true,"valueName":"search_term_string"}}],"inLanguage":"fr-FR"},{"@type":"Organization","@id":"https:\/\/chrisonsax.com\/#organization","name":"Musicien saxophoniste","url":"https:\/\/chrisonsax.com\/","logo":{"@type":"ImageObject","inLanguage":"fr-FR","@id":"https:\/\/chrisonsax.com\/#\/schema\/logo\/image\/","url":"https:\/\/chrisonsax.com\/wp-content\/uploads\/2021\/12\/cropped-WhatsApp-Image-2021-08-28-at-13.03.56-2-1-e1674942410642.jpeg","contentUrl":"https:\/\/chrisonsax.com\/wp-content\/uploads\/2021\/12\/cropped-WhatsApp-Image-2021-08-28-at-13.03.56-2-1-e1674942410642.jpeg","width":300,"height":300,"caption":"Musicien saxophoniste"},"image":{"@id":"https:\/\/chrisonsax.com\/#\/schema\/logo\/image\/"},"sameAs":["https:\/\/www.facebook.com\/christopheonsax","https:\/\/www.instagram.com\/chris_onsax\/","https:\/\/www.youtube.com\/channel\/UCPht7xSeaLJ_4FUWV4bUOQg?view_as=subscriber"]}]}},"_links":{"self":[{"href":"https:\/\/chrisonsax.com\/fr\/wp-json\/wp\/v2\/product\/11015","targetHints":{"allow":["GET"]}}],"collection":[{"href":"https:\/\/chrisonsax.com\/fr\/wp-json\/wp\/v2\/product"}],"about":[{"href":"https:\/\/chrisonsax.com\/fr\/wp-json\/wp\/v2\/types\/product"}],"replies":[{"embeddable":true,"href":"https:\/\/chrisonsax.com\/fr\/wp-json\/wp\/v2\/comments?post=11015"}],"wp:featuredmedia":[{"embeddable":true,"href":"https:\/\/chrisonsax.com\/fr\/wp-json\/wp\/v2\/media\/11018"}],"wp:attachment":[{"href":"https:\/\/chrisonsax.com\/fr\/wp-json\/wp\/v2\/media?parent=11015"}],"wp:term":[{"taxonomy":"product_brand","embeddable":true,"href":"https:\/\/chrisonsax.com\/fr\/wp-json\/wp\/v2\/product_brand?post=11015"},{"taxonomy":"product_cat","embeddable":true,"href":"https:\/\/chrisonsax.com\/fr\/wp-json\/wp\/v2\/product_cat?post=11015"},{"taxonomy":"product_tag","embeddable":true,"href":"https:\/\/chrisonsax.com\/fr\/wp-json\/wp\/v2\/product_tag?post=11015"}],"curies":[{"name":"wp","href":"https:\/\/api.w.org\/{rel}","templated":true}]}}