{"id":10983,"date":"2025-06-22T07:40:27","date_gmt":"2025-06-22T07:40:27","guid":{"rendered":"https:\/\/chrisonsax.com\/?post_type=product&#038;p=10983"},"modified":"2026-03-05T06:12:43","modified_gmt":"2026-03-05T06:12:43","slug":"i-will-survive-cover-sax-alto","status":"publish","type":"product","link":"https:\/\/chrisonsax.com\/fr\/produit\/i-will-survive-cover-sax-alto\/","title":{"rendered":"I Will Survive - (Transcription Daniele Vitale) Sax Alto Eb"},"content":{"rendered":"","protected":false},"excerpt":{"rendered":"<h1 class=\"ai-optimize-24\">I Will Survive - Sax &amp; Flamenco Guitar | Alto Sax Sheet Music (Clean Version)<\/h1>\n<p class=\"ai-optimize-25 ai-optimize-introduction\" data-start=\"591\" data-end=\"832\">D\u00e9couvrez le m\u00e9lange fougueux du saxophone et de la guitare flamenco avec cette transcription \u00e9pur\u00e9e de <em data-start=\"715\" data-end=\"757\">\"I Will Survive - Sax &amp; Flamenco Guitar\" (en anglais)<\/em>inspir\u00e9e par la belle performance de<strong> Daniele Vitale &amp; Emanuel Victor.<\/strong><\/p>\n<p class=\"ai-optimize-26\" data-start=\"834\" data-end=\"992\">Arrang\u00e9 pour <strong data-start=\"847\" data-end=\"870\">Saxophone alto (mib)<\/strong>Cette version est id\u00e9ale pour les musiciens de niveau interm\u00e9diaire qui veulent un morceau m\u00e9lodique et expressif \u00e0 jouer en concert ou \u00e0 r\u00e9p\u00e9ter chez eux.<\/p>\n<p class=\"ai-optimize-28\" data-start=\"1112\" data-end=\"1137\"><strong data-start=\"1112\" data-end=\"1135\">\ud83d\udce6 Ce qui est inclus :<\/strong><\/p>\n<ul data-start=\"1138\" data-end=\"1245\">\n<li class=\"ai-optimize-29\" data-start=\"1138\" data-end=\"1157\">\n<p class=\"ai-optimize-30\" data-start=\"1140\" data-end=\"1157\">Partitions en PDF<\/p>\n<\/li>\n<li class=\"ai-optimize-31\" data-start=\"1158\" data-end=\"1189\">\n<p class=\"ai-optimize-32\" data-start=\"1160\" data-end=\"1189\">Format : Mib (Saxophone Alto)<\/p>\n<\/li>\n<li class=\"ai-optimize-33\" data-start=\"1190\" data-end=\"1213\">\n<p class=\"ai-optimize-34\" data-start=\"1192\" data-end=\"1213\">Niveau : Interm\u00e9diaire<\/p>\n<\/li>\n<li class=\"ai-optimize-35\" data-start=\"1214\" data-end=\"1245\">\n<p class=\"ai-optimize-36\" data-start=\"1216\" data-end=\"1245\">Style : Latin \/ Flamenco Pop<\/p>\n<\/li>\n<\/ul>\n<p data-start=\"517\" data-end=\"760\">\ud83c\udfa7 <strong data-start=\"520\" data-end=\"571\">Envie de pratiquer le saxophone avec une m\u00e9thode claire ?<\/strong><\/p>\n<p data-start=\"517\" data-end=\"760\">Le <strong data-start=\"578\" data-end=\"606\">Salle d'entra\u00eenement de ChrisOnSax<\/strong> est un centre d'apprentissage structur\u00e9 con\u00e7u pour <strong data-start=\"649\" data-end=\"674\">saxophonistes d\u00e9butants<\/strong>, Le site vous aide \u00e0 progresser pas \u00e0 pas gr\u00e2ce \u00e0 des exercices, des pistes d'accompagnement et des routines guid\u00e9es.<\/p>\n<p data-start=\"1210\" data-end=\"1253\"><span style=\"font-family: var(--global-body-font-family);\">\ud83d\udc49 <\/span><a href=\"https:\/\/chrisonsax.com\/fr\/cours-sax-dubai\/#free\"><strong data-start=\"1413\" data-end=\"1444\">Commencez votre essai gratuit de 7 jours<\/strong><\/a><\/p>","protected":false},"featured_media":10985,"comment_status":"closed","ping_status":"closed","template":"","meta":{"pmpro_default_level":"","_kad_post_transparent":"default","_kad_post_title":"","_kad_post_layout":"default","_kad_post_sidebar_id":"","_kad_post_content_style":"default","_kad_post_vertical_padding":"default","_kad_post_feature":"","_kad_post_feature_position":"","_kad_post_header":false,"_kad_post_footer":false,"_kad_post_classname":""},"product_brand":[],"product_cat":[110,117,87],"product_tag":[],"class_list":{"0":"post-10983","1":"product","2":"type-product","3":"status-publish","4":"has-post-thumbnail","6":"product_cat-daniele-vitale","7":"product_cat-alto-saxophone","8":"product_cat-sheets-music","9":"pmpro-has-access","11":"first","12":"instock","13":"downloadable","14":"shipping-taxable","15":"purchasable","16":"product-type-simple","17":"entry","18":"content-bg","19":"loop-entry"},"yoast_head":"<!-- This site is optimized with the Yoast SEO Premium plugin v27.0 (Yoast SEO v27.5) - https:\/\/yoast.com\/product\/yoast-seo-premium-wordpress\/ -->\n<title>I Will Survive \u2013 Sax &amp; Flamenco Guitar | Alto Sax Sheet Music<\/title>\n<meta name=\"description\" content=\"Download the Sax Alto Sax sheet music for \u201cI Will Survive \u2013 Sax &amp; Flamenco Guitar\u201d (Daniele Vitale &amp; Emanuel Victor). Instant Download\" \/>\n<meta name=\"robots\" content=\"index, follow, max-snippet:-1, max-image-preview:large, max-video-preview:-1\" \/>\n<link rel=\"canonical\" href=\"https:\/\/chrisonsax.com\/fr\/produit\/i-will-survive-cover-sax-alto\/\" \/>\n<meta property=\"og:locale\" content=\"fr_FR\" \/>\n<meta property=\"og:type\" content=\"article\" \/>\n<meta property=\"og:title\" content=\"I Will Survive \u2013 (Daniele Vitale Transcription) Sax Alto Eb\" \/>\n<meta property=\"og:description\" content=\"Download the Sax Alto Sax sheet music for \u201cI Will Survive \u2013 Sax &amp; Flamenco Guitar\u201d (Daniele Vitale &amp; Emanuel Victor). Instant Download\" \/>\n<meta property=\"og:url\" content=\"https:\/\/chrisonsax.com\/fr\/produit\/i-will-survive-cover-sax-alto\/\" \/>\n<meta property=\"og:site_name\" content=\"Saxophonist\" \/>\n<meta property=\"article:publisher\" content=\"https:\/\/www.facebook.com\/christopheonsax\" \/>\n<meta property=\"article:modified_time\" content=\"2026-03-05T06:12:43+00:00\" \/>\n<meta property=\"og:image\" content=\"https:\/\/chrisonsax.com\/wp-content\/uploads\/2025\/06\/i-will-survive.jpg\" \/>\n\t<meta property=\"og:image:width\" content=\"500\" \/>\n\t<meta property=\"og:image:height\" content=\"500\" \/>\n\t<meta property=\"og:image:type\" content=\"image\/jpeg\" \/>\n<meta name=\"twitter:card\" content=\"summary_large_image\" \/>\n<meta name=\"twitter:label1\" content=\"Dur\u00e9e de lecture estim\u00e9e\" \/>\n\t<meta name=\"twitter:data1\" content=\"1 minute\" \/>\n<script type=\"application\/ld+json\" class=\"yoast-schema-graph\">{\"@context\":\"https:\\\/\\\/schema.org\",\"@graph\":[{\"@type\":\"WebPage\",\"@id\":\"https:\\\/\\\/chrisonsax.com\\\/product\\\/i-will-survive-cover-sax-alto\\\/\",\"url\":\"https:\\\/\\\/chrisonsax.com\\\/product\\\/i-will-survive-cover-sax-alto\\\/\",\"name\":\"I Will Survive \u2013 Sax & Flamenco Guitar | Alto Sax Sheet Music\",\"isPartOf\":{\"@id\":\"https:\\\/\\\/chrisonsax.com\\\/#website\"},\"primaryImageOfPage\":{\"@id\":\"https:\\\/\\\/chrisonsax.com\\\/product\\\/i-will-survive-cover-sax-alto\\\/#primaryimage\"},\"image\":{\"@id\":\"https:\\\/\\\/chrisonsax.com\\\/product\\\/i-will-survive-cover-sax-alto\\\/#primaryimage\"},\"thumbnailUrl\":\"https:\\\/\\\/chrisonsax.com\\\/wp-content\\\/uploads\\\/2025\\\/06\\\/i-will-survive.jpg\",\"datePublished\":\"2025-06-22T07:40:27+00:00\",\"dateModified\":\"2026-03-05T06:12:43+00:00\",\"description\":\"Download the Sax Alto Sax sheet music for \u201cI Will Survive \u2013 Sax & Flamenco Guitar\u201d (Daniele Vitale & Emanuel Victor). Instant Download\",\"breadcrumb\":{\"@id\":\"https:\\\/\\\/chrisonsax.com\\\/product\\\/i-will-survive-cover-sax-alto\\\/#breadcrumb\"},\"inLanguage\":\"fr-FR\",\"potentialAction\":[{\"@type\":\"ReadAction\",\"target\":[\"https:\\\/\\\/chrisonsax.com\\\/product\\\/i-will-survive-cover-sax-alto\\\/\"]}]},{\"@type\":\"ImageObject\",\"inLanguage\":\"fr-FR\",\"@id\":\"https:\\\/\\\/chrisonsax.com\\\/product\\\/i-will-survive-cover-sax-alto\\\/#primaryimage\",\"url\":\"https:\\\/\\\/chrisonsax.com\\\/wp-content\\\/uploads\\\/2025\\\/06\\\/i-will-survive.jpg\",\"contentUrl\":\"https:\\\/\\\/chrisonsax.com\\\/wp-content\\\/uploads\\\/2025\\\/06\\\/i-will-survive.jpg\",\"width\":500,\"height\":500},{\"@type\":\"BreadcrumbList\",\"@id\":\"https:\\\/\\\/chrisonsax.com\\\/product\\\/i-will-survive-cover-sax-alto\\\/#breadcrumb\",\"itemListElement\":[{\"@type\":\"ListItem\",\"position\":1,\"name\":\"Animation cocktail\",\"item\":\"https:\\\/\\\/chrisonsax.com\\\/\"},{\"@type\":\"ListItem\",\"position\":2,\"name\":\"Shop\",\"item\":\"https:\\\/\\\/chrisonsax.com\\\/boutique\\\/\"},{\"@type\":\"ListItem\",\"position\":3,\"name\":\"I Will Survive \u2013 (Daniele Vitale Transcription) Sax Alto Eb\"}]},{\"@type\":\"WebSite\",\"@id\":\"https:\\\/\\\/chrisonsax.com\\\/#website\",\"url\":\"https:\\\/\\\/chrisonsax.com\\\/\",\"name\":\"Musicien saxophoniste\",\"description\":\"Cocktail sax Tel : +971 058 542 0635\",\"publisher\":{\"@id\":\"https:\\\/\\\/chrisonsax.com\\\/#organization\"},\"potentialAction\":[{\"@type\":\"SearchAction\",\"target\":{\"@type\":\"EntryPoint\",\"urlTemplate\":\"https:\\\/\\\/chrisonsax.com\\\/?s={search_term_string}\"},\"query-input\":{\"@type\":\"PropertyValueSpecification\",\"valueRequired\":true,\"valueName\":\"search_term_string\"}}],\"inLanguage\":\"fr-FR\"},{\"@type\":\"Organization\",\"@id\":\"https:\\\/\\\/chrisonsax.com\\\/#organization\",\"name\":\"Musicien saxophoniste\",\"url\":\"https:\\\/\\\/chrisonsax.com\\\/\",\"logo\":{\"@type\":\"ImageObject\",\"inLanguage\":\"fr-FR\",\"@id\":\"https:\\\/\\\/chrisonsax.com\\\/#\\\/schema\\\/logo\\\/image\\\/\",\"url\":\"https:\\\/\\\/chrisonsax.com\\\/wp-content\\\/uploads\\\/2021\\\/12\\\/cropped-WhatsApp-Image-2021-08-28-at-13.03.56-2-1-e1674942410642.jpeg\",\"contentUrl\":\"https:\\\/\\\/chrisonsax.com\\\/wp-content\\\/uploads\\\/2021\\\/12\\\/cropped-WhatsApp-Image-2021-08-28-at-13.03.56-2-1-e1674942410642.jpeg\",\"width\":300,\"height\":300,\"caption\":\"Musicien saxophoniste\"},\"image\":{\"@id\":\"https:\\\/\\\/chrisonsax.com\\\/#\\\/schema\\\/logo\\\/image\\\/\"},\"sameAs\":[\"https:\\\/\\\/www.facebook.com\\\/christopheonsax\",\"https:\\\/\\\/www.instagram.com\\\/chris_onsax\\\/\",\"https:\\\/\\\/www.youtube.com\\\/channel\\\/UCPht7xSeaLJ_4FUWV4bUOQg?view_as=subscriber\"]}]}<\/script>\n<!-- \/ Yoast SEO Premium plugin. -->","yoast_head_json":{"title":"I Will Survive - Sax &amp; Flamenco Guitar | Alto Sax Sheet Music","description":"T\u00e9l\u00e9chargez la partition Sax Alto Sax de \"I Will Survive - Sax &amp; Flamenco Guitar\" (Daniele Vitale &amp; Emanuel Victor). T\u00e9l\u00e9chargement instantan\u00e9","robots":{"index":"index","follow":"follow","max-snippet":"max-snippet:-1","max-image-preview":"max-image-preview:large","max-video-preview":"max-video-preview:-1"},"canonical":"https:\/\/chrisonsax.com\/fr\/produit\/i-will-survive-cover-sax-alto\/","og_locale":"fr_FR","og_type":"article","og_title":"I Will Survive \u2013 (Daniele Vitale Transcription) Sax Alto Eb","og_description":"Download the Sax Alto Sax sheet music for \u201cI Will Survive \u2013 Sax & Flamenco Guitar\u201d (Daniele Vitale & Emanuel Victor). Instant Download","og_url":"https:\/\/chrisonsax.com\/fr\/produit\/i-will-survive-cover-sax-alto\/","og_site_name":"Saxophonist","article_publisher":"https:\/\/www.facebook.com\/christopheonsax","article_modified_time":"2026-03-05T06:12:43+00:00","og_image":[{"width":500,"height":500,"url":"https:\/\/chrisonsax.com\/wp-content\/uploads\/2025\/06\/i-will-survive.jpg","type":"image\/jpeg"}],"twitter_card":"summary_large_image","twitter_misc":{"Dur\u00e9e de lecture estim\u00e9e":"1 minute"},"schema":{"@context":"https:\/\/schema.org","@graph":[{"@type":"WebPage","@id":"https:\/\/chrisonsax.com\/product\/i-will-survive-cover-sax-alto\/","url":"https:\/\/chrisonsax.com\/product\/i-will-survive-cover-sax-alto\/","name":"I Will Survive - Sax &amp; Flamenco Guitar | Alto Sax Sheet Music","isPartOf":{"@id":"https:\/\/chrisonsax.com\/#website"},"primaryImageOfPage":{"@id":"https:\/\/chrisonsax.com\/product\/i-will-survive-cover-sax-alto\/#primaryimage"},"image":{"@id":"https:\/\/chrisonsax.com\/product\/i-will-survive-cover-sax-alto\/#primaryimage"},"thumbnailUrl":"https:\/\/chrisonsax.com\/wp-content\/uploads\/2025\/06\/i-will-survive.jpg","datePublished":"2025-06-22T07:40:27+00:00","dateModified":"2026-03-05T06:12:43+00:00","description":"T\u00e9l\u00e9chargez la partition Sax Alto Sax de \"I Will Survive - Sax &amp; Flamenco Guitar\" (Daniele Vitale &amp; Emanuel Victor). T\u00e9l\u00e9chargement instantan\u00e9","breadcrumb":{"@id":"https:\/\/chrisonsax.com\/product\/i-will-survive-cover-sax-alto\/#breadcrumb"},"inLanguage":"fr-FR","potentialAction":[{"@type":"ReadAction","target":["https:\/\/chrisonsax.com\/product\/i-will-survive-cover-sax-alto\/"]}]},{"@type":"ImageObject","inLanguage":"fr-FR","@id":"https:\/\/chrisonsax.com\/product\/i-will-survive-cover-sax-alto\/#primaryimage","url":"https:\/\/chrisonsax.com\/wp-content\/uploads\/2025\/06\/i-will-survive.jpg","contentUrl":"https:\/\/chrisonsax.com\/wp-content\/uploads\/2025\/06\/i-will-survive.jpg","width":500,"height":500},{"@type":"BreadcrumbList","@id":"https:\/\/chrisonsax.com\/product\/i-will-survive-cover-sax-alto\/#breadcrumb","itemListElement":[{"@type":"ListItem","position":1,"name":"Animation cocktail","item":"https:\/\/chrisonsax.com\/"},{"@type":"ListItem","position":2,"name":"Shop","item":"https:\/\/chrisonsax.com\/boutique\/"},{"@type":"ListItem","position":3,"name":"I Will Survive \u2013 (Daniele Vitale Transcription) Sax Alto Eb"}]},{"@type":"WebSite","@id":"https:\/\/chrisonsax.com\/#website","url":"https:\/\/chrisonsax.com\/","name":"Musicien saxophoniste","description":"Cocktail sax Tel : +971 058 542 0635","publisher":{"@id":"https:\/\/chrisonsax.com\/#organization"},"potentialAction":[{"@type":"SearchAction","target":{"@type":"EntryPoint","urlTemplate":"https:\/\/chrisonsax.com\/?s={search_term_string}"},"query-input":{"@type":"PropertyValueSpecification","valueRequired":true,"valueName":"search_term_string"}}],"inLanguage":"fr-FR"},{"@type":"Organization","@id":"https:\/\/chrisonsax.com\/#organization","name":"Musicien saxophoniste","url":"https:\/\/chrisonsax.com\/","logo":{"@type":"ImageObject","inLanguage":"fr-FR","@id":"https:\/\/chrisonsax.com\/#\/schema\/logo\/image\/","url":"https:\/\/chrisonsax.com\/wp-content\/uploads\/2021\/12\/cropped-WhatsApp-Image-2021-08-28-at-13.03.56-2-1-e1674942410642.jpeg","contentUrl":"https:\/\/chrisonsax.com\/wp-content\/uploads\/2021\/12\/cropped-WhatsApp-Image-2021-08-28-at-13.03.56-2-1-e1674942410642.jpeg","width":300,"height":300,"caption":"Musicien saxophoniste"},"image":{"@id":"https:\/\/chrisonsax.com\/#\/schema\/logo\/image\/"},"sameAs":["https:\/\/www.facebook.com\/christopheonsax","https:\/\/www.instagram.com\/chris_onsax\/","https:\/\/www.youtube.com\/channel\/UCPht7xSeaLJ_4FUWV4bUOQg?view_as=subscriber"]}]}},"_links":{"self":[{"href":"https:\/\/chrisonsax.com\/fr\/wp-json\/wp\/v2\/product\/10983","targetHints":{"allow":["GET"]}}],"collection":[{"href":"https:\/\/chrisonsax.com\/fr\/wp-json\/wp\/v2\/product"}],"about":[{"href":"https:\/\/chrisonsax.com\/fr\/wp-json\/wp\/v2\/types\/product"}],"replies":[{"embeddable":true,"href":"https:\/\/chrisonsax.com\/fr\/wp-json\/wp\/v2\/comments?post=10983"}],"wp:featuredmedia":[{"embeddable":true,"href":"https:\/\/chrisonsax.com\/fr\/wp-json\/wp\/v2\/media\/10985"}],"wp:attachment":[{"href":"https:\/\/chrisonsax.com\/fr\/wp-json\/wp\/v2\/media?parent=10983"}],"wp:term":[{"taxonomy":"product_brand","embeddable":true,"href":"https:\/\/chrisonsax.com\/fr\/wp-json\/wp\/v2\/product_brand?post=10983"},{"taxonomy":"product_cat","embeddable":true,"href":"https:\/\/chrisonsax.com\/fr\/wp-json\/wp\/v2\/product_cat?post=10983"},{"taxonomy":"product_tag","embeddable":true,"href":"https:\/\/chrisonsax.com\/fr\/wp-json\/wp\/v2\/product_tag?post=10983"}],"curies":[{"name":"wp","href":"https:\/\/api.w.org\/{rel}","templated":true}]}}