{"id":10960,"date":"2025-06-19T17:28:49","date_gmt":"2025-06-19T17:28:49","guid":{"rendered":"https:\/\/chrisonsax.com\/?post_type=product&#038;p=10960"},"modified":"2026-03-05T05:59:47","modified_gmt":"2026-03-05T05:59:47","slug":"goodnight-moon-no-solfege-just-play-bb-tenor-sax-pack","status":"publish","type":"product","link":"https:\/\/chrisonsax.com\/fr\/produit\/goodnight-moon-no-solfege-just-play-bb-tenor-sax-pack\/","title":{"rendered":"Pack PDF Sheet Music + Backing Track (FR\/EN Notes) . \"Bonne nuit la lune\" Saxophone t\u00e9nor"},"content":{"rendered":"<h1>Pack PDF Sheet Music + Backing Track (FR\/EN Notes) . \"Bonne nuit la lune\" Saxophone t\u00e9nor<\/h1>\n<div style=\"width: 1350px;\" class=\"wp-video\"><video class=\"wp-video-shortcode\" id=\"video-10960-2\" width=\"1350\" height=\"1080\" preload=\"metadata\" controls=\"controls\"><source type=\"video\/mp4\" src=\"https:\/\/chrisonsax.com\/wp-content\/uploads\/2025\/06\/goodnight-moon-extrait-video-tenor.mp4?_=2\" \/><a href=\"https:\/\/chrisonsax.com\/wp-content\/uploads\/2025\/06\/goodnight-moon-extrait-video-tenor.mp4\">https:\/\/chrisonsax.com\/wp-content\/uploads\/2025\/06\/goodnight-moon-extrait-video-tenor.mp4<\/a><\/video><\/div>\n<p data-start=\"354\" data-end=\"371\"><strong data-start=\"354\" data-end=\"371\">Description :<\/strong><\/p>\n<p data-start=\"373\" data-end=\"445\">Vous voulez jouer une belle m\u00e9lodie au saxophone sans apprendre le solf\u00e8ge ?<\/p>\n<p data-start=\"447\" data-end=\"613\">Ce pack destin\u00e9 aux d\u00e9butants fait partie de la collection <strong data-start=\"490\" data-end=\"519\">\"Pas de solf\u00e8ge, mais du jeu !<\/strong> cr\u00e9\u00e9e pour vous aider \u00e0 jouer imm\u00e9diatement, m\u00eame si vous ne savez pas lire les partitions traditionnelles.<\/p>\n<p data-start=\"615\" data-end=\"657\">\ud83c\udfb7 <strong data-start=\"618\" data-end=\"657\">Transpos\u00e9 pour saxophone t\u00e9nor en si b\u00e9mol<\/strong><\/p>\n<hr data-start=\"659\" data-end=\"662\" \/>\n<p data-start=\"664\" data-end=\"690\"><strong data-start=\"664\" data-end=\"690\">Inclus dans ce pack :<\/strong><\/p>\n<p data-start=\"692\" data-end=\"949\">\u2705 Partitions avec <strong data-start=\"711\" data-end=\"725\">noms des notes<\/strong> \u00e9crit sous le b\u00e2ton (pour les d\u00e9butants)<br data-start=\"765\" data-end=\"768\" \/>\u2705 Version propre et professionnelle sans noms de notes (pour les lecteurs qui parlent couramment)<br data-start=\"837\" data-end=\"840\" \/>\u2705 <strong data-start=\"842\" data-end=\"856\">D\u00e9mo audio<\/strong> (version saxo MIDI pour r\u00e9f\u00e9rence)<br data-start=\"889\" data-end=\"892\" \/>\u2705 <strong data-start=\"894\" data-end=\"911\">Bande-son<\/strong> (sans saxophone) pour s'entra\u00eener et se produire<\/p>\n<p data-start=\"692\" data-end=\"949\"><strong style=\"font-family: var(--global-body-font-family);\" data-start=\"939\" data-end=\"961\">\u2705 Vid\u00e9o de suivi<\/strong><span style=\"font-family: var(--global-body-font-family);\"> avec partition d\u00e9roulante + saxo MIDI<\/span><\/p>\n<hr data-start=\"951\" data-end=\"954\" \/>\n<p data-start=\"1114\" data-end=\"1167\">\ud83d\udce5 T\u00e9l\u00e9chargement num\u00e9rique instantan\u00e9 (PDF + MP3)<\/p>\n<p data-start=\"354\" data-end=\"371\">","protected":false},"excerpt":{"rendered":"<h1 class=\"ai-optimize-23\">Pack PDF Sheet Music + Backing Track (FR\/EN Notes) . \"Bonne nuit la lune\" Saxophone t\u00e9nor<\/h1>\n<div style=\"width: 1350px;\" class=\"wp-video\"><video class=\"wp-video-shortcode\" id=\"video-10960-1\" width=\"1350\" height=\"1080\" preload=\"metadata\" controls=\"controls\"><source type=\"video\/mp4\" src=\"https:\/\/chrisonsax.com\/wp-content\/uploads\/2025\/06\/goodnight-moon-extrait-video-tenor.mp4?_=1\" \/><a href=\"https:\/\/chrisonsax.com\/wp-content\/uploads\/2025\/06\/goodnight-moon-extrait-video-tenor.mp4\">https:\/\/chrisonsax.com\/wp-content\/uploads\/2025\/06\/goodnight-moon-extrait-video-tenor.mp4<\/a><\/video><\/div>\n<p class=\"ai-optimize-25 ai-optimize-introduction\" data-start=\"354\" data-end=\"371\"><strong data-start=\"354\" data-end=\"371\">Description :<\/strong><\/p>\n<p class=\"ai-optimize-26\" data-start=\"373\" data-end=\"445\">Vous voulez jouer une belle m\u00e9lodie au saxophone sans apprendre le solf\u00e8ge ?<\/p>\n<p class=\"ai-optimize-27\" data-start=\"447\" data-end=\"613\">Ce pack destin\u00e9 aux d\u00e9butants fait partie de la collection <strong data-start=\"490\" data-end=\"519\">\"Pas de solf\u00e8ge, mais du jeu !<\/strong> cr\u00e9\u00e9e pour vous aider \u00e0 jouer imm\u00e9diatement, m\u00eame si vous ne savez pas lire les partitions traditionnelles.<\/p>\n<p class=\"ai-optimize-28\" data-start=\"615\" data-end=\"657\">\ud83c\udfb7 <strong data-start=\"618\" data-end=\"657\">Transpos\u00e9 pour saxophone t\u00e9nor en si b\u00e9mol<\/strong><\/p>\n<hr data-start=\"659\" data-end=\"662\" \/>\n<p class=\"ai-optimize-29\" data-start=\"664\" data-end=\"690\"><strong data-start=\"664\" data-end=\"690\">Inclus dans ce pack :<\/strong><\/p>\n<p class=\"ai-optimize-30\" data-start=\"692\" data-end=\"949\">\u2705 Partitions avec <strong data-start=\"711\" data-end=\"725\">noms des notes<\/strong> \u00e9crit sous le b\u00e2ton (pour les d\u00e9butants)<br data-start=\"765\" data-end=\"768\" \/>\u2705 Version propre et professionnelle sans noms de notes (pour les lecteurs qui parlent couramment)<br data-start=\"837\" data-end=\"840\" \/>\u2705 <strong data-start=\"842\" data-end=\"856\">D\u00e9mo audio<\/strong> (version saxo MIDI pour r\u00e9f\u00e9rence)<br data-start=\"889\" data-end=\"892\" \/>\u2705 <strong data-start=\"894\" data-end=\"911\">Bande-son<\/strong> (sans saxophone) pour s'entra\u00eener et se produire<\/p>\n<p class=\"ai-optimize-30\" data-start=\"692\" data-end=\"949\"><strong style=\"font-family: var(--global-body-font-family);\" data-start=\"939\" data-end=\"961\">\u2705 Vid\u00e9o de suivi<\/strong><span style=\"font-family: var(--global-body-font-family);\"> avec partition d\u00e9roulante + saxo MIDI<\/span><\/p>\n<hr data-start=\"951\" data-end=\"954\" \/>\n<p class=\"ai-optimize-31\" data-start=\"956\" data-end=\"972\"><strong data-start=\"956\" data-end=\"972\">Parfait pour :<\/strong><\/p>\n<ul data-start=\"973\" data-end=\"1112\">\n<li class=\"ai-optimize-32\" data-start=\"973\" data-end=\"1000\">\n<p class=\"ai-optimize-33\" data-start=\"975\" data-end=\"1000\">D\u00e9butants et autodidactes<\/p>\n<\/li>\n<li class=\"ai-optimize-34\" data-start=\"1001\" data-end=\"1056\">\n<p class=\"ai-optimize-35\" data-start=\"1003\" data-end=\"1056\">Les musiciens qui veulent <strong data-start=\"1025\" data-end=\"1037\">Jouer maintenant<\/strong>ne pas apprendre le solf\u00e8ge<\/p>\n<\/li>\n<li class=\"ai-optimize-36\" data-start=\"1057\" data-end=\"1112\">\n<p class=\"ai-optimize-37\" data-start=\"1059\" data-end=\"1112\">Enseignants \u00e0 la recherche de mat\u00e9riel facile \u00e0 utiliser pour leurs \u00e9l\u00e8ves<\/p>\n<\/li>\n<\/ul>\n<p class=\"ai-optimize-38\" data-start=\"1114\" data-end=\"1167\">\ud83d\udce5 T\u00e9l\u00e9chargement num\u00e9rique instantan\u00e9 (PDF + MP3)<\/p>","protected":false},"featured_media":11029,"comment_status":"closed","ping_status":"closed","template":"","meta":{"pmpro_default_level":"","_kad_post_transparent":"default","_kad_post_title":"","_kad_post_layout":"default","_kad_post_sidebar_id":"","_kad_post_content_style":"default","_kad_post_vertical_padding":"default","_kad_post_feature":"","_kad_post_feature_position":"","_kad_post_header":false,"_kad_post_footer":false,"_kad_post_classname":""},"product_brand":[],"product_cat":[113,118],"product_tag":[],"class_list":{"0":"post-10960","1":"product","2":"type-product","3":"status-publish","4":"has-post-thumbnail","6":"product_cat-sheet-music-with-note-names","7":"product_cat-tenor-saxophone","8":"pmpro-has-access","10":"first","11":"instock","12":"downloadable","13":"shipping-taxable","14":"purchasable","15":"product-type-simple","16":"entry","17":"content-bg","18":"loop-entry"},"yoast_head":"<!-- This site is optimized with the Yoast SEO Premium plugin v27.0 (Yoast SEO v27.4) - https:\/\/yoast.com\/product\/yoast-seo-premium-wordpress\/ -->\n<title>Goodnight Moon-Easy Tenor Sax PDF (No Solf\u00e8ge-Beginner Pack)<\/title>\n<meta name=\"description\" content=\"No music theory needed! Beginner tenor sax sheet music for \u201cGoodnight Moon\u201d (Shivaree). PDF with note names in French &amp; English \u2013 Just play!\" \/>\n<meta name=\"robots\" content=\"index, follow, max-snippet:-1, max-image-preview:large, max-video-preview:-1\" \/>\n<link rel=\"canonical\" href=\"https:\/\/chrisonsax.com\/fr\/produit\/goodnight-moon-no-solfege-just-play-bb-tenor-sax-pack\/\" \/>\n<meta property=\"og:locale\" content=\"fr_FR\" \/>\n<meta property=\"og:type\" content=\"article\" \/>\n<meta property=\"og:title\" content=\"Pack PDF Sheet Music + Backing Track (FR\/EN Notes) . \u201cGoodnight Moon\u201d Tenor Saxophone\" \/>\n<meta property=\"og:description\" content=\"No music theory needed! Beginner tenor sax sheet music for \u201cGoodnight Moon\u201d (Shivaree). PDF with note names in French &amp; English \u2013 Just play!\" \/>\n<meta property=\"og:url\" content=\"https:\/\/chrisonsax.com\/fr\/produit\/goodnight-moon-no-solfege-just-play-bb-tenor-sax-pack\/\" \/>\n<meta property=\"og:site_name\" content=\"Saxophonist\" \/>\n<meta property=\"article:publisher\" content=\"https:\/\/www.facebook.com\/christopheonsax\" \/>\n<meta property=\"article:modified_time\" content=\"2026-03-05T05:59:47+00:00\" \/>\n<meta property=\"og:image\" content=\"https:\/\/chrisonsax.com\/wp-content\/uploads\/2025\/06\/sax-beginner.jpg\" \/>\n\t<meta property=\"og:image:width\" content=\"500\" \/>\n\t<meta property=\"og:image:height\" content=\"500\" \/>\n\t<meta property=\"og:image:type\" content=\"image\/jpeg\" \/>\n<meta name=\"twitter:card\" content=\"summary_large_image\" \/>\n<meta name=\"twitter:label1\" content=\"Dur\u00e9e de lecture estim\u00e9e\" \/>\n\t<meta name=\"twitter:data1\" content=\"1 minute\" \/>\n<script type=\"application\/ld+json\" class=\"yoast-schema-graph\">{\"@context\":\"https:\\\/\\\/schema.org\",\"@graph\":[{\"@type\":\"WebPage\",\"@id\":\"https:\\\/\\\/chrisonsax.com\\\/product\\\/goodnight-moon-no-solfege-just-play-bb-tenor-sax-pack\\\/\",\"url\":\"https:\\\/\\\/chrisonsax.com\\\/product\\\/goodnight-moon-no-solfege-just-play-bb-tenor-sax-pack\\\/\",\"name\":\"Goodnight Moon-Easy Tenor Sax PDF (No Solf\u00e8ge-Beginner Pack)\",\"isPartOf\":{\"@id\":\"https:\\\/\\\/chrisonsax.com\\\/#website\"},\"primaryImageOfPage\":{\"@id\":\"https:\\\/\\\/chrisonsax.com\\\/product\\\/goodnight-moon-no-solfege-just-play-bb-tenor-sax-pack\\\/#primaryimage\"},\"image\":{\"@id\":\"https:\\\/\\\/chrisonsax.com\\\/product\\\/goodnight-moon-no-solfege-just-play-bb-tenor-sax-pack\\\/#primaryimage\"},\"thumbnailUrl\":\"https:\\\/\\\/chrisonsax.com\\\/wp-content\\\/uploads\\\/2025\\\/06\\\/sax-beginner.jpg\",\"datePublished\":\"2025-06-19T17:28:49+00:00\",\"dateModified\":\"2026-03-05T05:59:47+00:00\",\"description\":\"No music theory needed! Beginner tenor sax sheet music for \u201cGoodnight Moon\u201d (Shivaree). PDF with note names in French & English \u2013 Just play!\",\"breadcrumb\":{\"@id\":\"https:\\\/\\\/chrisonsax.com\\\/product\\\/goodnight-moon-no-solfege-just-play-bb-tenor-sax-pack\\\/#breadcrumb\"},\"inLanguage\":\"fr-FR\",\"potentialAction\":[{\"@type\":\"ReadAction\",\"target\":[\"https:\\\/\\\/chrisonsax.com\\\/product\\\/goodnight-moon-no-solfege-just-play-bb-tenor-sax-pack\\\/\"]}]},{\"@type\":\"ImageObject\",\"inLanguage\":\"fr-FR\",\"@id\":\"https:\\\/\\\/chrisonsax.com\\\/product\\\/goodnight-moon-no-solfege-just-play-bb-tenor-sax-pack\\\/#primaryimage\",\"url\":\"https:\\\/\\\/chrisonsax.com\\\/wp-content\\\/uploads\\\/2025\\\/06\\\/sax-beginner.jpg\",\"contentUrl\":\"https:\\\/\\\/chrisonsax.com\\\/wp-content\\\/uploads\\\/2025\\\/06\\\/sax-beginner.jpg\",\"width\":500,\"height\":500,\"caption\":\"sax-beginner\"},{\"@type\":\"BreadcrumbList\",\"@id\":\"https:\\\/\\\/chrisonsax.com\\\/product\\\/goodnight-moon-no-solfege-just-play-bb-tenor-sax-pack\\\/#breadcrumb\",\"itemListElement\":[{\"@type\":\"ListItem\",\"position\":1,\"name\":\"Animation cocktail\",\"item\":\"https:\\\/\\\/chrisonsax.com\\\/\"},{\"@type\":\"ListItem\",\"position\":2,\"name\":\"Shop\",\"item\":\"https:\\\/\\\/chrisonsax.com\\\/boutique\\\/\"},{\"@type\":\"ListItem\",\"position\":3,\"name\":\"Pack PDF Sheet Music + Backing Track (FR\\\/EN Notes) . \u201cGoodnight Moon\u201d Tenor Saxophone\"}]},{\"@type\":\"WebSite\",\"@id\":\"https:\\\/\\\/chrisonsax.com\\\/#website\",\"url\":\"https:\\\/\\\/chrisonsax.com\\\/\",\"name\":\"Musicien saxophoniste\",\"description\":\"Cocktail sax Tel : +971 058 542 0635\",\"publisher\":{\"@id\":\"https:\\\/\\\/chrisonsax.com\\\/#organization\"},\"potentialAction\":[{\"@type\":\"SearchAction\",\"target\":{\"@type\":\"EntryPoint\",\"urlTemplate\":\"https:\\\/\\\/chrisonsax.com\\\/?s={search_term_string}\"},\"query-input\":{\"@type\":\"PropertyValueSpecification\",\"valueRequired\":true,\"valueName\":\"search_term_string\"}}],\"inLanguage\":\"fr-FR\"},{\"@type\":\"Organization\",\"@id\":\"https:\\\/\\\/chrisonsax.com\\\/#organization\",\"name\":\"Musicien saxophoniste\",\"url\":\"https:\\\/\\\/chrisonsax.com\\\/\",\"logo\":{\"@type\":\"ImageObject\",\"inLanguage\":\"fr-FR\",\"@id\":\"https:\\\/\\\/chrisonsax.com\\\/#\\\/schema\\\/logo\\\/image\\\/\",\"url\":\"https:\\\/\\\/chrisonsax.com\\\/wp-content\\\/uploads\\\/2021\\\/12\\\/cropped-WhatsApp-Image-2021-08-28-at-13.03.56-2-1-e1674942410642.jpeg\",\"contentUrl\":\"https:\\\/\\\/chrisonsax.com\\\/wp-content\\\/uploads\\\/2021\\\/12\\\/cropped-WhatsApp-Image-2021-08-28-at-13.03.56-2-1-e1674942410642.jpeg\",\"width\":300,\"height\":300,\"caption\":\"Musicien saxophoniste\"},\"image\":{\"@id\":\"https:\\\/\\\/chrisonsax.com\\\/#\\\/schema\\\/logo\\\/image\\\/\"},\"sameAs\":[\"https:\\\/\\\/www.facebook.com\\\/christopheonsax\",\"https:\\\/\\\/www.instagram.com\\\/chris_onsax\\\/\",\"https:\\\/\\\/www.youtube.com\\\/channel\\\/UCPht7xSeaLJ_4FUWV4bUOQg?view_as=subscriber\"]}]}<\/script>\n<!-- \/ Yoast SEO Premium plugin. -->","yoast_head_json":{"title":"Goodnight Moon-Easy Tenor Sax PDF (No Solf\u00e8ge-Beginner Pack)","description":"Pas besoin de th\u00e9orie musicale ! Partitions sax t\u00e9nor d\u00e9butant pour \"Goodnight Moon\" (Shivaree). PDF avec noms des notes en fran\u00e7ais et en anglais - Jouez !","robots":{"index":"index","follow":"follow","max-snippet":"max-snippet:-1","max-image-preview":"max-image-preview:large","max-video-preview":"max-video-preview:-1"},"canonical":"https:\/\/chrisonsax.com\/fr\/produit\/goodnight-moon-no-solfege-just-play-bb-tenor-sax-pack\/","og_locale":"fr_FR","og_type":"article","og_title":"Pack PDF Sheet Music + Backing Track (FR\/EN Notes) . \u201cGoodnight Moon\u201d Tenor Saxophone","og_description":"No music theory needed! Beginner tenor sax sheet music for \u201cGoodnight Moon\u201d (Shivaree). PDF with note names in French & English \u2013 Just play!","og_url":"https:\/\/chrisonsax.com\/fr\/produit\/goodnight-moon-no-solfege-just-play-bb-tenor-sax-pack\/","og_site_name":"Saxophonist","article_publisher":"https:\/\/www.facebook.com\/christopheonsax","article_modified_time":"2026-03-05T05:59:47+00:00","og_image":[{"width":500,"height":500,"url":"https:\/\/chrisonsax.com\/wp-content\/uploads\/2025\/06\/sax-beginner.jpg","type":"image\/jpeg"}],"twitter_card":"summary_large_image","twitter_misc":{"Dur\u00e9e de lecture estim\u00e9e":"1 minute"},"schema":{"@context":"https:\/\/schema.org","@graph":[{"@type":"WebPage","@id":"https:\/\/chrisonsax.com\/product\/goodnight-moon-no-solfege-just-play-bb-tenor-sax-pack\/","url":"https:\/\/chrisonsax.com\/product\/goodnight-moon-no-solfege-just-play-bb-tenor-sax-pack\/","name":"Goodnight Moon-Easy Tenor Sax PDF (No Solf\u00e8ge-Beginner Pack)","isPartOf":{"@id":"https:\/\/chrisonsax.com\/#website"},"primaryImageOfPage":{"@id":"https:\/\/chrisonsax.com\/product\/goodnight-moon-no-solfege-just-play-bb-tenor-sax-pack\/#primaryimage"},"image":{"@id":"https:\/\/chrisonsax.com\/product\/goodnight-moon-no-solfege-just-play-bb-tenor-sax-pack\/#primaryimage"},"thumbnailUrl":"https:\/\/chrisonsax.com\/wp-content\/uploads\/2025\/06\/sax-beginner.jpg","datePublished":"2025-06-19T17:28:49+00:00","dateModified":"2026-03-05T05:59:47+00:00","description":"Pas besoin de th\u00e9orie musicale ! Partitions sax t\u00e9nor d\u00e9butant pour \"Goodnight Moon\" (Shivaree). PDF avec noms des notes en fran\u00e7ais et en anglais - Jouez !","breadcrumb":{"@id":"https:\/\/chrisonsax.com\/product\/goodnight-moon-no-solfege-just-play-bb-tenor-sax-pack\/#breadcrumb"},"inLanguage":"fr-FR","potentialAction":[{"@type":"ReadAction","target":["https:\/\/chrisonsax.com\/product\/goodnight-moon-no-solfege-just-play-bb-tenor-sax-pack\/"]}]},{"@type":"ImageObject","inLanguage":"fr-FR","@id":"https:\/\/chrisonsax.com\/product\/goodnight-moon-no-solfege-just-play-bb-tenor-sax-pack\/#primaryimage","url":"https:\/\/chrisonsax.com\/wp-content\/uploads\/2025\/06\/sax-beginner.jpg","contentUrl":"https:\/\/chrisonsax.com\/wp-content\/uploads\/2025\/06\/sax-beginner.jpg","width":500,"height":500,"caption":"sax-beginner"},{"@type":"BreadcrumbList","@id":"https:\/\/chrisonsax.com\/product\/goodnight-moon-no-solfege-just-play-bb-tenor-sax-pack\/#breadcrumb","itemListElement":[{"@type":"ListItem","position":1,"name":"Animation cocktail","item":"https:\/\/chrisonsax.com\/"},{"@type":"ListItem","position":2,"name":"Shop","item":"https:\/\/chrisonsax.com\/boutique\/"},{"@type":"ListItem","position":3,"name":"Pack PDF Sheet Music + Backing Track (FR\/EN Notes) . \u201cGoodnight Moon\u201d Tenor Saxophone"}]},{"@type":"WebSite","@id":"https:\/\/chrisonsax.com\/#website","url":"https:\/\/chrisonsax.com\/","name":"Musicien saxophoniste","description":"Cocktail sax Tel : +971 058 542 0635","publisher":{"@id":"https:\/\/chrisonsax.com\/#organization"},"potentialAction":[{"@type":"SearchAction","target":{"@type":"EntryPoint","urlTemplate":"https:\/\/chrisonsax.com\/?s={search_term_string}"},"query-input":{"@type":"PropertyValueSpecification","valueRequired":true,"valueName":"search_term_string"}}],"inLanguage":"fr-FR"},{"@type":"Organization","@id":"https:\/\/chrisonsax.com\/#organization","name":"Musicien saxophoniste","url":"https:\/\/chrisonsax.com\/","logo":{"@type":"ImageObject","inLanguage":"fr-FR","@id":"https:\/\/chrisonsax.com\/#\/schema\/logo\/image\/","url":"https:\/\/chrisonsax.com\/wp-content\/uploads\/2021\/12\/cropped-WhatsApp-Image-2021-08-28-at-13.03.56-2-1-e1674942410642.jpeg","contentUrl":"https:\/\/chrisonsax.com\/wp-content\/uploads\/2021\/12\/cropped-WhatsApp-Image-2021-08-28-at-13.03.56-2-1-e1674942410642.jpeg","width":300,"height":300,"caption":"Musicien saxophoniste"},"image":{"@id":"https:\/\/chrisonsax.com\/#\/schema\/logo\/image\/"},"sameAs":["https:\/\/www.facebook.com\/christopheonsax","https:\/\/www.instagram.com\/chris_onsax\/","https:\/\/www.youtube.com\/channel\/UCPht7xSeaLJ_4FUWV4bUOQg?view_as=subscriber"]}]}},"_links":{"self":[{"href":"https:\/\/chrisonsax.com\/fr\/wp-json\/wp\/v2\/product\/10960","targetHints":{"allow":["GET"]}}],"collection":[{"href":"https:\/\/chrisonsax.com\/fr\/wp-json\/wp\/v2\/product"}],"about":[{"href":"https:\/\/chrisonsax.com\/fr\/wp-json\/wp\/v2\/types\/product"}],"replies":[{"embeddable":true,"href":"https:\/\/chrisonsax.com\/fr\/wp-json\/wp\/v2\/comments?post=10960"}],"wp:featuredmedia":[{"embeddable":true,"href":"https:\/\/chrisonsax.com\/fr\/wp-json\/wp\/v2\/media\/11029"}],"wp:attachment":[{"href":"https:\/\/chrisonsax.com\/fr\/wp-json\/wp\/v2\/media?parent=10960"}],"wp:term":[{"taxonomy":"product_brand","embeddable":true,"href":"https:\/\/chrisonsax.com\/fr\/wp-json\/wp\/v2\/product_brand?post=10960"},{"taxonomy":"product_cat","embeddable":true,"href":"https:\/\/chrisonsax.com\/fr\/wp-json\/wp\/v2\/product_cat?post=10960"},{"taxonomy":"product_tag","embeddable":true,"href":"https:\/\/chrisonsax.com\/fr\/wp-json\/wp\/v2\/product_tag?post=10960"}],"curies":[{"name":"wp","href":"https:\/\/api.w.org\/{rel}","templated":true}]}}