{"id":14857,"date":"2026-03-13T10:13:18","date_gmt":"2026-03-13T10:13:18","guid":{"rendered":"https:\/\/chrisonsax.com\/?page_id=14857"},"modified":"2026-03-19T15:53:28","modified_gmt":"2026-03-19T15:53:28","slug":"practice-room-module-three","status":"publish","type":"page","link":"https:\/\/chrisonsax.com\/fr\/salle-dentrainement-module-trois\/","title":{"rendered":"Salle d'entra\u00eenement Module 3"},"content":{"rendered":"<div class=\"pmpro\"><div class=\"pmpro_card pmpro_content_message\"><h2 class=\"pmpro_card_title pmpro_font-large\"><svg xmlns=\"http:\/\/www.w3.org\/2000\/svg\" width=\"24\" height=\"24\" viewbox=\"0 0 24 24\" fill=\"none\" stroke=\"var(--pmpro--color--accent)\" stroke-width=\"2\" stroke-linecap=\"round\" stroke-linejoin=\"round\" class=\"feather feather-lock\"><rect x=\"3\" y=\"11\" width=\"18\" height=\"11\" rx=\"2\" ry=\"2\"><\/rect><path d=\"M7 11V7a5 5 0 0 1 10 0v4\"><\/path><\/svg>L'adh\u00e9sion \u00e0 Sax Practice Access est requise<\/h2><div class=\"pmpro_card_content\"><p> Vous devez \u00eatre Sax Practice Access pour acc\u00e9der \u00e0 ce contenu.<\/p><p><a class=\"pmpro_btn\" href=\"https:\/\/chrisonsax.com\/fr\/verification-de-ladhesion\/?pmpro_level=4\">S'inscrire maintenant<\/a><\/p><\/div><div class=\"pmpro_card_actions pmpro_font-medium\">D\u00e9j\u00e0 membre ? <a href=\"https:\/\/chrisonsax.com\/fr\/connexion-2\/?redirect_to=https%3A%2F%2Fchrisonsax.com%2Ffr%2Fsalle-dentrainement-module-trois%2F\">Connectez-vous ici<\/a><\/div><\/div><\/div>","protected":false},"excerpt":{"rendered":"<div class=\"pmpro\"><div class=\"pmpro_card pmpro_content_message\"><h2 class=\"pmpro_card_title pmpro_font-large\"><svg xmlns=\"http:\/\/www.w3.org\/2000\/svg\" width=\"24\" height=\"24\" viewbox=\"0 0 24 24\" fill=\"none\" stroke=\"var(--pmpro--color--accent)\" stroke-width=\"2\" stroke-linecap=\"round\" stroke-linejoin=\"round\" class=\"feather feather-lock\"><rect x=\"3\" y=\"11\" width=\"18\" height=\"11\" rx=\"2\" ry=\"2\"><\/rect><path d=\"M7 11V7a5 5 0 0 1 10 0v4\"><\/path><\/svg>L'adh\u00e9sion \u00e0 Sax Practice Access est requise<\/h2><div class=\"pmpro_card_content\"><p> Vous devez \u00eatre Sax Practice Access pour acc\u00e9der \u00e0 ce contenu.<\/p><p><a class=\"pmpro_btn\" href=\"https:\/\/chrisonsax.com\/fr\/verification-de-ladhesion\/?pmpro_level=4\">S'inscrire maintenant<\/a><\/p><\/div><div class=\"pmpro_card_actions pmpro_font-medium\">D\u00e9j\u00e0 membre ? <a href=\"https:\/\/chrisonsax.com\/fr\/connexion-2\/?redirect_to=https%3A%2F%2Fchrisonsax.com%2Ffr%2Fsalle-dentrainement-module-trois%2F\">Connectez-vous ici<\/a><\/div><\/div><\/div>","protected":false},"author":1,"featured_media":0,"parent":0,"menu_order":0,"comment_status":"closed","ping_status":"closed","template":"","meta":{"pmpro_default_level":"","_kad_post_transparent":"","_kad_post_title":"","_kad_post_layout":"","_kad_post_sidebar_id":"","_kad_post_content_style":"","_kad_post_vertical_padding":"","_kad_post_feature":"","_kad_post_feature_position":"","_kad_post_header":false,"_kad_post_footer":false,"_kad_post_classname":"","footnotes":""},"class_list":["post-14857","page","type-page","status-publish","hentry","pmpro-level-required","pmpro-level-2","pmpro-level-4","pmpro-level-5","pmpro-no-access"],"yoast_head":"<!-- This site is optimized with the Yoast SEO Premium plugin v27.0 (Yoast SEO v27.5) - https:\/\/yoast.com\/product\/yoast-seo-premium-wordpress\/ -->\n<title>Saxophone Major Scales &amp; Improvisation | Module 3<\/title>\n<meta name=\"description\" content=\"Learn major scales, practice patterns, and start improvising on the saxophone with songs and exercises.\" \/>\n<meta name=\"robots\" content=\"index, follow, max-snippet:-1, max-image-preview:large, max-video-preview:-1\" \/>\n<link rel=\"canonical\" href=\"https:\/\/chrisonsax.com\/fr\/salle-dentrainement-module-trois\/\" \/>\n<meta property=\"og:locale\" content=\"fr_FR\" \/>\n<meta property=\"og:type\" content=\"article\" \/>\n<meta property=\"og:title\" content=\"Practice Room Module 3\" \/>\n<meta property=\"og:description\" content=\"Learn major scales, practice patterns, and start improvising on the saxophone with songs and exercises.\" \/>\n<meta property=\"og:url\" content=\"https:\/\/chrisonsax.com\/fr\/salle-dentrainement-module-trois\/\" \/>\n<meta property=\"og:site_name\" content=\"Saxophonist\" \/>\n<meta property=\"article:publisher\" content=\"https:\/\/www.facebook.com\/christopheonsax\" \/>\n<meta property=\"article:modified_time\" content=\"2026-03-19T15:53:28+00:00\" \/>\n<meta property=\"og:image\" content=\"https:\/\/img.youtube.com\/vi\/FWxXwCTNdJU\/hqdefault.jpg\" \/>\n<meta name=\"twitter:card\" content=\"summary_large_image\" \/>\n<script type=\"application\/ld+json\" class=\"yoast-schema-graph\">{\"@context\":\"https:\\\/\\\/schema.org\",\"@graph\":[{\"@type\":\"WebPage\",\"@id\":\"https:\\\/\\\/chrisonsax.com\\\/practice-room-module-three\\\/\",\"url\":\"https:\\\/\\\/chrisonsax.com\\\/practice-room-module-three\\\/\",\"name\":\"Saxophone Major Scales & Improvisation | Module 3\",\"isPartOf\":{\"@id\":\"https:\\\/\\\/chrisonsax.com\\\/#website\"},\"primaryImageOfPage\":{\"@id\":\"https:\\\/\\\/chrisonsax.com\\\/practice-room-module-three\\\/#primaryimage\"},\"image\":{\"@id\":\"https:\\\/\\\/chrisonsax.com\\\/practice-room-module-three\\\/#primaryimage\"},\"thumbnailUrl\":\"https:\\\/\\\/img.youtube.com\\\/vi\\\/FWxXwCTNdJU\\\/hqdefault.jpg\",\"datePublished\":\"2026-03-13T10:13:18+00:00\",\"dateModified\":\"2026-03-19T15:53:28+00:00\",\"description\":\"Learn major scales, practice patterns, and start improvising on the saxophone with songs and exercises.\",\"breadcrumb\":{\"@id\":\"https:\\\/\\\/chrisonsax.com\\\/practice-room-module-three\\\/#breadcrumb\"},\"inLanguage\":\"fr-FR\",\"potentialAction\":[{\"@type\":\"ReadAction\",\"target\":[\"https:\\\/\\\/chrisonsax.com\\\/practice-room-module-three\\\/\"]}]},{\"@type\":\"ImageObject\",\"inLanguage\":\"fr-FR\",\"@id\":\"https:\\\/\\\/chrisonsax.com\\\/practice-room-module-three\\\/#primaryimage\",\"url\":\"https:\\\/\\\/img.youtube.com\\\/vi\\\/FWxXwCTNdJU\\\/hqdefault.jpg\",\"contentUrl\":\"https:\\\/\\\/img.youtube.com\\\/vi\\\/FWxXwCTNdJU\\\/hqdefault.jpg\"},{\"@type\":\"BreadcrumbList\",\"@id\":\"https:\\\/\\\/chrisonsax.com\\\/practice-room-module-three\\\/#breadcrumb\",\"itemListElement\":[{\"@type\":\"ListItem\",\"position\":1,\"name\":\"Animation cocktail\",\"item\":\"https:\\\/\\\/chrisonsax.com\\\/\"},{\"@type\":\"ListItem\",\"position\":2,\"name\":\"Practice Room Module 3\"}]},{\"@type\":\"WebSite\",\"@id\":\"https:\\\/\\\/chrisonsax.com\\\/#website\",\"url\":\"https:\\\/\\\/chrisonsax.com\\\/\",\"name\":\"Musicien saxophoniste\",\"description\":\"Cocktail sax Tel : +971 058 542 0635\",\"publisher\":{\"@id\":\"https:\\\/\\\/chrisonsax.com\\\/#organization\"},\"potentialAction\":[{\"@type\":\"SearchAction\",\"target\":{\"@type\":\"EntryPoint\",\"urlTemplate\":\"https:\\\/\\\/chrisonsax.com\\\/?s={search_term_string}\"},\"query-input\":{\"@type\":\"PropertyValueSpecification\",\"valueRequired\":true,\"valueName\":\"search_term_string\"}}],\"inLanguage\":\"fr-FR\"},{\"@type\":\"Organization\",\"@id\":\"https:\\\/\\\/chrisonsax.com\\\/#organization\",\"name\":\"Musicien saxophoniste\",\"url\":\"https:\\\/\\\/chrisonsax.com\\\/\",\"logo\":{\"@type\":\"ImageObject\",\"inLanguage\":\"fr-FR\",\"@id\":\"https:\\\/\\\/chrisonsax.com\\\/#\\\/schema\\\/logo\\\/image\\\/\",\"url\":\"https:\\\/\\\/chrisonsax.com\\\/wp-content\\\/uploads\\\/2021\\\/12\\\/cropped-WhatsApp-Image-2021-08-28-at-13.03.56-2-1-e1674942410642.jpeg\",\"contentUrl\":\"https:\\\/\\\/chrisonsax.com\\\/wp-content\\\/uploads\\\/2021\\\/12\\\/cropped-WhatsApp-Image-2021-08-28-at-13.03.56-2-1-e1674942410642.jpeg\",\"width\":300,\"height\":300,\"caption\":\"Musicien saxophoniste\"},\"image\":{\"@id\":\"https:\\\/\\\/chrisonsax.com\\\/#\\\/schema\\\/logo\\\/image\\\/\"},\"sameAs\":[\"https:\\\/\\\/www.facebook.com\\\/christopheonsax\",\"https:\\\/\\\/www.instagram.com\\\/chris_onsax\\\/\",\"https:\\\/\\\/www.youtube.com\\\/channel\\\/UCPht7xSeaLJ_4FUWV4bUOQg?view_as=subscriber\"]}]}<\/script>\n<!-- \/ Yoast SEO Premium plugin. -->","yoast_head_json":{"title":"Saxophone Major Scales &amp; Improvisation | Module 3","description":"Apprenez les gammes majeures, les mod\u00e8les de pratique et commencez \u00e0 improviser au saxophone avec des chansons et des exercices.","robots":{"index":"index","follow":"follow","max-snippet":"max-snippet:-1","max-image-preview":"max-image-preview:large","max-video-preview":"max-video-preview:-1"},"canonical":"https:\/\/chrisonsax.com\/fr\/salle-dentrainement-module-trois\/","og_locale":"fr_FR","og_type":"article","og_title":"Practice Room Module 3","og_description":"Learn major scales, practice patterns, and start improvising on the saxophone with songs and exercises.","og_url":"https:\/\/chrisonsax.com\/fr\/salle-dentrainement-module-trois\/","og_site_name":"Saxophonist","article_publisher":"https:\/\/www.facebook.com\/christopheonsax","article_modified_time":"2026-03-19T15:53:28+00:00","og_image":[{"url":"https:\/\/img.youtube.com\/vi\/FWxXwCTNdJU\/hqdefault.jpg","type":"","width":"","height":""}],"twitter_card":"summary_large_image","schema":{"@context":"https:\/\/schema.org","@graph":[{"@type":"WebPage","@id":"https:\/\/chrisonsax.com\/practice-room-module-three\/","url":"https:\/\/chrisonsax.com\/practice-room-module-three\/","name":"Saxophone Major Scales &amp; Improvisation | Module 3","isPartOf":{"@id":"https:\/\/chrisonsax.com\/#website"},"primaryImageOfPage":{"@id":"https:\/\/chrisonsax.com\/practice-room-module-three\/#primaryimage"},"image":{"@id":"https:\/\/chrisonsax.com\/practice-room-module-three\/#primaryimage"},"thumbnailUrl":"https:\/\/img.youtube.com\/vi\/FWxXwCTNdJU\/hqdefault.jpg","datePublished":"2026-03-13T10:13:18+00:00","dateModified":"2026-03-19T15:53:28+00:00","description":"Apprenez les gammes majeures, les mod\u00e8les de pratique et commencez \u00e0 improviser au saxophone avec des chansons et des exercices.","breadcrumb":{"@id":"https:\/\/chrisonsax.com\/practice-room-module-three\/#breadcrumb"},"inLanguage":"fr-FR","potentialAction":[{"@type":"ReadAction","target":["https:\/\/chrisonsax.com\/practice-room-module-three\/"]}]},{"@type":"ImageObject","inLanguage":"fr-FR","@id":"https:\/\/chrisonsax.com\/practice-room-module-three\/#primaryimage","url":"https:\/\/img.youtube.com\/vi\/FWxXwCTNdJU\/hqdefault.jpg","contentUrl":"https:\/\/img.youtube.com\/vi\/FWxXwCTNdJU\/hqdefault.jpg"},{"@type":"BreadcrumbList","@id":"https:\/\/chrisonsax.com\/practice-room-module-three\/#breadcrumb","itemListElement":[{"@type":"ListItem","position":1,"name":"Animation cocktail","item":"https:\/\/chrisonsax.com\/"},{"@type":"ListItem","position":2,"name":"Practice Room Module 3"}]},{"@type":"WebSite","@id":"https:\/\/chrisonsax.com\/#website","url":"https:\/\/chrisonsax.com\/","name":"Musicien saxophoniste","description":"Cocktail sax Tel : +971 058 542 0635","publisher":{"@id":"https:\/\/chrisonsax.com\/#organization"},"potentialAction":[{"@type":"SearchAction","target":{"@type":"EntryPoint","urlTemplate":"https:\/\/chrisonsax.com\/?s={search_term_string}"},"query-input":{"@type":"PropertyValueSpecification","valueRequired":true,"valueName":"search_term_string"}}],"inLanguage":"fr-FR"},{"@type":"Organization","@id":"https:\/\/chrisonsax.com\/#organization","name":"Musicien saxophoniste","url":"https:\/\/chrisonsax.com\/","logo":{"@type":"ImageObject","inLanguage":"fr-FR","@id":"https:\/\/chrisonsax.com\/#\/schema\/logo\/image\/","url":"https:\/\/chrisonsax.com\/wp-content\/uploads\/2021\/12\/cropped-WhatsApp-Image-2021-08-28-at-13.03.56-2-1-e1674942410642.jpeg","contentUrl":"https:\/\/chrisonsax.com\/wp-content\/uploads\/2021\/12\/cropped-WhatsApp-Image-2021-08-28-at-13.03.56-2-1-e1674942410642.jpeg","width":300,"height":300,"caption":"Musicien saxophoniste"},"image":{"@id":"https:\/\/chrisonsax.com\/#\/schema\/logo\/image\/"},"sameAs":["https:\/\/www.facebook.com\/christopheonsax","https:\/\/www.instagram.com\/chris_onsax\/","https:\/\/www.youtube.com\/channel\/UCPht7xSeaLJ_4FUWV4bUOQg?view_as=subscriber"]}]}},"_links":{"self":[{"href":"https:\/\/chrisonsax.com\/fr\/wp-json\/wp\/v2\/pages\/14857","targetHints":{"allow":["GET"]}}],"collection":[{"href":"https:\/\/chrisonsax.com\/fr\/wp-json\/wp\/v2\/pages"}],"about":[{"href":"https:\/\/chrisonsax.com\/fr\/wp-json\/wp\/v2\/types\/page"}],"author":[{"embeddable":true,"href":"https:\/\/chrisonsax.com\/fr\/wp-json\/wp\/v2\/users\/1"}],"replies":[{"embeddable":true,"href":"https:\/\/chrisonsax.com\/fr\/wp-json\/wp\/v2\/comments?post=14857"}],"version-history":[{"count":77,"href":"https:\/\/chrisonsax.com\/fr\/wp-json\/wp\/v2\/pages\/14857\/revisions"}],"predecessor-version":[{"id":15905,"href":"https:\/\/chrisonsax.com\/fr\/wp-json\/wp\/v2\/pages\/14857\/revisions\/15905"}],"wp:attachment":[{"href":"https:\/\/chrisonsax.com\/fr\/wp-json\/wp\/v2\/media?parent=14857"}],"curies":[{"name":"wp","href":"https:\/\/api.w.org\/{rel}","templated":true}]}}