{"id":13537,"date":"2026-02-26T13:22:25","date_gmt":"2026-02-26T13:22:25","guid":{"rendered":"https:\/\/chrisonsax.com\/?page_id=13537"},"modified":"2026-03-05T05:53:21","modified_gmt":"2026-03-05T05:53:21","slug":"contenu-reserve-trial","status":"publish","type":"page","link":"https:\/\/chrisonsax.com\/fr\/contenu-reserve-trial\/","title":{"rendered":"Essai de la salle d'entra\u00eenement 7 jours"},"content":{"rendered":"<div class=\"pmpro\"><div class=\"pmpro_card pmpro_content_message\"><h2 class=\"pmpro_card_title pmpro_font-large\"><svg xmlns=\"http:\/\/www.w3.org\/2000\/svg\" width=\"24\" height=\"24\" viewbox=\"0 0 24 24\" fill=\"none\" stroke=\"var(--pmpro--color--accent)\" stroke-width=\"2\" stroke-linecap=\"round\" stroke-linejoin=\"round\" class=\"feather feather-lock\"><rect x=\"3\" y=\"11\" width=\"18\" height=\"11\" rx=\"2\" ry=\"2\"><\/rect><path d=\"M7 11V7a5 5 0 0 1 10 0v4\"><\/path><\/svg>L'adh\u00e9sion Free Trial 7 Days est requise<\/h2><div class=\"pmpro_card_content\"><p> Vous devez \u00eatre Free Trial 7 Days pour acc\u00e9der \u00e0 ce contenu.<\/p><p><a class=\"pmpro_btn\" href=\"https:\/\/chrisonsax.com\/fr\/verification-de-ladhesion\/?pmpro_level=8\">S'inscrire maintenant<\/a><\/p><\/div><div class=\"pmpro_card_actions pmpro_font-medium\">D\u00e9j\u00e0 membre ? <a href=\"https:\/\/chrisonsax.com\/fr\/connexion-2\/?redirect_to=https%3A%2F%2Fchrisonsax.com%2Ffr%2Fcontenu-reserve-trial%2F\">Connectez-vous ici<\/a><\/div><\/div><\/div>","protected":false},"excerpt":{"rendered":"<div class=\"pmpro\"><div class=\"pmpro_card pmpro_content_message\"><h2 class=\"pmpro_card_title pmpro_font-large\"><svg xmlns=\"http:\/\/www.w3.org\/2000\/svg\" width=\"24\" height=\"24\" viewbox=\"0 0 24 24\" fill=\"none\" stroke=\"var(--pmpro--color--accent)\" stroke-width=\"2\" stroke-linecap=\"round\" stroke-linejoin=\"round\" class=\"feather feather-lock\"><rect x=\"3\" y=\"11\" width=\"18\" height=\"11\" rx=\"2\" ry=\"2\"><\/rect><path d=\"M7 11V7a5 5 0 0 1 10 0v4\"><\/path><\/svg>L'adh\u00e9sion Free Trial 7 Days est requise<\/h2><div class=\"pmpro_card_content\"><p> Vous devez \u00eatre Free Trial 7 Days pour acc\u00e9der \u00e0 ce contenu.<\/p><p><a class=\"pmpro_btn\" href=\"https:\/\/chrisonsax.com\/fr\/verification-de-ladhesion\/?pmpro_level=8\">S'inscrire maintenant<\/a><\/p><\/div><div class=\"pmpro_card_actions pmpro_font-medium\">D\u00e9j\u00e0 membre ? <a href=\"https:\/\/chrisonsax.com\/fr\/connexion-2\/?redirect_to=https%3A%2F%2Fchrisonsax.com%2Ffr%2Fcontenu-reserve-trial%2F\">Connectez-vous ici<\/a><\/div><\/div><\/div>","protected":false},"author":1,"featured_media":0,"parent":0,"menu_order":0,"comment_status":"closed","ping_status":"closed","template":"","meta":{"pmpro_default_level":"","_kad_post_transparent":"","_kad_post_title":"","_kad_post_layout":"","_kad_post_sidebar_id":"","_kad_post_content_style":"","_kad_post_vertical_padding":"","_kad_post_feature":"","_kad_post_feature_position":"","_kad_post_header":false,"_kad_post_footer":false,"_kad_post_classname":"","footnotes":""},"class_list":["post-13537","page","type-page","status-publish","hentry","pmpro-level-required","pmpro-level-8","pmpro-no-access"],"yoast_head":"<!-- This site is optimized with the Yoast SEO Premium plugin v27.0 (Yoast SEO v27.3) - https:\/\/yoast.com\/product\/yoast-seo-premium-wordpress\/ -->\n<title>Practice Room Trial 7 Days - Saxophonist<\/title>\n<meta name=\"robots\" content=\"index, follow, max-snippet:-1, max-image-preview:large, max-video-preview:-1\" \/>\n<link rel=\"canonical\" href=\"https:\/\/chrisonsax.com\/fr\/contenu-reserve-trial\/\" \/>\n<meta property=\"og:locale\" content=\"fr_FR\" \/>\n<meta property=\"og:type\" content=\"article\" \/>\n<meta property=\"og:title\" content=\"Practice Room Trial 7 Days\" \/>\n<meta property=\"og:description\" content=\"L&#039;adh\u00e9sion Free Trial 7 Days est requise Vous devez \u00eatre Free Trial 7 Days pour acc\u00e9der \u00e0 ce contenu.S\u2019inscrire maintenantD\u00e9j\u00e0 membre ? Connectez-vous ici\" \/>\n<meta property=\"og:url\" content=\"https:\/\/chrisonsax.com\/fr\/contenu-reserve-trial\/\" \/>\n<meta property=\"og:site_name\" content=\"Saxophonist\" \/>\n<meta property=\"article:publisher\" content=\"https:\/\/www.facebook.com\/christopheonsax\" \/>\n<meta property=\"article:modified_time\" content=\"2026-03-05T05:53:21+00:00\" \/>\n<meta property=\"og:image\" content=\"https:\/\/img.youtube.com\/vi\/woQ00Zx-OoY\/maxresdefault.jpg\" \/>\n<meta name=\"twitter:card\" content=\"summary_large_image\" \/>\n<meta name=\"twitter:label1\" content=\"Dur\u00e9e de lecture estim\u00e9e\" \/>\n\t<meta name=\"twitter:data1\" content=\"1 minute\" \/>\n<script type=\"application\/ld+json\" class=\"yoast-schema-graph\">{\"@context\":\"https:\\\/\\\/schema.org\",\"@graph\":[{\"@type\":\"WebPage\",\"@id\":\"https:\\\/\\\/chrisonsax.com\\\/contenu-reserve-trial\\\/\",\"url\":\"https:\\\/\\\/chrisonsax.com\\\/contenu-reserve-trial\\\/\",\"name\":\"Practice Room Trial 7 Days - Saxophonist\",\"isPartOf\":{\"@id\":\"https:\\\/\\\/chrisonsax.com\\\/#website\"},\"primaryImageOfPage\":{\"@id\":\"https:\\\/\\\/chrisonsax.com\\\/contenu-reserve-trial\\\/#primaryimage\"},\"image\":{\"@id\":\"https:\\\/\\\/chrisonsax.com\\\/contenu-reserve-trial\\\/#primaryimage\"},\"thumbnailUrl\":\"https:\\\/\\\/img.youtube.com\\\/vi\\\/woQ00Zx-OoY\\\/maxresdefault.jpg\",\"datePublished\":\"2026-02-26T13:22:25+00:00\",\"dateModified\":\"2026-03-05T05:53:21+00:00\",\"breadcrumb\":{\"@id\":\"https:\\\/\\\/chrisonsax.com\\\/contenu-reserve-trial\\\/#breadcrumb\"},\"inLanguage\":\"fr-FR\",\"potentialAction\":[{\"@type\":\"ReadAction\",\"target\":[\"https:\\\/\\\/chrisonsax.com\\\/contenu-reserve-trial\\\/\"]}]},{\"@type\":\"ImageObject\",\"inLanguage\":\"fr-FR\",\"@id\":\"https:\\\/\\\/chrisonsax.com\\\/contenu-reserve-trial\\\/#primaryimage\",\"url\":\"https:\\\/\\\/img.youtube.com\\\/vi\\\/woQ00Zx-OoY\\\/maxresdefault.jpg\",\"contentUrl\":\"https:\\\/\\\/img.youtube.com\\\/vi\\\/woQ00Zx-OoY\\\/maxresdefault.jpg\"},{\"@type\":\"BreadcrumbList\",\"@id\":\"https:\\\/\\\/chrisonsax.com\\\/contenu-reserve-trial\\\/#breadcrumb\",\"itemListElement\":[{\"@type\":\"ListItem\",\"position\":1,\"name\":\"Animation cocktail\",\"item\":\"https:\\\/\\\/chrisonsax.com\\\/\"},{\"@type\":\"ListItem\",\"position\":2,\"name\":\"Practice Room Trial 7 Days\"}]},{\"@type\":\"WebSite\",\"@id\":\"https:\\\/\\\/chrisonsax.com\\\/#website\",\"url\":\"https:\\\/\\\/chrisonsax.com\\\/\",\"name\":\"Musicien saxophoniste\",\"description\":\"Cocktail sax Tel : +971 058 542 0635\",\"publisher\":{\"@id\":\"https:\\\/\\\/chrisonsax.com\\\/#organization\"},\"potentialAction\":[{\"@type\":\"SearchAction\",\"target\":{\"@type\":\"EntryPoint\",\"urlTemplate\":\"https:\\\/\\\/chrisonsax.com\\\/?s={search_term_string}\"},\"query-input\":{\"@type\":\"PropertyValueSpecification\",\"valueRequired\":true,\"valueName\":\"search_term_string\"}}],\"inLanguage\":\"fr-FR\"},{\"@type\":\"Organization\",\"@id\":\"https:\\\/\\\/chrisonsax.com\\\/#organization\",\"name\":\"Musicien saxophoniste\",\"url\":\"https:\\\/\\\/chrisonsax.com\\\/\",\"logo\":{\"@type\":\"ImageObject\",\"inLanguage\":\"fr-FR\",\"@id\":\"https:\\\/\\\/chrisonsax.com\\\/#\\\/schema\\\/logo\\\/image\\\/\",\"url\":\"https:\\\/\\\/chrisonsax.com\\\/wp-content\\\/uploads\\\/2021\\\/12\\\/cropped-WhatsApp-Image-2021-08-28-at-13.03.56-2-1-e1674942410642.jpeg\",\"contentUrl\":\"https:\\\/\\\/chrisonsax.com\\\/wp-content\\\/uploads\\\/2021\\\/12\\\/cropped-WhatsApp-Image-2021-08-28-at-13.03.56-2-1-e1674942410642.jpeg\",\"width\":300,\"height\":300,\"caption\":\"Musicien saxophoniste\"},\"image\":{\"@id\":\"https:\\\/\\\/chrisonsax.com\\\/#\\\/schema\\\/logo\\\/image\\\/\"},\"sameAs\":[\"https:\\\/\\\/www.facebook.com\\\/christopheonsax\",\"https:\\\/\\\/www.instagram.com\\\/chris_onsax\\\/\",\"https:\\\/\\\/www.youtube.com\\\/channel\\\/UCPht7xSeaLJ_4FUWV4bUOQg?view_as=subscriber\"]}]}<\/script>\n<!-- \/ Yoast SEO Premium plugin. -->","yoast_head_json":{"title":"Practice Room Trial 7 Days - Saxophoniste","robots":{"index":"index","follow":"follow","max-snippet":"max-snippet:-1","max-image-preview":"max-image-preview:large","max-video-preview":"max-video-preview:-1"},"canonical":"https:\/\/chrisonsax.com\/fr\/contenu-reserve-trial\/","og_locale":"fr_FR","og_type":"article","og_title":"Practice Room Trial 7 Days","og_description":"L'adh\u00e9sion Free Trial 7 Days est requise Vous devez \u00eatre Free Trial 7 Days pour acc\u00e9der \u00e0 ce contenu.S\u2019inscrire maintenantD\u00e9j\u00e0 membre ? Connectez-vous ici","og_url":"https:\/\/chrisonsax.com\/fr\/contenu-reserve-trial\/","og_site_name":"Saxophonist","article_publisher":"https:\/\/www.facebook.com\/christopheonsax","article_modified_time":"2026-03-05T05:53:21+00:00","og_image":[{"url":"https:\/\/img.youtube.com\/vi\/woQ00Zx-OoY\/maxresdefault.jpg","type":"","width":"","height":""}],"twitter_card":"summary_large_image","twitter_misc":{"Dur\u00e9e de lecture estim\u00e9e":"1 minute"},"schema":{"@context":"https:\/\/schema.org","@graph":[{"@type":"WebPage","@id":"https:\/\/chrisonsax.com\/contenu-reserve-trial\/","url":"https:\/\/chrisonsax.com\/contenu-reserve-trial\/","name":"Practice Room Trial 7 Days - Saxophoniste","isPartOf":{"@id":"https:\/\/chrisonsax.com\/#website"},"primaryImageOfPage":{"@id":"https:\/\/chrisonsax.com\/contenu-reserve-trial\/#primaryimage"},"image":{"@id":"https:\/\/chrisonsax.com\/contenu-reserve-trial\/#primaryimage"},"thumbnailUrl":"https:\/\/img.youtube.com\/vi\/woQ00Zx-OoY\/maxresdefault.jpg","datePublished":"2026-02-26T13:22:25+00:00","dateModified":"2026-03-05T05:53:21+00:00","breadcrumb":{"@id":"https:\/\/chrisonsax.com\/contenu-reserve-trial\/#breadcrumb"},"inLanguage":"fr-FR","potentialAction":[{"@type":"ReadAction","target":["https:\/\/chrisonsax.com\/contenu-reserve-trial\/"]}]},{"@type":"ImageObject","inLanguage":"fr-FR","@id":"https:\/\/chrisonsax.com\/contenu-reserve-trial\/#primaryimage","url":"https:\/\/img.youtube.com\/vi\/woQ00Zx-OoY\/maxresdefault.jpg","contentUrl":"https:\/\/img.youtube.com\/vi\/woQ00Zx-OoY\/maxresdefault.jpg"},{"@type":"BreadcrumbList","@id":"https:\/\/chrisonsax.com\/contenu-reserve-trial\/#breadcrumb","itemListElement":[{"@type":"ListItem","position":1,"name":"Animation cocktail","item":"https:\/\/chrisonsax.com\/"},{"@type":"ListItem","position":2,"name":"Practice Room Trial 7 Days"}]},{"@type":"WebSite","@id":"https:\/\/chrisonsax.com\/#website","url":"https:\/\/chrisonsax.com\/","name":"Musicien saxophoniste","description":"Cocktail sax Tel : +971 058 542 0635","publisher":{"@id":"https:\/\/chrisonsax.com\/#organization"},"potentialAction":[{"@type":"SearchAction","target":{"@type":"EntryPoint","urlTemplate":"https:\/\/chrisonsax.com\/?s={search_term_string}"},"query-input":{"@type":"PropertyValueSpecification","valueRequired":true,"valueName":"search_term_string"}}],"inLanguage":"fr-FR"},{"@type":"Organization","@id":"https:\/\/chrisonsax.com\/#organization","name":"Musicien saxophoniste","url":"https:\/\/chrisonsax.com\/","logo":{"@type":"ImageObject","inLanguage":"fr-FR","@id":"https:\/\/chrisonsax.com\/#\/schema\/logo\/image\/","url":"https:\/\/chrisonsax.com\/wp-content\/uploads\/2021\/12\/cropped-WhatsApp-Image-2021-08-28-at-13.03.56-2-1-e1674942410642.jpeg","contentUrl":"https:\/\/chrisonsax.com\/wp-content\/uploads\/2021\/12\/cropped-WhatsApp-Image-2021-08-28-at-13.03.56-2-1-e1674942410642.jpeg","width":300,"height":300,"caption":"Musicien saxophoniste"},"image":{"@id":"https:\/\/chrisonsax.com\/#\/schema\/logo\/image\/"},"sameAs":["https:\/\/www.facebook.com\/christopheonsax","https:\/\/www.instagram.com\/chris_onsax\/","https:\/\/www.youtube.com\/channel\/UCPht7xSeaLJ_4FUWV4bUOQg?view_as=subscriber"]}]}},"_links":{"self":[{"href":"https:\/\/chrisonsax.com\/fr\/wp-json\/wp\/v2\/pages\/13537","targetHints":{"allow":["GET"]}}],"collection":[{"href":"https:\/\/chrisonsax.com\/fr\/wp-json\/wp\/v2\/pages"}],"about":[{"href":"https:\/\/chrisonsax.com\/fr\/wp-json\/wp\/v2\/types\/page"}],"author":[{"embeddable":true,"href":"https:\/\/chrisonsax.com\/fr\/wp-json\/wp\/v2\/users\/1"}],"replies":[{"embeddable":true,"href":"https:\/\/chrisonsax.com\/fr\/wp-json\/wp\/v2\/comments?post=13537"}],"version-history":[{"count":59,"href":"https:\/\/chrisonsax.com\/fr\/wp-json\/wp\/v2\/pages\/13537\/revisions"}],"predecessor-version":[{"id":14124,"href":"https:\/\/chrisonsax.com\/fr\/wp-json\/wp\/v2\/pages\/13537\/revisions\/14124"}],"wp:attachment":[{"href":"https:\/\/chrisonsax.com\/fr\/wp-json\/wp\/v2\/media?parent=13537"}],"curies":[{"name":"wp","href":"https:\/\/api.w.org\/{rel}","templated":true}]}}