{"id":12344,"date":"2026-02-10T15:02:35","date_gmt":"2026-02-10T15:02:35","guid":{"rendered":"https:\/\/chrisonsax.com\/?page_id=12344"},"modified":"2026-03-21T18:04:39","modified_gmt":"2026-03-21T18:04:39","slug":"contenu-reserve","status":"publish","type":"page","link":"https:\/\/chrisonsax.com\/fr\/contenu-reserve\/","title":{"rendered":"Salle d'entra\u00eenement"},"content":{"rendered":"<div class=\"pmpro\"><div class=\"pmpro_card pmpro_content_message\"><h2 class=\"pmpro_card_title pmpro_font-large\"><svg xmlns=\"http:\/\/www.w3.org\/2000\/svg\" width=\"24\" height=\"24\" viewbox=\"0 0 24 24\" fill=\"none\" stroke=\"var(--pmpro--color--accent)\" stroke-width=\"2\" stroke-linecap=\"round\" stroke-linejoin=\"round\" class=\"feather feather-lock\"><rect x=\"3\" y=\"11\" width=\"18\" height=\"11\" rx=\"2\" ry=\"2\"><\/rect><path d=\"M7 11V7a5 5 0 0 1 10 0v4\"><\/path><\/svg>L'adh\u00e9sion \u00e0 Sax Practice Access est requise<\/h2><div class=\"pmpro_card_content\"><p> Vous devez \u00eatre Sax Practice Access pour acc\u00e9der \u00e0 ce contenu.<\/p><p><a class=\"pmpro_btn\" href=\"https:\/\/chrisonsax.com\/fr\/verification-de-ladhesion\/?pmpro_level=4\">S'inscrire maintenant<\/a><\/p><\/div><div class=\"pmpro_card_actions pmpro_font-medium\">D\u00e9j\u00e0 membre ? <a href=\"https:\/\/chrisonsax.com\/fr\/connexion-2\/?redirect_to=https%3A%2F%2Fchrisonsax.com%2Ffr%2Fcontenu-reserve%2F\">Connectez-vous ici<\/a><\/div><\/div><\/div>","protected":false},"excerpt":{"rendered":"<div class=\"pmpro\"><div class=\"pmpro_card pmpro_content_message\"><h2 class=\"pmpro_card_title pmpro_font-large\"><svg xmlns=\"http:\/\/www.w3.org\/2000\/svg\" width=\"24\" height=\"24\" viewbox=\"0 0 24 24\" fill=\"none\" stroke=\"var(--pmpro--color--accent)\" stroke-width=\"2\" stroke-linecap=\"round\" stroke-linejoin=\"round\" class=\"feather feather-lock\"><rect x=\"3\" y=\"11\" width=\"18\" height=\"11\" rx=\"2\" ry=\"2\"><\/rect><path d=\"M7 11V7a5 5 0 0 1 10 0v4\"><\/path><\/svg>L'adh\u00e9sion \u00e0 Sax Practice Access est requise<\/h2><div class=\"pmpro_card_content\"><p> Vous devez \u00eatre Sax Practice Access pour acc\u00e9der \u00e0 ce contenu.<\/p><p><a class=\"pmpro_btn\" href=\"https:\/\/chrisonsax.com\/fr\/verification-de-ladhesion\/?pmpro_level=4\">S'inscrire maintenant<\/a><\/p><\/div><div class=\"pmpro_card_actions pmpro_font-medium\">D\u00e9j\u00e0 membre ? <a href=\"https:\/\/chrisonsax.com\/fr\/connexion-2\/?redirect_to=https%3A%2F%2Fchrisonsax.com%2Ffr%2Fcontenu-reserve%2F\">Connectez-vous ici<\/a><\/div><\/div><\/div>","protected":false},"author":1,"featured_media":0,"parent":0,"menu_order":0,"comment_status":"open","ping_status":"closed","template":"","meta":{"pmpro_default_level":"","_kad_post_transparent":"","_kad_post_title":"hide","_kad_post_layout":"fullwidth","_kad_post_sidebar_id":"","_kad_post_content_style":"unboxed","_kad_post_vertical_padding":"hide","_kad_post_feature":"hide","_kad_post_feature_position":"","_kad_post_header":false,"_kad_post_footer":false,"_kad_post_classname":"","footnotes":""},"class_list":["post-12344","page","type-page","status-publish","hentry","pmpro-level-required","pmpro-level-2","pmpro-level-4","pmpro-level-5","pmpro-no-access"],"yoast_head":"<!-- This site is optimized with the Yoast SEO Premium plugin v27.0 (Yoast SEO v27.4) - https:\/\/yoast.com\/product\/yoast-seo-premium-wordpress\/ -->\n<title>Saxophone Practice Room \u2013 Structured Practice for Saxophonists<\/title>\n<meta name=\"description\" content=\"A structured practice hub for saxophonists with exercises, backing tracks, scales and tools designed to help you practice more efficiently.\" \/>\n<meta name=\"robots\" content=\"noindex, nofollow\" \/>\n<meta property=\"og:locale\" content=\"fr_FR\" \/>\n<meta property=\"og:type\" content=\"article\" \/>\n<meta property=\"og:title\" content=\"Practice Room\" \/>\n<meta property=\"og:description\" content=\"A structured practice hub for saxophonists with exercises, backing tracks, scales and tools designed to help you practice more efficiently.\" \/>\n<meta property=\"og:url\" content=\"https:\/\/chrisonsax.com\/fr\/contenu-reserve\/\" \/>\n<meta property=\"og:site_name\" content=\"Saxophonist\" \/>\n<meta property=\"article:publisher\" content=\"https:\/\/www.facebook.com\/christopheonsax\" \/>\n<meta property=\"article:modified_time\" content=\"2026-03-21T18:04:39+00:00\" \/>\n<meta property=\"og:image\" content=\"https:\/\/img.youtube.com\/vi\/woQ00Zx-OoY\/hqdefault.jpg\" \/>\n<meta name=\"twitter:card\" content=\"summary_large_image\" \/>\n<meta name=\"twitter:label1\" content=\"Dur\u00e9e de lecture estim\u00e9e\" \/>\n\t<meta name=\"twitter:data1\" content=\"2 minutes\" \/>\n<script type=\"application\/ld+json\" class=\"yoast-schema-graph\">{\"@context\":\"https:\\\/\\\/schema.org\",\"@graph\":[{\"@type\":\"WebPage\",\"@id\":\"https:\\\/\\\/chrisonsax.com\\\/contenu-reserve\\\/\",\"url\":\"https:\\\/\\\/chrisonsax.com\\\/contenu-reserve\\\/\",\"name\":\"Saxophone Practice Room \u2013 Structured Practice for Saxophonists\",\"isPartOf\":{\"@id\":\"https:\\\/\\\/chrisonsax.com\\\/#website\"},\"primaryImageOfPage\":{\"@id\":\"https:\\\/\\\/chrisonsax.com\\\/contenu-reserve\\\/#primaryimage\"},\"image\":{\"@id\":\"https:\\\/\\\/chrisonsax.com\\\/contenu-reserve\\\/#primaryimage\"},\"thumbnailUrl\":\"https:\\\/\\\/img.youtube.com\\\/vi\\\/woQ00Zx-OoY\\\/hqdefault.jpg\",\"datePublished\":\"2026-02-10T15:02:35+00:00\",\"dateModified\":\"2026-03-21T18:04:39+00:00\",\"description\":\"A structured practice hub for saxophonists with exercises, backing tracks, scales and tools designed to help you practice more efficiently.\",\"breadcrumb\":{\"@id\":\"https:\\\/\\\/chrisonsax.com\\\/contenu-reserve\\\/#breadcrumb\"},\"inLanguage\":\"fr-FR\",\"potentialAction\":[{\"@type\":\"ReadAction\",\"target\":[\"https:\\\/\\\/chrisonsax.com\\\/contenu-reserve\\\/\"]}]},{\"@type\":\"ImageObject\",\"inLanguage\":\"fr-FR\",\"@id\":\"https:\\\/\\\/chrisonsax.com\\\/contenu-reserve\\\/#primaryimage\",\"url\":\"https:\\\/\\\/img.youtube.com\\\/vi\\\/woQ00Zx-OoY\\\/hqdefault.jpg\",\"contentUrl\":\"https:\\\/\\\/img.youtube.com\\\/vi\\\/woQ00Zx-OoY\\\/hqdefault.jpg\"},{\"@type\":\"BreadcrumbList\",\"@id\":\"https:\\\/\\\/chrisonsax.com\\\/contenu-reserve\\\/#breadcrumb\",\"itemListElement\":[{\"@type\":\"ListItem\",\"position\":1,\"name\":\"Animation cocktail\",\"item\":\"https:\\\/\\\/chrisonsax.com\\\/\"},{\"@type\":\"ListItem\",\"position\":2,\"name\":\"Practice Room\"}]},{\"@type\":\"WebSite\",\"@id\":\"https:\\\/\\\/chrisonsax.com\\\/#website\",\"url\":\"https:\\\/\\\/chrisonsax.com\\\/\",\"name\":\"Musicien saxophoniste\",\"description\":\"Cocktail sax Tel : +971 058 542 0635\",\"publisher\":{\"@id\":\"https:\\\/\\\/chrisonsax.com\\\/#organization\"},\"potentialAction\":[{\"@type\":\"SearchAction\",\"target\":{\"@type\":\"EntryPoint\",\"urlTemplate\":\"https:\\\/\\\/chrisonsax.com\\\/?s={search_term_string}\"},\"query-input\":{\"@type\":\"PropertyValueSpecification\",\"valueRequired\":true,\"valueName\":\"search_term_string\"}}],\"inLanguage\":\"fr-FR\"},{\"@type\":\"Organization\",\"@id\":\"https:\\\/\\\/chrisonsax.com\\\/#organization\",\"name\":\"Musicien saxophoniste\",\"url\":\"https:\\\/\\\/chrisonsax.com\\\/\",\"logo\":{\"@type\":\"ImageObject\",\"inLanguage\":\"fr-FR\",\"@id\":\"https:\\\/\\\/chrisonsax.com\\\/#\\\/schema\\\/logo\\\/image\\\/\",\"url\":\"https:\\\/\\\/chrisonsax.com\\\/wp-content\\\/uploads\\\/2021\\\/12\\\/cropped-WhatsApp-Image-2021-08-28-at-13.03.56-2-1-e1674942410642.jpeg\",\"contentUrl\":\"https:\\\/\\\/chrisonsax.com\\\/wp-content\\\/uploads\\\/2021\\\/12\\\/cropped-WhatsApp-Image-2021-08-28-at-13.03.56-2-1-e1674942410642.jpeg\",\"width\":300,\"height\":300,\"caption\":\"Musicien saxophoniste\"},\"image\":{\"@id\":\"https:\\\/\\\/chrisonsax.com\\\/#\\\/schema\\\/logo\\\/image\\\/\"},\"sameAs\":[\"https:\\\/\\\/www.facebook.com\\\/christopheonsax\",\"https:\\\/\\\/www.instagram.com\\\/chris_onsax\\\/\",\"https:\\\/\\\/www.youtube.com\\\/channel\\\/UCPht7xSeaLJ_4FUWV4bUOQg?view_as=subscriber\"]}]}<\/script>\n<!-- \/ Yoast SEO Premium plugin. -->","yoast_head_json":{"title":"Saxophone Practice Room - Pratique structur\u00e9e pour les saxophonistes","description":"Un centre d'entra\u00eenement structur\u00e9 pour les saxophonistes avec des exercices, des pistes d'accompagnement, des gammes et des outils con\u00e7us pour vous aider \u00e0 vous entra\u00eener plus efficacement.","robots":{"index":"noindex","follow":"nofollow"},"og_locale":"fr_FR","og_type":"article","og_title":"Practice Room","og_description":"A structured practice hub for saxophonists with exercises, backing tracks, scales and tools designed to help you practice more efficiently.","og_url":"https:\/\/chrisonsax.com\/fr\/contenu-reserve\/","og_site_name":"Saxophonist","article_publisher":"https:\/\/www.facebook.com\/christopheonsax","article_modified_time":"2026-03-21T18:04:39+00:00","og_image":[{"url":"https:\/\/img.youtube.com\/vi\/woQ00Zx-OoY\/hqdefault.jpg","type":"","width":"","height":""}],"twitter_card":"summary_large_image","twitter_misc":{"Dur\u00e9e de lecture estim\u00e9e":"2 minutes"},"schema":{"@context":"https:\/\/schema.org","@graph":[{"@type":"WebPage","@id":"https:\/\/chrisonsax.com\/contenu-reserve\/","url":"https:\/\/chrisonsax.com\/contenu-reserve\/","name":"Saxophone Practice Room - Pratique structur\u00e9e pour les saxophonistes","isPartOf":{"@id":"https:\/\/chrisonsax.com\/#website"},"primaryImageOfPage":{"@id":"https:\/\/chrisonsax.com\/contenu-reserve\/#primaryimage"},"image":{"@id":"https:\/\/chrisonsax.com\/contenu-reserve\/#primaryimage"},"thumbnailUrl":"https:\/\/img.youtube.com\/vi\/woQ00Zx-OoY\/hqdefault.jpg","datePublished":"2026-02-10T15:02:35+00:00","dateModified":"2026-03-21T18:04:39+00:00","description":"Un centre d'entra\u00eenement structur\u00e9 pour les saxophonistes avec des exercices, des pistes d'accompagnement, des gammes et des outils con\u00e7us pour vous aider \u00e0 vous entra\u00eener plus efficacement.","breadcrumb":{"@id":"https:\/\/chrisonsax.com\/contenu-reserve\/#breadcrumb"},"inLanguage":"fr-FR","potentialAction":[{"@type":"ReadAction","target":["https:\/\/chrisonsax.com\/contenu-reserve\/"]}]},{"@type":"ImageObject","inLanguage":"fr-FR","@id":"https:\/\/chrisonsax.com\/contenu-reserve\/#primaryimage","url":"https:\/\/img.youtube.com\/vi\/woQ00Zx-OoY\/hqdefault.jpg","contentUrl":"https:\/\/img.youtube.com\/vi\/woQ00Zx-OoY\/hqdefault.jpg"},{"@type":"BreadcrumbList","@id":"https:\/\/chrisonsax.com\/contenu-reserve\/#breadcrumb","itemListElement":[{"@type":"ListItem","position":1,"name":"Animation cocktail","item":"https:\/\/chrisonsax.com\/"},{"@type":"ListItem","position":2,"name":"Practice Room"}]},{"@type":"WebSite","@id":"https:\/\/chrisonsax.com\/#website","url":"https:\/\/chrisonsax.com\/","name":"Musicien saxophoniste","description":"Cocktail sax Tel : +971 058 542 0635","publisher":{"@id":"https:\/\/chrisonsax.com\/#organization"},"potentialAction":[{"@type":"SearchAction","target":{"@type":"EntryPoint","urlTemplate":"https:\/\/chrisonsax.com\/?s={search_term_string}"},"query-input":{"@type":"PropertyValueSpecification","valueRequired":true,"valueName":"search_term_string"}}],"inLanguage":"fr-FR"},{"@type":"Organization","@id":"https:\/\/chrisonsax.com\/#organization","name":"Musicien saxophoniste","url":"https:\/\/chrisonsax.com\/","logo":{"@type":"ImageObject","inLanguage":"fr-FR","@id":"https:\/\/chrisonsax.com\/#\/schema\/logo\/image\/","url":"https:\/\/chrisonsax.com\/wp-content\/uploads\/2021\/12\/cropped-WhatsApp-Image-2021-08-28-at-13.03.56-2-1-e1674942410642.jpeg","contentUrl":"https:\/\/chrisonsax.com\/wp-content\/uploads\/2021\/12\/cropped-WhatsApp-Image-2021-08-28-at-13.03.56-2-1-e1674942410642.jpeg","width":300,"height":300,"caption":"Musicien saxophoniste"},"image":{"@id":"https:\/\/chrisonsax.com\/#\/schema\/logo\/image\/"},"sameAs":["https:\/\/www.facebook.com\/christopheonsax","https:\/\/www.instagram.com\/chris_onsax\/","https:\/\/www.youtube.com\/channel\/UCPht7xSeaLJ_4FUWV4bUOQg?view_as=subscriber"]}]}},"_links":{"self":[{"href":"https:\/\/chrisonsax.com\/fr\/wp-json\/wp\/v2\/pages\/12344","targetHints":{"allow":["GET"]}}],"collection":[{"href":"https:\/\/chrisonsax.com\/fr\/wp-json\/wp\/v2\/pages"}],"about":[{"href":"https:\/\/chrisonsax.com\/fr\/wp-json\/wp\/v2\/types\/page"}],"author":[{"embeddable":true,"href":"https:\/\/chrisonsax.com\/fr\/wp-json\/wp\/v2\/users\/1"}],"replies":[{"embeddable":true,"href":"https:\/\/chrisonsax.com\/fr\/wp-json\/wp\/v2\/comments?post=12344"}],"version-history":[{"count":449,"href":"https:\/\/chrisonsax.com\/fr\/wp-json\/wp\/v2\/pages\/12344\/revisions"}],"predecessor-version":[{"id":15870,"href":"https:\/\/chrisonsax.com\/fr\/wp-json\/wp\/v2\/pages\/12344\/revisions\/15870"}],"wp:attachment":[{"href":"https:\/\/chrisonsax.com\/fr\/wp-json\/wp\/v2\/media?parent=12344"}],"curies":[{"name":"wp","href":"https:\/\/api.w.org\/{rel}","templated":true}]}}