{"id":1135,"date":"2022-01-02T12:06:28","date_gmt":"2022-01-02T12:06:28","guid":{"rendered":"https:\/\/chrisonsax.com\/?page_id=1135"},"modified":"2025-06-04T14:25:32","modified_gmt":"2025-06-04T14:25:32","slug":"mention-legale","status":"publish","type":"page","link":"https:\/\/chrisonsax.com\/fr\/legale\/","title":{"rendered":"Mention legale"},"content":{"rendered":"<div data-elementor-type=\"wp-page\" data-elementor-id=\"1135\" class=\"elementor elementor-1135\" data-elementor-post-type=\"page\">\n\t\t\t\t<div class=\"elementor-element elementor-element-b584451 e-flex e-con-boxed wpr-particle-no wpr-jarallax-no wpr-parallax-no wpr-sticky-section-no wpr-equal-height-no e-con e-parent\" data-id=\"b584451\" data-element_type=\"container\" data-e-type=\"container\">\n\t\t\t\t\t<div class=\"e-con-inner\">\n\t\t\t\t<div class=\"elementor-element elementor-element-1e9357e elementor-widget elementor-widget-text-editor\" data-id=\"1e9357e\" data-element_type=\"widget\" data-e-type=\"widget\" data-widget_type=\"text-editor.default\">\n\t\t\t\t\t\t\t\t\t\n<h1 data-start=\"149\" data-end=\"168\"><strong data-start=\"152\" data-end=\"168\">Mention legale<\/strong><\/h1>\n<h3 class=\"\" data-start=\"170\" data-end=\"213\">\ud83d\udccc <strong data-start=\"177\" data-end=\"213\">Information commerciale et \u00e9diteur<\/strong><\/h3>\n<p class=\"\" data-start=\"215\" data-end=\"369\"><strong data-start=\"215\" data-end=\"248\">CHRISONSAX (Sandboxcreatives)<\/strong><br data-start=\"248\" data-end=\"251\" \/>Level 29, Marina Plaza, Dubai Marina, \u00c9mirats arabes unis<br data-start=\"309\" data-end=\"312\" \/>T\u00e9l\u00e9phone : +971 4 599 5722 +971 4 599 5722<br data-start=\"334\" data-end=\"337\" \/>Courriel : <a class=\"cursor-pointer\" rel=\"noopener\" data-start=\"344\" data-end=\"369\">info@sandboxcreatives.com<\/a><\/p>\n<p class=\"\" data-start=\"371\" data-end=\"436\">Contact direct :<br data-start=\"386\" data-end=\"389\" \/>\ud83d\udcde +971 58 542 0635<br data-start=\"408\" data-end=\"411\" \/>\ud83d\udce9 <a class=\"cursor-pointer\" rel=\"noopener\" data-start=\"414\" data-end=\"436\">contact@chrisonsax.com<\/a><\/p>\n<hr class=\"\" data-start=\"438\" data-end=\"441\" \/>\n<h3 class=\"\" data-start=\"443\" data-end=\"482\">\ud83d\udd10 <strong data-start=\"450\" data-end=\"482\">Droits de propri\u00e9t\u00e9 intellectuelle<\/strong><\/h3>\n<p class=\"\" data-start=\"484\" data-end=\"663\">Tout le contenu de ce site web (architecture, textes, photographies, illustrations, logiciels, etc.) est la propri\u00e9t\u00e9 de CHRISONSAX ou de ses prestataires techniques. ) est la propri\u00e9t\u00e9 de CHRISONSAX ou de ses prestataires techniques. Tous les droits sont r\u00e9serv\u00e9s.<\/p>\n<p class=\"\" data-start=\"665\" data-end=\"919\">Conform\u00e9ment aux lois sur la propri\u00e9t\u00e9 intellectuelle, toute reproduction ou repr\u00e9sentation, en tout ou partie, par quelque proc\u00e9d\u00e9 que ce soit, sans l'autorisation expresse et pr\u00e9alable de CHRISONSAX, est interdite et constitue une contrefa\u00e7on donnant lieu \u00e0 des poursuites judiciaires.<\/p>\n<hr class=\"\" data-start=\"921\" data-end=\"924\" \/>\n<h3 class=\"\" data-start=\"926\" data-end=\"962\">\ud83d\udee1\ufe0f <strong data-start=\"934\" data-end=\"962\">Protection des donn\u00e9es personnelles<\/strong><\/h3>\n<p class=\"\" data-start=\"964\" data-end=\"1216\">Conform\u00e9ment \u00e0 la loi n\u00b0 1.165 du 23 d\u00e9cembre 1993 sur la protection des donn\u00e9es personnelles (telle que modifi\u00e9e), CHRISONSAX s'engage \u00e0 maintenir la confidentialit\u00e9 de toutes les informations personnelles fournies par les utilisateurs via les formulaires de contact ou les communications en ligne.<\/p>\n<p class=\"\" data-start=\"1218\" data-end=\"1434\">Ces donn\u00e9es sont utilis\u00e9es uniquement dans le but de traiter les demandes et ne sont stock\u00e9es que pendant la dur\u00e9e n\u00e9cessaire pour r\u00e9pondre \u00e0 la demande de l'utilisateur.<br data-start=\"1357\" data-end=\"1360\" \/>Les utilisateurs ont le droit d'acc\u00e9der \u00e0 leurs donn\u00e9es personnelles et de les mettre \u00e0 jour \u00e0 tout moment.<\/p>\n<p class=\"\" data-start=\"1436\" data-end=\"1503\">Pour exercer ce droit, veuillez nous contacter \u00e0 l'adresse suivante<br data-start=\"1481\" data-end=\"1484\" \/>\ud83d\udce7 <strong data-start=\"1487\" data-end=\"1503\"><a class=\"cursor-pointer\" rel=\"noopener\" data-start=\"1489\" data-end=\"1501\">c.sax@me.com<\/a><\/strong><\/p>\n<hr class=\"\" data-start=\"1505\" data-end=\"1508\" \/>\n<h3 class=\"\" data-start=\"1510\" data-end=\"1545\">\ud83c\udfa8 <strong data-start=\"1517\" data-end=\"1545\">Conception du site web et cr\u00e9dits<\/strong><\/h3>\n<p class=\"\" data-start=\"1547\" data-end=\"1700\"><strong data-start=\"1547\" data-end=\"1571\">Conception et d\u00e9veloppement<\/strong>: <a class=\"\" href=\"https:\/\/sandboxcreatives.com\/\" target=\"_new\" rel=\"noopener\" data-start=\"1573\" data-end=\"1625\">sandboxcreatives.com<\/a> (Christophe MORIANO)<br data-start=\"1646\" data-end=\"1649\" \/><strong data-start=\"1649\" data-end=\"1666\">Cr\u00e9dits d'image<\/strong>: Olivier Polia &amp; Jean-Louis Neveu<\/p>\n<hr class=\"\" data-start=\"1702\" data-end=\"1705\" \/>\n<h3 class=\"\" data-start=\"1707\" data-end=\"1735\">\ud83d\udda5\ufe0f <strong data-start=\"1715\" data-end=\"1735\">Fournisseur d'h\u00e9bergement<\/strong><\/h3>\n<p class=\"\" data-start=\"1737\" data-end=\"1875\"><strong data-start=\"1737\" data-end=\"1768\">HOSTINGER INTERNATIONAL LTD<\/strong><br data-start=\"1768\" data-end=\"1771\" \/>61 Lordou Vironos Street, 6023 Larnaca, Chypre<br data-start=\"1817\" data-end=\"1820\" \/>Site web : <a class=\"\" href=\"https:\/\/www.hostinger.com\/\" target=\"_new\" rel=\"noopener\" data-start=\"1829\" data-end=\"1875\">www.hostinger.com<\/a><\/p>\n<h4 data-start=\"448\" data-end=\"495\">\u00a0<\/h4>\n<h4 class=\"\" data-start=\"448\" data-end=\"495\">\ud83d\udcda Transcriptions p\u00e9dagogiques Disclaimer<\/h4>\n<blockquote data-start=\"496\" data-end=\"846\">\n<p class=\"\" data-start=\"498\" data-end=\"846\">Voici quelques partitions disponibles sur ce site <strong data-start=\"545\" data-end=\"575\">transcriptions \u00e9ducatives<\/strong> cr\u00e9\u00e9s \u00e0 l'oreille, destin\u00e9s \u00e0 un usage priv\u00e9 et p\u00e9dagogique uniquement. Ils sont <strong data-start=\"648\" data-end=\"673\">versions non officielles<\/strong> et n'ont pas pour but d'enfreindre un quelconque droit d'auteur.<br data-start=\"721\" data-end=\"724\" \/>Si vous \u00eates d\u00e9tenteur d'un droit d'auteur et que vous souhaitez demander une correction ou une suppression, veuillez nous contacter \u00e0 l'adresse suivante : <a rel=\"noopener\" data-start=\"823\" data-end=\"845\">contact@chrisonsax.com<\/a>.<\/p>\n<\/blockquote>\n<hr class=\"\" data-start=\"1877\" data-end=\"1880\" \/>\n<h3 class=\"\" data-start=\"1882\" data-end=\"1907\">\ud83c\udf6a <strong data-start=\"1889\" data-end=\"1907\">Utilisation des cookies<\/strong><\/h3>\n<p class=\"\" data-start=\"1909\" data-end=\"2194\">Le bon fonctionnement de ce site web n\u00e9cessite l'utilisation de cookies.<br data-start=\"1976\" data-end=\"1979\" \/>Des donn\u00e9es non personnelles peuvent \u00eatre collect\u00e9es par le biais de ces fichiers texte afin de reconna\u00eetre les utilisateurs r\u00e9currents et d'am\u00e9liorer leur exp\u00e9rience de navigation. Ces cookies ne servent \u00e0 rien en dehors de la fonctionnalit\u00e9 du site web de CHRISONSAX.<\/p>\n<p data-start=\"1909\" data-end=\"2194\">Ce site utilise uniquement des cookies techniques n\u00e9cessaires \u00e0 son bon fonctionnement. Aucune donn\u00e9e personnelle n'est collect\u00e9e sans votre consentement. En continuant \u00e0 naviguer, vous acceptez l'utilisation de ces cookies. Pour plus d'informations, consultez cette page.<\/p>\n\t\t\t\t\t\t\t\t<\/div>\n\t\t\t\t\t<\/div>\n\t\t\t\t<\/div>\n\t\t\t\t<\/div>","protected":false},"excerpt":{"rendered":"<p>Mentions l\u00e9gales \ud83d\udccc Informations commerciales et \u00e9diteur CHRISONSAX (Sandboxcreatives)Level 29, Marina Plaza, Dubai Marina, United Arab EmiratesPhone : +971 4 599 5722Email : info@sandboxcreatives.com Contact direct:\ud83d\udcde +971 58 542 0635\ud83d\udce9 contact@chrisonsax.com \ud83d\udd10 Droits de propri\u00e9t\u00e9 intellectuelle Tout le contenu de ce site web (architecture, textes, photographies, illustrations, logiciels, etc.) est la propri\u00e9t\u00e9 de CHRISONSAX ou de ses prestataires techniques. Tous les droits sont r\u00e9serv\u00e9s. Conform\u00e9ment au code de la propri\u00e9t\u00e9 intellectuelle, toute reproduction ou repr\u00e9sentation, int\u00e9grale ou partielle, par quelque proc\u00e9d\u00e9 que ce soit, faite sans le consentement expr\u00e8s et pr\u00e9alable de CHRISONSAX, est interdite et constituerait une contrefa\u00e7on donnant lieu \u00e0 des poursuites judiciaires. \ud83d\udee1\ufe0f Protection des donn\u00e9es personnelles Conform\u00e9ment \u00e0 la loi n\u00b0 1.165 du 23 d\u00e9cembre 1993 relative \u00e0 la protection des donn\u00e9es personnelles (telle que modifi\u00e9e), CHRISONSAX s'engage \u00e0 pr\u00e9server la confidentialit\u00e9 de toutes les informations personnelles fournies par les utilisateurs via les formulaires de contact ou les communications en ligne. Ces donn\u00e9es sont utilis\u00e9es uniquement dans le but de traiter les demandes et ne sont conserv\u00e9es que pendant la dur\u00e9e n\u00e9cessaire pour r\u00e9pondre \u00e0 la demande de l'utilisateur.Les utilisateurs ont le droit d'acc\u00e9der \u00e0 leurs donn\u00e9es personnelles et de les mettre \u00e0 jour \u00e0 tout moment. Pour exercer ce droit, veuillez nous contacter \u00e0:\ud83d\udce7 c.sax@me.com \ud83c\udfa8 Website Design &amp; Credits Design &amp; Development : sandboxcreatives.com (Christophe MORIANO)Image Credits : Olivier Polia &amp; Jean-Louis Neveu \ud83d\udda5\ufe0f Fournisseur d'h\u00e9bergement HOSTINGER INTERNATIONAL LTD61 Lordou Vironos Street, 6023 Larnaca, CyprusSite web : www.hostinger.com \ud83d\udcda Transcriptions \u00e9ducatives Disclaimer Certaines partitions disponibles sur ce site web sont des transcriptions \u00e9ducatives cr\u00e9\u00e9es \u00e0 l'oreille, destin\u00e9es \u00e0 un usage priv\u00e9 et p\u00e9dagogique uniquement. Si vous \u00eates d\u00e9tenteur d'un droit d'auteur et que vous souhaitez demander une correction ou une suppression, veuillez nous contacter \u00e0 l'adresse suivante : contact@chrisonsax.com. \ud83c\udf6a Utilisation de cookies Le bon fonctionnement de ce site web n\u00e9cessite l'utilisation de cookies.Des donn\u00e9es non personnelles peuvent \u00eatre collect\u00e9es par le biais de ces fichiers texte afin de reconna\u00eetre les utilisateurs qui reviennent et d'am\u00e9liorer leur exp\u00e9rience de navigation. Ces cookies ne servent \u00e0 rien en dehors de la fonctionnalit\u00e9 du site web de CHRISONSAX. Ce site utilise uniquement des cookies techniques n\u00e9cessaires \u00e0 son bon fonctionnement. Aucune donn\u00e9e personnelle n'est collect\u00e9e sans votre consentement. En continuant \u00e0 naviguer, vous acceptez l'utilisation de ces cookies. Pour plus d'informations, consultez cette page.<\/p>","protected":false},"author":1,"featured_media":0,"parent":0,"menu_order":0,"comment_status":"closed","ping_status":"closed","template":"","meta":{"pmpro_default_level":"","_kad_post_transparent":"","_kad_post_title":"","_kad_post_layout":"","_kad_post_sidebar_id":"","_kad_post_content_style":"","_kad_post_vertical_padding":"","_kad_post_feature":"","_kad_post_feature_position":"","_kad_post_header":false,"_kad_post_footer":false,"_kad_post_classname":"","footnotes":""},"class_list":["post-1135","page","type-page","status-publish","hentry","pmpro-has-access"],"yoast_head":"<!-- This site is optimized with the Yoast SEO Premium plugin v27.0 (Yoast SEO v27.4) - https:\/\/yoast.com\/product\/yoast-seo-premium-wordpress\/ -->\n<title>Legal Notice | Saxophonist &amp; Music Services in Dubai<\/title>\n<meta name=\"description\" content=\"Legal Notice \u2013 ChrisOnSax: Saxophone Musician for Live Wedding and Event Entertainment\" \/>\n<meta name=\"robots\" content=\"index, nofollow, max-snippet:-1, max-image-preview:large, max-video-preview:-1\" \/>\n<link rel=\"canonical\" href=\"https:\/\/chrisonsax.com\/fr\/legale\/\" \/>\n<meta property=\"og:locale\" content=\"fr_FR\" \/>\n<meta property=\"og:type\" content=\"article\" \/>\n<meta property=\"og:title\" content=\"Legal Notice\" \/>\n<meta property=\"og:description\" content=\"Legal Notice \u2013 ChrisOnSax: Saxophone Musician for Live Wedding and Event Entertainment\" \/>\n<meta property=\"og:url\" content=\"https:\/\/chrisonsax.com\/fr\/legale\/\" \/>\n<meta property=\"og:site_name\" content=\"Saxophonist\" \/>\n<meta property=\"article:publisher\" content=\"https:\/\/www.facebook.com\/christopheonsax\" \/>\n<meta property=\"article:modified_time\" content=\"2025-06-04T14:25:32+00:00\" \/>\n<meta name=\"twitter:card\" content=\"summary_large_image\" \/>\n<meta name=\"twitter:label1\" content=\"Dur\u00e9e de lecture estim\u00e9e\" \/>\n\t<meta name=\"twitter:data1\" content=\"2 minutes\" \/>\n<script type=\"application\/ld+json\" class=\"yoast-schema-graph\">{\"@context\":\"https:\\\/\\\/schema.org\",\"@graph\":[{\"@type\":\"WebPage\",\"@id\":\"https:\\\/\\\/chrisonsax.com\\\/mention-legale\\\/\",\"url\":\"https:\\\/\\\/chrisonsax.com\\\/mention-legale\\\/\",\"name\":\"Legal Notice | Saxophonist & Music Services in Dubai\",\"isPartOf\":{\"@id\":\"https:\\\/\\\/chrisonsax.com\\\/#website\"},\"datePublished\":\"2022-01-02T12:06:28+00:00\",\"dateModified\":\"2025-06-04T14:25:32+00:00\",\"description\":\"Legal Notice \u2013 ChrisOnSax: Saxophone Musician for Live Wedding and Event Entertainment\",\"breadcrumb\":{\"@id\":\"https:\\\/\\\/chrisonsax.com\\\/mention-legale\\\/#breadcrumb\"},\"inLanguage\":\"fr-FR\",\"potentialAction\":[{\"@type\":\"ReadAction\",\"target\":[\"https:\\\/\\\/chrisonsax.com\\\/mention-legale\\\/\"]}]},{\"@type\":\"BreadcrumbList\",\"@id\":\"https:\\\/\\\/chrisonsax.com\\\/mention-legale\\\/#breadcrumb\",\"itemListElement\":[{\"@type\":\"ListItem\",\"position\":1,\"name\":\"Animation cocktail\",\"item\":\"https:\\\/\\\/chrisonsax.com\\\/\"},{\"@type\":\"ListItem\",\"position\":2,\"name\":\"Legal Notice\"}]},{\"@type\":\"WebSite\",\"@id\":\"https:\\\/\\\/chrisonsax.com\\\/#website\",\"url\":\"https:\\\/\\\/chrisonsax.com\\\/\",\"name\":\"Musicien saxophoniste\",\"description\":\"Cocktail sax Tel : +971 058 542 0635\",\"publisher\":{\"@id\":\"https:\\\/\\\/chrisonsax.com\\\/#organization\"},\"potentialAction\":[{\"@type\":\"SearchAction\",\"target\":{\"@type\":\"EntryPoint\",\"urlTemplate\":\"https:\\\/\\\/chrisonsax.com\\\/?s={search_term_string}\"},\"query-input\":{\"@type\":\"PropertyValueSpecification\",\"valueRequired\":true,\"valueName\":\"search_term_string\"}}],\"inLanguage\":\"fr-FR\"},{\"@type\":\"Organization\",\"@id\":\"https:\\\/\\\/chrisonsax.com\\\/#organization\",\"name\":\"Musicien saxophoniste\",\"url\":\"https:\\\/\\\/chrisonsax.com\\\/\",\"logo\":{\"@type\":\"ImageObject\",\"inLanguage\":\"fr-FR\",\"@id\":\"https:\\\/\\\/chrisonsax.com\\\/#\\\/schema\\\/logo\\\/image\\\/\",\"url\":\"https:\\\/\\\/chrisonsax.com\\\/wp-content\\\/uploads\\\/2021\\\/12\\\/cropped-WhatsApp-Image-2021-08-28-at-13.03.56-2-1-e1674942410642.jpeg\",\"contentUrl\":\"https:\\\/\\\/chrisonsax.com\\\/wp-content\\\/uploads\\\/2021\\\/12\\\/cropped-WhatsApp-Image-2021-08-28-at-13.03.56-2-1-e1674942410642.jpeg\",\"width\":300,\"height\":300,\"caption\":\"Musicien saxophoniste\"},\"image\":{\"@id\":\"https:\\\/\\\/chrisonsax.com\\\/#\\\/schema\\\/logo\\\/image\\\/\"},\"sameAs\":[\"https:\\\/\\\/www.facebook.com\\\/christopheonsax\",\"https:\\\/\\\/www.instagram.com\\\/chris_onsax\\\/\",\"https:\\\/\\\/www.youtube.com\\\/channel\\\/UCPht7xSeaLJ_4FUWV4bUOQg?view_as=subscriber\"]}]}<\/script>\n<!-- \/ Yoast SEO Premium plugin. -->","yoast_head_json":{"title":"Mentions l\u00e9gales - Saxophoniste et services musicaux \u00e0 Duba\u00ef","description":"Mentions l\u00e9gales - ChrisOnSax : Musicien saxophoniste pour les mariages et les \u00e9v\u00e9nements en direct","robots":{"index":"index","follow":"nofollow","max-snippet":"max-snippet:-1","max-image-preview":"max-image-preview:large","max-video-preview":"max-video-preview:-1"},"canonical":"https:\/\/chrisonsax.com\/fr\/legale\/","og_locale":"fr_FR","og_type":"article","og_title":"Legal Notice","og_description":"Legal Notice \u2013 ChrisOnSax: Saxophone Musician for Live Wedding and Event Entertainment","og_url":"https:\/\/chrisonsax.com\/fr\/legale\/","og_site_name":"Saxophonist","article_publisher":"https:\/\/www.facebook.com\/christopheonsax","article_modified_time":"2025-06-04T14:25:32+00:00","twitter_card":"summary_large_image","twitter_misc":{"Dur\u00e9e de lecture estim\u00e9e":"2 minutes"},"schema":{"@context":"https:\/\/schema.org","@graph":[{"@type":"WebPage","@id":"https:\/\/chrisonsax.com\/mention-legale\/","url":"https:\/\/chrisonsax.com\/mention-legale\/","name":"Mentions l\u00e9gales - Saxophoniste et services musicaux \u00e0 Duba\u00ef","isPartOf":{"@id":"https:\/\/chrisonsax.com\/#website"},"datePublished":"2022-01-02T12:06:28+00:00","dateModified":"2025-06-04T14:25:32+00:00","description":"Mentions l\u00e9gales - ChrisOnSax : Musicien saxophoniste pour les mariages et les \u00e9v\u00e9nements en direct","breadcrumb":{"@id":"https:\/\/chrisonsax.com\/mention-legale\/#breadcrumb"},"inLanguage":"fr-FR","potentialAction":[{"@type":"ReadAction","target":["https:\/\/chrisonsax.com\/mention-legale\/"]}]},{"@type":"BreadcrumbList","@id":"https:\/\/chrisonsax.com\/mention-legale\/#breadcrumb","itemListElement":[{"@type":"ListItem","position":1,"name":"Animation cocktail","item":"https:\/\/chrisonsax.com\/"},{"@type":"ListItem","position":2,"name":"Legal Notice"}]},{"@type":"WebSite","@id":"https:\/\/chrisonsax.com\/#website","url":"https:\/\/chrisonsax.com\/","name":"Musicien saxophoniste","description":"Cocktail sax Tel : +971 058 542 0635","publisher":{"@id":"https:\/\/chrisonsax.com\/#organization"},"potentialAction":[{"@type":"SearchAction","target":{"@type":"EntryPoint","urlTemplate":"https:\/\/chrisonsax.com\/?s={search_term_string}"},"query-input":{"@type":"PropertyValueSpecification","valueRequired":true,"valueName":"search_term_string"}}],"inLanguage":"fr-FR"},{"@type":"Organization","@id":"https:\/\/chrisonsax.com\/#organization","name":"Musicien saxophoniste","url":"https:\/\/chrisonsax.com\/","logo":{"@type":"ImageObject","inLanguage":"fr-FR","@id":"https:\/\/chrisonsax.com\/#\/schema\/logo\/image\/","url":"https:\/\/chrisonsax.com\/wp-content\/uploads\/2021\/12\/cropped-WhatsApp-Image-2021-08-28-at-13.03.56-2-1-e1674942410642.jpeg","contentUrl":"https:\/\/chrisonsax.com\/wp-content\/uploads\/2021\/12\/cropped-WhatsApp-Image-2021-08-28-at-13.03.56-2-1-e1674942410642.jpeg","width":300,"height":300,"caption":"Musicien saxophoniste"},"image":{"@id":"https:\/\/chrisonsax.com\/#\/schema\/logo\/image\/"},"sameAs":["https:\/\/www.facebook.com\/christopheonsax","https:\/\/www.instagram.com\/chris_onsax\/","https:\/\/www.youtube.com\/channel\/UCPht7xSeaLJ_4FUWV4bUOQg?view_as=subscriber"]}]}},"_links":{"self":[{"href":"https:\/\/chrisonsax.com\/fr\/wp-json\/wp\/v2\/pages\/1135","targetHints":{"allow":["GET"]}}],"collection":[{"href":"https:\/\/chrisonsax.com\/fr\/wp-json\/wp\/v2\/pages"}],"about":[{"href":"https:\/\/chrisonsax.com\/fr\/wp-json\/wp\/v2\/types\/page"}],"author":[{"embeddable":true,"href":"https:\/\/chrisonsax.com\/fr\/wp-json\/wp\/v2\/users\/1"}],"replies":[{"embeddable":true,"href":"https:\/\/chrisonsax.com\/fr\/wp-json\/wp\/v2\/comments?post=1135"}],"version-history":[{"count":0,"href":"https:\/\/chrisonsax.com\/fr\/wp-json\/wp\/v2\/pages\/1135\/revisions"}],"wp:attachment":[{"href":"https:\/\/chrisonsax.com\/fr\/wp-json\/wp\/v2\/media?parent=1135"}],"curies":[{"name":"wp","href":"https:\/\/api.w.org\/{rel}","templated":true}]}}