{"id":1086,"date":"2022-01-01T19:07:09","date_gmt":"2022-01-01T19:07:09","guid":{"rendered":"https:\/\/chrisonsax.com\/?page_id=1086"},"modified":"2025-06-04T12:53:41","modified_gmt":"2025-06-04T12:53:41","slug":"a-propos-de-chrisonsax","status":"publish","type":"page","link":"https:\/\/chrisonsax.com\/fr\/qui-est-chrisonsax\/","title":{"rendered":"A Propos"},"content":{"rendered":"\t\t<div data-elementor-type=\"wp-page\" data-elementor-id=\"1086\" class=\"elementor elementor-1086\" data-elementor-post-type=\"page\">\n\t\t\t\t\t\t<section class=\"wpr-jarallax elementor-section elementor-top-section elementor-element elementor-element-a57e92a elementor-section-full_width elementor-section-height-min-height elementor-section-stretched wpr-jarallax-yes elementor-section-height-default elementor-section-items-middle wpr-particle-no wpr-parallax-no wpr-sticky-section-no wpr-equal-height-no\" speed-data=\"1.4\" bg-image=\"https:\/\/chrisonsax.com\/wp-content\/uploads\/2020\/07\/img_2305-scaled.jpg\" bg-image-mobile=\"\" scroll-effect=\"pro-op\" data-id=\"a57e92a\" data-element_type=\"section\" data-e-type=\"section\" data-settings=\"{&quot;stretch_section&quot;:&quot;section-stretched&quot;,&quot;background_background&quot;:&quot;slideshow&quot;,&quot;background_slideshow_gallery&quot;:[{&quot;id&quot;:9986,&quot;url&quot;:&quot;https:\\\/\\\/chrisonsax.com\\\/wp-content\\\/uploads\\\/2025\\\/05\\\/Image-en-avant-2-2.jpg&quot;}],&quot;background_slideshow_loop&quot;:&quot;yes&quot;,&quot;background_slideshow_slide_duration&quot;:5000,&quot;background_slideshow_slide_transition&quot;:&quot;fade&quot;,&quot;background_slideshow_transition_duration&quot;:500}\">\n\t\t\t\t\t\t\t<div class=\"elementor-background-overlay\"><\/div>\n\t\t\t\t\t\t\t<div class=\"elementor-container elementor-column-gap-default\">\n\t\t\t\t\t<div class=\"elementor-column elementor-col-100 elementor-top-column elementor-element elementor-element-c978cf3\" data-id=\"c978cf3\" data-element_type=\"column\" data-e-type=\"column\">\n\t\t\t<div class=\"elementor-widget-wrap elementor-element-populated\">\n\t\t\t\t\t\t<div class=\"elementor-element elementor-element-d14a201 elementor-widget-laptop__width-initial elementor-widget elementor-widget-heading\" data-id=\"d14a201\" data-element_type=\"widget\" data-e-type=\"widget\" data-widget_type=\"heading.default\">\n\t\t\t\t\t<h1 class=\"elementor-heading-title elementor-size-default\">About ChrisOnSax <br> A Musical Journey from Passion to Performance\n<\/h1>\t\t\t\t<\/div>\n\t\t\t\t\t<\/div>\n\t\t<\/div>\n\t\t\t\t\t<\/div>\n\t\t<\/section>\n\t\t\t\t<section class=\"elementor-section elementor-top-section elementor-element elementor-element-a62e7bb elementor-section-boxed elementor-section-height-default elementor-section-height-default wpr-particle-no wpr-jarallax-no wpr-parallax-no wpr-sticky-section-no wpr-equal-height-no\" data-id=\"a62e7bb\" data-element_type=\"section\" data-e-type=\"section\">\n\t\t\t\t\t\t<div class=\"elementor-container elementor-column-gap-default\">\n\t\t\t\t\t<div class=\"elementor-column elementor-col-100 elementor-top-column elementor-element elementor-element-ee20970\" data-id=\"ee20970\" data-element_type=\"column\" data-e-type=\"column\">\n\t\t\t<div class=\"elementor-widget-wrap elementor-element-populated\">\n\t\t\t\t\t\t<div class=\"elementor-element elementor-element-73e47d4 elementor-widget-laptop__width-initial elementor-widget elementor-widget-text-editor\" data-id=\"73e47d4\" data-element_type=\"widget\" data-e-type=\"widget\" data-widget_type=\"text-editor.default\">\n\t\t\t\t\t\t\t\t\t<p>ChrisOnSax is the story of a musical passion that came to life at the age of 20. After years devoted to sports, the irresistible pull of sound took over\u2014guided by the soulful melodies of the saxophone, inspired by legends like <b>Supertramp<\/b>, <b>Pink Floyd<\/b>, <b>blues<\/b>, and <b>rock &amp; roll<\/b>.<\/p><p>A true autodidact, Chris immersed himself in saxophone every single day, teaching himself the fundamentals before crossing paths with a local saxophonist. This led to private lessons and the creation of his first band, <i>Les Sens Interdits<\/i>, with childhood friends\u2014his first steps into live performance.<\/p><p>After four years of music as an amateur, he made a bold move: leaving his day job to pursue music full-time. He joined the <b>Jazz Conservatory of Cagnes-sur-Mer<\/b>, founded the professional band <i>Memphis Bell<\/i>, and began a successful run of live shows\u2014over <b>150 performances per year<\/b> across the French Riviera for five years.<\/p><p>Today, ChrisOnSax embraces modern sounds, exploring <b>deep house<\/b>, <b>dance music<\/b>, and stylish <b>live-DJ duos<\/b>. His performances blend this contemporary edge with his continued involvement in bands like <b>CALL ME WINSTON<\/b> (a stunning tribute to Tarantino\u2019s cinematic universe) and <b>RESPECT<\/b>, an explosive tribute to Aretha Franklin.<\/p><p>Through every performance, ChrisOnSax shares his love for great music, transmitting good vibes and unforgettable energy. Whether on stage with a vibrant band or solo with a deep groove, every note is played with one goal: <b>to create a magical and meaningful musical experience<\/b>.<\/p>\t\t\t\t\t\t\t\t<\/div>\n\t\t\t\t\t<\/div>\n\t\t<\/div>\n\t\t\t\t\t<\/div>\n\t\t<\/section>\n\t\t\t\t<section class=\"elementor-section elementor-top-section elementor-element elementor-element-327812b elementor-section-height-min-height elementor-section-boxed elementor-section-height-default elementor-section-items-middle wpr-particle-no wpr-jarallax-no wpr-parallax-no wpr-sticky-section-no wpr-equal-height-no elementor-invisible\" data-id=\"327812b\" data-element_type=\"section\" data-e-type=\"section\" data-settings=\"{&quot;animation&quot;:&quot;fadeInUp&quot;}\">\n\t\t\t\t\t\t<div class=\"elementor-container elementor-column-gap-default\">\n\t\t\t\t\t<div class=\"elementor-column elementor-col-100 elementor-top-column elementor-element elementor-element-a3612eb\" data-id=\"a3612eb\" data-element_type=\"column\" data-e-type=\"column\">\n\t\t\t<div class=\"elementor-widget-wrap elementor-element-populated\">\n\t\t\t\t\t\t<div class=\"elementor-element elementor-element-882a1cc elementor-widget elementor-widget-heading\" data-id=\"882a1cc\" data-element_type=\"widget\" data-e-type=\"widget\" data-widget_type=\"heading.default\">\n\t\t\t\t\t<h2 class=\"elementor-heading-title elementor-size-default\">Contact <\/h2>\t\t\t\t<\/div>\n\t\t\t\t<div class=\"elementor-element elementor-element-d74557e elementor-widget elementor-widget-text-editor\" data-id=\"d74557e\" data-element_type=\"widget\" data-e-type=\"widget\" data-widget_type=\"text-editor.default\">\n\t\t\t\t\t\t\t\t\t<p>\ud83d\udc49 <b>Get in touch and let\u2019s create your dream event together.<\/b><\/p>\t\t\t\t\t\t\t\t<\/div>\n\t\t\t\t<div class=\"elementor-element elementor-element-b1db015 wpr-step-type-number_text wpr-step-content-layout-vertical wpr-custom-styles-yes elementor-widget elementor-widget-wpr-form-builder\" data-id=\"b1db015\" data-element_type=\"widget\" data-e-type=\"widget\" data-settings=\"{&quot;success_message&quot;:&quot;Submission successful&quot;,&quot;error_message&quot;:&quot;Submission failed&quot;,&quot;button_width&quot;:{&quot;unit&quot;:&quot;%&quot;,&quot;size&quot;:100,&quot;sizes&quot;:[]},&quot;button_width_laptop&quot;:{&quot;unit&quot;:&quot;px&quot;,&quot;size&quot;:&quot;&quot;,&quot;sizes&quot;:[]},&quot;button_width_tablet&quot;:{&quot;unit&quot;:&quot;px&quot;,&quot;size&quot;:&quot;&quot;,&quot;sizes&quot;:[]},&quot;button_width_mobile&quot;:{&quot;unit&quot;:&quot;px&quot;,&quot;size&quot;:&quot;&quot;,&quot;sizes&quot;:[]},&quot;step_type&quot;:&quot;number_text&quot;,&quot;step_content_layout&quot;:&quot;vertical&quot;}\" data-widget_type=\"wpr-form-builder.default\">\n\t\t\t\t\t\t\t<form class=\"wpr-form\" method=\"post\" name=\"New Form\" page=\"A Propos\" page_id=\"1086\" novalidate>\n\t\t\t<input type=\"hidden\" name=\"post_id\" value=\"1086\"\/>\n\t\t\t<input type=\"hidden\" name=\"form_id\" value=\"b1db015\"\/>\n\t\t\t<input type=\"hidden\" name=\"referer_title\" value=\"Saxophonist\" \/>\n\n\t\t\t<div class=\"wpr-step-wrap\"><\/div>\n\t\t\t<div class=\"wpr-form-fields-wrap wpr-labels-above\">\n\t\t\t\t\t\t\t\t\t<div class=\"wpr-form-field-type-text wpr-field-group wpr-column wpr-field-group-name elementor-repeater-item-41f2391\">\n\t\t\t\t\t\t\t\t\t\t\t\t\t\t<label for=\"form-field-name\" class=\"wpr-form-field-label\" data-alt-label=\"Name\">\n\t\t\t\t\t\t\t\t\tName\t\t\t\t\t\t\t\t<\/label>\n\t\t\t\t\t\t\t<input size=\"1 \"type=\"text\" name=\"form_fields[name]\" id=\"form-field-name\" class=\"wpr-form-field  wpr-form-field-textual\" placeholder=\"Name\">\t\t\t\t\t<\/div>\n\t\t\t\t\t\t\t\t\t<div class=\"wpr-form-field-type-email wpr-field-group wpr-column wpr-field-group-email elementor-repeater-item-27fdafe wpr-form-field-required\">\n\t\t\t\t\t\t\t\t\t\t\t\t\t\t<label for=\"form-field-email\" class=\"wpr-form-field-label\" data-alt-label=\"Email\">\n\t\t\t\t\t\t\t\t\tEmail\t\t\t\t\t\t\t\t<\/label>\n\t\t\t\t\t\t\t<input size=\"1 \"type=\"email\" name=\"form_fields[email]\" id=\"form-field-email\" class=\"wpr-form-field  wpr-form-field-textual\" placeholder=\"Email\" required=\"required\" aria-required=\"true\">\t\t\t\t\t<\/div>\n\t\t\t\t\t\t\t\t\t<div class=\"wpr-form-field-type-textarea wpr-field-group wpr-column wpr-field-group-message elementor-repeater-item-576efee\">\n\t\t\t\t\t\t\t\t\t\t\t\t\t\t<label for=\"form-field-message\" class=\"wpr-form-field-label\" data-alt-label=\"Message\">\n\t\t\t\t\t\t\t\t\tMessage\t\t\t\t\t\t\t\t<\/label>\n\t\t\t\t\t\t\t<textarea class=\"wpr-form-field-textual wpr-form-field \" name=\"form_fields[message]\" id=\"form-field-message\" rows=\"7\" placeholder=\"Message\"><\/textarea>\t\t\t\t\t<\/div>\n\t\t\t\t<div class=\"wpr-field-group wpr-stp-btns-wrap wpr-column wpr-form-field-type-submit\" data-actions=\"[&quot;email&quot;]\" data-redirect-url=\"\" data-mailchimp-fields=\"{&quot;email_field&quot;:&quot;&quot;,&quot;first_name_field&quot;:&quot;&quot;,&quot;last_name_field&quot;:&quot;&quot;,&quot;address_field&quot;:&quot;&quot;,&quot;phone_field&quot;:&quot;&quot;,&quot;birthday_field&quot;:&quot;&quot;,&quot;group_id&quot;:&quot;&quot;}\" data-list-id=\"\">\t\t\t<button type=\"submit\" class=\"wpr-button\">\n\t\t\t\t<span >\n\t\t\t\t\t\t\t\t\t\t\t\t\t\t\t\t<span>Send<\/span>\n\t\t\t\t\t\t\t\t\t\t\t\t\t\t<\/span>\t\n\t\t\t\t<div class=\"wpr-double-bounce wpr-loader-hidden\">\n\t\t\t\t\t<div class=\"wpr-child wpr-double-bounce1\"><\/div>\n\t\t\t\t\t<div class=\"wpr-child wpr-double-bounce2\"><\/div>\n\t\t\t\t<\/div>\n\t\t\t<\/button>\n\t\t<\/div>\t\t\t\t\n\t\t\t<\/div>\n\t\t<\/form>\n\t  \t\t\t\t<\/div>\n\t\t\t\t\t<\/div>\n\t\t<\/div>\n\t\t\t\t\t<\/div>\n\t\t<\/section>\n\t\t\t\t<\/div>\n\t\t","protected":false},"excerpt":{"rendered":"<p>A propos de ChrisOnSax Un voyage musical de la passion \u00e0 la performance ChrisOnSax est l'histoire d'une passion musicale qui est n\u00e9e \u00e0 l'\u00e2ge de 20 ans. Apr\u00e8s des ann\u00e9es consacr\u00e9es au sport, l'irr\u00e9sistible attrait du son a pris le dessus - guid\u00e9 par les m\u00e9lodies soulful du saxophone, inspir\u00e9 par des l\u00e9gendes telles que Supertramp, Pink Floyd, le blues et le rock &amp; roll. V\u00e9ritable autodidacte, Chris s'est plong\u00e9 dans le saxophone tous les jours, apprenant lui-m\u00eame les bases avant de croiser le chemin d'un saxophoniste local. Cela l'a conduit \u00e0 prendre des cours particuliers et \u00e0 cr\u00e9er son premier groupe, Les Sens Interdits, avec des amis d'enfance - ses premiers pas sur sc\u00e8ne. Apr\u00e8s quatre ans de musique en tant qu'amateur, il prend un virage audacieux : il quitte son travail pour se consacrer \u00e0 la musique \u00e0 plein temps. Il int\u00e8gre le Conservatoire de jazz de Cagnes-sur-Mer, fonde le groupe professionnel Memphis Bell, et entame une s\u00e9rie de spectacles \u00e0 succ\u00e8s - plus de 150 repr\u00e9sentations par an sur la C\u00f4te d'Azur pendant cinq ans. Aujourd'hui, ChrisOnSax se tourne vers les sons modernes, explorant la deep house, la musique de danse et les duos DJ en direct. Ses spectacles m\u00ealent cette touche contemporaine \u00e0 son implication continue dans des groupes tels que CALL ME WINSTON (un hommage stup\u00e9fiant \u00e0 l'univers cin\u00e9matographique de Tarantino) et RESPECT, un hommage explosif \u00e0 Aretha Franklin. \u00c0 chacune de ses prestations, ChrisOnSax partage son amour de la grande musique, transmettant de bonnes vibrations et une \u00e9nergie inoubliable. Que ce soit sur sc\u00e8ne avec un groupe vibrant ou en solo avec un groove profond, chaque note est jou\u00e9e dans un seul but : cr\u00e9er une exp\u00e9rience musicale magique et significative. Contact \ud83d\udc49 Prenez contact et cr\u00e9ons ensemble l'\u00e9v\u00e9nement de vos r\u00eaves. Nom Courriel Message Envoyer<\/p>","protected":false},"author":1,"featured_media":0,"parent":0,"menu_order":0,"comment_status":"closed","ping_status":"closed","template":"","meta":{"pmpro_default_level":"","_kad_post_transparent":"","_kad_post_title":"","_kad_post_layout":"","_kad_post_sidebar_id":"","_kad_post_content_style":"","_kad_post_vertical_padding":"","_kad_post_feature":"","_kad_post_feature_position":"","_kad_post_header":false,"_kad_post_footer":false,"_kad_post_classname":"","footnotes":""},"class_list":["post-1086","page","type-page","status-publish","hentry","pmpro-has-access"],"yoast_head":"<!-- This site is optimized with the Yoast SEO Premium plugin v27.0 (Yoast SEO v27.4) - https:\/\/yoast.com\/product\/yoast-seo-premium-wordpress\/ -->\n<title>About ChrisOnSax | Professional Saxophonist in Dubai<\/title>\n<meta name=\"description\" content=\"Learn more about ChrisOnSax \u2014 a passionate, self-taught saxophonist performing live in Dubai and beyond. From jazz roots to modern vibes.\" \/>\n<meta name=\"robots\" content=\"index, follow, max-snippet:-1, max-image-preview:large, max-video-preview:-1\" \/>\n<link rel=\"canonical\" href=\"https:\/\/chrisonsax.com\/fr\/qui-est-chrisonsax\/\" \/>\n<meta property=\"og:locale\" content=\"fr_FR\" \/>\n<meta property=\"og:type\" content=\"article\" \/>\n<meta property=\"og:title\" content=\"A Propos\" \/>\n<meta property=\"og:description\" content=\"Learn more about ChrisOnSax \u2014 a passionate, self-taught saxophonist performing live in Dubai and beyond. From jazz roots to modern vibes.\" \/>\n<meta property=\"og:url\" content=\"https:\/\/chrisonsax.com\/fr\/qui-est-chrisonsax\/\" \/>\n<meta property=\"og:site_name\" content=\"Saxophonist\" \/>\n<meta property=\"article:publisher\" content=\"https:\/\/www.facebook.com\/christopheonsax\" \/>\n<meta property=\"article:modified_time\" content=\"2025-06-04T12:53:41+00:00\" \/>\n<meta name=\"twitter:card\" content=\"summary_large_image\" \/>\n<meta name=\"twitter:label1\" content=\"Dur\u00e9e de lecture estim\u00e9e\" \/>\n\t<meta name=\"twitter:data1\" content=\"2 minutes\" \/>\n<script type=\"application\/ld+json\" class=\"yoast-schema-graph\">{\"@context\":\"https:\\\/\\\/schema.org\",\"@graph\":[{\"@type\":\"WebPage\",\"@id\":\"https:\\\/\\\/chrisonsax.com\\\/a-propos-de-chrisonsax\\\/\",\"url\":\"https:\\\/\\\/chrisonsax.com\\\/a-propos-de-chrisonsax\\\/\",\"name\":\"About ChrisOnSax | Professional Saxophonist in Dubai\",\"isPartOf\":{\"@id\":\"https:\\\/\\\/chrisonsax.com\\\/#website\"},\"datePublished\":\"2022-01-01T19:07:09+00:00\",\"dateModified\":\"2025-06-04T12:53:41+00:00\",\"description\":\"Learn more about ChrisOnSax \u2014 a passionate, self-taught saxophonist performing live in Dubai and beyond. From jazz roots to modern vibes.\",\"breadcrumb\":{\"@id\":\"https:\\\/\\\/chrisonsax.com\\\/a-propos-de-chrisonsax\\\/#breadcrumb\"},\"inLanguage\":\"fr-FR\",\"potentialAction\":[{\"@type\":\"ReadAction\",\"target\":[\"https:\\\/\\\/chrisonsax.com\\\/a-propos-de-chrisonsax\\\/\"]}]},{\"@type\":\"BreadcrumbList\",\"@id\":\"https:\\\/\\\/chrisonsax.com\\\/a-propos-de-chrisonsax\\\/#breadcrumb\",\"itemListElement\":[{\"@type\":\"ListItem\",\"position\":1,\"name\":\"Animation cocktail\",\"item\":\"https:\\\/\\\/chrisonsax.com\\\/\"},{\"@type\":\"ListItem\",\"position\":2,\"name\":\"A Propos\"}]},{\"@type\":\"WebSite\",\"@id\":\"https:\\\/\\\/chrisonsax.com\\\/#website\",\"url\":\"https:\\\/\\\/chrisonsax.com\\\/\",\"name\":\"Musicien saxophoniste\",\"description\":\"Cocktail sax Tel : +971 058 542 0635\",\"publisher\":{\"@id\":\"https:\\\/\\\/chrisonsax.com\\\/#organization\"},\"potentialAction\":[{\"@type\":\"SearchAction\",\"target\":{\"@type\":\"EntryPoint\",\"urlTemplate\":\"https:\\\/\\\/chrisonsax.com\\\/?s={search_term_string}\"},\"query-input\":{\"@type\":\"PropertyValueSpecification\",\"valueRequired\":true,\"valueName\":\"search_term_string\"}}],\"inLanguage\":\"fr-FR\"},{\"@type\":\"Organization\",\"@id\":\"https:\\\/\\\/chrisonsax.com\\\/#organization\",\"name\":\"Musicien saxophoniste\",\"url\":\"https:\\\/\\\/chrisonsax.com\\\/\",\"logo\":{\"@type\":\"ImageObject\",\"inLanguage\":\"fr-FR\",\"@id\":\"https:\\\/\\\/chrisonsax.com\\\/#\\\/schema\\\/logo\\\/image\\\/\",\"url\":\"https:\\\/\\\/chrisonsax.com\\\/wp-content\\\/uploads\\\/2021\\\/12\\\/cropped-WhatsApp-Image-2021-08-28-at-13.03.56-2-1-e1674942410642.jpeg\",\"contentUrl\":\"https:\\\/\\\/chrisonsax.com\\\/wp-content\\\/uploads\\\/2021\\\/12\\\/cropped-WhatsApp-Image-2021-08-28-at-13.03.56-2-1-e1674942410642.jpeg\",\"width\":300,\"height\":300,\"caption\":\"Musicien saxophoniste\"},\"image\":{\"@id\":\"https:\\\/\\\/chrisonsax.com\\\/#\\\/schema\\\/logo\\\/image\\\/\"},\"sameAs\":[\"https:\\\/\\\/www.facebook.com\\\/christopheonsax\",\"https:\\\/\\\/www.instagram.com\\\/chris_onsax\\\/\",\"https:\\\/\\\/www.youtube.com\\\/channel\\\/UCPht7xSeaLJ_4FUWV4bUOQg?view_as=subscriber\"]}]}<\/script>\n<!-- \/ Yoast SEO Premium plugin. -->","yoast_head_json":{"title":"A propos de ChrisOnSax | Saxophoniste professionnel \u00e0 Dubai","description":"D\u00e9couvrez ChrisOnSax, un saxophoniste autodidacte et passionn\u00e9 qui se produit en concert \u00e0 Duba\u00ef et ailleurs. Des racines du jazz aux vibrations modernes.","robots":{"index":"index","follow":"follow","max-snippet":"max-snippet:-1","max-image-preview":"max-image-preview:large","max-video-preview":"max-video-preview:-1"},"canonical":"https:\/\/chrisonsax.com\/fr\/qui-est-chrisonsax\/","og_locale":"fr_FR","og_type":"article","og_title":"A Propos","og_description":"Learn more about ChrisOnSax \u2014 a passionate, self-taught saxophonist performing live in Dubai and beyond. From jazz roots to modern vibes.","og_url":"https:\/\/chrisonsax.com\/fr\/qui-est-chrisonsax\/","og_site_name":"Saxophonist","article_publisher":"https:\/\/www.facebook.com\/christopheonsax","article_modified_time":"2025-06-04T12:53:41+00:00","twitter_card":"summary_large_image","twitter_misc":{"Dur\u00e9e de lecture estim\u00e9e":"2 minutes"},"schema":{"@context":"https:\/\/schema.org","@graph":[{"@type":"WebPage","@id":"https:\/\/chrisonsax.com\/a-propos-de-chrisonsax\/","url":"https:\/\/chrisonsax.com\/a-propos-de-chrisonsax\/","name":"A propos de ChrisOnSax | Saxophoniste professionnel \u00e0 Dubai","isPartOf":{"@id":"https:\/\/chrisonsax.com\/#website"},"datePublished":"2022-01-01T19:07:09+00:00","dateModified":"2025-06-04T12:53:41+00:00","description":"D\u00e9couvrez ChrisOnSax, un saxophoniste autodidacte et passionn\u00e9 qui se produit en concert \u00e0 Duba\u00ef et ailleurs. Des racines du jazz aux vibrations modernes.","breadcrumb":{"@id":"https:\/\/chrisonsax.com\/a-propos-de-chrisonsax\/#breadcrumb"},"inLanguage":"fr-FR","potentialAction":[{"@type":"ReadAction","target":["https:\/\/chrisonsax.com\/a-propos-de-chrisonsax\/"]}]},{"@type":"BreadcrumbList","@id":"https:\/\/chrisonsax.com\/a-propos-de-chrisonsax\/#breadcrumb","itemListElement":[{"@type":"ListItem","position":1,"name":"Animation cocktail","item":"https:\/\/chrisonsax.com\/"},{"@type":"ListItem","position":2,"name":"A Propos"}]},{"@type":"WebSite","@id":"https:\/\/chrisonsax.com\/#website","url":"https:\/\/chrisonsax.com\/","name":"Musicien saxophoniste","description":"Cocktail sax Tel : +971 058 542 0635","publisher":{"@id":"https:\/\/chrisonsax.com\/#organization"},"potentialAction":[{"@type":"SearchAction","target":{"@type":"EntryPoint","urlTemplate":"https:\/\/chrisonsax.com\/?s={search_term_string}"},"query-input":{"@type":"PropertyValueSpecification","valueRequired":true,"valueName":"search_term_string"}}],"inLanguage":"fr-FR"},{"@type":"Organization","@id":"https:\/\/chrisonsax.com\/#organization","name":"Musicien saxophoniste","url":"https:\/\/chrisonsax.com\/","logo":{"@type":"ImageObject","inLanguage":"fr-FR","@id":"https:\/\/chrisonsax.com\/#\/schema\/logo\/image\/","url":"https:\/\/chrisonsax.com\/wp-content\/uploads\/2021\/12\/cropped-WhatsApp-Image-2021-08-28-at-13.03.56-2-1-e1674942410642.jpeg","contentUrl":"https:\/\/chrisonsax.com\/wp-content\/uploads\/2021\/12\/cropped-WhatsApp-Image-2021-08-28-at-13.03.56-2-1-e1674942410642.jpeg","width":300,"height":300,"caption":"Musicien saxophoniste"},"image":{"@id":"https:\/\/chrisonsax.com\/#\/schema\/logo\/image\/"},"sameAs":["https:\/\/www.facebook.com\/christopheonsax","https:\/\/www.instagram.com\/chris_onsax\/","https:\/\/www.youtube.com\/channel\/UCPht7xSeaLJ_4FUWV4bUOQg?view_as=subscriber"]}]}},"_links":{"self":[{"href":"https:\/\/chrisonsax.com\/fr\/wp-json\/wp\/v2\/pages\/1086","targetHints":{"allow":["GET"]}}],"collection":[{"href":"https:\/\/chrisonsax.com\/fr\/wp-json\/wp\/v2\/pages"}],"about":[{"href":"https:\/\/chrisonsax.com\/fr\/wp-json\/wp\/v2\/types\/page"}],"author":[{"embeddable":true,"href":"https:\/\/chrisonsax.com\/fr\/wp-json\/wp\/v2\/users\/1"}],"replies":[{"embeddable":true,"href":"https:\/\/chrisonsax.com\/fr\/wp-json\/wp\/v2\/comments?post=1086"}],"version-history":[{"count":0,"href":"https:\/\/chrisonsax.com\/fr\/wp-json\/wp\/v2\/pages\/1086\/revisions"}],"wp:attachment":[{"href":"https:\/\/chrisonsax.com\/fr\/wp-json\/wp\/v2\/media?parent=1086"}],"curies":[{"name":"wp","href":"https:\/\/api.w.org\/{rel}","templated":true}]}}